{"id":1033,"date":"2015-09-13T20:38:46","date_gmt":"2015-09-13T20:38:46","guid":{"rendered":"http:\/\/oberle-stiftung.de\/?page_id=1033"},"modified":"2023-10-30T14:54:11","modified_gmt":"2023-10-30T14:54:11","slug":"schule-ge-schafft","status":"publish","type":"page","link":"https:\/\/oberle-stiftung.de\/?page_id=1033","title":{"rendered":"Schule (ge-) schafft !"},"content":{"rendered":"<p style=\"text-align: justify;\"><a href=\"http:\/\/oberle-stiftung.de\/wp-content\/uploads\/2015\/09\/DSC_0456-1.jpg\"><img loading=\"lazy\" decoding=\"async\" class=\"alignright size-thumbnail wp-image-1035\" src=\"http:\/\/oberle-stiftung.de\/wp-content\/uploads\/2015\/09\/DSC_0456-1-150x150.jpg\" alt=\"DSC_0456-1\" width=\"150\" height=\"150\"><\/a>Wenn sich die von der Stiftung gef\u00f6rderte Projekte gut entwickeln, ist die Freude gro\u00df: bei den Initiatoren, dass die Idee funktioniert. Bei den Machern, dass man das Projekt \u201ezum Laufen\u201c gebracht hat. Und bei den F\u00f6rderern \u00fcber die Best\u00e4tigung des Vertrauens. Besonders erfreulich ist es, wenn das Zusammenwirken dieser drei Projekttr\u00e4ger \u00f6ffentlich gelobt und bepreist wird. So geschehen mit dem Projekt \u201eSchule (ge)schafft\u201c des F\u00f6rderkreis Mooswaldschule e.V. aus Freiburg.<!--more--><\/p>\n<p style=\"text-align: justify;\"><a href=\"http:\/\/oberle-stiftung.de\/wp-content\/uploads\/2015\/09\/IMG_3314.jpg\"><img loading=\"lazy\" decoding=\"async\" class=\"alignleft  wp-image-1041\" src=\"http:\/\/oberle-stiftung.de\/wp-content\/uploads\/2015\/09\/IMG_3314-300x225.jpg\" alt=\"IMG_3314\" width=\"254\" height=\"190\" srcset=\"https:\/\/oberle-stiftung.de\/wp-content\/uploads\/2015\/09\/IMG_3314-300x225.jpg 300w, https:\/\/oberle-stiftung.de\/wp-content\/uploads\/2015\/09\/IMG_3314-1024x768.jpg 1024w\" sizes=\"auto, (max-width: 254px) 100vw, 254px\" \/><\/a>Der Erfolg des Projekts ist inzwischen auch weit \u00fcber Freiburg hinaus bekannt. Im November 2014 wurde es in Berlin daf\u00fcr ausgezeichnet, in vorbildlicher Weise den \u00dcbergang von der Schule hin zur Berufsausbildung zu erleichtern.<br>Und zwar f\u00fcr Jugendliche, f\u00fcr die dieser Schritt alles andere als selbstverst\u00e4ndlich ist: H\u00f6rgesch\u00e4digte und geh\u00f6rlose Sch\u00fcler, Sch\u00fcler mit autistischen St\u00f6rungen und Sch\u00fcler der Erziehungshilfe.<\/p>\n<p style=\"text-align: justify;\"><a href=\"http:\/\/oberle-stiftung.de\/wp-content\/uploads\/2015\/09\/IMG_1021.jpg\"><img loading=\"lazy\" decoding=\"async\" class=\"wp-image-1036 alignright\" src=\"http:\/\/oberle-stiftung.de\/wp-content\/uploads\/2015\/09\/IMG_1021-300x225.jpg\" alt=\"IMG_1021\" width=\"291\" height=\"218\" srcset=\"https:\/\/oberle-stiftung.de\/wp-content\/uploads\/2015\/09\/IMG_1021-300x225.jpg 300w, https:\/\/oberle-stiftung.de\/wp-content\/uploads\/2015\/09\/IMG_1021-1024x768.jpg 1024w\" sizes=\"auto, (max-width: 291px) 100vw, 291px\" \/><\/a>Die im Projekt sehr erfolgreich praktizierte Zusammenarbeit mit lokalen Handwerksbetrieben bietet den Sch\u00fclern das, was sie am meisten brauchen: handlungsnahe Berufsorientierung. In 13 Berufsfeldern, beispielsweise Karosseriebau, KFZ-Mechatronik, Trockenbau, Metallbearbeitung, Hauswirtschaft, Goldschmiede und Garten- &amp; Landschaftsbau k\u00f6nnen die Sch\u00fcler die Praxis kennenlernen. Am Ende erhalten die Teilnehmer ein Zertifikat, das bei der sp\u00e4teren Ausbildungsplatzsuche \u00e4u\u00dferst hilfreich ist.<\/p>\n<p><strong>Zitat einer Mutter zu Schule geschafft:&nbsp;<\/strong><br><span style=\"background-color: #ffffff; color: #993300;\"><em>ich m\u00f6chte mich jetzt,wo das Projekt leider endet, wirklich von Herzen f\u00fcr Ihr Engagement bedanken.<\/em><\/span><br><span style=\"background-color: #ffffff; color: #993300;\"><em>Schule geschafft ist, glaube ich,&nbsp; das sinnvollste Projekt das ich kenne. Die M\u00f6glichkeit f\u00fcr die Sch\u00fcler, so intensiv die Berufe kennenlernen zu k\u00f6nnen ist meiner Meinung nach Gold wert und ich bedaure sehr,&nbsp; dass es jetzt endet.<\/em><\/span><br><span style=\"background-color: #ffffff; color: #993300;\"><em>Meine Tochter hat viel gelernt und hatte grossen Spass, das lag mit Sicherheit auch zu einem grossen Teil an Ihnen.<\/em><\/span><\/p>\n<p style=\"text-align: justify;\"><a href=\"http:\/\/oberle-stiftung.de\/wp-content\/uploads\/2015\/09\/P1030252-1.jpg\"><img loading=\"lazy\" decoding=\"async\" class=\"alignleft  wp-image-1037\" src=\"http:\/\/oberle-stiftung.de\/wp-content\/uploads\/2015\/09\/P1030252-1-300x225.jpg\" alt=\"P1030252-1\" width=\"271\" height=\"203\" srcset=\"https:\/\/oberle-stiftung.de\/wp-content\/uploads\/2015\/09\/P1030252-1-300x225.jpg 300w, https:\/\/oberle-stiftung.de\/wp-content\/uploads\/2015\/09\/P1030252-1-1024x768.jpg 1024w\" sizes=\"auto, (max-width: 271px) 100vw, 271px\" \/><\/a>Es knallt und zischt, der Geruch von \u00d6l und Ru\u00df liegt in der Luft. Ein klassischer Mittwoch, f\u00fcr zehn Sch\u00fcler, die nicht im Klassenzimmer unterrichtet werden, sondern im Projekt \u201eSchule (ge)schafft\u201c arbeiten. Ein Jahr lang lernen die Sch\u00fcler zu schwei\u00dfen, zu feilen, zu konstruieren, Pl\u00e4ne zu lesen, ihren Arbeitsplatz zu strukturieren und zum Schluss &#8211; ohne Aufforderung &#8211; die Werkstatt wieder aufzur\u00e4umen. Auch diese Arbeit bereitet sie auf das Berufsleben vor. In der Werkstatt werden alle gemeinsam und ohne Schonraum von Handwerksmeistern angeleitet. Dabei kann es auch mal laut werden und der Meister mit dem Hammer auf den Tisch hauen.<a href=\"http:\/\/oberle-stiftung.de\/wp-content\/uploads\/2015\/09\/Preistraeger-Paar-vor-Brandenburger-Tor.jpg\"><img loading=\"lazy\" decoding=\"async\" class=\"wp-image-2084 alignright\" src=\"http:\/\/oberle-stiftung.de\/wp-content\/uploads\/2015\/09\/Preistraeger-Paar-vor-Brandenburger-Tor-300x200.jpg\" alt=\"Preistraeger Paar vor Brandenburger Tor\" width=\"242\" height=\"161\" srcset=\"https:\/\/oberle-stiftung.de\/wp-content\/uploads\/2015\/09\/Preistraeger-Paar-vor-Brandenburger-Tor-300x200.jpg 300w, https:\/\/oberle-stiftung.de\/wp-content\/uploads\/2015\/09\/Preistraeger-Paar-vor-Brandenburger-Tor-1024x682.jpg 1024w\" sizes=\"auto, (max-width: 242px) 100vw, 242px\" \/><\/a> Der F\u00f6rderpreis \u201eVerein(t) f\u00fcr gute Schule\u201c wurde \u2013 mit 5.000 Euro dotiert \u2013 von der Stiftung Bildung und Gesellschaft im Allianz Forum in Berlin \u00fcberreicht.<br><strong><br>Herzlichen Gl\u00fcckwunsch!<br><\/strong>Auch von unserer Stiftung die dem Projekt \u201eSchule (ge)schafft\u201c hier vor Ort seit vielen Jahren gern und treu zur Seite steht<\/p>\n<p style=\"text-align: justify;\">Radiobeitrag von SWR 4 zu Schule (ge-) schafft:<br><audio src=\"http:\/\/oberle-stiftung.de\/wp-content\/uploads\/2023\/09\/Schule-geschafft-Radiobeitrag-SWR-4-v.-29.01.14.mp3\" controls=\"controls\"><\/audio><\/p>\n<p style=\"text-align: justify;\"><a href=\"http:\/\/www.schulegeschafft.de\" target=\"_blank\" rel=\"noopener\">Direkt zur Projekt-Website:<\/a><br><a href=\"http:\/\/oberle-stiftung.de\/wp-content\/uploads\/2015\/09\/Artikel_aus_Zeitschrift_Spektrum_Hoeren.pdf\" target=\"_blank\" rel=\"noopener\">weiterer Artikel: Zeitschrift Spektrum H\u00f6ren<\/a><br><a href=\"https:\/\/www.regionimblick.de\/news-aus-der-region\/freiburg\/sommer-der-berufsbildung-das-ist-mein-ding\" target=\"_blank\" rel=\"noopener\">10 Jahre \u201eSchule (ge)schafft<\/a><\/p>\n\n","protected":false},"excerpt":{"rendered":"<p>Wenn sich die von der Stiftung gef\u00f6rderte Projekte gut entwickeln, ist die Freude gro\u00df: bei den Initiatoren, dass die Idee funktioniert. Bei den Machern, dass man das Projekt \u201ezum Laufen\u201c gebracht hat. Und bei den F\u00f6rderern \u00fcber die Best\u00e4tigung des Vertrauens. Besonders erfreulich ist es, wenn das Zusammenwirken dieser drei Projekttr\u00e4ger \u00f6ffentlich gelobt und bepreist &hellip; <a href=\"https:\/\/oberle-stiftung.de\/?page_id=1033\" class=\"more-link\"><span class=\"screen-reader-text\">Schule (ge-) schafft !<\/span> weiterlesen <span class=\"meta-nav\">&rarr;<\/span><\/a><\/p>\n","protected":false},"author":3,"featured_media":0,"parent":58,"menu_order":0,"comment_status":"closed","ping_status":"closed","template":"","meta":{"ngg_post_thumbnail":0,"footnotes":""},"categories":[35,21],"tags":[],"class_list":["post-1033","page","type-page","status-publish","hentry","category-hilfen-fuer-kinder-u-jugendliche","category-region-freiburg"],"_links":{"self":[{"href":"https:\/\/oberle-stiftung.de\/index.php?rest_route=\/wp\/v2\/pages\/1033","targetHints":{"allow":["GET"]}}],"collection":[{"href":"https:\/\/oberle-stiftung.de\/index.php?rest_route=\/wp\/v2\/pages"}],"about":[{"href":"https:\/\/oberle-stiftung.de\/index.php?rest_route=\/wp\/v2\/types\/page"}],"author":[{"embeddable":true,"href":"https:\/\/oberle-stiftung.de\/index.php?rest_route=\/wp\/v2\/users\/3"}],"replies":[{"embeddable":true,"href":"https:\/\/oberle-stiftung.de\/index.php?rest_route=%2Fwp%2Fv2%2Fcomments&post=1033"}],"version-history":[{"count":20,"href":"https:\/\/oberle-stiftung.de\/index.php?rest_route=\/wp\/v2\/pages\/1033\/revisions"}],"predecessor-version":[{"id":5180,"href":"https:\/\/oberle-stiftung.de\/index.php?rest_route=\/wp\/v2\/pages\/1033\/revisions\/5180"}],"up":[{"embeddable":true,"href":"https:\/\/oberle-stiftung.de\/index.php?rest_route=\/wp\/v2\/pages\/58"}],"wp:attachment":[{"href":"https:\/\/oberle-stiftung.de\/index.php?rest_route=%2Fwp%2Fv2%2Fmedia&parent=1033"}],"wp:term":[{"taxonomy":"category","embeddable":true,"href":"https:\/\/oberle-stiftung.de\/index.php?rest_route=%2Fwp%2Fv2%2Fcategories&post=1033"},{"taxonomy":"post_tag","embeddable":true,"href":"https:\/\/oberle-stiftung.de\/index.php?rest_route=%2Fwp%2Fv2%2Ftags&post=1033"}],"curies":[{"name":"wp","href":"https:\/\/api.w.org\/{rel}","templated":true}]}}