{"id":1050,"date":"2015-09-13T21:32:00","date_gmt":"2015-09-13T21:32:00","guid":{"rendered":"http:\/\/oberle-stiftung.de\/?page_id=1050"},"modified":"2021-01-20T09:26:40","modified_gmt":"2021-01-20T09:26:40","slug":"gluecksmomente-als-geschenk-im-weihnachtszirkus","status":"publish","type":"page","link":"https:\/\/oberle-stiftung.de\/?page_id=1050","title":{"rendered":"Manege frei f\u00fcr &#8222;Gl\u00fccksmomente&#8220; im Weihnachtszirkus"},"content":{"rendered":"<p style=\"text-align: justify;\"><a href=\"http:\/\/oberle-stiftung.de\/wp-content\/uploads\/2015\/09\/Utz-Kinder-03.jpg\"><img loading=\"lazy\" decoding=\"async\" class=\"alignright size-thumbnail wp-image-1051\" src=\"http:\/\/oberle-stiftung.de\/wp-content\/uploads\/2015\/09\/Utz-Kinder-03-150x150.jpg\" alt=\"Utz Kinder 03\" width=\"150\" height=\"150\"><\/a>Benachteiligten Kindern und Jugendlichen in der Weihnachtszeit eine Freude bereiten \u2013 das ist das Ziel der Oberle-Stiftung und des Vereins &#8222;Wir helfen Kindern&#8220; in Kooperation mit&nbsp; zahlreichen Freiburger Unternehmen und Gesch\u00e4ften. Bereits zum vierten Mal&nbsp; findet diese Weihnachtsaktion zugunsten sozial schlechtgestellter Kinder und Jugendlicher in Freiburg statt. Das&nbsp; unter dem Motto &#8222;Gl\u00fccksmomente&#8220;.&nbsp; Dazu ist auch die Spendenbereitschaft der Freiburger gefragt &#8230;<\/p>\n<p style=\"text-align: justify;\"><!--more--><\/p>\n<p style=\"text-align: justify;\">&#8222;Nicht alle Kinder in Freiburg k\u00f6nnen sorgenfrei aufwachsen&#8220;, so Sozialb\u00fcrgermeister Ulrich von Kirchbach (SPD), Schirmherr der Weihnachtsaktion.&nbsp; Die letzten Jahre zeigten&nbsp; ein hohes Ma\u00df an Solidarit\u00e4t und Spendenbereitschaft unter den Freiburgern, sodass in jedem Jahr \u00fcber 2000 Kindern und Jugendlichen&nbsp; &#8222;ein unvergessliches Erlebnis&#8220; bereitet werden konnte, wie von Kirchbach weiter berichtet.<\/p>\n<p style=\"text-align: justify;\"><a href=\"http:\/\/oberle-stiftung.de\/wp-content\/uploads\/2015\/09\/Weihnachtszirkus-2013-Einrad-Foto-BZ.jpg\"><img loading=\"lazy\" decoding=\"async\" class=\"alignleft  wp-image-1054\" src=\"http:\/\/oberle-stiftung.de\/wp-content\/uploads\/2015\/09\/Weihnachtszirkus-2013-Einrad-Foto-BZ-300x181.jpg\" alt=\"Weihnachtszirkus 2013 Einrad Foto BZ\" width=\"351\" height=\"212\" srcset=\"https:\/\/oberle-stiftung.de\/wp-content\/uploads\/2015\/09\/Weihnachtszirkus-2013-Einrad-Foto-BZ-300x181.jpg 300w, https:\/\/oberle-stiftung.de\/wp-content\/uploads\/2015\/09\/Weihnachtszirkus-2013-Einrad-Foto-BZ.jpg 1024w\" sizes=\"auto, (max-width: 351px) 100vw, 351px\" \/><\/a>Es war&nbsp; wieder soweit:<br>Mehr als 2000 Kinder k\u00f6nnen sich \u00fcber die kostenlosen Sondervorstellungen im Weihnachtszirkus Circolo auf dem Freiburger Messegel\u00e4nde freuen. Tosender Applaus, strahlende Augen und Popcorndurft liegt in der Luft. Es ist ein Spektakel, wenn Akrobaten und Jonglierb\u00e4lle durch die Luft fliegen, HipHop-T\u00e4nzer und riskante Einradfahrer die B\u00fchne in Besitz nehmen, Clowns die Lachmuskeln der jungen Zuschauer auf die Probe stellen. Das Zirkuszelt bebt, die Stimmung&nbsp; ist atemberaubend!<\/p>\n<p style=\"text-align: justify;\">Karten f\u00fcr den&nbsp; Weihnachtszirkus werden \u00fcber soziale Einrichtungen vergeben. Die Initiatoren laden Kinder und Jugendliche aus rund 50 sozialen Einrichtungen in und um Freiburg ein.<br>Im Zirkuszelt wird das alles ausgeblendet: Der Alltag in den Familien oder in der Einrichtung, weder die Vergangenheit noch die Zukunft z\u00e4hlen unter derZirkuskuppel: Wichtig sind allein die sch\u00f6nen Momente,&nbsp; Gl\u00fccksmomente. Diese&nbsp; in der Weihnachtszeit zu verschenken,&nbsp; das ist der Wunsch aller F\u00f6rderer.<br>Viele trugen dazu bei:&nbsp; Freiburger B\u00fcrgerinnen und B\u00fcrger griffen beim weihnachtlichen Stadtbummel unter dem Motto \u201eSchenken Sie Gl\u00fccksmomente\u201c in Tasche und gaben etwas in die Spendenk\u00e4sschen, die in rund 60 Gesch\u00e4ften und Firmen im Gro\u00dfraum Freiburg aufgestellt waren.<br>Au\u00dfer dem Zirkusbesuch sollen weiteren 1000 Kindern ein anderer Weihnachtswunsch erf\u00fcllt werden. &#8222;Etwa ein Tanzworkshop in einem Fl\u00fcchtlingswohnheim, Schlittenfahrten in der Wohngruppe oder ein Adventsfr\u00fchst\u00fcck in einer sozialen Einrichtung&#8220;, sagt Cathrin von Essen, Vorstand der Oberle-Stiftung.<\/p>\n<p style=\"text-align: justify;\"><a href=\"http:\/\/oberle-stiftung.de\/wp-content\/uploads\/2015\/09\/Circolo_20141218_105.jpg\"><img loading=\"lazy\" decoding=\"async\" class=\"alignright  wp-image-1053\" src=\"http:\/\/oberle-stiftung.de\/wp-content\/uploads\/2015\/09\/Circolo_20141218_105-300x200.jpg\" alt=\"Circolo_20141218_105\" width=\"341\" height=\"227\" srcset=\"https:\/\/oberle-stiftung.de\/wp-content\/uploads\/2015\/09\/Circolo_20141218_105-300x200.jpg 300w, https:\/\/oberle-stiftung.de\/wp-content\/uploads\/2015\/09\/Circolo_20141218_105-1024x683.jpg 1024w\" sizes=\"auto, (max-width: 341px) 100vw, 341px\" \/><\/a>Am Ende der Zirkusvorstellung konnten sich die Kinder und Jugendlichen kaum mehr auf den St\u00fchlen halten.<\/p>\n<p style=\"text-align: justify;\">&#8222;Die Kinder sind so happy, das ist wundersch\u00f6n&#8220;, freut sich Veranstalter Christoph Mack vom Circolo. Die gute Stimmung ist regelrecht ansteckend. Statt Akrobaten schwirren jetzt&nbsp; Wortfetzen \u00fcber die ganz pers\u00f6nliche Lieblingsvorstellung durch die Luft. Nat\u00fcrlich w\u00fcnschen sich&nbsp; schon viele Kinder, dass sie das n\u00e4chste Jahr wieder mit von der Partie sein k\u00f6nnen. Das Fazit der Veranstalter: \u201eWir sind \u00fcberw\u00e4ltigt von den vielen gl\u00fccklichen Kinderaugen. Daf\u00fcr hat sich jede Arbeit gelohnt.&#8220;<\/p>\n<p style=\"text-align: justify;\">Quelle:&nbsp;Badische Zeitung \/ Christina Otte<\/p>\n<p><\/p>\n<p style=\"text-align: justify;\"><a href=\"https:\/\/www.badische-zeitung.de\/freiburg\/gluecksmomente-unter-der-zirkuskuppel\" target=\"_blank\" rel=\"noopener noreferrer\"><strong>Weihnachtszirkus Circolo gibt Benefizvorstellung<\/strong>&nbsp;(ver\u00f6ffentlicht am Fr, 20. Dezember 2013 auf badische-zeitung.de)<\/a><\/p>\n<p style=\"text-align: justify;\"><\/p>\n\n\n<figure class=\"wp-block-audio\"><audio controls src=\"https:\/\/oberle-stiftung.de\/wp-content\/uploads\/2021\/01\/2411_FR_Weihnachtsaktion_Herzblut_-_Ulrich_von_Kirchbach.mp3\"><\/audio><figcaption>Sozialb\u00fcrgermeister B\u00fcrgermeister  und Schirmherr Ulrich v. Kirchbach zu der Aktion &#8222;Gl\u00fccksmomente&#8220; <\/figcaption><\/figure>\n\n\n","protected":false},"excerpt":{"rendered":"<p>Benachteiligten Kindern und Jugendlichen in der Weihnachtszeit eine Freude bereiten \u2013 das ist das Ziel der Oberle-Stiftung und des Vereins &#8222;Wir helfen Kindern&#8220; in Kooperation mit&nbsp; zahlreichen Freiburger Unternehmen und Gesch\u00e4ften. Bereits zum vierten Mal&nbsp; findet diese Weihnachtsaktion zugunsten sozial schlechtgestellter Kinder und Jugendlicher in Freiburg statt. Das&nbsp; unter dem Motto &#8222;Gl\u00fccksmomente&#8220;.&nbsp; Dazu ist auch &hellip; <a href=\"https:\/\/oberle-stiftung.de\/?page_id=1050\" class=\"more-link\"><span class=\"screen-reader-text\">Manege frei f\u00fcr &#8222;Gl\u00fccksmomente&#8220; im Weihnachtszirkus<\/span> weiterlesen <span class=\"meta-nav\">&rarr;<\/span><\/a><\/p>\n","protected":false},"author":3,"featured_media":0,"parent":58,"menu_order":0,"comment_status":"closed","ping_status":"closed","template":"","meta":{"ngg_post_thumbnail":0,"footnotes":""},"categories":[35,21,66],"tags":[],"class_list":["post-1050","page","type-page","status-publish","hentry","category-hilfen-fuer-kinder-u-jugendliche","category-region-freiburg","category-sonstige"],"_links":{"self":[{"href":"https:\/\/oberle-stiftung.de\/index.php?rest_route=\/wp\/v2\/pages\/1050","targetHints":{"allow":["GET"]}}],"collection":[{"href":"https:\/\/oberle-stiftung.de\/index.php?rest_route=\/wp\/v2\/pages"}],"about":[{"href":"https:\/\/oberle-stiftung.de\/index.php?rest_route=\/wp\/v2\/types\/page"}],"author":[{"embeddable":true,"href":"https:\/\/oberle-stiftung.de\/index.php?rest_route=\/wp\/v2\/users\/3"}],"replies":[{"embeddable":true,"href":"https:\/\/oberle-stiftung.de\/index.php?rest_route=%2Fwp%2Fv2%2Fcomments&post=1050"}],"version-history":[{"count":18,"href":"https:\/\/oberle-stiftung.de\/index.php?rest_route=\/wp\/v2\/pages\/1050\/revisions"}],"predecessor-version":[{"id":3182,"href":"https:\/\/oberle-stiftung.de\/index.php?rest_route=\/wp\/v2\/pages\/1050\/revisions\/3182"}],"up":[{"embeddable":true,"href":"https:\/\/oberle-stiftung.de\/index.php?rest_route=\/wp\/v2\/pages\/58"}],"wp:attachment":[{"href":"https:\/\/oberle-stiftung.de\/index.php?rest_route=%2Fwp%2Fv2%2Fmedia&parent=1050"}],"wp:term":[{"taxonomy":"category","embeddable":true,"href":"https:\/\/oberle-stiftung.de\/index.php?rest_route=%2Fwp%2Fv2%2Fcategories&post=1050"},{"taxonomy":"post_tag","embeddable":true,"href":"https:\/\/oberle-stiftung.de\/index.php?rest_route=%2Fwp%2Fv2%2Ftags&post=1050"}],"curies":[{"name":"wp","href":"https:\/\/api.w.org\/{rel}","templated":true}]}}