{"id":1088,"date":"2015-09-16T08:58:04","date_gmt":"2015-09-16T08:58:04","guid":{"rendered":"http:\/\/oberle-stiftung.de\/?page_id=1088"},"modified":"2015-10-06T16:41:22","modified_gmt":"2015-10-06T16:41:22","slug":"in-guten-wie-in-schlechten-zeiten","status":"publish","type":"page","link":"https:\/\/oberle-stiftung.de\/?page_id=1088","title":{"rendered":"In guten wie in schlechten Zeiten"},"content":{"rendered":"<p style=\"text-align: justify;\"><a href=\"http:\/\/oberle-stiftung.de\/wp-content\/uploads\/2015\/09\/Schuldnerberatung-03.png\"><img loading=\"lazy\" decoding=\"async\" class=\"alignright size-thumbnail wp-image-1082\" src=\"http:\/\/oberle-stiftung.de\/wp-content\/uploads\/2015\/09\/Schuldnerberatung-03-150x150.png\" alt=\"Schuldnerberatung 03\" width=\"150\" height=\"150\" \/><\/a>Als das \u00e4ltere Ehepaar Fischer* zu uns kam, hatten Sie einen wirklichen Tiefpunkt in ihrem Leben erreicht.<br \/>\nHerr Fischer war an Krebs erkrankt, Frau Fischer hatte schwere Depressionen. Die finanzielle Situation hatte sich zudem sehr verschlechtert, weil der Mann krankheitsbedingt seine Nebenbesch\u00e4ftigung aufgeben musste. Dabei reichten die kleinen Renten von Herrn und Frau Fischer schon seit l\u00e4ngerer Zeit nicht mehr aus &#8230;.<\/p>\n<p style=\"text-align: justify;\"><!--more--><\/p>\n<p style=\"text-align: justify;\">&#8230; um die Lebenshaltungskosten zu decken und daneben auch noch Schulden und Zinsen zu bezahlen.<br \/>\nIn unserem ersten Gespr\u00e4ch erz\u00e4hlten Sie uns ihre Geschichte: beide sind &#8211; wie viele andere dieser Generation &#8211; in den schwere Zeit nach dem zweiten Weltkrieg aufgewachsen. Als Kinder &#8211; Herr Fischer auf einem Bauernhof &#8211; mussten sie schon hart arbeiten. \u00dcber die Vergangenheit und die Kriegserlebnisse der Eltern wurde in den Familien nicht gesprochen. Die Kinder durften genauso wenig Schw\u00e4chen zeigen, wie ihre Eltern zuvor auch. Die Rollen zwischen M\u00e4nner und Frauen waren klar zugeordnet und die Erwartungen an die Kinder gro\u00df. Diesen Vorgaben entsprachen\u00a0 das junge Ehepaar Fischer von den ersten Jahren ihres gemeinsamen Lebens an bis heute. Sie haben sich den Wunsch nach einer eigenen Familie erf\u00fcllt und drei Kinder gro\u00df gezogen. W\u00e4hrend der Mann durch seine handwerklichen F\u00e4higkeiten die Familie ern\u00e4hrte, k\u00fcmmerte sich seine Frau um die Kinder. Sie erlebten, trotz harter Arbeit, sehr sch\u00f6ne gemeinsame Zeiten.<br \/>\nAls die Kinder dann das Haus verlie\u00dfen, hatten beide erstmals Zeit f\u00fcr sich selbst. Aber in dieser Zeit bekam Frau Fischer starke Depressionen. Sie konnte das Haus nicht mehr verlassen und zog sich v\u00f6llig zur\u00fcck. Herr Fischer versuchte ihr zu helfen &#8211; so gut es eben ging &#8211; bis er dann selbst krank wurde.<\/p>\n<p style=\"text-align: justify;\">Wie k\u00f6nnen wir nun Auswege aus der verzweifelten Situation finden? Eigentlich sollte es ja &#8217;nur&#8216; um Schulden gehen. Wir sind schlie\u00dflich eine Schuldnerberatung. Nach einigen Beratungsgespr\u00e4chen war Frau Fischer schlie\u00dflich\u00a0 bereit, zus\u00e4tzlich zu unserer Betreuung professionelle therapeutische Hilfe in Anspruch zu nehmen.<\/p>\n<p style=\"text-align: justify;\"><a href=\"http:\/\/oberle-stiftung.de\/wp-content\/uploads\/2015\/09\/Schuldnerberatung-06.png\"><img loading=\"lazy\" decoding=\"async\" class=\"alignleft  wp-image-1085\" src=\"http:\/\/oberle-stiftung.de\/wp-content\/uploads\/2015\/09\/Schuldnerberatung-06.png\" alt=\"Schuldnerberatung 06\" width=\"203\" height=\"135\" \/><\/a>Die n\u00e4chste Aufgabe war, die Existenzangst zu nehmen, ganz real verbunden mit der Sicherung des unmittelbaren Lebensunterhalts. Also Geld-L\u00f6sungen mit dem Vermieter und dem Stromanbieter zu suchen und zu finden, so dass nicht auch noch Stromabschaltung oder gar Wohnungsverlust drohen.<\/p>\n<p style=\"text-align: justify;\">Durch eine Beihilfe konnten wir die f\u00fcr die Strahlentherapie notwendige, begleitende Betreuung von Herrn Fischer sicherstellen.<\/p>\n<p style=\"text-align: justify;\">Alle anderen Gl\u00e4ubiger wurden erstmals angeschrieben und w\u00e4hrend unserer Betreuung um Stundung ihrer Forderungen gebeten.<br \/>\nIn den Folgegespr\u00e4chen konnten Einsparungen im monatlichen Budget der Familie erzielt und die Scham \u00fcberwunden werden, einen Wohngeldantrag zu stellen.<\/p>\n<p style=\"text-align: justify;\"><a href=\"http:\/\/oberle-stiftung.de\/wp-content\/uploads\/2015\/09\/Schuldnerberatung-04.png\"><img loading=\"lazy\" decoding=\"async\" class=\"  wp-image-1083 alignright\" src=\"http:\/\/oberle-stiftung.de\/wp-content\/uploads\/2015\/09\/Schuldnerberatung-04.png\" alt=\"Schuldnerberatung 04\" width=\"179\" height=\"169\" \/><\/a>Nach der Existenzsicherung wurde nun der Schriftverkehr mit den weiteren Gl\u00e4ubigern der Familie fortgesetzt.<\/p>\n<p style=\"text-align: justify;\">Wir verschafften uns einen \u00dcberblick mit dem Ziel, eine au\u00dfergerichtliche L\u00f6sungsm\u00f6glichkeit zu finden. Aufgrund der fehlenden R\u00fccklagen und der kleinen Renten kam es allerdings zu keiner Einigung mit allen Gl\u00e4ubigern.<br \/>\nSo blieb als einziger Weg zu einem wirtschaftlichen Neuanfang nur noch die Einleitung des sog. gerichtlichen Insolvenzverfahrens mit anschlie\u00dfender Restschuldbefreiung. In mehreren Gespr\u00e4chen wurden die \u00c4ngste vor dem Verfahren, dem Gericht, das Gef\u00fchl des Versagens und der Scham vor dem Hintergrund der jeweiligen Biographien besprochen. Schlie\u00dflich entschloss sich das Ehepaar Fischer, diesen Weg &#8211; mit unserer Unterst\u00fctzung &#8211; zu gehen.<\/p>\n<p style=\"text-align: justify;\">Die Insolvenzverfahren wurden im Jahr 2012 er\u00f6ffnet.<br \/>\nIm Jahr 2018 werden beide schuldenfrei sein.<br \/>\nWenigstens im hohen Alter endlich von Altlasten befreit.<\/p>\n<p style=\"text-align: justify;\"><a href=\"http:\/\/oberle-stiftung.de\/wp-content\/uploads\/2015\/09\/Schuldnerberatung-02.jpg\"><img loading=\"lazy\" decoding=\"async\" class=\"aligncenter  wp-image-1081\" src=\"http:\/\/oberle-stiftung.de\/wp-content\/uploads\/2015\/09\/Schuldnerberatung-02.jpg\" alt=\"Schuldnerberatung-02\" width=\"451\" height=\"252\" \/><\/a><\/p>\n<p>*(Name ge\u00e4ndert)<\/p>\n","protected":false},"excerpt":{"rendered":"<p>Als das \u00e4ltere Ehepaar Fischer* zu uns kam, hatten Sie einen wirklichen Tiefpunkt in ihrem Leben erreicht. Herr Fischer war an Krebs erkrankt, Frau Fischer hatte schwere Depressionen. Die finanzielle Situation hatte sich zudem sehr verschlechtert, weil der Mann krankheitsbedingt seine Nebenbesch\u00e4ftigung aufgeben musste. Dabei reichten die kleinen Renten von Herrn und Frau Fischer schon &hellip; <a href=\"https:\/\/oberle-stiftung.de\/?page_id=1088\" class=\"more-link\"><span class=\"screen-reader-text\">In guten wie in schlechten Zeiten<\/span> weiterlesen <span class=\"meta-nav\">&rarr;<\/span><\/a><\/p>\n","protected":false},"author":3,"featured_media":0,"parent":58,"menu_order":0,"comment_status":"closed","ping_status":"closed","template":"","meta":{"ngg_post_thumbnail":0,"footnotes":""},"categories":[38,37,21],"tags":[],"class_list":["post-1088","page","type-page","status-publish","hentry","category-hilfen-fuer-einzelne-menschen","category-hilfen-fuer-verschuldete-menschen","category-region-freiburg"],"_links":{"self":[{"href":"https:\/\/oberle-stiftung.de\/index.php?rest_route=\/wp\/v2\/pages\/1088","targetHints":{"allow":["GET"]}}],"collection":[{"href":"https:\/\/oberle-stiftung.de\/index.php?rest_route=\/wp\/v2\/pages"}],"about":[{"href":"https:\/\/oberle-stiftung.de\/index.php?rest_route=\/wp\/v2\/types\/page"}],"author":[{"embeddable":true,"href":"https:\/\/oberle-stiftung.de\/index.php?rest_route=\/wp\/v2\/users\/3"}],"replies":[{"embeddable":true,"href":"https:\/\/oberle-stiftung.de\/index.php?rest_route=%2Fwp%2Fv2%2Fcomments&post=1088"}],"version-history":[{"count":10,"href":"https:\/\/oberle-stiftung.de\/index.php?rest_route=\/wp\/v2\/pages\/1088\/revisions"}],"predecessor-version":[{"id":2117,"href":"https:\/\/oberle-stiftung.de\/index.php?rest_route=\/wp\/v2\/pages\/1088\/revisions\/2117"}],"up":[{"embeddable":true,"href":"https:\/\/oberle-stiftung.de\/index.php?rest_route=\/wp\/v2\/pages\/58"}],"wp:attachment":[{"href":"https:\/\/oberle-stiftung.de\/index.php?rest_route=%2Fwp%2Fv2%2Fmedia&parent=1088"}],"wp:term":[{"taxonomy":"category","embeddable":true,"href":"https:\/\/oberle-stiftung.de\/index.php?rest_route=%2Fwp%2Fv2%2Fcategories&post=1088"},{"taxonomy":"post_tag","embeddable":true,"href":"https:\/\/oberle-stiftung.de\/index.php?rest_route=%2Fwp%2Fv2%2Ftags&post=1088"}],"curies":[{"name":"wp","href":"https:\/\/api.w.org\/{rel}","templated":true}]}}