{"id":1097,"date":"2015-09-16T14:26:09","date_gmt":"2015-09-16T14:26:09","guid":{"rendered":"http:\/\/oberle-stiftung.de\/?page_id=1097"},"modified":"2020-08-25T12:28:06","modified_gmt":"2020-08-25T12:28:06","slug":"der-traum-vom-eigenen-haeuschen-auf-4-000-m","status":"publish","type":"page","link":"https:\/\/oberle-stiftung.de\/?page_id=1097","title":{"rendered":"Der Traum vom eigenen H\u00e4uschen auf 4.000 m"},"content":{"rendered":"<p style=\"text-align: justify;\"><a href=\"http:\/\/oberle-stiftung.de\/wp-content\/uploads\/2015\/09\/IMGP1398.jpg\"><img loading=\"lazy\" decoding=\"async\" class=\"alignright size-thumbnail wp-image-1108\" src=\"http:\/\/oberle-stiftung.de\/wp-content\/uploads\/2015\/09\/IMGP1398-150x150.jpg\" alt=\"IMGP1398\" width=\"150\" height=\"150\" \/><\/a>Julian, HIrte und\u00a0 Vater von vier Kindern, lebte bis vor kurzem noch mit seiner Familie in zwei kleinen, strohbedeckten Lehmh\u00fctten auf fremden Grund im Dorf Sunimarca auf 4.000m . Er erinnert sich: \u201eDie Winter waren lang und kalt, \u00fcberall zog es und wir waren meist krank.\u201c In solch eisigen Wintern\u00a0 kommt es immer\u00a0 mal wieder vor, dass\u00a0 Alapca und Menschen sterben.<\/p>\n<p><!--more--><\/p>\n<p style=\"text-align: center;\"><a href=\"http:\/\/oberle-stiftung.de\/wp-content\/uploads\/2015\/09\/Julian-casaVieja1.jpg\"><img loading=\"lazy\" decoding=\"async\" class=\"  wp-image-1106 aligncenter\" src=\"http:\/\/oberle-stiftung.de\/wp-content\/uploads\/2015\/09\/Julian-casaVieja1-1024x659.jpg\" alt=\"Julian casaVieja1\" width=\"400\" height=\"258\" srcset=\"https:\/\/oberle-stiftung.de\/wp-content\/uploads\/2015\/09\/Julian-casaVieja1-1024x659.jpg 1024w, https:\/\/oberle-stiftung.de\/wp-content\/uploads\/2015\/09\/Julian-casaVieja1-300x193.jpg 300w\" sizes=\"auto, (max-width: 400px) 100vw, 400px\" \/>,<\/a>Foto: Julians &#8222;Altbau&#8220;<\/p>\n<p>Innerhalb des Dorfentwicklungsprojekts hat Julian\u00a0 ein gro\u00dfes Pappmach\u00e9-Modell gebastelt, aus Pappe und Naturmaterialien:<br \/>\nEs zeigt die Vision seines Grundst\u00fcckes im Kleinformat.\u00a0 An alles hat er gedacht:\u00a0 An die Wasserversorgung, wo doch noch gar keine Kan\u00e4le liegen\u00a0 und an die Stromversorgung, obwohl sein Dorf noch ganz ohne Stromzufuhr ist.<br \/>\nAlles ohne Stift und\u00a0 Zeichenbrett. Julian ist Analphabet.\u00a0 Statt weiter auf die Schule zu gehen, mu\u00dfte er schon als kleines Kind die Tiere auf den Hochebenen h\u00fcten.<\/p>\n<p>Aber mit den richtigen &#8222;Materialien&#8220; steckt in Julian auch ein Architekt. Wenn man ihm dabei nur etwas unterst\u00fctzt , dann wird er der Baumeister seiner eigenen Zukunft.<\/p>\n<p><a href=\"http:\/\/oberle-stiftung.de\/wp-content\/uploads\/2015\/09\/Julian-Modell-IMG_3235.jpg\"><img loading=\"lazy\" decoding=\"async\" class=\"aligncenter  wp-image-1107\" src=\"http:\/\/oberle-stiftung.de\/wp-content\/uploads\/2015\/09\/Julian-Modell-IMG_3235-1024x708.jpg\" alt=\"Julian Modell IMG_3235\" width=\"391\" height=\"270\" srcset=\"https:\/\/oberle-stiftung.de\/wp-content\/uploads\/2015\/09\/Julian-Modell-IMG_3235-1024x708.jpg 1024w, https:\/\/oberle-stiftung.de\/wp-content\/uploads\/2015\/09\/Julian-Modell-IMG_3235-300x207.jpg 300w\" sizes=\"auto, (max-width: 391px) 100vw, 391px\" \/><\/a><\/p>\n<p>&nbsp;<\/p>\n<p><a href=\"http:\/\/oberle-stiftung.de\/wp-content\/uploads\/2015\/09\/IMG_3238.jpg\"><img loading=\"lazy\" decoding=\"async\" class=\"  wp-image-1101 alignleft\" src=\"http:\/\/oberle-stiftung.de\/wp-content\/uploads\/2015\/09\/IMG_3238-1024x683.jpg\" alt=\"IMG_3238\" width=\"282\" height=\"188\" srcset=\"https:\/\/oberle-stiftung.de\/wp-content\/uploads\/2015\/09\/IMG_3238-1024x683.jpg 1024w, https:\/\/oberle-stiftung.de\/wp-content\/uploads\/2015\/09\/IMG_3238-300x200.jpg 300w\" sizes=\"auto, (max-width: 282px) 100vw, 282px\" \/><\/a>Ein paar Jahre sp\u00e4ter stellt Julian stolz ein Geb\u00e4ude vor:<br \/>\nVom geplanten Hof in U-Form &#8211; den Innenhof in der Mitte &#8211; ist\u00a0 ein &#8222;L&#8220; bereits fertig gebaut.<br \/>\nUnd das Wichigste im Haus ist funktionsf\u00e4hig: Die K\u00fcche, zur Versorgung der\u00a0 hungrigen\u00a0 Familie.<br \/>\n\u201cAm Wasserturm baue ich gerade noch\u201d. Dann berichtet er von seinem kleinen Garten, den er um ein Ge<a href=\"http:\/\/oberle-stiftung.de\/wp-content\/uploads\/2015\/09\/IMG_3284.jpg\"><img loading=\"lazy\" decoding=\"async\" class=\"alignright  wp-image-1474\" src=\"http:\/\/oberle-stiftung.de\/wp-content\/uploads\/2015\/09\/IMG_3284-200x300.jpg\" alt=\"IMG_3284\" width=\"143\" height=\"215\" srcset=\"https:\/\/oberle-stiftung.de\/wp-content\/uploads\/2015\/09\/IMG_3284-200x300.jpg 200w, https:\/\/oberle-stiftung.de\/wp-content\/uploads\/2015\/09\/IMG_3284-683x1024.jpg 683w\" sizes=\"auto, (max-width: 143px) 100vw, 143px\" \/><\/a>w\u00e4chshaus erweitert hat.\u00a0 Die Ernte war gut, doch der Garten muss noch vergr\u00f6\u00dfert werden.\u00a0 Julians Pl\u00e4ne gehen noch\u00a0 weiter: Er braucht unbedingt auch einen Stall f\u00fcr seine Tiere &#8230;<\/p>\n<p>Julian hat sein H\u00e4uschen &#8211; nur mit Hilfe seiner Nachbarn &#8211;\u00a0 selbst gebaut, aus\u00a0 &#8222;Adobe&#8220; (selbst fabrizierten Lehmbl\u00f6cken),\u00a0 die W\u00e4nde sind mit Lehm verputzt und selbst gestrichen.<br \/>\nDas Wellblech f\u00fcr das Dach , die T\u00fcren und Fenster h\u00e4tte er sich aber &#8211; als armer Hirte -nicht\u00a0 leisten k\u00f6nnen. Daf\u00fcr bekam er einen &#8222;Kredit&#8220;! Von einer &#8222;Volksbank&#8220;, die keine Bankbilanzen kennt und aus einer einzigen Zweigstelle besteht. Just in seinem Dorf, neugegr\u00fcndet im Zusammenhang des Dorfentwicklungsprojekts, mit einem\u00a0 Anfangskapital aus den H\u00e4nden deutscher Rentner*<br \/>\nJulian wird seinen Kredit zur\u00fcckzahlen! Zur weiteren Verwendung f\u00fcr weitere &#8222;Traumhausbauten! seiner Nachbarn auf 4.000 Metern H\u00f6he.<br \/>\nJulian war einer der ersten im Dorf,\u00a0 der\u00a0\u00a0 mit t\u00e4tiger Hilfe seiner Nachbarn, sein Bauprojekt beginnen durfte.<br \/>\nWeil er zu den \u00c4rmsten geh\u00f6rt in Sunimarca. So hatte die Dorfversammlung selbst entschieden, als es um die Verteilung der deutschen &#8222;Entwicklungshilfegelder&#8220;ging, die nun im Dorf &#8218;rotieren&#8216;.<br \/>\nJulians Beispiel leuchtend vor Augen, verfolgen die Nachbarn ihre eigenen\u00a0 &#8222;Bausparpl\u00e4ne&#8220; und sammeln\u00a0 schon kr\u00e4ftig Eigenkapital an, f\u00fcr den &#8222;Fremdkredit&#8220; Ihrer volkseigenen &#8222;Dorfbank&#8220;.<\/p>\n<p><a href=\"http:\/\/oberle-stiftung.de\/wp-content\/uploads\/2015\/09\/IMG_3239.jpg\"><img loading=\"lazy\" decoding=\"async\" class=\"aligncenter  wp-image-1102\" src=\"http:\/\/oberle-stiftung.de\/wp-content\/uploads\/2015\/09\/IMG_3239-1024x683.jpg\" alt=\"IMG_3239\" width=\"332\" height=\"222\" srcset=\"https:\/\/oberle-stiftung.de\/wp-content\/uploads\/2015\/09\/IMG_3239-1024x683.jpg 1024w, https:\/\/oberle-stiftung.de\/wp-content\/uploads\/2015\/09\/IMG_3239-300x200.jpg 300w\" sizes=\"auto, (max-width: 332px) 100vw, 332px\" \/><\/a><\/p>\n<p><em>Julian in seiner neuen K\u00fcche<\/em><br \/>\n<em> mit Sonia Salas (S\u00fcdamerika-Chefin WOS) und Clemens Oberle (Auslands-Chef WOS)<\/em><br \/>\n<em> bei einer Art &#8222;Bauabnahme&#8220; auf 4.000 m<\/em><\/p>\n<p>* <a href=\"http:\/\/www.ika.de\/owa\/ika\/hr.se?ID=1\" target=\"_blank\">Projekt sponsored by IKA, Renter-&#8222;Hands for children&#8220;, Staufen<\/a><\/p>\n","protected":false},"excerpt":{"rendered":"<p>Julian, HIrte und\u00a0 Vater von vier Kindern, lebte bis vor kurzem noch mit seiner Familie in zwei kleinen, strohbedeckten Lehmh\u00fctten auf fremden Grund im Dorf Sunimarca auf 4.000m . Er erinnert sich: \u201eDie Winter waren lang und kalt, \u00fcberall zog es und wir waren meist krank.\u201c In solch eisigen Wintern\u00a0 kommt es immer\u00a0 mal wieder &hellip; <a href=\"https:\/\/oberle-stiftung.de\/?page_id=1097\" class=\"more-link\"><span class=\"screen-reader-text\">Der Traum vom eigenen H\u00e4uschen auf 4.000 m<\/span> weiterlesen <span class=\"meta-nav\">&rarr;<\/span><\/a><\/p>\n","protected":false},"author":3,"featured_media":0,"parent":58,"menu_order":0,"comment_status":"closed","ping_status":"closed","template":"","meta":{"ngg_post_thumbnail":0,"footnotes":""},"categories":[38,42,9],"tags":[],"class_list":["post-1097","page","type-page","status-publish","hentry","category-hilfen-fuer-einzelne-menschen","category-hilfen-fuer-menschen-in-den-anden","category-peru"],"_links":{"self":[{"href":"https:\/\/oberle-stiftung.de\/index.php?rest_route=\/wp\/v2\/pages\/1097","targetHints":{"allow":["GET"]}}],"collection":[{"href":"https:\/\/oberle-stiftung.de\/index.php?rest_route=\/wp\/v2\/pages"}],"about":[{"href":"https:\/\/oberle-stiftung.de\/index.php?rest_route=\/wp\/v2\/types\/page"}],"author":[{"embeddable":true,"href":"https:\/\/oberle-stiftung.de\/index.php?rest_route=\/wp\/v2\/users\/3"}],"replies":[{"embeddable":true,"href":"https:\/\/oberle-stiftung.de\/index.php?rest_route=%2Fwp%2Fv2%2Fcomments&post=1097"}],"version-history":[{"count":24,"href":"https:\/\/oberle-stiftung.de\/index.php?rest_route=\/wp\/v2\/pages\/1097\/revisions"}],"predecessor-version":[{"id":2886,"href":"https:\/\/oberle-stiftung.de\/index.php?rest_route=\/wp\/v2\/pages\/1097\/revisions\/2886"}],"up":[{"embeddable":true,"href":"https:\/\/oberle-stiftung.de\/index.php?rest_route=\/wp\/v2\/pages\/58"}],"wp:attachment":[{"href":"https:\/\/oberle-stiftung.de\/index.php?rest_route=%2Fwp%2Fv2%2Fmedia&parent=1097"}],"wp:term":[{"taxonomy":"category","embeddable":true,"href":"https:\/\/oberle-stiftung.de\/index.php?rest_route=%2Fwp%2Fv2%2Fcategories&post=1097"},{"taxonomy":"post_tag","embeddable":true,"href":"https:\/\/oberle-stiftung.de\/index.php?rest_route=%2Fwp%2Fv2%2Ftags&post=1097"}],"curies":[{"name":"wp","href":"https:\/\/api.w.org\/{rel}","templated":true}]}}