{"id":1121,"date":"2015-09-20T16:36:39","date_gmt":"2015-09-20T16:36:39","guid":{"rendered":"http:\/\/oberle-stiftung.de\/?page_id=1121"},"modified":"2020-08-27T14:22:40","modified_gmt":"2020-08-27T14:22:40","slug":"freiburg-die-stadt-die-mein-leben-veraenderte-2","status":"publish","type":"page","link":"https:\/\/oberle-stiftung.de\/?page_id=1121","title":{"rendered":"Freiburg, die Stadt die mein Leben ver\u00e4nderte"},"content":{"rendered":"<p style=\"text-align: justify;\"><a href=\"http:\/\/oberle-stiftung.de\/wp-content\/uploads\/2015\/09\/Internet-Freiburg-Baechle.jpg\"><img loading=\"lazy\" decoding=\"async\" class=\"alignright wp-image-2029 size-thumbnail\" src=\"http:\/\/oberle-stiftung.de\/wp-content\/uploads\/2015\/09\/Internet-Freiburg-Baechle-150x150.jpg\" alt=\"Internet Freiburg Baechle\" width=\"150\" height=\"150\" \/><\/a><b>Die Geschichte einer FREIeB\u00dcRGERin<\/b><br \/>\nIhr Leben ist von H\u00f6hen und Tiefschl\u00e4gen gepr\u00e4gt. Ihr Gesicht von\u00a0 Erfahrungen gekennzeichnet. Ihre Ruhe inzwischen (fast) unersch\u00fctterlich. Sie l\u00e4uft durch Freiburgs Gassen, dicht gefolgt von ihren\u00a0 zwei H\u00fcndinnen. \u201eLoona\u201c und die kleine \u201eMagic\u201c folgen ihr auf Schritt und Tritt. \u201eDie beiden haben Freude und eine Aufgabe in mein Leben gebracht\u201c, erz\u00e4hlt Marion*&#8230;<\/p>\n<p style=\"text-align: justify;\"><!--more--><\/p>\n<p style=\"text-align: justify;\">Marion \u00a0wirkt entspannt, streichelt ihre beiden \u201eM\u00e4dels\u201c, wie sie sie liebevoll nennt, und genie\u00dft die Morgensonne im Gesicht. Sie ist zufrieden, denn sie kommt gerade von ihrer Arbeit bei einem Modemarkt hier in Freiburg. Marion putzt dort inzwischen jeden Morgen in aller Herrgottsfr\u00fche. \u201eNach mehrmaligen Verl\u00e4ngerungen bekam ich endlich im Mai diesen Jahres meinen unbefristeten Arbeitsvertrag, auf den ich so lange hingearbeitet habe. Es macht mich megastolz und gl\u00fccklich, auch das geschafft zu haben\u201c, berichtet sie. Zus\u00e4tzlich verkauft sie regelm\u00e4\u00dfig die Strassenzeitung \u201eFREIeB\u00dcRGER\u201c.<br \/>\n<a href=\"http:\/\/oberle-stiftung.de\/wp-content\/uploads\/2015\/09\/Fotolia_47543845_L.jpg\"><img loading=\"lazy\" decoding=\"async\" class=\" wp-image-1122 alignleft\" src=\"http:\/\/oberle-stiftung.de\/wp-content\/uploads\/2015\/09\/Fotolia_47543845_L-199x300.jpg\" alt=\"Die ber\u0178hmten B\u0160chle von Freiburg im Breisgau mit Kopfsteinpflaster\" width=\"268\" height=\"404\" srcset=\"https:\/\/oberle-stiftung.de\/wp-content\/uploads\/2015\/09\/Fotolia_47543845_L-199x300.jpg 199w, https:\/\/oberle-stiftung.de\/wp-content\/uploads\/2015\/09\/Fotolia_47543845_L-680x1024.jpg 680w, https:\/\/oberle-stiftung.de\/wp-content\/uploads\/2015\/09\/Fotolia_47543845_L.jpg 1568w\" sizes=\"auto, (max-width: 268px) 100vw, 268px\" \/><\/a>Noch vor ein paar Jahren sah ihr Leben komplett anders aus. Sie verbrachte einige Zeit im Frauenknast, danach war sie in einer therapeutischen Einrichtung. Alles pl\u00e4tscherte so vor sich hin, drehte sich im Kreise. Keine Perspektive.<\/p>\n<p style=\"text-align: justify;\">Dann war sie irgendwann an dem Punkt angelangt, an dem\u00a0 sie ihr Leben selbst in die Hand nehmen wollte. Einen Neubeginn wagen. Marion erinnert sich: \u201eAm Bahnhof kamen mir Zweifel, ob es wirklich ratsam w\u00e4re, zur\u00fcck nach Weil am Rhen, wo mein jetziger Ex-Mann noch lebte, zu gehen. Ich hatte 400 Euro in der Tasche und entschied mich f\u00fcr einen Neuanfang in Freiburg\u201c.<\/p>\n<p style=\"text-align: justify;\">Es war nicht einfach und Marion m\u00f6chte auch r\u00fcckblickend nichts besch\u00f6nigen: \u201eDa sa\u00df ich nun mit zwei Plastikt\u00fcten Klamotten, mehr hatte ich nicht, da ich damals von der Stra\u00dfe weg verhaftet worden bin, in einer fremden Stadt ohne Freunde und ohne Wohnung\u201c.<\/p>\n<p style=\"text-align: justify;\">Doch sie gab nicht auf und suchte nach Unterst\u00fctzung. Sie wandte sich an den Kontaktladen, ans Frauenhaus, beantragte Arbeitslosengeld und versuchte im Leben Fu\u00df zufassen. Anfangs fiel sie noch in ein paar tiefe L\u00f6cher, verfiel dem Alkohol.<br \/>\nNach einem Entzug wagte sie den Neuanfang erneut. Immer wieder gab es H\u00fcrden, insbesondere bei der Wohnungssuche. Doch hier und da wurden auch unverhofft T\u00fcren ge\u00f6ffnet.<br \/>\nSo h\u00f6rte sie zum Beispiel \u00fcber ein paar Ecken von einer kleinen 1-Zimmer Wohnung und vereinbarte sofort einen Besichtigungstermin. Sie war geschockt, denn in der Wohnung war nichts. Keine Tapete, kein Teppich, nicht mal ein Linoleumbelag. \u201eWie soll ich das denn finanzieren?\u201c, schoss ihr durch den Kopf. Jemand berichtete ihr von der Oberle-Stiftung. Diese schenkte ihr dann schlie\u00dflich auch eine kleine Wohnungsrenovierung. Endlich hat sie ein\u00a0 Dach \u00fcber dem Kopf. Kurz darauf haben ihr gl\u00fcckliche Zuf\u00e4lle zu den beiden Hunden verholfen.<br \/>\n<a href=\"http:\/\/oberle-stiftung.de\/wp-content\/uploads\/2015\/09\/Internet-Freiburg-Baechle.jpg\"><img loading=\"lazy\" decoding=\"async\" class=\" size-medium wp-image-2029 aligncenter\" src=\"http:\/\/oberle-stiftung.de\/wp-content\/uploads\/2015\/09\/Internet-Freiburg-Baechle-300x200.jpg\" alt=\"Internet Freiburg Baechle\" width=\"300\" height=\"200\" srcset=\"https:\/\/oberle-stiftung.de\/wp-content\/uploads\/2015\/09\/Internet-Freiburg-Baechle-300x200.jpg 300w, https:\/\/oberle-stiftung.de\/wp-content\/uploads\/2015\/09\/Internet-Freiburg-Baechle.jpg 1000w\" sizes=\"auto, (max-width: 300px) 100vw, 300px\" \/><\/a><br \/>\nDie Menschen hier, unterst\u00fctzende Angebote,\u00a0 Marions Durchhalteverm\u00f6gen und ihre eigene positive Haltung, trugen dazu bei, dass sie eine Heimat in Freiburg gefunden hat. Heute weiss sie, dass Freiburg\u00a0 ihr Leben ver\u00e4nderte. Und sie ist dankbar daf\u00fcr. Besonders wenn sie morgens nach dem Arbeiten alleine durch die noch menschenleeren Gassen schlendert und die spiegelnde Sonne im Freiburger B\u00e4chle beobachtet.<br \/>\n<strong><a href=\"http:\/\/www.frei-e-buerger.de\/\" target=\"_blank\">FREIeB\u00dcRGER<\/a><\/strong><br \/>\n(*Name ge\u00e4ndert)<\/p>\n","protected":false},"excerpt":{"rendered":"<p>Die Geschichte einer FREIeB\u00dcRGERin Ihr Leben ist von H\u00f6hen und Tiefschl\u00e4gen gepr\u00e4gt. Ihr Gesicht von\u00a0 Erfahrungen gekennzeichnet. Ihre Ruhe inzwischen (fast) unersch\u00fctterlich. Sie l\u00e4uft durch Freiburgs Gassen, dicht gefolgt von ihren\u00a0 zwei H\u00fcndinnen. \u201eLoona\u201c und die kleine \u201eMagic\u201c folgen ihr auf Schritt und Tritt. \u201eDie beiden haben Freude und eine Aufgabe in mein Leben gebracht\u201c, &hellip; <a href=\"https:\/\/oberle-stiftung.de\/?page_id=1121\" class=\"more-link\"><span class=\"screen-reader-text\">Freiburg, die Stadt die mein Leben ver\u00e4nderte<\/span> weiterlesen <span class=\"meta-nav\">&rarr;<\/span><\/a><\/p>\n","protected":false},"author":3,"featured_media":0,"parent":58,"menu_order":0,"comment_status":"closed","ping_status":"closed","template":"","meta":{"ngg_post_thumbnail":0,"footnotes":""},"categories":[38,21],"tags":[],"class_list":["post-1121","page","type-page","status-publish","hentry","category-hilfen-fuer-einzelne-menschen","category-region-freiburg"],"_links":{"self":[{"href":"https:\/\/oberle-stiftung.de\/index.php?rest_route=\/wp\/v2\/pages\/1121","targetHints":{"allow":["GET"]}}],"collection":[{"href":"https:\/\/oberle-stiftung.de\/index.php?rest_route=\/wp\/v2\/pages"}],"about":[{"href":"https:\/\/oberle-stiftung.de\/index.php?rest_route=\/wp\/v2\/types\/page"}],"author":[{"embeddable":true,"href":"https:\/\/oberle-stiftung.de\/index.php?rest_route=\/wp\/v2\/users\/3"}],"replies":[{"embeddable":true,"href":"https:\/\/oberle-stiftung.de\/index.php?rest_route=%2Fwp%2Fv2%2Fcomments&post=1121"}],"version-history":[{"count":33,"href":"https:\/\/oberle-stiftung.de\/index.php?rest_route=\/wp\/v2\/pages\/1121\/revisions"}],"predecessor-version":[{"id":2992,"href":"https:\/\/oberle-stiftung.de\/index.php?rest_route=\/wp\/v2\/pages\/1121\/revisions\/2992"}],"up":[{"embeddable":true,"href":"https:\/\/oberle-stiftung.de\/index.php?rest_route=\/wp\/v2\/pages\/58"}],"wp:attachment":[{"href":"https:\/\/oberle-stiftung.de\/index.php?rest_route=%2Fwp%2Fv2%2Fmedia&parent=1121"}],"wp:term":[{"taxonomy":"category","embeddable":true,"href":"https:\/\/oberle-stiftung.de\/index.php?rest_route=%2Fwp%2Fv2%2Fcategories&post=1121"},{"taxonomy":"post_tag","embeddable":true,"href":"https:\/\/oberle-stiftung.de\/index.php?rest_route=%2Fwp%2Fv2%2Ftags&post=1121"}],"curies":[{"name":"wp","href":"https:\/\/api.w.org\/{rel}","templated":true}]}}