{"id":1126,"date":"2015-09-20T17:55:01","date_gmt":"2015-09-20T17:55:01","guid":{"rendered":"http:\/\/oberle-stiftung.de\/?page_id=1126"},"modified":"2020-08-27T13:59:59","modified_gmt":"2020-08-27T13:59:59","slug":"neuer-look-fuer-alte-drahtesel","status":"publish","type":"page","link":"https:\/\/oberle-stiftung.de\/?page_id=1126","title":{"rendered":"Neuer Look f\u00fcr alte Drahtesel"},"content":{"rendered":"<p><strong>Die Fahrradwerkstatt der diakonischen Einrichtung Blauer Elefant repariert Kinderr\u00e4der f\u00fcr Familien mit geringem Einkommen.<\/strong><\/p>\n<p><img loading=\"lazy\" decoding=\"async\" class=\"  alignright wp-image-1174 size-thumbnail\" src=\"http:\/\/oberle-stiftung.de\/wp-content\/uploads\/2015\/09\/Fotolia_33270995_S-150x150.jpg\" alt=\"kind mit fahrradhelm\" width=\"150\" height=\"150\" \/>Im &#8218;Blauen Elefanten&#8216; haben alle die H\u00e4nde voll zu tun. Jeden Tag trudeln gebrauchte Fahrr\u00e4der rein, die gr\u00fcndlich unter die Lupe genommen werden m\u00fcssen. Die Werkstatt ist zur Zeit voll besetzt. Neben dem angestellten Personal, gibt es auch f\u00fcnf Menschen, die nach l\u00e4ngerer Arbeitslosigkeit einen Einstieg in den Arbeitsmarkt suchen. Im Blauen Elefanten gibt es mehrere Besch\u00e4ftigungsprojekte f\u00fcr Langzeitarbeitslose.<\/p>\n<p style=\"text-align: justify;\"><!--more--><\/p>\n<p style=\"text-align: justify;\">&#8222;Unsere Mitarbeitenden sind nahe an dem, was den Menschen unter den N\u00e4geln brennt&#8220;, wei\u00df Christine Spanninger, Leiterin des Blauen Elefanten. So kam es zur Idee f\u00fcr die Fahrradaktion: Kinderr\u00e4der werden angenommen und repariert, um sie im Fr\u00fchjahr an Kinder aus Familien mit geringem Einkommen weitergeben zu k\u00f6nnen. &#8222;Die Resonanz war sehr gro\u00df&#8220;, sagt Werkstattleiter Willi Keller. &#8222;In den ersten zweieinhalb Monaten des Jahres wurden uns 70 Fahrr\u00e4der gebracht.&#8220;<\/p>\n<p style=\"text-align: justify;\">Armut, geringes Einkommen, Arbeitslosigkeit: Sind Eltern betroffen, sind es Kinder auch. Entgegen mancher Klischees &#8222;tun nach unserer Erfahrung die Eltern in der Regel alles, was sie k\u00f6nnen, um ihren Kindern Chancen zu erm\u00f6glichen und zu verhindern, dass die soziale Ausgrenzung allzu fr\u00fch beginnt&#8220;, sagt Spanninger.<\/p>\n<p style=\"text-align: justify;\">Trotzdem reichen die finanziellen Mittel nicht aus. So sind\u00a0 in den Hartz-IV-Regels\u00e4tzen monatlich 43 Cent f\u00fcr die Anschaffung eines Kinder- und Jugendfahrrads vorgesehen. Das bedeutet, dass bis zum 10. Lebensjahr, wenn in der vierten Klasse die Fahrradpr\u00fcfungen abgenommen werden, gerade mal 51 Euro f\u00fcr ein Fahrrad angespart werden k\u00f6nnen. Unabh\u00e4ngig davon ist das erste Kinderrad auch irgendwann zu klein.<\/p>\n<p><a href=\"http:\/\/oberle-stiftung.de\/wp-content\/uploads\/2015\/09\/BZ-Foto2.jpg\"><img loading=\"lazy\" decoding=\"async\" class=\" wp-image-1223 aligncenter\" src=\"http:\/\/oberle-stiftung.de\/wp-content\/uploads\/2015\/09\/BZ-Foto2-300x159.jpg\" alt=\"Foto BZ\" width=\"489\" height=\"259\" srcset=\"https:\/\/oberle-stiftung.de\/wp-content\/uploads\/2015\/09\/BZ-Foto2-300x159.jpg 300w, https:\/\/oberle-stiftung.de\/wp-content\/uploads\/2015\/09\/BZ-Foto2.jpg 1024w\" sizes=\"auto, (max-width: 489px) 100vw, 489px\" \/><\/a><\/p>\n<p style=\"text-align: justify;\">&#8222;Klonk, klonk, klonk&#8220; \u2013 Yasin Y\u00fcksel schl\u00e4gt mehrmals mit einem Hammer auf den Lenker eines Kinderrades, das vor ihm an zwei langen Ketten von der Decke h\u00e4ngt. Dann betrachtet er es von allen Seiten, klopft mal hier und da. Er wei\u00df, dieses Rad l\u00e4sst sich nicht mehr herrichten. Willi Keller, der seit 14 Jahren die M\u00fcllheimer Fahrradwerkstatt des Diakonischen Werks leitet, erkl\u00e4rt weshalb: &#8222;Das Rad hat zu viele M\u00e4ngel. Es hat zwei verschiedene R\u00e4der und keine Bremse mehr, wir m\u00fcssten also 90 bis hundert Euro investieren&#8220;. Das w\u00e4re f\u00fcr ein gebrauchtes Rad viel zu teuer, und so wird es recycelt. Speichen und Lenker, sagt Keller, werde man als Ersatzteile f\u00fcr andere R\u00e4der aufheben.<\/p>\n<p style=\"text-align: justify;\">Die Materialkosten f\u00fcr die\u00a0 verkehrssicher hergerichteten R\u00e4der \u00fcbernahm die Wilhelm-Oberle Stiftung. Die R\u00e4der werden an bed\u00fcrftige Familien abgegeben &#8211; zu Preisen zwischen f\u00fcnf und zwanzig Euro.<\/p>\n<p style=\"text-align: justify;\"><a href=\"http:\/\/oberle-stiftung.de\/wp-content\/uploads\/2015\/09\/Fotolia_14314965_M-e1442774571995.jpg\"><img loading=\"lazy\" decoding=\"async\" class=\"  wp-image-1127 size-medium alignleft\" src=\"http:\/\/oberle-stiftung.de\/wp-content\/uploads\/2015\/09\/Fotolia_14314965_M-e1442774571995-225x300.jpg\" alt=\"\" width=\"225\" height=\"300\" srcset=\"https:\/\/oberle-stiftung.de\/wp-content\/uploads\/2015\/09\/Fotolia_14314965_M-e1442774571995-225x300.jpg 225w, https:\/\/oberle-stiftung.de\/wp-content\/uploads\/2015\/09\/Fotolia_14314965_M-e1442774571995-768x1024.jpg 768w, https:\/\/oberle-stiftung.de\/wp-content\/uploads\/2015\/09\/Fotolia_14314965_M-e1442774571995.jpg 1194w\" sizes=\"auto, (max-width: 225px) 100vw, 225px\" \/><\/a>Innerhalb der ersten zehn Tage wurden schon 24 R\u00e4der abgeholt. Die Kinder freuen sich am meisten, denn sie k\u00f6nnen\u00a0 ihr Fahrrad selbst aussuchen. Die auf Vordermann gebrachten Drahtesel sehen nach dem &#8222;make-over&#8220;\u00a0 wieder richtig flott aus. &#8222;Die Augen der Kinder leuchten richtig auf, wenn sie sich das erste mal auf den Sattel ihres Radels schwingen&#8220;, berichtet ein Mitarbeiter.<\/p>\n<p style=\"text-align: justify;\">Die\u00a0Aktion ist eine regelrechte win-win-Situation: Die einen f\u00fchren ihr altes Rad einem sinnvollen Recycling zu, langzeitarbeitslose Menschen haben eine qualifizierende und sinnvolle Besch\u00e4ftigung und Kinder aus armen Familien erhalten g\u00fcnstig ein verkehrstaugliches Fahrrad!<\/p>\n<p style=\"text-align: justify;\">Quelle: Badische Zeitung \/\u00a0Beatrice Ehrlich<\/p>\n<p style=\"text-align: justify;\"><span lang=\"zxx\"><u><a href=\"http:\/\/www.badische-zeitung.de\/muellheim\/ausrangierte-drahtesel-gesucht--55086472.html\" target=\"_blank\"><strong>Ausrrangierte Drahtesel gesucht<\/strong> (ver\u00f6ffentlicht am Mi, 25. Januar 2012 auf badische-zeitung.de)<\/a><\/u><\/span><\/p>\n<p style=\"text-align: justify;\">Quelle: Badische Zeitung \/ bz<\/p>\n<p style=\"text-align: justify;\"><a href=\"http:\/\/www.badische-zeitung.de\/muellheim\/fahrraeder-fuer-aermere-kinder\" target=\"_blank\"><strong>Fahrr\u00e4der f\u00fcr \u00e4rmere Kinder<\/strong> (ver\u00f6ffentlicht am Di, 10. April 2012 auf badische-zeitung.de)<\/a><\/p>\n","protected":false},"excerpt":{"rendered":"<p>Die Fahrradwerkstatt der diakonischen Einrichtung Blauer Elefant repariert Kinderr\u00e4der f\u00fcr Familien mit geringem Einkommen. Im &#8218;Blauen Elefanten&#8216; haben alle die H\u00e4nde voll zu tun. Jeden Tag trudeln gebrauchte Fahrr\u00e4der rein, die gr\u00fcndlich unter die Lupe genommen werden m\u00fcssen. Die Werkstatt ist zur Zeit voll besetzt. Neben dem angestellten Personal, gibt es auch f\u00fcnf Menschen, die &hellip; <a href=\"https:\/\/oberle-stiftung.de\/?page_id=1126\" class=\"more-link\"><span class=\"screen-reader-text\">Neuer Look f\u00fcr alte Drahtesel<\/span> weiterlesen <span class=\"meta-nav\">&rarr;<\/span><\/a><\/p>\n","protected":false},"author":3,"featured_media":0,"parent":58,"menu_order":0,"comment_status":"closed","ping_status":"closed","template":"","meta":{"ngg_post_thumbnail":0,"footnotes":""},"categories":[35,39],"tags":[],"class_list":["post-1126","page","type-page","status-publish","hentry","category-hilfen-fuer-kinder-u-jugendliche","category-hilfen-fuer-randgruppen"],"_links":{"self":[{"href":"https:\/\/oberle-stiftung.de\/index.php?rest_route=\/wp\/v2\/pages\/1126","targetHints":{"allow":["GET"]}}],"collection":[{"href":"https:\/\/oberle-stiftung.de\/index.php?rest_route=\/wp\/v2\/pages"}],"about":[{"href":"https:\/\/oberle-stiftung.de\/index.php?rest_route=\/wp\/v2\/types\/page"}],"author":[{"embeddable":true,"href":"https:\/\/oberle-stiftung.de\/index.php?rest_route=\/wp\/v2\/users\/3"}],"replies":[{"embeddable":true,"href":"https:\/\/oberle-stiftung.de\/index.php?rest_route=%2Fwp%2Fv2%2Fcomments&post=1126"}],"version-history":[{"count":37,"href":"https:\/\/oberle-stiftung.de\/index.php?rest_route=\/wp\/v2\/pages\/1126\/revisions"}],"predecessor-version":[{"id":2980,"href":"https:\/\/oberle-stiftung.de\/index.php?rest_route=\/wp\/v2\/pages\/1126\/revisions\/2980"}],"up":[{"embeddable":true,"href":"https:\/\/oberle-stiftung.de\/index.php?rest_route=\/wp\/v2\/pages\/58"}],"wp:attachment":[{"href":"https:\/\/oberle-stiftung.de\/index.php?rest_route=%2Fwp%2Fv2%2Fmedia&parent=1126"}],"wp:term":[{"taxonomy":"category","embeddable":true,"href":"https:\/\/oberle-stiftung.de\/index.php?rest_route=%2Fwp%2Fv2%2Fcategories&post=1126"},{"taxonomy":"post_tag","embeddable":true,"href":"https:\/\/oberle-stiftung.de\/index.php?rest_route=%2Fwp%2Fv2%2Ftags&post=1126"}],"curies":[{"name":"wp","href":"https:\/\/api.w.org\/{rel}","templated":true}]}}