{"id":1257,"date":"2015-09-21T19:47:18","date_gmt":"2015-09-21T19:47:18","guid":{"rendered":"http:\/\/oberle-stiftung.de\/?page_id=1257"},"modified":"2020-08-25T12:18:44","modified_gmt":"2020-08-25T12:18:44","slug":"die-lastentraeger-von-cusco","status":"publish","type":"page","link":"https:\/\/oberle-stiftung.de\/?page_id=1257","title":{"rendered":"Die Lastentr\u00e4ger von Cusco"},"content":{"rendered":"<p style=\"text-align: justify;\"><a href=\"http:\/\/oberle-stiftung.de\/wp-content\/uploads\/2015\/09\/CargadorBultoGrande_small-e1442781848884.jpg\"><img loading=\"lazy\" decoding=\"async\" class=\"alignright size-thumbnail wp-image-1259\" src=\"http:\/\/oberle-stiftung.de\/wp-content\/uploads\/2015\/09\/CargadorBultoGrande_small-e1442781848884-150x150.jpg\" alt=\"\" width=\"150\" height=\"150\" \/><\/a>Ganz fr\u00fch morgens sieht man sie durch die Stra\u00dfen ziehen. Sie sind auf dem Weg zu den Lebensmittelm\u00e4rkten in Cusco, um sich Arbeit zu suchen.\u00a0 Wenn sie dabei Gl\u00fcck haben, dann haben sie an diesem Gl\u00fcck schwer zu tragen.<br \/>\nDie &#8218;Cargadores&#8216; (Lastentr\u00e4ger) tragen S\u00e4cke, Beutel, Beh\u00e4lter und B\u00fcndel, oder schieben schwere Marktware auf R\u00e4dern durch die Stadt. Kartoffels\u00e4cke auf ihren Schultern geh\u00f6ren zum Alltag. Satt macht das ihre Familien nicht immer.<\/p>\n<p style=\"text-align: justify;\"><!--more--><\/p>\n<p style=\"text-align: justify;\"><a href=\"http:\/\/oberle-stiftung.de\/wp-content\/uploads\/2015\/09\/CargadorEnElMercado1-e1442782323383.jpg\"><img loading=\"lazy\" decoding=\"async\" class=\"alignleft size-medium wp-image-1264\" src=\"http:\/\/oberle-stiftung.de\/wp-content\/uploads\/2015\/09\/CargadorEnElMercado1-e1442782323383-213x300.jpg\" alt=\"CargadorEnElMercado\" width=\"213\" height=\"300\" srcset=\"https:\/\/oberle-stiftung.de\/wp-content\/uploads\/2015\/09\/CargadorEnElMercado1-e1442782323383-213x300.jpg 213w, https:\/\/oberle-stiftung.de\/wp-content\/uploads\/2015\/09\/CargadorEnElMercado1-e1442782323383-726x1024.jpg 726w, https:\/\/oberle-stiftung.de\/wp-content\/uploads\/2015\/09\/CargadorEnElMercado1-e1442782323383.jpg 1141w\" sizes=\"auto, (max-width: 213px) 100vw, 213px\" \/><\/a>Sie werden zwar wahrgenommen, aber nur als Menschen dritter Klasse:<br \/>\n.\u201eFr\u00fcher schlief ich nachts auf dem leeren Marktplatz. Auf ein paar S\u00e4cken oder einer alten Plane, wenn ich Gl\u00fcck hatte\u201c, berichtet ein &#8218;Cargador&#8216; mittleren Alters. \u201eEs kam oft vor, dass ich verpr\u00fcgelt oder von Hunden angegriffen wurde\u201c. Die Lastentr\u00e4ger geh\u00f6ren zu den \u00e4rmsten der Armen.<\/p>\n<p style=\"text-align: justify;\">Sie sind Migranten im eigenen Land.<br \/>\nWenn die Subsistenzwirtschaft auf den kargen B\u00f6den in den Hoch-Anden nicht ausreicht, um die Familie zu ern\u00e4hren, dann m\u00fcssen die jungen M\u00e4nner mit ihren Familien die kleinen D\u00f6rfer verlassen, um bessere Lebensbedingungen f\u00fcr sich und ihre Familien in den St\u00e4dten zu suchen. Und was k\u00f6nnen die &#8218;Ungelernten&#8216; aber &#8217;starken&#8216; Kleinbauern in der Stadt\u00a0 machen? Die Lasten (der anderen) tragen!<\/p>\n<p style=\"text-align: justify;\"><a href=\"http:\/\/oberle-stiftung.de\/wp-content\/uploads\/2015\/09\/CargadorAntikGruender.jpg\"><img loading=\"lazy\" decoding=\"async\" class=\"  wp-image-2050 alignright\" src=\"http:\/\/oberle-stiftung.de\/wp-content\/uploads\/2015\/09\/CargadorAntikGruender-244x300.jpg\" alt=\"CargadorAntikGruender\" width=\"205\" height=\"252\" srcset=\"https:\/\/oberle-stiftung.de\/wp-content\/uploads\/2015\/09\/CargadorAntikGruender-244x300.jpg 244w, https:\/\/oberle-stiftung.de\/wp-content\/uploads\/2015\/09\/CargadorAntikGruender-832x1024.jpg 832w, https:\/\/oberle-stiftung.de\/wp-content\/uploads\/2015\/09\/CargadorAntikGruender.jpg 1388w\" sizes=\"auto, (max-width: 205px) 100vw, 205px\" \/><\/a>Einer der Vorfahren der Lastentr\u00e4ger war Gregorio Condori Mamani.\u00a0 Heute ist\u00a0 das &#8222;Haus der Lastentr\u00e4ger&#8220; in Cusco nach ihm benannt. Wir unterst\u00fctzen dieses Haus.<br \/>\nGregorio Condori Mamani war ein einfacher &#8222;Runakuna&#8220;,\u00a0 ein indigener Bauer aus dem Hochland. Ein wenig &#8218;ber\u00fchmt&#8216; geworden ist er, weil er ein guter Erz\u00e4hler seiner Lebensgeschichte war. Er fand\u00a0 jemanden, der f\u00fcr ihn als Analphabeten diese Erlebnisse\u00a0 aufgeschrieben hat:\u00a0\u00a0 In fr\u00fcher Kindheit wurde er Vollwaise, er musste\u00a0 sich zun\u00e4chst als jugendlicher Knecht durchschlagen.\u00a0 Sp\u00e4ter, nach\u00a0 einem neunmonatigen Armeedienst und einiger\u00a0 Zeit\u00a0 im Gef\u00e4ngnis (er hatte\u00a0 f\u00fcr seinen Eintopf\u00a0 ein bisschen Fleisch gestohlen),\u00a0 landete er\u00a0 in Cusco. Er wurde\u00a0 Lastentr\u00e4ger und arbeitete \u201eals Mensch wie ein Lasttier\u201c. Beeindruckend an seiner Geschichte ist, wie genau er seine eigene Ausgrenzung wahrnehmen und beschreiben konnte.\u00a0 Das k\u00f6rperliche Tragen der Lasten\u00a0 war\u00a0 f\u00fcr ihn dabei das\u00a0 am wenigsten Schlimme.<\/p>\n<p style=\"text-align: justify;\"><a href=\"http:\/\/oberle-stiftung.de\/wp-content\/uploads\/2015\/09\/TricicloMitLasten.jpg\"><img loading=\"lazy\" decoding=\"async\" class=\"alignleft  wp-image-1266\" src=\"http:\/\/oberle-stiftung.de\/wp-content\/uploads\/2015\/09\/TricicloMitLasten-300x200.jpg\" alt=\"TricicloMitLasten\" width=\"279\" height=\"186\" srcset=\"https:\/\/oberle-stiftung.de\/wp-content\/uploads\/2015\/09\/TricicloMitLasten-300x200.jpg 300w, https:\/\/oberle-stiftung.de\/wp-content\/uploads\/2015\/09\/TricicloMitLasten-1024x683.jpg 1024w, https:\/\/oberle-stiftung.de\/wp-content\/uploads\/2015\/09\/TricicloMitLasten.jpg 1536w\" sizes=\"auto, (max-width: 279px) 100vw, 279px\" \/><\/a>Allein in\u00a0 Cusco\u00a0 gibt es aktuell rund zweitausend Lastentr\u00e4ger. Die j\u00fcngsten sind erst 10 Jahre alt,\u00a0 kleine, schm\u00e4chtige Jungs.<\/p>\n<p style=\"text-align: justify;\">Die \u00e4ltesten sind um die 50 Jahre alt. Sie\u00a0 haben sich\u00a0 in ihrem harten Arbeitsleben m\u00fchsam\u00a0 ein eigenes &#8218;Gesch\u00e4ft&#8216; erarbeitet und bef\u00f6rdern\u00a0 die Waren auf einem\u00a0 &#8218;Triciclo&#8216;,\u00a0 einem\u00a0 Lastendreirad.<\/p>\n<p style=\"text-align: justify;\">&#8222;La Casa del Cargador&#8220;\u00a0 (das Haus der Lastentr\u00e4ger) m\u00f6chte das Leben der Lastentr\u00e4ger erleichtern. \u201eHier k\u00f6nnen die Menschen in Ruhe \u00fcbernachten,\u00a0 etwas essen. Wir bieten Betten f\u00fcr 3 soles pro Nacht an\u201c, erz\u00e4hlt eine Mitarbeiterin.\u00a0 &#8222;Au\u00dferdem k\u00f6nnen sie sich hier duschen und ihre W\u00e4sche waschen.&#8220;<\/p>\n<p style=\"text-align: justify;\">Daneben\u00a0 gibt es die M\u00f6glichkeit,\u00a0\u00a0 eine Abendschule zu besuchen oder an Workshops teilzunehmen. Was gewiss nicht einfach ist, nach der schweren Arbeit auf dem Markt.<\/p>\n<p style=\"text-align: justify;\"><a href=\"http:\/\/oberle-stiftung.de\/wp-content\/uploads\/2015\/09\/IMGP1345.jpg\"><img loading=\"lazy\" decoding=\"async\" class=\" size-medium wp-image-1490 alignright\" src=\"http:\/\/oberle-stiftung.de\/wp-content\/uploads\/2015\/09\/IMGP1345-300x200.jpg\" alt=\"IMGP1345\" width=\"300\" height=\"200\" srcset=\"https:\/\/oberle-stiftung.de\/wp-content\/uploads\/2015\/09\/IMGP1345-300x200.jpg 300w, https:\/\/oberle-stiftung.de\/wp-content\/uploads\/2015\/09\/IMGP1345-1024x683.jpg 1024w\" sizes=\"auto, (max-width: 300px) 100vw, 300px\" \/><\/a>Trotzdem nehmen viele an diesen Angeboten teil: z.B. an &#8222;Spanisch-Sprachkursen&#8220; (die &#8218;Muttersprache&#8216; der Bauern aus den einsamen D\u00f6rfern der Hochanden ist n\u00e4mlich &#8222;Quechua&#8220;!)<br \/>\nDaneben gibt es einf\u00fchrende Ausbildungslehrg\u00e4nge, z.B. Kochkurse, um zun\u00e4chst als K\u00fcchengehilfe, sp\u00e4ter vielleicht sogar als Koch, eine Arbeit zu finden.\u00a0 Auch der F\u00fchrerschein kann erworben werden. So sind manche der Lastentr\u00e4ger\u00a0 zum Taxifahrer &#8222;aufgestiegen&#8220;.<br \/>\nZun\u00e4chst aber m\u00fcssen die Mitarbeiter der `Casa del Cargador` die Lastentr\u00e4ger bei Beh\u00f6rdeng\u00e4ngen unterst\u00fctzen, was meist damit beginnt, zun\u00e4chst einmal richtige &#8218;Identit\u00e4tspapiere&#8216; zu organisieren.<\/p>\n<p style=\"text-align: justify;\">Oktavio, der Leiter des Hauses,\u00a0 ist zugleich Gr\u00fcndungsmitglied der\u00a0 Gewerkschaft der Lastentr\u00e4ger.\u00a0 Es war der Wunsch der Lastentr\u00e4ger\u00a0 \u201e&#8230; die hier in Cusco leben, jung und alt, zusammen eine Gewerkschaft zu\u00a0 bilden. So gibt es eine gro\u00dfe Kraft, mit einer Stimme\u201c. Unerm\u00fcdlich setzt sich die Gewerkschaft daf\u00fcr ein, dass sich die Situation der cargadores verbessert. Inzwischen gibt es sogar ein Gesetz, dass ein maximales Gewicht von\u00a0 50 kg pro Last nicht \u00fcberschritten werden darf.<\/p>\n<p style=\"text-align: justify;\">Die Oberle-Stiftung hilft seit vielen Jahren, die ein oder andere Last des Hauses der Lastentr\u00e4ger mitzutragen.<\/p>\n<p style=\"text-align: justify;\"><a href=\"http:\/\/oberle-stiftung.de\/wp-content\/uploads\/2017\/02\/Casa-Cargardor-ninios-mit-Sackkarren.jpg\"><img loading=\"lazy\" decoding=\"async\" class=\"aligncenter size-large wp-image-2593\" src=\"http:\/\/oberle-stiftung.de\/wp-content\/uploads\/2017\/02\/Casa-Cargardor-ninios-mit-Sackkarren-1024x592.jpg\" alt=\"Casa Cargardor ninios mit Sackkarren\" width=\"604\" height=\"349\" srcset=\"https:\/\/oberle-stiftung.de\/wp-content\/uploads\/2017\/02\/Casa-Cargardor-ninios-mit-Sackkarren-1024x592.jpg 1024w, https:\/\/oberle-stiftung.de\/wp-content\/uploads\/2017\/02\/Casa-Cargardor-ninios-mit-Sackkarren-300x173.jpg 300w, https:\/\/oberle-stiftung.de\/wp-content\/uploads\/2017\/02\/Casa-Cargardor-ninios-mit-Sackkarren.jpg 1274w\" sizes=\"auto, (max-width: 604px) 100vw, 604px\" \/><\/a><\/p>\n","protected":false},"excerpt":{"rendered":"<p>Ganz fr\u00fch morgens sieht man sie durch die Stra\u00dfen ziehen. Sie sind auf dem Weg zu den Lebensmittelm\u00e4rkten in Cusco, um sich Arbeit zu suchen.\u00a0 Wenn sie dabei Gl\u00fcck haben, dann haben sie an diesem Gl\u00fcck schwer zu tragen. Die &#8218;Cargadores&#8216; (Lastentr\u00e4ger) tragen S\u00e4cke, Beutel, Beh\u00e4lter und B\u00fcndel, oder schieben schwere Marktware auf R\u00e4dern durch &hellip; <a href=\"https:\/\/oberle-stiftung.de\/?page_id=1257\" class=\"more-link\"><span class=\"screen-reader-text\">Die Lastentr\u00e4ger von Cusco<\/span> weiterlesen <span class=\"meta-nav\">&rarr;<\/span><\/a><\/p>\n","protected":false},"author":3,"featured_media":0,"parent":58,"menu_order":0,"comment_status":"closed","ping_status":"closed","template":"","meta":{"ngg_post_thumbnail":0,"footnotes":""},"categories":[42,39,9],"tags":[],"class_list":["post-1257","page","type-page","status-publish","hentry","category-hilfen-fuer-menschen-in-den-anden","category-hilfen-fuer-randgruppen","category-peru"],"_links":{"self":[{"href":"https:\/\/oberle-stiftung.de\/index.php?rest_route=\/wp\/v2\/pages\/1257","targetHints":{"allow":["GET"]}}],"collection":[{"href":"https:\/\/oberle-stiftung.de\/index.php?rest_route=\/wp\/v2\/pages"}],"about":[{"href":"https:\/\/oberle-stiftung.de\/index.php?rest_route=\/wp\/v2\/types\/page"}],"author":[{"embeddable":true,"href":"https:\/\/oberle-stiftung.de\/index.php?rest_route=\/wp\/v2\/users\/3"}],"replies":[{"embeddable":true,"href":"https:\/\/oberle-stiftung.de\/index.php?rest_route=%2Fwp%2Fv2%2Fcomments&post=1257"}],"version-history":[{"count":28,"href":"https:\/\/oberle-stiftung.de\/index.php?rest_route=\/wp\/v2\/pages\/1257\/revisions"}],"predecessor-version":[{"id":2881,"href":"https:\/\/oberle-stiftung.de\/index.php?rest_route=\/wp\/v2\/pages\/1257\/revisions\/2881"}],"up":[{"embeddable":true,"href":"https:\/\/oberle-stiftung.de\/index.php?rest_route=\/wp\/v2\/pages\/58"}],"wp:attachment":[{"href":"https:\/\/oberle-stiftung.de\/index.php?rest_route=%2Fwp%2Fv2%2Fmedia&parent=1257"}],"wp:term":[{"taxonomy":"category","embeddable":true,"href":"https:\/\/oberle-stiftung.de\/index.php?rest_route=%2Fwp%2Fv2%2Fcategories&post=1257"},{"taxonomy":"post_tag","embeddable":true,"href":"https:\/\/oberle-stiftung.de\/index.php?rest_route=%2Fwp%2Fv2%2Ftags&post=1257"}],"curies":[{"name":"wp","href":"https:\/\/api.w.org\/{rel}","templated":true}]}}