{"id":1270,"date":"2016-09-21T03:01:37","date_gmt":"2016-09-21T03:01:37","guid":{"rendered":"http:\/\/oberle-stiftung.de\/?page_id=1270"},"modified":"2021-05-26T13:08:57","modified_gmt":"2021-05-26T13:08:57","slug":"die-geschichte-fast-vergessener-schuhputzer-in-bolivien","status":"publish","type":"page","link":"https:\/\/oberle-stiftung.de\/?page_id=1270","title":{"rendered":"Warum die Schuhputzer von La Paz Masken tragen"},"content":{"rendered":"<p style=\"text-align: justify;\"><b>Zeigt her eure Schuh!<\/b><\/p>\n<p style=\"text-align: justify;\"><a href=\"http:\/\/oberle-stiftung.de\/wp-content\/uploads\/2015\/09\/Vorschaubild3.jpg\"><img loading=\"lazy\" decoding=\"async\" class=\"  alignright wp-image-1654 size-thumbnail\" src=\"http:\/\/oberle-stiftung.de\/wp-content\/uploads\/2015\/09\/Vorschaubild3-150x150.jpg\" alt=\"\" width=\"150\" height=\"150\"><\/a>Martin steht jeden Morgen um 5:00 Uhr auf, kurz vor Sonnenaufgang. Schnell zieht er sich warm an, um diese Uhrzeit ist es kalt in La Paz. Besonders in den h\u00f6heren Lagen der Stadt (4.000 m), wo die Menschen wohnen, die nicht viel besitzen \u2013 so wie Martin. Eine halbe Stunde steiler Fu\u00dfweg ist es bis zu der Stra\u00dfe, von wo aus die Minibusse fahren. Martin geht schnell, er ist gut in \u00dcbung f\u00fcr seine 60 Jahre.<\/p>\n<p style=\"text-align: justify;\"><!--more--><\/p>\n<p style=\"text-align: justify;\">Um Punkt 6:30 Uhr beginnt er seine Arbeit am \u201ePlaza San Francisco\u201c, dem zentralen Platz der Stadt. Mindestens 30 bis 40 Paar Schuhe muss er heute putzen, um Fahrgeld, Essen, Schuhputzcreme und Miete bezahlen zu k\u00f6nnen. Wenn es gut l\u00e4uft, bekommt er das N\u00f6tigste zusammen. Teure Schulb\u00fccher brauchen seine Kinder zum Gl\u00fcck nicht mehr. Was aber macht Martin, wenn die gebrochene Hand weiter so schlecht verheilt? In Bolivien m\u00fcssen Leute, die keine Krankenversicherung haben, \u00e4rztliche Leistungen in der Regel vor der Behandlung bezahlen. Wird das Geld ausreichen, um \u00fcber Ostern die Familie im Tiefland besuchen zu k\u00f6nnen?<\/p>\n<p style=\"text-align: justify;\"><a href=\"http:\/\/oberle-stiftung.de\/wp-content\/uploads\/2015\/09\/Schuhputzer51.jpg\"><img loading=\"lazy\" decoding=\"async\" class=\"  wp-image-1274 aligncenter\" src=\"http:\/\/oberle-stiftung.de\/wp-content\/uploads\/2015\/09\/Schuhputzer51-300x225.jpg\" alt=\"Schuhputzer5\" width=\"364\" height=\"273\" srcset=\"https:\/\/oberle-stiftung.de\/wp-content\/uploads\/2015\/09\/Schuhputzer51-300x225.jpg 300w, https:\/\/oberle-stiftung.de\/wp-content\/uploads\/2015\/09\/Schuhputzer51-1024x768.jpg 1024w, https:\/\/oberle-stiftung.de\/wp-content\/uploads\/2015\/09\/Schuhputzer51.jpg 2048w\" sizes=\"auto, (max-width: 364px) 100vw, 364px\" \/><\/a><\/p>\n<p style=\"text-align: justify;\">So wie Don Martin sind alle Schuhputzer Menschen, die ihren Lebensunterhalt verdienen, indem sie Schuhe putzen. Saubere Schuhe stehen in Bolivien f\u00fcr eine gute Herkunft.<\/p>\n<p style=\"text-align: justify;\">Diejenigen, die sie zum Gl\u00e4nzen bringen, gelten dagegen als alkoholabh\u00e4ngig, drogens\u00fcchtig, kriminell und allgemein als minderwertig. Ihre gesellschaftliche Position entspricht sozusagen ihrer Arbeitsposition \u2013 zu F\u00fc\u00dfen der Menschen, f\u00fcr die sie arbeiten. Sie sind maskiert! Damit sch\u00fctzen sie sich vor den absch\u00e4tzigen Blicken ihrer Kunden.<\/p>\n<p style=\"text-align: justify;\"><img loading=\"lazy\" decoding=\"async\" class=\"  wp-image-1271 alignleft\" src=\"http:\/\/oberle-stiftung.de\/wp-content\/uploads\/2015\/09\/Schuhputzer-Masken1-300x200.jpg\" alt=\"Schuhputzer-Masken\" width=\"285\" height=\"190\" srcset=\"https:\/\/oberle-stiftung.de\/wp-content\/uploads\/2015\/09\/Schuhputzer-Masken1-300x200.jpg 300w, https:\/\/oberle-stiftung.de\/wp-content\/uploads\/2015\/09\/Schuhputzer-Masken1.jpg 886w\" sizes=\"auto, (max-width: 285px) 100vw, 285px\" \/>Aber hinter den Masken verbergen sich auch V\u00e4ter, M\u00fctter und Kinder, Studierende und Sch\u00fcler. Alte und junge Menschen. Auf der Suche nach einem kleinen Einkommen.<\/p>\n<p style=\"text-align: justify;\">Schuhputzer arbeiten in Bolivien im \u201einformellen Sektor\u201c. Sie haben keinen Anspruch auf Sozialhilfe, keinen Anspruch auf Rente und keine Krankenversicherung.&nbsp; Wer krank ist, verdient nichts. Und muss den Arzt obendrein bezahlen.<\/p>\n<p style=\"text-align: justify;\">Aber untereinander sind selbst diese &#8222;Arbeitspl\u00e4tze&#8220; reglementiert. Nicht jeder darf einfach auf jedem Platz Schuhe putzen &#8230; bis ihn die Polizei dann verscheucht.<br \/>\nEs z\u00e4hlt jede Stunde, um das N\u00f6tigste zusammenzubekommen. Woher die Zeit nehmen, einen sicheren Beruf zu erlernen? Und wie an sich selber glauben, wenn die Menschen nur die Maske sehen, hinter der das Gesicht verborgen bleibt?<\/p>\n<p style=\"text-align: justify;\">VAMOS JUNTOS (\u201eWir gehen zusammen\u201c) wagt den Blick hinter die Masken und lernt die Menschen in der direkten Begegnung kennen und unterst\u00fctzt diese.<\/p>\n<p style=\"text-align: justify;\"><a href=\"http:\/\/oberle-stiftung.de\/wp-content\/uploads\/2015\/09\/FreiwilligerVamosJuntos.jpg\"><img loading=\"lazy\" decoding=\"async\" class=\"  wp-image-2057 alignright\" src=\"http:\/\/oberle-stiftung.de\/wp-content\/uploads\/2015\/09\/FreiwilligerVamosJuntos-300x225.jpg\" alt=\"FreiwilligerVamosJuntos\" width=\"232\" height=\"174\"><\/a><\/p>\n<p style=\"text-align: justify;\">direkt zu unserem Projektpartner in Bolivien&nbsp;<strong><a href=\"http:\/\/www.vamosjuntos.de\" target=\"_blank\" rel=\"noopener noreferrer\">Vamos Juntos e.V.<\/a><\/strong><\/p>\n<p style=\"text-align: justify;\">&nbsp;Video zum Projekt&nbsp;<strong><a href=\"https:\/\/www.youtube.com\/watch?v=wsKeuSxo1GI\" target=\"_blank\" rel=\"noopener noreferrer\">Vamos Juntos &#8211; Lasst uns gemeinsam gehen<\/a><\/strong><\/p>\n","protected":false},"excerpt":{"rendered":"<p>Zeigt her eure Schuh! Martin steht jeden Morgen um 5:00 Uhr auf, kurz vor Sonnenaufgang. Schnell zieht er sich warm an, um diese Uhrzeit ist es kalt in La Paz. Besonders in den h\u00f6heren Lagen der Stadt (4.000 m), wo die Menschen wohnen, die nicht viel besitzen \u2013 so wie Martin. Eine halbe Stunde steiler &hellip; <a href=\"https:\/\/oberle-stiftung.de\/?page_id=1270\" class=\"more-link\"><span class=\"screen-reader-text\">Warum die Schuhputzer von La Paz Masken tragen<\/span> weiterlesen <span class=\"meta-nav\">&rarr;<\/span><\/a><\/p>\n","protected":false},"author":3,"featured_media":0,"parent":58,"menu_order":0,"comment_status":"closed","ping_status":"closed","template":"","meta":{"ngg_post_thumbnail":0,"footnotes":""},"categories":[17,42,39],"tags":[],"class_list":["post-1270","page","type-page","status-publish","hentry","category-bolivien","category-hilfen-fuer-menschen-in-den-anden","category-hilfen-fuer-randgruppen"],"_links":{"self":[{"href":"https:\/\/oberle-stiftung.de\/index.php?rest_route=\/wp\/v2\/pages\/1270","targetHints":{"allow":["GET"]}}],"collection":[{"href":"https:\/\/oberle-stiftung.de\/index.php?rest_route=\/wp\/v2\/pages"}],"about":[{"href":"https:\/\/oberle-stiftung.de\/index.php?rest_route=\/wp\/v2\/types\/page"}],"author":[{"embeddable":true,"href":"https:\/\/oberle-stiftung.de\/index.php?rest_route=\/wp\/v2\/users\/3"}],"replies":[{"embeddable":true,"href":"https:\/\/oberle-stiftung.de\/index.php?rest_route=%2Fwp%2Fv2%2Fcomments&post=1270"}],"version-history":[{"count":26,"href":"https:\/\/oberle-stiftung.de\/index.php?rest_route=\/wp\/v2\/pages\/1270\/revisions"}],"predecessor-version":[{"id":4359,"href":"https:\/\/oberle-stiftung.de\/index.php?rest_route=\/wp\/v2\/pages\/1270\/revisions\/4359"}],"up":[{"embeddable":true,"href":"https:\/\/oberle-stiftung.de\/index.php?rest_route=\/wp\/v2\/pages\/58"}],"wp:attachment":[{"href":"https:\/\/oberle-stiftung.de\/index.php?rest_route=%2Fwp%2Fv2%2Fmedia&parent=1270"}],"wp:term":[{"taxonomy":"category","embeddable":true,"href":"https:\/\/oberle-stiftung.de\/index.php?rest_route=%2Fwp%2Fv2%2Fcategories&post=1270"},{"taxonomy":"post_tag","embeddable":true,"href":"https:\/\/oberle-stiftung.de\/index.php?rest_route=%2Fwp%2Fv2%2Ftags&post=1270"}],"curies":[{"name":"wp","href":"https:\/\/api.w.org\/{rel}","templated":true}]}}