{"id":1398,"date":"2015-09-21T03:55:51","date_gmt":"2015-09-21T03:55:51","guid":{"rendered":"http:\/\/oberle-stiftung.de\/?page_id=1398"},"modified":"2016-12-02T18:07:42","modified_gmt":"2016-12-02T18:07:42","slug":"nothilfe-in-nepal-wochen-voller-beben","status":"publish","type":"page","link":"https:\/\/oberle-stiftung.de\/?page_id=1398","title":{"rendered":"Erdbeben in Nepal &#8230; und weil die Welt ein Dorf ist"},"content":{"rendered":"<p align=\"justify\"><a href=\"http:\/\/oberle-stiftung.de\/wp-content\/uploads\/2015\/09\/Flyer-washed-out1.jpg\"><img loading=\"lazy\" decoding=\"async\" class=\"  alignright wp-image-1651 size-thumbnail\" src=\"http:\/\/oberle-stiftung.de\/wp-content\/uploads\/2015\/09\/Flyer-washed-out1-150x150.jpg\" alt=\"\" width=\"150\" height=\"150\" \/><\/a>Eigentlich machen wir, die Oberle-Stiftung, ja nichts mehr in Nepal.<br \/>\nFr\u00fcher einmal, da haben wir auch in Nepal bei einigen Kleinprojekten mitgeholfen und hatten auch den ein oder anderen Einzelhilfefonds im Land. Dann wollten wir uns strategisch &#8222;konzentrieren&#8220; auf die L\u00e4nder von denen wir mehr verstehen. Aber kann man einfach bei seinen &#8218;Prinzipien&#8216; bleiben, wenn so die Erde bebt und alte Freunde wieder rufen?<\/p>\n<p align=\"justify\"><!--more--><\/p>\n<p align=\"justify\">Nein.\u00a0 Wir haben uns gerne breit schlagen lassen, unsere eingeschlagenen Trampelpfade wieder auszuweiten und haben sogar Spenden gesammelt.<br \/>\nGenau so weit, wie wir dies durch pers\u00f6nliche Kontakte verantworten konnten.<\/p>\n<p align=\"justify\">\n<p align=\"justify\"><a href=\"http:\/\/oberle-stiftung.de\/wp-content\/uploads\/2015\/09\/Sonia-Nepal-5.jpg\"><img loading=\"lazy\" decoding=\"async\" class=\"aligncenter size-full wp-image-2511\" src=\"http:\/\/oberle-stiftung.de\/wp-content\/uploads\/2015\/09\/Sonia-Nepal-5.jpg\" alt=\"sonia-nepal-5\" width=\"1024\" height=\"681\" srcset=\"https:\/\/oberle-stiftung.de\/wp-content\/uploads\/2015\/09\/Sonia-Nepal-5.jpg 1024w, https:\/\/oberle-stiftung.de\/wp-content\/uploads\/2015\/09\/Sonia-Nepal-5-300x200.jpg 300w\" sizes=\"auto, (max-width: 1024px) 100vw, 1024px\" \/><\/a><\/p>\n<p align=\"justify\">\n<p><strong>Neuanfang zwischen Tr\u00fcmmern und Zelten<\/strong><\/p>\n<p>Einige Stra\u00dfen und Felder sehen aus wie ein Zeltmeer, viele Menschen leben auf der Stra\u00dfe, sie trauen sich nicht mehr in die H\u00e4user. Denn diese haben Risse, viele sind komplett zerst\u00f6rt und trotzdem muss das Leben irgendwie weitergehen. Pharping, ca. 17 km s\u00fcdwestlich von Kathmandu hat es zum Gl\u00fcck nicht ganz so schlimm erwischt, wie manch andere D\u00f6rfer\u2026 doch kann man in dieser Situation Vergleiche ziehen?<\/p>\n<p>Nabin Ayral, ein Freund aus Pharping, hat gerade via Skype aus Pharping berichtet:<br \/>\nsauberes Wasser und Nahrung sind vorhanden. Und wenn etwas ganz dringend gebraucht wird, dann kann man Kathmandu in ca. einer Stunde erreichen. Pharping ist also nicht komplett von der \u201eWelt\u201c abgeschnitten, denn Kathmandu liegt um die Ecke. F\u00fcr andere D\u00f6rfer sieht die Lage da ganz anders aus.<\/p>\n<p>\u201eDie Nerven der Nepalis liegen blank\u201c, so Nabin. Kinder, M\u00fctter, V\u00e4ter, Gro\u00dfeltern\u2026 jeder hat Angst, dass die Erde wieder zu beben anf\u00e4ngt. \u201eDie Anspannung ist allen ins Gesicht geschrieben. Auch wenn wir lachen und versuchen ein bisschen Normalit\u00e4t in den Alltag kommen zu lassen, wir stehen unter Hochspannung\u201c, erz\u00e4hlt er.<\/p>\n<p>MitarbeiterInnen der Organisation \u201eA School for Community\u201c (ASC),<br \/>\n<strong>unseres Projektpartners der Rukmini Stiftung \u00a0(<\/strong><strong><a href=\"http:\/\/www.rukminifoundation.org\/\">http:\/\/www.rukminifoundation.org\/<\/a>)<br \/>\n<\/strong>und des Manmohan Krankenhauses bringen dann 2015 \u201e<strong>mobile Gesundheitscamps<\/strong>\u201c als erste Hilfen in die abgelegeneren D\u00f6rfer &#8230;<\/p>\n<p>In Pharping hat es insbesondere das alte Schulgeb\u00e4ude der Organisation \u201eA School for Community\u201cgelitten. Nach dem ersten gro\u00dfen Beben stand die Schule noch.<br \/>\nJetzt, nach all den kleinen Erdbeben ist das Geb\u00e4ude nicht mehr sicher.<br \/>\nRd. 200 Freiwillige haben zun\u00e4chst daran gearbeitet es abzurei\u00dfen.<\/p>\n<p>&nbsp;<\/p>\n<p><a href=\"http:\/\/oberle-stiftung.de\/wp-content\/uploads\/2016\/11\/29932036241_96945d6f9a_o.jpg\"><img loading=\"lazy\" decoding=\"async\" class=\"  wp-image-2503 aligncenter\" src=\"http:\/\/oberle-stiftung.de\/wp-content\/uploads\/2016\/11\/29932036241_96945d6f9a_o-1024x768.jpg\" alt=\"29932036241_96945d6f9a_o\" width=\"487\" height=\"365\" srcset=\"https:\/\/oberle-stiftung.de\/wp-content\/uploads\/2016\/11\/29932036241_96945d6f9a_o-1024x768.jpg 1024w, https:\/\/oberle-stiftung.de\/wp-content\/uploads\/2016\/11\/29932036241_96945d6f9a_o-300x225.jpg 300w\" sizes=\"auto, (max-width: 487px) 100vw, 487px\" \/><\/a><\/p>\n<p>\u201eEs ist ganz wichtig, dass die Schule so schnell wie m\u00f6glich aufgebaut wird\u201c, sagt Nabin. Denn dann kann wenigstens der Schulalltag wieder anfangen. \u201eDas bringt Rhythmus und Struktur in den Alltag und die Kinder und Jugendlichen haben wieder einen Ort\u201c, so Nabin. Dieses Jahr wird sowieso alles anders sein, es wird so viele Ver\u00e4nderungen und Umbr\u00fcche geben und da br\u00e4uchte es wenigstens den sicheren Pfeiler \u201eSchulalltag\u201c.<\/p>\n<p>&nbsp;<\/p>\n<p><a href=\"http:\/\/oberle-stiftung.de\/wp-content\/uploads\/2015\/09\/12920310_10204899668206524_5738141264871649748_n.jpg\"><img loading=\"lazy\" decoding=\"async\" class=\"  wp-image-2514 aligncenter\" src=\"http:\/\/oberle-stiftung.de\/wp-content\/uploads\/2015\/09\/12920310_10204899668206524_5738141264871649748_n.jpg\" alt=\"12920310_10204899668206524_5738141264871649748_n\" width=\"478\" height=\"269\" srcset=\"https:\/\/oberle-stiftung.de\/wp-content\/uploads\/2015\/09\/12920310_10204899668206524_5738141264871649748_n.jpg 960w, https:\/\/oberle-stiftung.de\/wp-content\/uploads\/2015\/09\/12920310_10204899668206524_5738141264871649748_n-300x169.jpg 300w\" sizes=\"auto, (max-width: 478px) 100vw, 478px\" \/><\/a><\/p>\n<p>Im Jahr 2016 konnte das neue Schulgeb\u00e4ude in Betrieb gehen.<\/p>\n<p>Au\u00dferdem waren 2 Studenten aus Freiburg f\u00fcr 6 Monate vor Ort. Sarina und Philipp, beide studieren Soziale Arbeit an der Katholischen Hochschule Freiburg, machten ihr Praxissemester 2016 in Pharping &#8230;<\/p>\n<p>&nbsp;<\/p>\n<p><a href=\"http:\/\/oberle-stiftung.de\/wp-content\/uploads\/2016\/11\/29721376470_9d0d836030_o.jpg\"><img loading=\"lazy\" decoding=\"async\" class=\" wp-image-2502 aligncenter\" src=\"http:\/\/oberle-stiftung.de\/wp-content\/uploads\/2016\/11\/29721376470_9d0d836030_o-1024x685.jpg\" alt=\"SONY DSC\" width=\"511\" height=\"342\" srcset=\"https:\/\/oberle-stiftung.de\/wp-content\/uploads\/2016\/11\/29721376470_9d0d836030_o-1024x685.jpg 1024w, https:\/\/oberle-stiftung.de\/wp-content\/uploads\/2016\/11\/29721376470_9d0d836030_o-300x201.jpg 300w\" sizes=\"auto, (max-width: 511px) 100vw, 511px\" \/><\/a><\/p>\n<p>&nbsp;<\/p>\n<p>&#8230; und konnten Ihre Mithilfe beim Unterricht direkt im neuem Schulgeb\u00e4ude starten!<\/p>\n<p><a href=\"http:\/\/oberle-stiftung.de\/wp-content\/uploads\/2015\/09\/timthumb.php_.jpg\"><img loading=\"lazy\" decoding=\"async\" class=\"aligncenter size-full wp-image-2515\" src=\"http:\/\/oberle-stiftung.de\/wp-content\/uploads\/2015\/09\/timthumb.php_.jpg\" alt=\"timthumb-php\" width=\"274\" height=\"101\" \/><\/a><\/p>\n<p>Beim Wiederaufbau der Schule wurde betr\u00e4chtlich mitgehofen von<\/p>\n<p><a href=\"http:\/\/oberle-stiftung.de\/wp-content\/uploads\/2015\/09\/logo_hands_for_children_2016.png\"><img loading=\"lazy\" decoding=\"async\" class=\"  wp-image-2513 alignleft\" src=\"http:\/\/oberle-stiftung.de\/wp-content\/uploads\/2015\/09\/logo_hands_for_children_2016.png\" alt=\"logo_hands_for_children_2016\" width=\"181\" height=\"99\" srcset=\"https:\/\/oberle-stiftung.de\/wp-content\/uploads\/2015\/09\/logo_hands_for_children_2016.png 400w, https:\/\/oberle-stiftung.de\/wp-content\/uploads\/2015\/09\/logo_hands_for_children_2016-300x164.png 300w\" sizes=\"auto, (max-width: 181px) 100vw, 181px\" \/><\/a><br \/>\nHerzlichen Dank!<br \/>\n<a href=\"http:\/\/www.ika.de\/owa\/ika\/content.news_detail?iNews=870&amp;iDiv=1\" target=\"_blank\">IKA, Staufen, Hands for Children<\/a><\/p>\n<p>&nbsp;<\/p>\n<p>Dear Wilhelm-Oberle Foundation<\/p>\n<p>On behalf of Rukmini Foundation, the scholars in Nepal, and our community in Nepal, I wanted to send you our most heartfelt thanks for your support , which helped our community recover after the devastating earthquakes.<br \/>\nAfter the earthquakes, we were able to provide immediate relief supplies like food, shelter supplies, feminine hygiene products, and other necessities that allowed the hardest hit families to get back on their feet.<\/p>\n<p>While the immediate relief was critical, so was the need to rebuild one of our partner schools, Shikharapur \u2014 a key educational institution in the area, which was totally devastated by the earthquakes. Luckily for us and the community, we have supporters like yourself that came to our aid when we needed it the most.<\/p>\n<p>Not only were we able to build a temporary school (made of bamboo) in just 2 weeks to ensure that the kids had a place to go to school once the government declared school back in session. Kind of tough to do without actually having a school to go to. While the temporary classrooms provided a way for the kids to restart their education, we knew that a new school would have to be built.<\/p>\n<p>It is my great pleasure to share with you some pictures of the newly built Shikharapur School now that it has been completed.<\/p>\n<p>Namaste,<\/p>\n<p>Bibhuti<\/p>\n","protected":false},"excerpt":{"rendered":"<p>Eigentlich machen wir, die Oberle-Stiftung, ja nichts mehr in Nepal. Fr\u00fcher einmal, da haben wir auch in Nepal bei einigen Kleinprojekten mitgeholfen und hatten auch den ein oder anderen Einzelhilfefonds im Land. Dann wollten wir uns strategisch &#8222;konzentrieren&#8220; auf die L\u00e4nder von denen wir mehr verstehen. Aber kann man einfach bei seinen &#8218;Prinzipien&#8216; bleiben, wenn &hellip; <a href=\"https:\/\/oberle-stiftung.de\/?page_id=1398\" class=\"more-link\"><span class=\"screen-reader-text\">Erdbeben in Nepal &#8230; und weil die Welt ein Dorf ist<\/span> weiterlesen <span class=\"meta-nav\">&rarr;<\/span><\/a><\/p>\n","protected":false},"author":3,"featured_media":0,"parent":58,"menu_order":0,"comment_status":"closed","ping_status":"closed","template":"","meta":{"ngg_post_thumbnail":0,"footnotes":""},"categories":[35,66,34],"tags":[],"class_list":["post-1398","page","type-page","status-publish","hentry","category-hilfen-fuer-kinder-u-jugendliche","category-sonstige","category-weltwaerts-sonstige"],"_links":{"self":[{"href":"https:\/\/oberle-stiftung.de\/index.php?rest_route=\/wp\/v2\/pages\/1398","targetHints":{"allow":["GET"]}}],"collection":[{"href":"https:\/\/oberle-stiftung.de\/index.php?rest_route=\/wp\/v2\/pages"}],"about":[{"href":"https:\/\/oberle-stiftung.de\/index.php?rest_route=\/wp\/v2\/types\/page"}],"author":[{"embeddable":true,"href":"https:\/\/oberle-stiftung.de\/index.php?rest_route=\/wp\/v2\/users\/3"}],"replies":[{"embeddable":true,"href":"https:\/\/oberle-stiftung.de\/index.php?rest_route=%2Fwp%2Fv2%2Fcomments&post=1398"}],"version-history":[{"count":26,"href":"https:\/\/oberle-stiftung.de\/index.php?rest_route=\/wp\/v2\/pages\/1398\/revisions"}],"predecessor-version":[{"id":2520,"href":"https:\/\/oberle-stiftung.de\/index.php?rest_route=\/wp\/v2\/pages\/1398\/revisions\/2520"}],"up":[{"embeddable":true,"href":"https:\/\/oberle-stiftung.de\/index.php?rest_route=\/wp\/v2\/pages\/58"}],"wp:attachment":[{"href":"https:\/\/oberle-stiftung.de\/index.php?rest_route=%2Fwp%2Fv2%2Fmedia&parent=1398"}],"wp:term":[{"taxonomy":"category","embeddable":true,"href":"https:\/\/oberle-stiftung.de\/index.php?rest_route=%2Fwp%2Fv2%2Fcategories&post=1398"},{"taxonomy":"post_tag","embeddable":true,"href":"https:\/\/oberle-stiftung.de\/index.php?rest_route=%2Fwp%2Fv2%2Ftags&post=1398"}],"curies":[{"name":"wp","href":"https:\/\/api.w.org\/{rel}","templated":true}]}}