{"id":1671,"date":"2015-10-12T08:47:44","date_gmt":"2015-10-12T08:47:44","guid":{"rendered":"http:\/\/oberle-stiftung.de\/?page_id=1671"},"modified":"2021-01-21T14:43:01","modified_gmt":"2021-01-21T14:43:01","slug":"wir-tanzen-durch-die-stadt","status":"publish","type":"page","link":"https:\/\/oberle-stiftung.de\/?page_id=1671","title":{"rendered":"&#8222;Wir tanzen durch die Stadt&#8220;"},"content":{"rendered":"<p style=\"text-align: justify;\"><strong>Auf keinen Fall eingerostete Alte &#8230;<\/strong><br \/><a href=\"http:\/\/oberle-stiftung.de\/wp-content\/uploads\/2015\/09\/AWO-Freiburg-Seniorenprojekt-wir-tanzen-durch-die-Stadt-I1.jpg\"><img loading=\"lazy\" decoding=\"async\" class=\"alignright wp-image-1674 size-thumbnail\" src=\"http:\/\/oberle-stiftung.de\/wp-content\/uploads\/2015\/09\/AWO-Freiburg-Seniorenprojekt-wir-tanzen-durch-die-Stadt-I1-150x150.jpg\" alt=\"AWO Freiburg Seniorenprojekt wir tanzen durch die Stadt I\" width=\"150\" height=\"150\" \/><\/a>&#8222;Im Paulussaal, in der Kurbel und in der Stadthalle, da waren die gro\u00dfen Auftritte \u00a0in Freiburg, ach war das sch\u00f6n.&#8220; \u00a0Wer einmal bei den alle zwei Wochen stattfindenden Tanzveranstaltungen dabei war, kann sich dem Bann nicht entziehen und wird unweigerlich mitgerissen: Schwungvolle Rhythmen, virtuose T\u00f6ne,\u00a0 fr\u00f6hliches Gel\u00e4chter. Jeder wird mit offenen Armen empfangen, sei es zur Polonaise im gro\u00dfen Stile, zum Walzer \u00a0oder zum Boogie Woogie. Jeder kommt auf seine Kosten.<\/p>\n<p><!--more--><\/p>\n<p style=\"text-align: justify;\">Ein \u00e4lterer Herr schw\u00e4rmt regelrecht: \u201e So viel Spa\u00df hatte ich schon lange nicht mehr! Endlich konnte ich mal wieder meine alten \u00a0Tango-Schritte auspacken und auffrischen\u201c. Auf die Spr\u00fcnge hilft hierbei ein Tanzlehrer der Tanzschule Gutmann, die das Projekt der\u00a0 AWO-Seniorenwohnanlagen und AWO-Begegnungsst\u00e4tten in Freiburg unterst\u00fctzt. Alle zwei Wochen werden Frauen und M\u00e4nner ab 60 Jahren, \u00a0aus Freiburg und Umgebung, zum Schwofen eingeladen. Die T\u00e4nzerinnen und T\u00e4nzer \u00a0erfreuen sich am geselligen Miteinander\u00a0\u00a0und an den \u00a0Hits der 50er, 60er, 70er-Jahre.\u00a0 Zu Songs \u00a0von Peter Kraus, Max Greger, Paul Kuhn, Elvis und was sonst noch gef\u00e4llt, \u00a0wird bei jeder Veranstaltung \u00a0in einem anderen Saal getanzt. \u201eSo lerne ich auf meine alten Tage auch nochmal ganz neue Pl\u00e4tze in Freiburg kennen\u201c, freut sich eine Seniorin.<\/p>\n<p style=\"text-align: justify;\"><a href=\"http:\/\/oberle-stiftung.de\/wp-content\/uploads\/2015\/09\/AWO-Freiburg-Seniorenprojekt-wir-tanzen-durch-die-Stadt-II.jpg\"><img loading=\"lazy\" decoding=\"async\" class=\"  wp-image-1673 aligncenter\" src=\"http:\/\/oberle-stiftung.de\/wp-content\/uploads\/2015\/09\/AWO-Freiburg-Seniorenprojekt-wir-tanzen-durch-die-Stadt-II-300x200.jpg\" alt=\"AWO Freiburg Seniorenprojekt wir tanzen durch die Stadt II\" width=\"422\" height=\"281\" srcset=\"https:\/\/oberle-stiftung.de\/wp-content\/uploads\/2015\/09\/AWO-Freiburg-Seniorenprojekt-wir-tanzen-durch-die-Stadt-II-300x200.jpg 300w, https:\/\/oberle-stiftung.de\/wp-content\/uploads\/2015\/09\/AWO-Freiburg-Seniorenprojekt-wir-tanzen-durch-die-Stadt-II-1024x683.jpg 1024w\" sizes=\"auto, (max-width: 422px) 100vw, 422px\" \/><\/a>Ganz besonders wichtig ist, dass sich alle willkommen f\u00fchlen. Dazu tr\u00e4gt auch ein \u00a0Willkommensgetr\u00e4nk bei,\u00a0\u00a0meist ein Glas \u00a0Bowle. \u00a0Damit alle gen\u00fcgend Energie haben, \u00a0um weiterhin das Tanzbein schwingen zu k\u00f6nnen, werden in den Pausen von ehrenamtlichen Helfern \u00a0neben Getr\u00e4nken auch H\u00e4ppchen\u00a0 angeboten, gerne gegen eine kleine Spende. \u00a0\u201eMan kann aber auch einfach nur die Musik genie\u00dfen, bei einem Glas Bowle in Erinnerungen schwelgen und sich nett unterhalten\u201c, erz\u00e4hlt eine \u00e4ltere B\u00fcrgerin aus Freiburg.<\/p>\n<p style=\"text-align: justify;\"><a href=\"http:\/\/oberle-stiftung.de\/wp-content\/uploads\/2015\/09\/AWO-Freiburg-Seniorenprojekt-wir-tanzen-durch-die-Stadt-I1.jpg\"><img loading=\"lazy\" decoding=\"async\" class=\"  wp-image-1674 aligncenter\" src=\"http:\/\/oberle-stiftung.de\/wp-content\/uploads\/2015\/09\/AWO-Freiburg-Seniorenprojekt-wir-tanzen-durch-die-Stadt-I1-300x212.jpg\" alt=\"AWO Freiburg Seniorenprojekt wir tanzen durch die Stadt I\" width=\"414\" height=\"293\" srcset=\"https:\/\/oberle-stiftung.de\/wp-content\/uploads\/2015\/09\/AWO-Freiburg-Seniorenprojekt-wir-tanzen-durch-die-Stadt-I1-300x212.jpg 300w, https:\/\/oberle-stiftung.de\/wp-content\/uploads\/2015\/09\/AWO-Freiburg-Seniorenprojekt-wir-tanzen-durch-die-Stadt-I1-1024x725.jpg 1024w\" sizes=\"auto, (max-width: 414px) 100vw, 414px\" \/><\/a>Gro\u00dfe Veranstaltungen, wie beim ersten\u00a0 Abschlu\u00dfball 2014 \u00a0in den R\u00e4umen der Tanzschule, sind besonders beliebt. Waltraud Hanser, Mitarbeiterin der Wilhelm-Oberle-Stiftung war dabei: \u201e Es war super, viele nette Seniorinnen und Senioren und alle haben gelacht und \u00a0sich gefreut\u201c. <br \/>Die Tanzveranstaltungen sind immer wieder ein voller Erfolg! 100 und mehr Teilnehmerinnen und Teilnehmer pro Veranstaltung best\u00e4tigen jedes Mal aufs Neue, dass mit \u201eWir tanzen durch die Stadt\u201c der richtige Ton getroffen \u00a0und der Wunsch nach Geselligkeit f\u00fcr einige fr\u00f6hliche Stunden erf\u00fcllt wird.<\/p>\n\n\n<p><a href=\"https:\/\/www.badische-zeitung.de\/senioren-tanzveranstaltung--168373967.html\" target=\"_blank\" rel=\"noopener noreferrer\">Artikel der Badischen Zeitung<\/a><\/p>\n","protected":false},"excerpt":{"rendered":"<p>Auf keinen Fall eingerostete Alte &#8230;&#8222;Im Paulussaal, in der Kurbel und in der Stadthalle, da waren die gro\u00dfen Auftritte \u00a0in Freiburg, ach war das sch\u00f6n.&#8220; \u00a0Wer einmal bei den alle zwei Wochen stattfindenden Tanzveranstaltungen dabei war, kann sich dem Bann nicht entziehen und wird unweigerlich mitgerissen: Schwungvolle Rhythmen, virtuose T\u00f6ne,\u00a0 fr\u00f6hliches Gel\u00e4chter. Jeder wird mit &hellip; <a href=\"https:\/\/oberle-stiftung.de\/?page_id=1671\" class=\"more-link\"><span class=\"screen-reader-text\">&#8222;Wir tanzen durch die Stadt&#8220;<\/span> weiterlesen <span class=\"meta-nav\">&rarr;<\/span><\/a><\/p>\n","protected":false},"author":3,"featured_media":0,"parent":58,"menu_order":0,"comment_status":"closed","ping_status":"closed","template":"","meta":{"ngg_post_thumbnail":0,"footnotes":""},"categories":[12,21],"tags":[],"class_list":["post-1671","page","type-page","status-publish","hentry","category-hilfe-fuer-alte-menschen","category-region-freiburg"],"_links":{"self":[{"href":"https:\/\/oberle-stiftung.de\/index.php?rest_route=\/wp\/v2\/pages\/1671","targetHints":{"allow":["GET"]}}],"collection":[{"href":"https:\/\/oberle-stiftung.de\/index.php?rest_route=\/wp\/v2\/pages"}],"about":[{"href":"https:\/\/oberle-stiftung.de\/index.php?rest_route=\/wp\/v2\/types\/page"}],"author":[{"embeddable":true,"href":"https:\/\/oberle-stiftung.de\/index.php?rest_route=\/wp\/v2\/users\/3"}],"replies":[{"embeddable":true,"href":"https:\/\/oberle-stiftung.de\/index.php?rest_route=%2Fwp%2Fv2%2Fcomments&post=1671"}],"version-history":[{"count":26,"href":"https:\/\/oberle-stiftung.de\/index.php?rest_route=\/wp\/v2\/pages\/1671\/revisions"}],"predecessor-version":[{"id":3404,"href":"https:\/\/oberle-stiftung.de\/index.php?rest_route=\/wp\/v2\/pages\/1671\/revisions\/3404"}],"up":[{"embeddable":true,"href":"https:\/\/oberle-stiftung.de\/index.php?rest_route=\/wp\/v2\/pages\/58"}],"wp:attachment":[{"href":"https:\/\/oberle-stiftung.de\/index.php?rest_route=%2Fwp%2Fv2%2Fmedia&parent=1671"}],"wp:term":[{"taxonomy":"category","embeddable":true,"href":"https:\/\/oberle-stiftung.de\/index.php?rest_route=%2Fwp%2Fv2%2Fcategories&post=1671"},{"taxonomy":"post_tag","embeddable":true,"href":"https:\/\/oberle-stiftung.de\/index.php?rest_route=%2Fwp%2Fv2%2Ftags&post=1671"}],"curies":[{"name":"wp","href":"https:\/\/api.w.org\/{rel}","templated":true}]}}