{"id":1676,"date":"2015-09-23T21:54:11","date_gmt":"2015-09-23T21:54:11","guid":{"rendered":"http:\/\/oberle-stiftung.de\/?page_id=1676"},"modified":"2023-05-25T12:21:38","modified_gmt":"2023-05-25T12:21:38","slug":"weit-vom-auge-weit-vom-herz","status":"publish","type":"page","link":"https:\/\/oberle-stiftung.de\/?page_id=1676","title":{"rendered":"Weit vom Auge \u2013 weit vom Herz"},"content":{"rendered":"<p style=\"text-align: justify;\"><a href=\"http:\/\/oberle-stiftung.de\/wp-content\/uploads\/2015\/09\/WeitVomAuge-zweiTanzende.jpg\"><img loading=\"lazy\" decoding=\"async\" class=\"alignright size-thumbnail wp-image-1952\" src=\"http:\/\/oberle-stiftung.de\/wp-content\/uploads\/2015\/09\/WeitVomAuge-zweiTanzende-150x150.jpg\" alt=\"WeitVomAuge zweiTanzende\" width=\"150\" height=\"150\" srcset=\"https:\/\/oberle-stiftung.de\/wp-content\/uploads\/2015\/09\/WeitVomAuge-zweiTanzende-150x150.jpg 150w, https:\/\/oberle-stiftung.de\/wp-content\/uploads\/2015\/09\/WeitVomAuge-zweiTanzende.jpg 210w\" sizes=\"auto, (max-width: 150px) 100vw, 150px\" \/><\/a>Es klingt&nbsp; ein bisschen wie ein M\u00e4rchen:<br>Eine Gruppe Jugendlicher &#8211; Migranten, Hauptsch\u00fcler &#8211; findet sich nachmittags &#8211; nach der Schule &#8211; im Projekt einer Sozialp\u00e4dagogin wieder.<br>Sie schreiben Gedichte &#8230; und gewinnen einen Literaturpreis. Sie freunden sich mit einer stadtbekannten Hip-Hop-Gruppe an und bringen ihre Texte im &#8222;gro\u00dfen Haus&#8220; des st\u00e4dtischen Theaters auf die B\u00fchne.<\/p>\n<p style=\"text-align: justify;\"><!--more--><\/p>\n<p style=\"text-align: justify;\">\u00bbWEIT VOM AUGE \u2013 WEIT VOM HERZ\u00ab ist ein Projekt, das Einblicke in die oft schwierigen Geschichten, belastenden Erfahrungen und Gef\u00fchle muslimischer Jugendlicher, die versuchen, sich in ihrer neuen deutschen Heimat zurechtzufinden.&nbsp;\u201eDie knapp formulierten Gest\u00e4ndnisse und Bekenntnisse der Jugendlichen, begleitet von gut ausgew\u00e4hlter Musik, lassen in das Herz der Jugendlichen sehen.<\/p>\n<p style=\"text-align: justify;\"><a href=\"http:\/\/oberle-stiftung.de\/wp-content\/uploads\/2015\/09\/Subba-arme.jpg\"><img loading=\"lazy\" decoding=\"async\" class=\"  wp-image-1679 aligncenter\" src=\"http:\/\/oberle-stiftung.de\/wp-content\/uploads\/2015\/09\/Subba-arme-300x169.jpg\" alt=\"Subba arme\" width=\"493\" height=\"278\" srcset=\"https:\/\/oberle-stiftung.de\/wp-content\/uploads\/2015\/09\/Subba-arme-300x169.jpg 300w, https:\/\/oberle-stiftung.de\/wp-content\/uploads\/2015\/09\/Subba-arme.jpg 896w\" sizes=\"auto, (max-width: 493px) 100vw, 493px\" \/><\/a><\/p>\n<p style=\"text-align: justify;\">Das Projekt leistet damit einen bemerkenswerten Beitrag zum gegenseitigen Verst\u00e4ndnis der Kulturen und Religionen in unserem Land\u201c, so Hans K\u00fcng.<\/p>\n<p style=\"text-align: justify;\">Vor den Auftritten ist es inzwischen ein harmonisches Bild: junge Menschen sitzen zwischen ihren Sporttaschen auf dem Boden, lachen, reden, probieren Hosen an und tauschen T-Shirts. Noch nicht alle haben ihre Kost\u00fcme zusammen. Und es ist irgendwie ganz anders, als zu Beginn des Projekts. <a href=\"http:\/\/oberle-stiftung.de\/wp-content\/uploads\/2015\/09\/statur.jpg\"><img loading=\"lazy\" decoding=\"async\" class=\" size-medium wp-image-1680 alignleft\" src=\"http:\/\/oberle-stiftung.de\/wp-content\/uploads\/2015\/09\/statur-300x169.jpg\" alt=\"statur\" width=\"300\" height=\"169\" srcset=\"https:\/\/oberle-stiftung.de\/wp-content\/uploads\/2015\/09\/statur-300x169.jpg 300w, https:\/\/oberle-stiftung.de\/wp-content\/uploads\/2015\/09\/statur.jpg 896w\" sizes=\"auto, (max-width: 300px) 100vw, 300px\" \/><\/a>Denn da ist nicht mehr die eine Gruppe mit den M\u00e4dchen, die Kopftuch tragen und dort&nbsp; die Gruppe mit den Teenagern, die in weite Hip-Hop-Klamotten gekleidet sind. Beide Gruppen haben sich zu einer gro\u00dfen vermischelt. \u00bbEinige von unseren Migrantinnen haben bald Pr\u00fcfungen in der Schule. Und weil sie Angst hatten, dass sie diese wegen den Proben nicht so gut schaffen, bekommen sie Nachhilfe von den jungen Leuten aus der Hip-Hop-Company\u00ab, berichtet Barbara Davids.<br>Sie ist die Sozialp\u00e4dagogin mit Hilfe derer&nbsp; die Jugendlichen \u00fcber ihre eigenen Grenzen wachsen k\u00f6nnen.<\/p>\n<p style=\"text-align: justify;\"><a href=\"http:\/\/oberle-stiftung.de\/wp-content\/uploads\/2015\/09\/Sophie-unten.jpg\"><img loading=\"lazy\" decoding=\"async\" class=\" size-medium wp-image-1681 alignright\" src=\"http:\/\/oberle-stiftung.de\/wp-content\/uploads\/2015\/09\/Sophie-unten-300x169.jpg\" alt=\"Sophie unten\" width=\"300\" height=\"169\" srcset=\"https:\/\/oberle-stiftung.de\/wp-content\/uploads\/2015\/09\/Sophie-unten-300x169.jpg 300w, https:\/\/oberle-stiftung.de\/wp-content\/uploads\/2015\/09\/Sophie-unten.jpg 896w\" sizes=\"auto, (max-width: 300px) 100vw, 300px\" \/><\/a>Zu Beginn fing alles mit einer Schreibwerkstatt an. Durch ihre biographischen Gemeinsamkeiten f\u00fchrte die Schreibwerkstatt&nbsp; die Jugendlichen zu einer intensiven Auseinandersetzung mit Heimat, Identit\u00e4t und Werten. Pr\u00e4gende, teilweise traumatische Erlebnisse wurden erinnert und artikuliert, einige trugen die Gespr\u00e4che aus der Gruppe in ihre Familien hinein, befragten die Eltern nach der Vergangenheit. Aus den langen Texten, die dabei entstanden, wurden die wichtigsten S\u00e4tze und Motive extrahiert und mit der Gliederung in Verse und Strophen experimentiert, um dieser Quintessenz eine lyrische Form zu geben.<br>Dadurch wurde Dialog in Gang zu setzen, welcher mitten ins Herz trifft. Sowohl nach \u201einnen\u201c, in die Familien der Jugendlichen, weil&nbsp; Gespr\u00e4che angesto\u00dfen wurden \u2013 als auch nach \u201eau\u00dfen\u201c, in eine interessierte \u00d6ffentlichkeit, die allen Grund hat zu hinterfragen, was sich hinter den groben Kategorien wie \u201eHauptsch\u00fcler\u201c, \u201eImmigrant\u201c und \u201eMuslim\u201c eigentlich verbirgt.<\/p>\n<p style=\"text-align: justify;\"><a href=\"http:\/\/oberle-stiftung.de\/wp-content\/uploads\/2015\/09\/Sarah-boese.jpg\"><img loading=\"lazy\" decoding=\"async\" class=\"  wp-image-2095 aligncenter\" src=\"http:\/\/oberle-stiftung.de\/wp-content\/uploads\/2015\/09\/Sarah-boese-300x169.jpg\" alt=\"Sarah boese\" width=\"411\" height=\"232\" srcset=\"https:\/\/oberle-stiftung.de\/wp-content\/uploads\/2015\/09\/Sarah-boese-300x169.jpg 300w, https:\/\/oberle-stiftung.de\/wp-content\/uploads\/2015\/09\/Sarah-boese.jpg 896w\" sizes=\"auto, (max-width: 411px) 100vw, 411px\" \/><\/a><\/p>\n<p style=\"text-align: justify;\">Es lohnt sich, diesen Jugendlichen zuzuh\u00f6ren.<br>Manch einer wischt sich dabei verstohlen die Augen und denkt:<\/p>\n<p style=\"text-align: justify;\">\u201cVor dem Auge &#8211; direkt ins Herz\u201d<\/p>\n<p style=\"text-align: justify;\"><strong><a href=\"https:\/\/www.youtube.com\/watch?v=84IyW_Gl8qE&amp;feature=youtu.be\" target=\"_blank\" rel=\"noopener\">Trailer zu &#8222;Weit vom Auge &#8211; weit vom Herz&#8220;<\/a><\/strong><\/p>\n<p style=\"text-align: justify;\"><a href=\"https:\/\/www.youtube.com\/watch?v=7YqG5CGFyXg\" target=\"_blank\" rel=\"noopener\">Auff\u00fchrungsauschnitte <strong>&#8222;Weit vom Auge \/ reloaded&#8220; 2016<\/strong><\/a><\/p>\n<p style=\"text-align: justify;\"><strong><a href=\"https:\/\/www.youtube.com\/watch?v=fzzxv0-Zacw\" target=\"_blank\" rel=\"noopener\">l\u00e4ngeres Doku-Video zum Gesamtprojekt &#8222;Weit vom Auge &#8211; weit vom Herz&#8220;<\/a><\/strong><\/p>\n\n","protected":false},"excerpt":{"rendered":"<p>Es klingt&nbsp; ein bisschen wie ein M\u00e4rchen:Eine Gruppe Jugendlicher &#8211; Migranten, Hauptsch\u00fcler &#8211; findet sich nachmittags &#8211; nach der Schule &#8211; im Projekt einer Sozialp\u00e4dagogin wieder.Sie schreiben Gedichte &#8230; und gewinnen einen Literaturpreis. Sie freunden sich mit einer stadtbekannten Hip-Hop-Gruppe an und bringen ihre Texte im &#8222;gro\u00dfen Haus&#8220; des st\u00e4dtischen Theaters auf die B\u00fchne.<\/p>\n","protected":false},"author":3,"featured_media":0,"parent":58,"menu_order":0,"comment_status":"closed","ping_status":"closed","template":"","meta":{"ngg_post_thumbnail":0,"footnotes":""},"categories":[36,35,21],"tags":[],"class_list":["post-1676","page","type-page","status-publish","hentry","category-hilfen-fuer-fluechtlinge","category-hilfen-fuer-kinder-u-jugendliche","category-region-freiburg"],"_links":{"self":[{"href":"https:\/\/oberle-stiftung.de\/index.php?rest_route=\/wp\/v2\/pages\/1676","targetHints":{"allow":["GET"]}}],"collection":[{"href":"https:\/\/oberle-stiftung.de\/index.php?rest_route=\/wp\/v2\/pages"}],"about":[{"href":"https:\/\/oberle-stiftung.de\/index.php?rest_route=\/wp\/v2\/types\/page"}],"author":[{"embeddable":true,"href":"https:\/\/oberle-stiftung.de\/index.php?rest_route=\/wp\/v2\/users\/3"}],"replies":[{"embeddable":true,"href":"https:\/\/oberle-stiftung.de\/index.php?rest_route=%2Fwp%2Fv2%2Fcomments&post=1676"}],"version-history":[{"count":22,"href":"https:\/\/oberle-stiftung.de\/index.php?rest_route=\/wp\/v2\/pages\/1676\/revisions"}],"predecessor-version":[{"id":4844,"href":"https:\/\/oberle-stiftung.de\/index.php?rest_route=\/wp\/v2\/pages\/1676\/revisions\/4844"}],"up":[{"embeddable":true,"href":"https:\/\/oberle-stiftung.de\/index.php?rest_route=\/wp\/v2\/pages\/58"}],"wp:attachment":[{"href":"https:\/\/oberle-stiftung.de\/index.php?rest_route=%2Fwp%2Fv2%2Fmedia&parent=1676"}],"wp:term":[{"taxonomy":"category","embeddable":true,"href":"https:\/\/oberle-stiftung.de\/index.php?rest_route=%2Fwp%2Fv2%2Fcategories&post=1676"},{"taxonomy":"post_tag","embeddable":true,"href":"https:\/\/oberle-stiftung.de\/index.php?rest_route=%2Fwp%2Fv2%2Ftags&post=1676"}],"curies":[{"name":"wp","href":"https:\/\/api.w.org\/{rel}","templated":true}]}}