{"id":1687,"date":"2013-01-28T15:22:51","date_gmt":"2013-01-28T15:22:51","guid":{"rendered":"http:\/\/oberle-stiftung.de\/?page_id=1687"},"modified":"2021-01-14T10:30:16","modified_gmt":"2021-01-14T10:30:16","slug":"soundcheck-musikraeume-und-musiktraeume","status":"publish","type":"page","link":"https:\/\/oberle-stiftung.de\/?page_id=1687","title":{"rendered":"Soundcheck \u2013 Musikr\u00e4ume und Musiktr\u00e4ume"},"content":{"rendered":"<p><strong>Musik als Instrument zur Aufarbeitung<\/strong><\/p>\n<p style=\"text-align: justify;\"><a href=\"http:\/\/oberle-stiftung.de\/wp-content\/uploads\/2015\/09\/Mixen.jpg\"><img loading=\"lazy\" decoding=\"async\" class=\"wp-image-1688 size-thumbnail alignleft\" src=\"http:\/\/oberle-stiftung.de\/wp-content\/uploads\/2015\/09\/Mixen-150x150.jpg\" alt=\"Mixen\" width=\"150\" height=\"150\" \/><\/a>Wie k\u00f6nnen Jugendliche schwierige Familiensituationen, das Wohnen und Leben in einem Asylantenheim oder die Suche nach der einen gro\u00dfen Liebe verarbeiten? Musik kann hierbei eine zentrale Rolle spielen. Das dachten sich einige Mitarbeiter vom Jugendhilfswerk Freiburg e.V. und stellten in einem offenen Angebot \u201eSoundcheck\u201c\u00a0 Jugendlichen im Raum Freiburg kostenlos ein Tonstudio bereit.<\/p>\n<p style=\"text-align: justify;\"><!--more--><\/p>\n<p style=\"text-align: justify;\">\u201eSeit mehr als vier Jahren haben wir das Angebot Soundcheck\u00a0 und sind immer wieder aufs Neue begeistert, wie kreativ und einf\u00fchlsam die Jugendlichen in Liedern und Videos\u00a0\u00a0ihre Themen verarbeiten und reflektieren\u201c, berichtet der Mitarbeiter Marco Marsovszky. Wie beispielsweise der Rapper Sabri mit seinem RAP-Song \u201eSchwarz Wei\u00df\u201c: Auseinandersetzungen im Asylantenheim, Krieg und der Wunsch nach Frieden, das Leben als Migrant, \u00a0der sein Zimmer mit zwei Br\u00fcdern teilt und nicht in einem \u00a0Einfamilienhaus mit Sandkasten und Dreirad aufwuchs. Der\u00a0 Refrain: \u201cMeine Welt ist schwarz wei\u00df, egal mit welcher Farbe du sie anstreichst\u201c. Der Text zieht Zuh\u00f6rer in den Bann und macht\u00a0 nachdenklich. \u201eMeine W\u00e4nde bleiben schwarz wei\u00df und deine bleiben bunt\u201c. Der \u00a0Versuch und Wunsch nach Integration, mit der Komplexit\u00e4t der ganzen Fl\u00fcchtlingspolitik schwingen subtil in manchen Texten mit.<\/p>\n<p style=\"text-align: justify;\">Die\u00a0\u00a0musikalische Auseinandersetzung pers\u00f6nlicher Anliegen und Konflikte hilft den Jugendlichen bei deren Bew\u00e4ltigung und Aufarbeitung. Dabei passiert im Tonstudio mehr als die technische Aufnahme \u00a0von Text und Musik. Denn \u00a0oft sprechen die Jugendlichen zum ersten Mal \u00fcber ihre Sorgen und Gedanken und finden dadurch einen Weg, \u00a0damit umzugehen. \u201eDie Jugendlichen beschreiben in ihren Liedern auch Geschichten, die anderen Menschen passiert sind. Das setzt schon\u00a0\u00a0beim Schreiben der\u00a0\u00a0 Texte\u00a0 eine\u00a0 starke Empathie und vielleicht auch\u00a0 ein Umdenken eigener Ansichten voraus\u201c, wei\u00df Herr Marsovszky.<\/p>\n<p style=\"text-align: justify;\">Nicht selten entstehen durch die Begegnungen im Tonstudio\u00a0 Unterst\u00fctzungen \u00fcber die Musik hinaus: \u00a0Nachhilfe f\u00fcr die anstehende Abschlusspr\u00fcfung,\u00a0 Hilfe beim\u00a0\u00a0Schreiben von Bewerbung und \u00a0Lebenslauf,\u00a0\u00a0Nachdenken \u00a0\u00fcber eine Zukunftsperspektive.<\/p>\n<p><img loading=\"lazy\" decoding=\"async\" class=\"  wp-image-1689 aligncenter\" src=\"http:\/\/oberle-stiftung.de\/wp-content\/uploads\/2015\/09\/JHW-Tonstudio-Ausbau-300x225.jpg\" alt=\"JHW Tonstudio Ausbau\" width=\"402\" height=\"301\" srcset=\"https:\/\/oberle-stiftung.de\/wp-content\/uploads\/2015\/09\/JHW-Tonstudio-Ausbau-300x225.jpg 300w, https:\/\/oberle-stiftung.de\/wp-content\/uploads\/2015\/09\/JHW-Tonstudio-Ausbau-1024x768.jpg 1024w\" sizes=\"auto, (max-width: 402px) 100vw, 402px\" \/><\/p>\n<p style=\"text-align: justify;\">Vor kurzem wurden die R\u00e4ume des Tonstudios umgebaut.\u00a0\u00a0Ein neuer Anstrich l\u00e4sst \u00a0die R\u00e4ume wieder hell erstrahlen, \u00a0Akustikelemente wurden \u00a0gebaut und in den R\u00e4umen wirksam angebracht. Alle packten mit an und das Ergebnis l\u00e4sst sich sehen! Die Aufnahmen klingen nun um einiges hochwertiger und \u201etrockener\u201c und k\u00f6nnen so besser bearbeitet und zu einem Lied gemixt werden. Das JHW-Tonstudio hat \u00a0zwei R\u00e4ume,\u00a0 eine Glasscheibe als Zwischenwand erm\u00f6glicht den Sichtkontakt zwischen S\u00e4nger und \u00a0Produzent am PC. \u00a0Herr Marsovszky berichtet: \u201eDank der Unterst\u00fctzung der Oberle Stiftung war es uns m\u00f6glich, gemeinsam mit den Jugendlichen das Studio umzubauen. Die h\u00f6here Qualit\u00e4t der Aufnahmen sehen \u00a0die Jugendlichen\u00a0\u00a0als Zeichen der\u00a0 Wertsch\u00e4tzung f\u00fcr \u00a0ihre Arbeit an Text und Song \u201c.<\/p>\n<p style=\"text-align: justify;\">Es hat sich \u00a0herumgesprochen, dass das Jugendhilfswerk Freiburg e.V. die kostenlose M\u00f6glichkeit anbietet, den selbst-verfassten Rap und Gesang aufzunehmen, Musikideen am Rechner umzusetzen und sogar Musikvideos zu drehen. Jugendliche k\u00f6nnen hier im gesch\u00fctzten Rahmen erste musikalische \u00a0Schritte erproben und entfalten.\u00a0 Derzeit wird das offene Angebot von \u00fcber 20 Jugendlichen im Alter von 12 bis 21 Jahren genutzt. Erste Videos sind bereits abgedreht und ver\u00f6ffentlicht (siehe Youtube-Channel: Soundcheck JHW Freiburg). Doch das Projekt ist noch lange\u00a0 nicht zu Ende. Es geht erst so richtig los! Das Angebot soll weiter ausgebaut und das Tonstudio von den Jugendlichen mitverwaltet werden. Erfahrene Jugendliche helfen\u00a0 den\u00a0 Neulingen beim Einstieg\u00a0 und organisieren den Ablauf der Aufnahmen. So \u00a0freuen wir uns schon jetzt auf weitere Musikreisen in das \u00a0Leben und die Herzen der Jugendlichen!<\/p>\n<p style=\"text-align: justify;\">direkt zum Song Schwarz Wei\u00df <strong><a href=\"https:\/\/www.youtube.com\/watch?v=u51Wmaw8dJQ\" target=\"_blank\" rel=\"noopener noreferrer\">Sabri &#8211; Schwarz Wei\u00df<\/a><\/strong><\/p>\n\n\n<p><\/p>\n","protected":false},"excerpt":{"rendered":"<p>Musik als Instrument zur Aufarbeitung Wie k\u00f6nnen Jugendliche schwierige Familiensituationen, das Wohnen und Leben in einem Asylantenheim oder die Suche nach der einen gro\u00dfen Liebe verarbeiten? Musik kann hierbei eine zentrale Rolle spielen. Das dachten sich einige Mitarbeiter vom Jugendhilfswerk Freiburg e.V. und stellten in einem offenen Angebot \u201eSoundcheck\u201c\u00a0 Jugendlichen im Raum Freiburg kostenlos ein &hellip; <a href=\"https:\/\/oberle-stiftung.de\/?page_id=1687\" class=\"more-link\"><span class=\"screen-reader-text\">Soundcheck \u2013 Musikr\u00e4ume und Musiktr\u00e4ume<\/span> weiterlesen <span class=\"meta-nav\">&rarr;<\/span><\/a><\/p>\n","protected":false},"author":3,"featured_media":0,"parent":58,"menu_order":0,"comment_status":"closed","ping_status":"closed","template":"","meta":{"ngg_post_thumbnail":0,"footnotes":""},"categories":[20,35,21],"tags":[],"class_list":["post-1687","page","type-page","status-publish","hentry","category-deutschland","category-hilfen-fuer-kinder-u-jugendliche","category-region-freiburg"],"_links":{"self":[{"href":"https:\/\/oberle-stiftung.de\/index.php?rest_route=\/wp\/v2\/pages\/1687","targetHints":{"allow":["GET"]}}],"collection":[{"href":"https:\/\/oberle-stiftung.de\/index.php?rest_route=\/wp\/v2\/pages"}],"about":[{"href":"https:\/\/oberle-stiftung.de\/index.php?rest_route=\/wp\/v2\/types\/page"}],"author":[{"embeddable":true,"href":"https:\/\/oberle-stiftung.de\/index.php?rest_route=\/wp\/v2\/users\/3"}],"replies":[{"embeddable":true,"href":"https:\/\/oberle-stiftung.de\/index.php?rest_route=%2Fwp%2Fv2%2Fcomments&post=1687"}],"version-history":[{"count":11,"href":"https:\/\/oberle-stiftung.de\/index.php?rest_route=\/wp\/v2\/pages\/1687\/revisions"}],"predecessor-version":[{"id":3229,"href":"https:\/\/oberle-stiftung.de\/index.php?rest_route=\/wp\/v2\/pages\/1687\/revisions\/3229"}],"up":[{"embeddable":true,"href":"https:\/\/oberle-stiftung.de\/index.php?rest_route=\/wp\/v2\/pages\/58"}],"wp:attachment":[{"href":"https:\/\/oberle-stiftung.de\/index.php?rest_route=%2Fwp%2Fv2%2Fmedia&parent=1687"}],"wp:term":[{"taxonomy":"category","embeddable":true,"href":"https:\/\/oberle-stiftung.de\/index.php?rest_route=%2Fwp%2Fv2%2Fcategories&post=1687"},{"taxonomy":"post_tag","embeddable":true,"href":"https:\/\/oberle-stiftung.de\/index.php?rest_route=%2Fwp%2Fv2%2Ftags&post=1687"}],"curies":[{"name":"wp","href":"https:\/\/api.w.org\/{rel}","templated":true}]}}