{"id":1699,"date":"2015-09-23T04:42:53","date_gmt":"2015-09-23T04:42:53","guid":{"rendered":"http:\/\/oberle-stiftung.de\/?page_id=1699"},"modified":"2021-04-06T09:37:51","modified_gmt":"2021-04-06T09:37:51","slug":"frisches-obst-fuer-junges-gemuese","status":"publish","type":"page","link":"https:\/\/oberle-stiftung.de\/?page_id=1699","title":{"rendered":"Frisches Obst f\u00fcr junges Gem\u00fcse"},"content":{"rendered":"<p style=\"text-align: justify;\"><strong>Das Schulfruchtprogramm einer Freiburger Schule<\/strong><\/p>\n<p style=\"text-align: justify;\"><a href=\"http:\/\/oberle-stiftung.de\/wp-content\/uploads\/2015\/09\/Frisches-Obst.jpg\"><img loading=\"lazy\" decoding=\"async\" class=\"alignright wp-image-1725 size-thumbnail\" src=\"http:\/\/oberle-stiftung.de\/wp-content\/uploads\/2015\/09\/Frisches-Obst-150x150.jpg\" alt=\"Frisches Obst\" width=\"150\" height=\"150\" \/><\/a>Jeden\u00a0 Montag, Mittwoch und Donnerstag wird der Gem\u00fcsegro\u00dfh\u00e4ndler H\u00e4ringer sehns\u00fcchtig von Sch\u00fclerinnen und Sch\u00fclern der Albert-Schweitzer-Schule III in Landwasser erwartet. Seit dem ersten Schulhalbjahr stehen dort in der gro\u00dfen Pause frisches Obst auf dem Programm. Die Rektorin Sonja Pohlmann berichtet: \u201eDas Schulfruchtprogramm wird toll angenommen. Anfangs hatten wir immer mal Karotten, haben uns jedoch vor allem f\u00fcr Obst entschieden. Obst essen alle Sch\u00fcler gern\u201c.<\/p>\n<p style=\"text-align: justify;\"><!--more--><br \/>Helge Reithmeyer, Fachlehrer f\u00fcr Sport und Technik, unterrichtet alle Klassenstufen. Er erkl\u00e4rt \u201eHerr H\u00e4ringer f\u00fcllt morgens sieben Boxen mit Obst und Gem\u00fcse. F\u00fcr jede Klassenstufe eine. Kurz vor der gro\u00dfen Pause\u00a0 tr\u00e4gt je ein Verantwortlicher der Stufe seine Box ins Klassenzimmer und verteilt das Obst. Ich habe in keiner Klasse erlebt, dass Obst in der Box zur\u00fcckgeblieben ist.&#8220;<\/p>\n<p style=\"text-align: justify;\"><a href=\"http:\/\/oberle-stiftung.de\/wp-content\/uploads\/2015\/09\/Jungs.jpg\"><img loading=\"lazy\" decoding=\"async\" class=\"  wp-image-1718 alignleft\" src=\"http:\/\/oberle-stiftung.de\/wp-content\/uploads\/2015\/09\/Jungs-267x300.jpg\" alt=\"Jungs\" width=\"149\" height=\"168\" srcset=\"https:\/\/oberle-stiftung.de\/wp-content\/uploads\/2015\/09\/Jungs-267x300.jpg 267w, https:\/\/oberle-stiftung.de\/wp-content\/uploads\/2015\/09\/Jungs-911x1024.jpg 911w, https:\/\/oberle-stiftung.de\/wp-content\/uploads\/2015\/09\/Jungs.jpg 2009w\" sizes=\"auto, (max-width: 149px) 100vw, 149px\" \/><\/a>Finanziert wird es zur H\u00e4lfte \u00fcber das Schulfruchtprogramm der EU. 2010 konnten in Freiburg Schulen mit besonderem F\u00f6rderbedarf\u00a0 den Kofinanzierungsanteil von 50 % bei der Stadt beantragen. F\u00fcr 2011 wurden die Mittel hierf\u00fcr vom Gemeinderat gestrichen. Davon lie\u00df sich die Rektorin Sonja Pohlmann nicht beirren und ging auf die Suche nach Sponsoren. Die Wilhelm Oberle-Stiftung und der Verein \u201eWir helfen Kindern \u2013 Eine Initiative der Alexander B\u00fcrkle-Gruppe\u201c sprangen ein.<\/p>\n<p style=\"text-align: justify;\">K\u00fcrzlich luden die Sch\u00fclerinnen und Sch\u00fcler ihre Sponsoren wieder zu einem gesunden Fr\u00fchst\u00fccksbuffet ein. Jede Klassenstufe bereitete ein eigenes Gericht vor. Es gab Obstspie\u00dfe mit Schokolade, K\u00e4se mit Trauben, Radieschen, Tomate mit Mozzarella, Obstsalat, Bananenquark, M\u00fcsli mit Banane, M\u00fcsli mit Apfel, Quarkgesichter, Gem\u00fcse in Streifen mit frischen Dips und das Getr\u00e4nk Smoothies aus Milch, Joghurt, Ananas und Kokosnusssaft.<\/p>\n<p style=\"text-align: justify;\"><img loading=\"lazy\" decoding=\"async\" class=\"  wp-image-1717 alignright\" src=\"http:\/\/oberle-stiftung.de\/wp-content\/uploads\/2015\/09\/Clemens-Salm-283x300.jpg\" alt=\"Clemens Salm\" width=\"215\" height=\"228\" srcset=\"https:\/\/oberle-stiftung.de\/wp-content\/uploads\/2015\/09\/Clemens-Salm-283x300.jpg 283w, https:\/\/oberle-stiftung.de\/wp-content\/uploads\/2015\/09\/Clemens-Salm-967x1024.jpg 967w\" sizes=\"auto, (max-width: 215px) 100vw, 215px\" \/>Clemens Salm von der Wilhelm Oberle-Stiftung und Christine Schmidt-Brauch \u00a0von \u201eWir helfen Kindern e.V.\u201c sind sich einig: \u201eWir sind begeistert. Ein tolles Engagement der Lehrer und der Kinder. Die Sch\u00fcler lernen nicht nur Obst und Gem\u00fcse kennen, sondern auch was man daraus machen und wie man es lecker zubereiten kann.\u201c<br \/>Die Obst- und Gem\u00fcselieferungen sind also ein voller Erfolg. Gerade die j\u00fcngeren Sch\u00fcler warten auf die Lieferung und fragen sogar nach, ob etwas \u00fcbrig ist, wenn ein anderer Sch\u00fcler mal krank ist.<\/p>\n<p style=\"text-align: justify;\"><a href=\"http:\/\/oberle-stiftung.de\/wp-content\/uploads\/2015\/09\/Brotgesichter.jpg\"><img loading=\"lazy\" decoding=\"async\" class=\"  wp-image-1715 alignleft\" src=\"http:\/\/oberle-stiftung.de\/wp-content\/uploads\/2015\/09\/Brotgesichter-300x225.jpg\" alt=\"Brotgesichter\" width=\"197\" height=\"148\" srcset=\"https:\/\/oberle-stiftung.de\/wp-content\/uploads\/2015\/09\/Brotgesichter-300x225.jpg 300w, https:\/\/oberle-stiftung.de\/wp-content\/uploads\/2015\/09\/Brotgesichter.jpg 560w\" sizes=\"auto, (max-width: 197px) 100vw, 197px\" \/><\/a>Gesundes Fr\u00fchst\u00fcck und gesundes Essen sind \u00a0seither ein fest verankertes Thema bei den Sch\u00fclern, Mitarbeitern und Lehrern. Dies wirkt sich positiv auf das Ern\u00e4hrungsverhalten aus. Die Schulgemeinschaft ist sich einig, dass eine gesunde Ern\u00e4hrung ein erfolgreiches\u00a0 Lernen\u00a0\u00a0erm\u00f6glicht.<\/p>\n<p style=\"text-align: justify;\">Deshalb m\u00f6chte die Albert-Schweizer Schule den begonnen Weg auch weiterhin gehen. Sie wissen, dass sie mit dem Schulfruchtprogramm nicht auf dem Holzweg sind. Sie haben sich bewusst f\u00fcr den Fr\u00fcchte-und Gem\u00fcsepfad entschieden und die Oberle-Stiftung ist weiterhin jedes Jahr mit einem Zuschuss dabei.<\/p>\n<p style=\"text-align: justify;\">Quelle: <strong><a href=\"http:\/\/www.whk-online.de\/was-wir-tun\/hoeren-und-sehen\/detail\/everybody-needs-a-chance-fuer-wir-helfen-kindern-e-v.html\" target=\"_blank\" rel=\"noopener noreferrer\">Wir helfen Kindern e.V.<\/a>\u00a0<\/strong><\/p>\n<p><a href=\"https:\/\/www.badische-zeitung.de\/freiburg\/das-macht-schule-x6jgg4aax--73090505.html\" target=\"_blank\" rel=\"noopener noreferrer\"><strong>Das macht Schule fix<\/strong> (ver\u00f6ffentlicht am Mi, 26.Juni 2013 auf badische-zeitung.de)<\/a><\/p>\n\n","protected":false},"excerpt":{"rendered":"<p>Das Schulfruchtprogramm einer Freiburger Schule Jeden\u00a0 Montag, Mittwoch und Donnerstag wird der Gem\u00fcsegro\u00dfh\u00e4ndler H\u00e4ringer sehns\u00fcchtig von Sch\u00fclerinnen und Sch\u00fclern der Albert-Schweitzer-Schule III in Landwasser erwartet. Seit dem ersten Schulhalbjahr stehen dort in der gro\u00dfen Pause frisches Obst auf dem Programm. Die Rektorin Sonja Pohlmann berichtet: \u201eDas Schulfruchtprogramm wird toll angenommen. Anfangs hatten wir immer mal &hellip; <a href=\"https:\/\/oberle-stiftung.de\/?page_id=1699\" class=\"more-link\"><span class=\"screen-reader-text\">Frisches Obst f\u00fcr junges Gem\u00fcse<\/span> weiterlesen <span class=\"meta-nav\">&rarr;<\/span><\/a><\/p>\n","protected":false},"author":3,"featured_media":0,"parent":58,"menu_order":0,"comment_status":"closed","ping_status":"closed","template":"","meta":{"ngg_post_thumbnail":0,"footnotes":""},"categories":[35,21],"tags":[],"class_list":["post-1699","page","type-page","status-publish","hentry","category-hilfen-fuer-kinder-u-jugendliche","category-region-freiburg"],"_links":{"self":[{"href":"https:\/\/oberle-stiftung.de\/index.php?rest_route=\/wp\/v2\/pages\/1699","targetHints":{"allow":["GET"]}}],"collection":[{"href":"https:\/\/oberle-stiftung.de\/index.php?rest_route=\/wp\/v2\/pages"}],"about":[{"href":"https:\/\/oberle-stiftung.de\/index.php?rest_route=\/wp\/v2\/types\/page"}],"author":[{"embeddable":true,"href":"https:\/\/oberle-stiftung.de\/index.php?rest_route=\/wp\/v2\/users\/3"}],"replies":[{"embeddable":true,"href":"https:\/\/oberle-stiftung.de\/index.php?rest_route=%2Fwp%2Fv2%2Fcomments&post=1699"}],"version-history":[{"count":29,"href":"https:\/\/oberle-stiftung.de\/index.php?rest_route=\/wp\/v2\/pages\/1699\/revisions"}],"predecessor-version":[{"id":3697,"href":"https:\/\/oberle-stiftung.de\/index.php?rest_route=\/wp\/v2\/pages\/1699\/revisions\/3697"}],"up":[{"embeddable":true,"href":"https:\/\/oberle-stiftung.de\/index.php?rest_route=\/wp\/v2\/pages\/58"}],"wp:attachment":[{"href":"https:\/\/oberle-stiftung.de\/index.php?rest_route=%2Fwp%2Fv2%2Fmedia&parent=1699"}],"wp:term":[{"taxonomy":"category","embeddable":true,"href":"https:\/\/oberle-stiftung.de\/index.php?rest_route=%2Fwp%2Fv2%2Fcategories&post=1699"},{"taxonomy":"post_tag","embeddable":true,"href":"https:\/\/oberle-stiftung.de\/index.php?rest_route=%2Fwp%2Fv2%2Ftags&post=1699"}],"curies":[{"name":"wp","href":"https:\/\/api.w.org\/{rel}","templated":true}]}}