{"id":1743,"date":"2018-01-07T14:32:02","date_gmt":"2018-01-07T14:32:02","guid":{"rendered":"http:\/\/oberle-stiftung.de\/?page_id=1743"},"modified":"2021-01-20T08:36:29","modified_gmt":"2021-01-20T08:36:29","slug":"von-guten-und-schlechten-geheimnissen","status":"publish","type":"page","link":"https:\/\/oberle-stiftung.de\/?page_id=1743","title":{"rendered":"Von guten und schlechten Geheimnissen"},"content":{"rendered":"<p style=\"text-align: justify;\"><strong>Pr\u00e4ventionstheater gegen sexuellen Missbrauch<\/strong><br \/><a href=\"http:\/\/oberle-stiftung.de\/wp-content\/uploads\/2015\/09\/Froschbild_gezeichnet.jpg\"><img loading=\"lazy\" decoding=\"async\" class=\"alignright wp-image-1745 size-thumbnail\" src=\"http:\/\/oberle-stiftung.de\/wp-content\/uploads\/2015\/09\/Froschbild_gezeichnet-150x150.jpg\" alt=\"Froschbild_gezeichnet\" width=\"150\" height=\"150\" \/><\/a>Der Vorhang hebt sich. Lotte ist zu Besuch bei ihrem Onkel \u201aRitter Doppelherz\u2018 auf seinem Schloss. Eines Nachts schleicht sich der \u201eFu\u00dfgrabbel\u201c zu Lotte ins Bett und macht ihr m\u00e4chtig Angst. Sie ist verwirrt, kann nicht einordnen was ihr passiert. Ein Geheimnis, dass Lotte mit niemanden teilen darf!\u00a0Das Theaterst\u00fcck, \u201eHau ab du Angst\u201c ist durch eine Mischung aus M\u00e4rchen und Wirklichkeit auf den Entwicklungsstand der Kinder zugeschnitten.<\/p>\n<p style=\"text-align: justify;\"><!--more--><a href=\"http:\/\/oberle-stiftung.de\/wp-content\/uploads\/2015\/09\/Hau-ab-du-Angst.jpg\"><img loading=\"lazy\" decoding=\"async\" class=\" size-medium wp-image-1746 alignleft\" src=\"http:\/\/oberle-stiftung.de\/wp-content\/uploads\/2015\/09\/Hau-ab-du-Angst-300x201.jpg\" alt=\"Hau ab du Angst\" width=\"300\" height=\"201\" srcset=\"https:\/\/oberle-stiftung.de\/wp-content\/uploads\/2015\/09\/Hau-ab-du-Angst-300x201.jpg 300w, https:\/\/oberle-stiftung.de\/wp-content\/uploads\/2015\/09\/Hau-ab-du-Angst-1024x685.jpg 1024w\" sizes=\"auto, (max-width: 300px) 100vw, 300px\" \/><\/a> Es vermittelt auf leichte und spielerische Weise entlang der Geschichte verschiedene Pr\u00e4ventionsbotschaften: \u201eDein K\u00f6rper geh\u00f6rt Dir\u201c und \u201eNein sagen ist erlaubt\u201c. Im St\u00fcck gibt eine gro\u00dfe, gr\u00fcne, sprechende Fr\u00f6schin mit Kulleraugen. \u201eDie guten Geheimnisse, die sollen Freude machen, die darf man auch f\u00fcr sich behalten\u201c, sagt sie. Sie macht Lotte Mut, hilft ihr \u00fcber ihre Gef\u00fchle zu sprechen. \u201eSoll ich das Geheimnis mit jemanden teilen? Was soll ich tun? F\u00fcr mich behalten?\u201c. Die sprechende Fr\u00f6schin ist sich ganz sicher: \u201eDie anderen Geheimnisse, die traurig machen, die dir Bauchschmerzen machen, die darfst du ruhig allen weitererz\u00e4hlen\u201c. Am Ende entlarven sie \u201eFu\u00dfgrabbel\u201c und vertreiben ihn.<\/p>\n<p style=\"text-align: justify;\"><img loading=\"lazy\" decoding=\"async\" class=\"  wp-image-1748 alignright\" src=\"http:\/\/oberle-stiftung.de\/wp-content\/uploads\/2015\/09\/plakat_Hau-ab-du-Angst-142x300.jpg\" alt=\"plakat_Hau ab du Angst\" width=\"108\" height=\"228\" srcset=\"https:\/\/oberle-stiftung.de\/wp-content\/uploads\/2015\/09\/plakat_Hau-ab-du-Angst-142x300.jpg 142w, https:\/\/oberle-stiftung.de\/wp-content\/uploads\/2015\/09\/plakat_Hau-ab-du-Angst-486x1024.jpg 486w, https:\/\/oberle-stiftung.de\/wp-content\/uploads\/2015\/09\/plakat_Hau-ab-du-Angst.jpg 600w\" sizes=\"auto, (max-width: 108px) 100vw, 108px\" \/><\/p>\n<p style=\"text-align: justify;\">Es wird \u2013 trotz des schwierigen Themas \u2013 viel gelacht. Die kleinen Zuschauer sind immer Teil des Geschehens auf der B\u00fchne. Sie geben Tipps, ermuntern und feuern Lotte an. Durch Lotte erleben sie die emotional verwirrenden Situation, erfahren aber auch, dass sie ihren eigenen Gef\u00fchlen vertrauen d\u00fcrfen. Und das es Hilfe von Au\u00dfen gibt. Immer wieder gibt es kindgerechte Infos: Wie k\u00f6nnen sich Kinder wehren und sch\u00fctzen?<\/p>\n<p style=\"text-align: justify;\">Das Theaterst\u00fcck ist eine kleine Reise. Eine Reise f\u00fcr Lotte, gegen die Angst. Die Kinder haben sie dabei unterst\u00fctzt und freuen sich mit ihr! Am Ende singen Lotte, die Fr\u00f6schin, ein paar andere Figuren und die Kinder gemeinsam das Lied \u201eHau ab du Angst\u201c. Erst klingt anfangs alles recht zaghaft, endet aber mit rhythmischen Klatschen und kr\u00e4ftigem Gesang. Geschafft!<\/p>\n<p style=\"text-align: justify;\"><img loading=\"lazy\" decoding=\"async\" class=\"  wp-image-1747 alignleft\" src=\"http:\/\/oberle-stiftung.de\/wp-content\/uploads\/2015\/09\/Hau-ab-du-Angst-I-300x201.jpg\" alt=\"Hau ab du Angst I\" width=\"263\" height=\"176\" srcset=\"https:\/\/oberle-stiftung.de\/wp-content\/uploads\/2015\/09\/Hau-ab-du-Angst-I-300x201.jpg 300w, https:\/\/oberle-stiftung.de\/wp-content\/uploads\/2015\/09\/Hau-ab-du-Angst-I-1024x685.jpg 1024w\" sizes=\"auto, (max-width: 263px) 100vw, 263px\" \/>\u201eHau ab du Angst\u201c kann in Grundschulen aufgef\u00fchrt werden und ist Teil des Wendepunkt e.V. Pr\u00e4ventionsprogramms. Trotz der Schwere des Themas gibt das St\u00fcck Kraft und macht Mut, bietet auf eine leichte, spielerische und kindgerechte Art eine Ann\u00e4herung an die Problematik des sexuellen Missbrauchs. Zus\u00e4tzlich zur Theaterauff\u00fchrung gibt es Aufkl\u00e4rungseinheiten f\u00fcr die Lehrer und Elternabende. Bezugspersonen werden eingebunden, das Thema von allen Perspektiven beleuchtet. \u201eHau ab du Angst\u201c will Denk- und Handlungsanst\u00f6\u00dfe geben, will aufkl\u00e4ren.<\/p>\n<p>Schon seit vielen Jahren unterst\u00fctzt die Wilhelm Oberle-Stiftung die Arbeit von Wendepunkt e.V. &#8222;Hau ab du Angst&#8220; ist ein Teil der sehr wichtigen Arbeit von Wendepunkt e.V.<\/p>\n\n\n<p><a href=\"https:\/\/www.wendepunkt-freiburg.de\/content\/\">Zur Website von <strong>Wendepunkt e.V.<\/strong><\/a><\/p>\n<p><a href=\"https:\/\/www.baden.fm\/mediathek\/video\/fair-ways-wie-das-theaterprojekt-hau-ab-du-angst-schueler-vor-missbrauch-schuetzen-soll\/\" target=\"_blank\" rel=\"noopener noreferrer\">Kurzes Video zum Theaterprojekt&nbsp; <strong>\u201eHau ab du Angst\u201c<\/strong><\/a><\/p>\n","protected":false},"excerpt":{"rendered":"<p>Pr\u00e4ventionstheater gegen sexuellen MissbrauchDer Vorhang hebt sich. Lotte ist zu Besuch bei ihrem Onkel \u201aRitter Doppelherz\u2018 auf seinem Schloss. Eines Nachts schleicht sich der \u201eFu\u00dfgrabbel\u201c zu Lotte ins Bett und macht ihr m\u00e4chtig Angst. Sie ist verwirrt, kann nicht einordnen was ihr passiert. Ein Geheimnis, dass Lotte mit niemanden teilen darf!\u00a0Das Theaterst\u00fcck, \u201eHau ab du &hellip; <a href=\"https:\/\/oberle-stiftung.de\/?page_id=1743\" class=\"more-link\"><span class=\"screen-reader-text\">Von guten und schlechten Geheimnissen<\/span> weiterlesen <span class=\"meta-nav\">&rarr;<\/span><\/a><\/p>\n","protected":false},"author":3,"featured_media":0,"parent":58,"menu_order":0,"comment_status":"closed","ping_status":"closed","template":"","meta":{"ngg_post_thumbnail":0,"footnotes":""},"categories":[20,35,21],"tags":[],"class_list":["post-1743","page","type-page","status-publish","hentry","category-deutschland","category-hilfen-fuer-kinder-u-jugendliche","category-region-freiburg"],"_links":{"self":[{"href":"https:\/\/oberle-stiftung.de\/index.php?rest_route=\/wp\/v2\/pages\/1743","targetHints":{"allow":["GET"]}}],"collection":[{"href":"https:\/\/oberle-stiftung.de\/index.php?rest_route=\/wp\/v2\/pages"}],"about":[{"href":"https:\/\/oberle-stiftung.de\/index.php?rest_route=\/wp\/v2\/types\/page"}],"author":[{"embeddable":true,"href":"https:\/\/oberle-stiftung.de\/index.php?rest_route=\/wp\/v2\/users\/3"}],"replies":[{"embeddable":true,"href":"https:\/\/oberle-stiftung.de\/index.php?rest_route=%2Fwp%2Fv2%2Fcomments&post=1743"}],"version-history":[{"count":11,"href":"https:\/\/oberle-stiftung.de\/index.php?rest_route=\/wp\/v2\/pages\/1743\/revisions"}],"predecessor-version":[{"id":3257,"href":"https:\/\/oberle-stiftung.de\/index.php?rest_route=\/wp\/v2\/pages\/1743\/revisions\/3257"}],"up":[{"embeddable":true,"href":"https:\/\/oberle-stiftung.de\/index.php?rest_route=\/wp\/v2\/pages\/58"}],"wp:attachment":[{"href":"https:\/\/oberle-stiftung.de\/index.php?rest_route=%2Fwp%2Fv2%2Fmedia&parent=1743"}],"wp:term":[{"taxonomy":"category","embeddable":true,"href":"https:\/\/oberle-stiftung.de\/index.php?rest_route=%2Fwp%2Fv2%2Fcategories&post=1743"},{"taxonomy":"post_tag","embeddable":true,"href":"https:\/\/oberle-stiftung.de\/index.php?rest_route=%2Fwp%2Fv2%2Ftags&post=1743"}],"curies":[{"name":"wp","href":"https:\/\/api.w.org\/{rel}","templated":true}]}}