{"id":1767,"date":"2021-02-10T06:40:28","date_gmt":"2021-02-10T06:40:28","guid":{"rendered":"http:\/\/oberle-stiftung.de\/?page_id=1767"},"modified":"2021-05-12T07:22:54","modified_gmt":"2021-05-12T07:22:54","slug":"auch-fuer-knastbrueder-weihnachtet-es","status":"publish","type":"page","link":"https:\/\/oberle-stiftung.de\/?page_id=1767","title":{"rendered":"Auch f\u00fcr Knastbr\u00fcder weihnachtet es"},"content":{"rendered":"<p style=\"text-align: justify;\"><img decoding=\"async\" class=\"alignright\" src=\"http:\/\/oberle-stiftung.de\/wp-content\/uploads\/2021\/01\/Beratungstelle-fuer-Strafgefangene.jpg\" alt=\"Dieses Bild hat ein leeres Alt-Attribut. Der Dateiname ist Beratungstelle-fuer-Strafgefangene.jpg\">Weihnachten: das Fest der Liebe, der Familie, des Beisammenseins. F\u00fcr viele ist es ein Fest, welchem schon ab Fr\u00fchherbst entgegengefiebert wird. Weihnachten zu ignorieren? Unm\u00f6glich! Weihnachtsdekoration in den Gesch\u00e4ften, vor den H\u00e4usern auf den Stra\u00dfen. \u00dcberall.<br>Doch nicht f\u00fcr alle wird Weihnachten mit etwas Positivem verbunden. Gerade f\u00fcr Menschen die am Rande der Gesellschaft stehen, bringt die Weihnachtszeit alte Erinnerungen hoch.<\/p>\n<p><!--more--><\/p>\n<p style=\"text-align: justify;\">F\u00fcr ehemalige Strafgefangene ist die Wiedereingliederung in die Gesellschaft ein oft recht holpriger Weg. Eine Weihnachtsfeier mit ihnen, gemeinsam in der Mitte der Gesellschaft ist nur ein Schritt, aber ein bedeutungsvoller Schritt. Der \u201eBezirksverein f\u00fcr Soziale Rechtspflege\u201c in Freiburg organisiert jedes Jahr eine kleine Weihnachtsfeier f\u00fcr ehemalige Strafgefangene. Der Verein ist eine Organisation der freien Straff\u00e4lligen-Hilfe. Er unterst\u00fctzt Gefangene und aus der Haft entlassene Menschen bei der Wiedereingliederung in die Gesellschaft.<\/p>\n<p style=\"text-align: justify;\">\u201eSolche Weihnachtsangebote sind f\u00fcr unsere Klienten besonders wichtig, weil die meisten seit langer Zeit keine famili\u00e4ren Beziehungen mehr haben\u201c, erz\u00e4hlt ein Mitarbeiter. Gemeinsam richten Ehrenamtliche, Mitarbeiter, Praktikanten, Vorstandsmitglieder und ehemalige Strafgefangene ein kaltes Buffet. Tee und Weihnachtspunsch wird vorbereitet, kleine Pl\u00e4tzchen auf den Tischen verteilt. Getr\u00e4nke und Essen sind f\u00fcr alle Eingeladenen frei. Sich gegenseitig Zeit schenken und die Zeit miteinander zu verbringen, darauf kommt es an. \u00dcber 70 Personen kommen meist j\u00e4hrlich zur Weihnachtsfeier. Alle bekommen ein kleines vorweihnachtliches Geschenk, als Zeichen der Anerkennung f\u00fcr ihr Engagement. Eine kleine Geste mit gro\u00dfer Wirkung. An Weihnachten selbst wird an Heiligabend ein Nachmittagscaf\u00e9 angeboten. Auch am 1. Weihnachtsfeiertag wird gemeinsam gekocht und alle Anwesenden werden mit einem \u201eKrabbelsack\u201c mit kleinen Geschenken begl\u00fcckt. \u201eDas Gef\u00fchl, \u201ebeschenkt zu werden\u201c ist f\u00fcr viele ein ganz besonderes Erlebnis\u201c, berichtet ein Mitarbeiter.<\/p>\n<p style=\"text-align: justify;\">Gerne unterst\u00fctzte die Wilhelm Oberle-Stiftung die Weihnachtsfeiern der letzten Jahre und freut sich auf die kommenden Jahre.<\/p>\n<p><a href=\"http:\/\/bezirksverein-freiburg.de\/index.php\/ueber-uns.html\" target=\"_blank\" rel=\"noopener noreferrer\">Webseite des <strong>Bezirksvereins f\u00fcr soziale Rechtspflege<\/strong><\/a><\/p>\n\n","protected":false},"excerpt":{"rendered":"<p>Weihnachten: das Fest der Liebe, der Familie, des Beisammenseins. F\u00fcr viele ist es ein Fest, welchem schon ab Fr\u00fchherbst entgegengefiebert wird. Weihnachten zu ignorieren? Unm\u00f6glich! Weihnachtsdekoration in den Gesch\u00e4ften, vor den H\u00e4usern auf den Stra\u00dfen. \u00dcberall.Doch nicht f\u00fcr alle wird Weihnachten mit etwas Positivem verbunden. Gerade f\u00fcr Menschen die am Rande der Gesellschaft stehen, bringt &hellip; <a href=\"https:\/\/oberle-stiftung.de\/?page_id=1767\" class=\"more-link\"><span class=\"screen-reader-text\">Auch f\u00fcr Knastbr\u00fcder weihnachtet es<\/span> weiterlesen <span class=\"meta-nav\">&rarr;<\/span><\/a><\/p>\n","protected":false},"author":3,"featured_media":0,"parent":58,"menu_order":0,"comment_status":"closed","ping_status":"closed","template":"","meta":{"ngg_post_thumbnail":0,"footnotes":""},"categories":[39,21],"tags":[],"class_list":["post-1767","page","type-page","status-publish","hentry","category-hilfen-fuer-randgruppen","category-region-freiburg"],"_links":{"self":[{"href":"https:\/\/oberle-stiftung.de\/index.php?rest_route=\/wp\/v2\/pages\/1767","targetHints":{"allow":["GET"]}}],"collection":[{"href":"https:\/\/oberle-stiftung.de\/index.php?rest_route=\/wp\/v2\/pages"}],"about":[{"href":"https:\/\/oberle-stiftung.de\/index.php?rest_route=\/wp\/v2\/types\/page"}],"author":[{"embeddable":true,"href":"https:\/\/oberle-stiftung.de\/index.php?rest_route=\/wp\/v2\/users\/3"}],"replies":[{"embeddable":true,"href":"https:\/\/oberle-stiftung.de\/index.php?rest_route=%2Fwp%2Fv2%2Fcomments&post=1767"}],"version-history":[{"count":8,"href":"https:\/\/oberle-stiftung.de\/index.php?rest_route=\/wp\/v2\/pages\/1767\/revisions"}],"predecessor-version":[{"id":4101,"href":"https:\/\/oberle-stiftung.de\/index.php?rest_route=\/wp\/v2\/pages\/1767\/revisions\/4101"}],"up":[{"embeddable":true,"href":"https:\/\/oberle-stiftung.de\/index.php?rest_route=\/wp\/v2\/pages\/58"}],"wp:attachment":[{"href":"https:\/\/oberle-stiftung.de\/index.php?rest_route=%2Fwp%2Fv2%2Fmedia&parent=1767"}],"wp:term":[{"taxonomy":"category","embeddable":true,"href":"https:\/\/oberle-stiftung.de\/index.php?rest_route=%2Fwp%2Fv2%2Fcategories&post=1767"},{"taxonomy":"post_tag","embeddable":true,"href":"https:\/\/oberle-stiftung.de\/index.php?rest_route=%2Fwp%2Fv2%2Ftags&post=1767"}],"curies":[{"name":"wp","href":"https:\/\/api.w.org\/{rel}","templated":true}]}}