{"id":1821,"date":"2012-04-06T10:03:05","date_gmt":"2012-04-06T10:03:05","guid":{"rendered":"http:\/\/oberle-stiftung.de\/?page_id=1821"},"modified":"2021-04-08T07:50:47","modified_gmt":"2021-04-08T07:50:47","slug":"filmprojekt-dschungelbuch-bringt-leben-in-die-fluechtlingsunterkunft","status":"publish","type":"page","link":"https:\/\/oberle-stiftung.de\/?page_id=1821","title":{"rendered":"Filmprojekt \u201eDschungelbuch\u201c  bringt Leben in die Fl\u00fcchtlingsunterkunft"},"content":{"rendered":"<p style=\"text-align: justify;\"><a href=\"http:\/\/oberle-stiftung.de\/wp-content\/uploads\/2015\/09\/Dschungelbuch_Foto_Internet.jpg\"><img loading=\"lazy\" decoding=\"async\" class=\"alignright wp-image-1825 size-thumbnail\" src=\"http:\/\/oberle-stiftung.de\/wp-content\/uploads\/2015\/09\/Dschungelbuch_Foto_Internet-150x150.jpg\" alt=\"Dschungelbuch_Foto_Internet\" width=\"150\" height=\"150\"><\/a>Es ist wieder soweit, die Kamera steht bereit. \u201eKlappe und Action!\u201c Inzwischen kennen die Kinder die Szenenfolge auswendig. Jeder wei\u00df, was er zu sagen hat. F\u00fcr manche sind es bisher die ersten vollst\u00e4ndigen S\u00e4tze auf Deutsch. 30 Roma-Kinder, die in der Fl\u00fcchtlingsunterkunft an der Hermann-Mitsch-Stra\u00dfe leben, spielen und filmen das &#8222;Dschungelbuch&#8220;.<\/p>\n<p style=\"text-align: justify;\"><!--more--><br \/>\nDer kleine Denis (11) zum Beispiel verwandelt sich bei den Dreharbeiten&nbsp; in den gef\u00e4hrlichen Tiger Shir Khan. Vor Freude grinst er bis \u00fcber beide Ohren. Er versucht still zu sitzen, damit die Sozialarbeiterin Petra Gebhardt sein Jungengesicht in einen Tiger verwandeln kann. Denis wartet kribbelig auf seinen Einsatz, der ganze zwei S\u00e4tze lang ist: &#8222;Alle haben Angst vor mir!&#8220; Und: &#8222;Na gut, ich z\u00e4hle bis Z und du bist weg \u2013 eins, zwei, drei&#8230;&#8220;.<\/p>\n<p><a href=\"http:\/\/oberle-stiftung.de\/wp-content\/uploads\/2015\/09\/Fotolia_65038701_L.jpg\"><img loading=\"lazy\" decoding=\"async\" class=\" wp-image-1823 aligncenter\" src=\"http:\/\/oberle-stiftung.de\/wp-content\/uploads\/2015\/09\/Fotolia_65038701_L-300x199.jpg\" alt=\"kleiner Junge beim schminken in der Maske\" width=\"416\" height=\"275\" srcset=\"https:\/\/oberle-stiftung.de\/wp-content\/uploads\/2015\/09\/Fotolia_65038701_L-300x199.jpg 300w, https:\/\/oberle-stiftung.de\/wp-content\/uploads\/2015\/09\/Fotolia_65038701_L-1024x678.jpg 1024w\" sizes=\"auto, (max-width: 416px) 100vw, 416px\" \/><\/a><\/p>\n<p style=\"text-align: justify;\">Denis lernt Deutsch in einer internationalen Vorbereitungsklasse. Doch spielerisch leicht f\u00e4llt ihm die neue Sprache nur beim Filmen. Das geht auch den anderen Kindern so. Seine beiden j\u00fcngeren Geschwister, im Film als \u00c4ffchen besetzt, lernen m\u00fchelos die S\u00e4tze und verstehen den Text ohne Erkl\u00e4rungen. Elwis (10) steht als Affenk\u00f6nig ganz vorn, Elma (6) ist &nbsp;mittendrin bei den anderen Affen. Sie plappern alle wild und aufgeregt durcheinander. Dann machen sie nach, was die freie Theaterp\u00e4dagogin Alexandra Ringler ihnen zeigt: In die Hocke gehen, weit und hoch h\u00fcpfen und dabei &#8222;Schubidu!&#8220; rufen. Im Anschluss wird lauthals das Dschungelbuch-Lied gesungen: \u201eProbier&#8217;s mal mit Gem\u00fctlichkeit&#8230;\u201c. Die Affenbande ist ganz au\u00dfer sich.<\/p>\n<p style=\"text-align: justify;\">Naser (11) ist Mogli, die Hauptfigur, er musste eine Menge Text lernen. Er denkt oft daran, wie es wohl gewesen w\u00e4re im Dschungel aufzuwachsen, statt im Kosovo. Auch wenn seine Lieblingstiere eher zahme Hauskatzen und Hunde sind, h\u00e4tte er doch gerne wilde Tiere zum Freund.<\/p>\n<p style=\"text-align: justify;\"><a href=\"http:\/\/oberle-stiftung.de\/wp-content\/uploads\/2015\/09\/BZ-Foto-I1.jpg\"><img loading=\"lazy\" decoding=\"async\" class=\"  wp-image-1824 aligncenter\" src=\"http:\/\/oberle-stiftung.de\/wp-content\/uploads\/2015\/09\/BZ-Foto-I1-300x226.jpg\" alt=\"BZ Foto I\" width=\"352\" height=\"265\" srcset=\"https:\/\/oberle-stiftung.de\/wp-content\/uploads\/2015\/09\/BZ-Foto-I1-300x226.jpg 300w, https:\/\/oberle-stiftung.de\/wp-content\/uploads\/2015\/09\/BZ-Foto-I1.jpg 1024w\" sizes=\"auto, (max-width: 352px) 100vw, 352px\" \/><\/a><\/p>\n<p style=\"text-align: justify;\">Naser und Elwedina, die die gr\u00fcne Schlange Kah darstellen, spielen vor den B\u00fchnenbildern, die von allen Kindern zusammen mit den Sozialarbeiterinnen gemalt wurden. Das ist nur ein Teil&nbsp; der Vorbereitungen, die vor Monaten begannen.&nbsp; Am besten finden die Kinder&nbsp; das Schminken &#8211; sie &nbsp;w\u00fcrden sich am liebsten jeden Tag erneut in ihre Figuren verwandeln lassen. Sie fiebern&nbsp; dem Eintauchen in die Dschungelwelt entgegen. Doch das Drehen beschr\u00e4nkt sich auf drei Wochenendtage, f\u00fcr mehr Drehtage reicht das Geld nicht. Die Finanzierung l\u00e4uft \u00fcber die Oberle-Stiftung und den Asylhelferkreis St. Christoph.<\/p>\n<p style=\"text-align: justify;\">Am Ende werden die aufgenommenen Szenen geschnitten, alle Kinder bekommen eine CD mit `ihrem` Film. Einige haben das &#8222;Dschungelbuch&#8220;, das ihnen die Sozialarbeiterinnen vorgelesen haben, inzwischen auch selbst gelesen. So wie Sultana (10) und ihre beste Freundin Lindita (11), die den B\u00e4ren Balu spielen \u2013 gemeinsam, denn Balu ist gro\u00df und dick, Sultana und Lindita aber sind d\u00fcnn. Die zwei sind in Freiburg geboren und haben ihr ganzes Leben in der engen Fl\u00fcchtlingsunterkunft verbracht.<\/p>\n<p style=\"text-align: justify;\">Oft teilen sich dort f\u00fcnf Menschen ein Zimmer, da wird Ablenkung umso wichtiger. Das &#8222;Dschungelbuch&#8220; passt besonders, findet Petra Gebhardt \u2013 mit Geschichten um Gefahren und Fremdsein. Das wiederum kennen die Kinder aus ihrem eigenen Leben.<\/p>\n<p style=\"text-align: justify;\">Quelle: Badische Zeitung<\/p>\n<p style=\"text-align: justify;\"><a href=\"https:\/\/www.badische-zeitung.de\/freiburg-west\/kleiner-ausflug-aus-dem-engen-alltag--43785603.html\" target=\"_blank\" rel=\"noopener noreferrer\"><strong>Kleiner Ausflug aus dem engen Alltag<\/strong> (ver\u00f6ffentlicht am Mi, 5. April 2011 auf badische-zeitung.de)<\/a><\/p>\n","protected":false},"excerpt":{"rendered":"<p>Es ist wieder soweit, die Kamera steht bereit. \u201eKlappe und Action!\u201c Inzwischen kennen die Kinder die Szenenfolge auswendig. Jeder wei\u00df, was er zu sagen hat. F\u00fcr manche sind es bisher die ersten vollst\u00e4ndigen S\u00e4tze auf Deutsch. 30 Roma-Kinder, die in der Fl\u00fcchtlingsunterkunft an der Hermann-Mitsch-Stra\u00dfe leben, spielen und filmen das &#8222;Dschungelbuch&#8220;.<\/p>\n","protected":false},"author":3,"featured_media":0,"parent":58,"menu_order":0,"comment_status":"closed","ping_status":"closed","template":"","meta":{"ngg_post_thumbnail":0,"footnotes":""},"categories":[20,36,35,21],"tags":[],"class_list":["post-1821","page","type-page","status-publish","hentry","category-deutschland","category-hilfen-fuer-fluechtlinge","category-hilfen-fuer-kinder-u-jugendliche","category-region-freiburg"],"_links":{"self":[{"href":"https:\/\/oberle-stiftung.de\/index.php?rest_route=\/wp\/v2\/pages\/1821","targetHints":{"allow":["GET"]}}],"collection":[{"href":"https:\/\/oberle-stiftung.de\/index.php?rest_route=\/wp\/v2\/pages"}],"about":[{"href":"https:\/\/oberle-stiftung.de\/index.php?rest_route=\/wp\/v2\/types\/page"}],"author":[{"embeddable":true,"href":"https:\/\/oberle-stiftung.de\/index.php?rest_route=\/wp\/v2\/users\/3"}],"replies":[{"embeddable":true,"href":"https:\/\/oberle-stiftung.de\/index.php?rest_route=%2Fwp%2Fv2%2Fcomments&post=1821"}],"version-history":[{"count":17,"href":"https:\/\/oberle-stiftung.de\/index.php?rest_route=\/wp\/v2\/pages\/1821\/revisions"}],"predecessor-version":[{"id":3698,"href":"https:\/\/oberle-stiftung.de\/index.php?rest_route=\/wp\/v2\/pages\/1821\/revisions\/3698"}],"up":[{"embeddable":true,"href":"https:\/\/oberle-stiftung.de\/index.php?rest_route=\/wp\/v2\/pages\/58"}],"wp:attachment":[{"href":"https:\/\/oberle-stiftung.de\/index.php?rest_route=%2Fwp%2Fv2%2Fmedia&parent=1821"}],"wp:term":[{"taxonomy":"category","embeddable":true,"href":"https:\/\/oberle-stiftung.de\/index.php?rest_route=%2Fwp%2Fv2%2Fcategories&post=1821"},{"taxonomy":"post_tag","embeddable":true,"href":"https:\/\/oberle-stiftung.de\/index.php?rest_route=%2Fwp%2Fv2%2Ftags&post=1821"}],"curies":[{"name":"wp","href":"https:\/\/api.w.org\/{rel}","templated":true}]}}