{"id":1829,"date":"2021-01-07T12:48:10","date_gmt":"2021-01-07T12:48:10","guid":{"rendered":"http:\/\/oberle-stiftung.de\/?page_id=1829"},"modified":"2021-01-13T10:38:18","modified_gmt":"2021-01-13T10:38:18","slug":"wheres-my-home","status":"publish","type":"page","link":"https:\/\/oberle-stiftung.de\/?page_id=1829","title":{"rendered":"Where\u00b4s my home?"},"content":{"rendered":"<p style=\"text-align: justify;\"><strong><br \/>Wohnungslose Jugendliche und junge Erwachsene machen Musik<\/strong><\/p>\n<p style=\"text-align: justify;\"><img loading=\"lazy\" decoding=\"async\" class=\"alignright wp-image-1830 size-thumbnail\" src=\"http:\/\/oberle-stiftung.de\/wp-content\/uploads\/2015\/09\/BZ-Foto_Kunz-150x150.jpg\" alt=\"BZ Foto_Kunz\" width=\"150\" height=\"150\" \/>Im Kreativraum der Freiburger Stra\u00dfenSchule, der \u201eGalerie UpArt\u201c, haben sich wohnungslose Jugendliche und junge Erwachsene im vergangenen Jahr zusammen getan und eine Band gegr\u00fcndet. Ein Benefizkonzert f\u00fcr die Freiburger Stra\u00dfenSchule brachte sie auf die Idee. \u201eWarum machen eigentlich andere Musik f\u00fcr uns? Wir wollen auch mitmachen!\u201c Seitdem herrscht jeden Dienstag h\u00f6chste Konzentration im 12-qm-Werkraum. Dann ist Bandprobezeit und das kann schon eine ganz sch\u00f6ne Herausforderung sein.<\/p>\n<p style=\"text-align: justify;\"><!--more--><\/p>\n<p style=\"text-align: justify;\"><a href=\"http:\/\/oberle-stiftung.de\/wp-content\/uploads\/2015\/09\/Foto_Website-StrassenSchule_Schuhe.jpg\"><img loading=\"lazy\" decoding=\"async\" class=\"wp-image-1832 alignleft\" src=\"http:\/\/oberle-stiftung.de\/wp-content\/uploads\/2015\/09\/Foto_Website-StrassenSchule_Schuhe-225x300.jpg\" alt=\"Foto_Website StrassenSchule_Schuhe\" width=\"106\" height=\"141\" srcset=\"https:\/\/oberle-stiftung.de\/wp-content\/uploads\/2015\/09\/Foto_Website-StrassenSchule_Schuhe-225x300.jpg 225w, https:\/\/oberle-stiftung.de\/wp-content\/uploads\/2015\/09\/Foto_Website-StrassenSchule_Schuhe.jpg 450w\" sizes=\"auto, (max-width: 106px) 100vw, 106px\" \/><\/a>P\u00fcnktlich sein, sich konzentrieren, alles geben! Und das, obwohl durch die eigene Lebenssituation regelm\u00e4\u00dfig anderes, zum Teil schwieriges zu bew\u00e4ltigen ist.<br \/>Trotz allem hat das kleine Projekt eingeschlagen wie eine Bombe. W\u00f6chentlich werden die ersten zwei gespendeten Gitarren und ein Keyboard ausgepackt. Und manchmal erklingt pl\u00f6tzlich eine leise Mundharmonika dazu, die einer der Jugendlichen auf der Stra\u00dfe fand und seither Tag und Nacht mit sich tr\u00e4gt.<\/p>\n<p style=\"text-align: justify;\">Der zust\u00e4ndige Galerie-Sozialarbeiter hat alle H\u00e4nde voll zu tun. Seine Anwesenheit und das gemeinsame Ausprobieren und Lernen an den Instrumenten gibt den jungen Leuten Kontinuit\u00e4t und Halt und f\u00f6rdert sichtlich wieder Lebensfreude zutage. Sie entwickeln und verfolgen mehr und mehr ihre eigenen Ideen und sch\u00f6pfen Vertrauen in ihre F\u00e4higkeiten. Manche halten dabei zum ersten Mal ein Instrument in den H\u00e4nden, andere entpuppen sich als heimliche Virtuosen.<\/p>\n<p style=\"text-align: justify;\">Das gemeinsame Ziel jedenfalls tut allen gut, es schafft Perspektive, macht Mut f\u00fcr mehr und hilft dabei, mit Misserfolgen fertig zu werden und Erfolge zu erkennen. Ein erster kleiner Auftritt auf einer Vernissage der Freiburger Stra\u00dfenSchule hat die wohnungslosen jungen Leute sp\u00fcrbar wachsen lassen. \u201eWow, das war einfach klasse\u201c, schw\u00e4rmt ein Jugendlicher danach.<\/p>\n<p style=\"text-align: justify;\"><a href=\"http:\/\/oberle-stiftung.de\/wp-content\/uploads\/2015\/09\/BZ-Foto_Kunz.jpg\"><img loading=\"lazy\" decoding=\"async\" class=\"  wp-image-1830 aligncenter\" src=\"http:\/\/oberle-stiftung.de\/wp-content\/uploads\/2015\/09\/BZ-Foto_Kunz-300x163.jpg\" alt=\"BZ Foto_Kunz\" width=\"399\" height=\"218\" \/><\/a><\/p>\n<p style=\"text-align: justify;\">Das Musik Projekt zieht seine Kreise in Freiburg und 2014 gr\u00fcndete sich dann ganz offiziell f\u00fcr ein Kooperationsprojekt mit dem st\u00e4dtischen Theater Freiburg daraus die \u201eStra\u00dfenSchule-Band Tunnelblick\u201c. Mit Unterst\u00fctzung der Theatermusikerin Bernadette La Hengst, Sozialarbeiter Marc S\u00fctterlin und Sozialarbeitsstudent und Praktikant Adrian Dessecker schrieben die \u201eStra\u00dfenSch\u00fcler\u201c erstmals eigene St\u00fccke, komponierten Riffs und Beats und verarbeiteten pers\u00f6nliche Erfahrungen der Stra\u00dfe zu Liedtexten. Bei den Auff\u00fchrungen ist \u201eWhere\u00b4s my home\u201c ist eines der absoluten Lieblingsst\u00fccke. Der Text geht unter die Haut und die Melodie nicht mehr aus dem Ohr.<\/p>\n<p style=\"text-align: justify;\">Seit Mai 2014 begeistern die jungen Leute die Freiburger \u00d6ffentlichkeit in dem als Stadtspaziergang konzipierten Theaterst\u00fcck \u201eSchwarz Wald Strasse\u201c. Mit \u201eTunnelblick\u201c empfangen sie die Theaterzuschauer in ihrem Lebensraum \u2013 der Stra\u00dfe. Ihre Songtexte erz\u00e4hlen den Zuschauern von ihrer Lebenssituation, ihren \u00c4ngsten und Tr\u00e4umen. Durch ihre Musik zeigen sie, was sie k\u00f6nnen und werden in der Stadt damit anders und sehr positiv wahrgenommen. Sie haben Anteil an einem gro\u00dfen Ganzen und treten als steuernde Akteure auf. Mit einer Anzahl von insgesamt elf Theaterauff\u00fchrungen haben die jungen Leute trotz ihrer unsteten, kr\u00e4ftezehrenden Lebenssituationen einen wichtigen, unersetzlichen Part im St\u00fcck \u201eSchwarz Wald Strasse\u201c \u00fcbernommen. Sie proben und spielen jede Woche mehrfach zuverl\u00e4ssig und engagiert vor Zuschauern.<\/p>\n<p style=\"text-align: justify;\"><a href=\"http:\/\/oberle-stiftung.de\/wp-content\/uploads\/2015\/09\/FR-Strassenschule-Projekt-Tunnelblick-Devic-Christine.jpg\"><img loading=\"lazy\" decoding=\"async\" class=\"  wp-image-1831 aligncenter\" src=\"http:\/\/oberle-stiftung.de\/wp-content\/uploads\/2015\/09\/FR-Strassenschule-Projekt-Tunnelblick-Devic-Christine-300x200.jpg\" alt=\"FR Strassenschule Projekt Tunnelblick Devic Christine\" width=\"380\" height=\"253\" srcset=\"https:\/\/oberle-stiftung.de\/wp-content\/uploads\/2015\/09\/FR-Strassenschule-Projekt-Tunnelblick-Devic-Christine-300x200.jpg 300w, https:\/\/oberle-stiftung.de\/wp-content\/uploads\/2015\/09\/FR-Strassenschule-Projekt-Tunnelblick-Devic-Christine-1024x682.jpg 1024w\" sizes=\"auto, (max-width: 380px) 100vw, 380px\" \/><\/a><\/p>\n<p style=\"text-align: justify;\">Im Proberaum wird aktuell an einem neuen St\u00fcck gearbeitet: &#8222;Spie\u00dferschei\u00dfe&#8220; klingt fast ein wenig punkig. Um was es geht? &#8222;Um dreilagiges Klopapier&#8220;, sagt Smecks und grinst. &#8222;Und um die Sehnsucht nach einem eigenen Dach \u00fcber den Kopf&#8220;, erg\u00e4nzt Phil.<\/p>\n<p>Das Projekt &#8222;Tunnelblick&#8220; wurde von der Wilhelm-Oberle Stiftung unterst\u00fctzt.<\/p>\n<p style=\"text-align: justify;\">Foto: Theaterfotograf Maurice Korbel<\/p>\n<p style=\"text-align: justify;\">Quelle: Badische Zeitung<\/p>\n<p style=\"text-align: justify;\"><a href=\"http:\/\/www.badische-zeitung.de\/freiburg\/die-band-tunnelblick-tritt-beim-theaterstueck-schwarz-wald-strasse-auf--86426036.html]\" target=\"_blank\" rel=\"noopener noreferrer\"><strong>Die Band Tunnelblick tritt beim Theaterst\u00fcck &#8222;Schwarz Wald Stra\u00dfe&#8220; auf.<\/strong> (ver\u00f6ffentlicht am Mo, 20. Juni 2014 auf badische-zeitung.de)<\/a><\/p>\n\n\n<p><a href=\"https:\/\/www.badische-zeitung.de\/theater-rezensionen\/soziologische-stadtfuehrung-im-freiburger-osten--85415409.html\" target=\"_blank\" rel=\"noopener noreferrer\"><strong>Soziologische Stadtf\u00fchrung im Freiburger Osten<\/strong> (ver\u00f6ffentlicht von Annette Hoffmann am Di, 27. Mai 2014<\/a><\/p>\n<p class=\"article__header__info-area__txt\">&nbsp;<\/p>\n<p>&nbsp;<\/p>\n\n\n","protected":false},"excerpt":{"rendered":"<p>Wohnungslose Jugendliche und junge Erwachsene machen Musik Im Kreativraum der Freiburger Stra\u00dfenSchule, der \u201eGalerie UpArt\u201c, haben sich wohnungslose Jugendliche und junge Erwachsene im vergangenen Jahr zusammen getan und eine Band gegr\u00fcndet. Ein Benefizkonzert f\u00fcr die Freiburger Stra\u00dfenSchule brachte sie auf die Idee. \u201eWarum machen eigentlich andere Musik f\u00fcr uns? Wir wollen auch mitmachen!\u201c Seitdem herrscht &hellip; <a href=\"https:\/\/oberle-stiftung.de\/?page_id=1829\" class=\"more-link\"><span class=\"screen-reader-text\">Where\u00b4s my home?<\/span> weiterlesen <span class=\"meta-nav\">&rarr;<\/span><\/a><\/p>\n","protected":false},"author":3,"featured_media":0,"parent":58,"menu_order":0,"comment_status":"closed","ping_status":"closed","template":"","meta":{"ngg_post_thumbnail":0,"footnotes":""},"categories":[20,39,21],"tags":[],"class_list":["post-1829","page","type-page","status-publish","hentry","category-deutschland","category-hilfen-fuer-randgruppen","category-region-freiburg"],"_links":{"self":[{"href":"https:\/\/oberle-stiftung.de\/index.php?rest_route=\/wp\/v2\/pages\/1829","targetHints":{"allow":["GET"]}}],"collection":[{"href":"https:\/\/oberle-stiftung.de\/index.php?rest_route=\/wp\/v2\/pages"}],"about":[{"href":"https:\/\/oberle-stiftung.de\/index.php?rest_route=\/wp\/v2\/types\/page"}],"author":[{"embeddable":true,"href":"https:\/\/oberle-stiftung.de\/index.php?rest_route=\/wp\/v2\/users\/3"}],"replies":[{"embeddable":true,"href":"https:\/\/oberle-stiftung.de\/index.php?rest_route=%2Fwp%2Fv2%2Fcomments&post=1829"}],"version-history":[{"count":12,"href":"https:\/\/oberle-stiftung.de\/index.php?rest_route=\/wp\/v2\/pages\/1829\/revisions"}],"predecessor-version":[{"id":3191,"href":"https:\/\/oberle-stiftung.de\/index.php?rest_route=\/wp\/v2\/pages\/1829\/revisions\/3191"}],"up":[{"embeddable":true,"href":"https:\/\/oberle-stiftung.de\/index.php?rest_route=\/wp\/v2\/pages\/58"}],"wp:attachment":[{"href":"https:\/\/oberle-stiftung.de\/index.php?rest_route=%2Fwp%2Fv2%2Fmedia&parent=1829"}],"wp:term":[{"taxonomy":"category","embeddable":true,"href":"https:\/\/oberle-stiftung.de\/index.php?rest_route=%2Fwp%2Fv2%2Fcategories&post=1829"},{"taxonomy":"post_tag","embeddable":true,"href":"https:\/\/oberle-stiftung.de\/index.php?rest_route=%2Fwp%2Fv2%2Ftags&post=1829"}],"curies":[{"name":"wp","href":"https:\/\/api.w.org\/{rel}","templated":true}]}}