{"id":1840,"date":"2021-05-07T12:50:05","date_gmt":"2021-05-07T12:50:05","guid":{"rendered":"http:\/\/oberle-stiftung.de\/?page_id=1840"},"modified":"2021-05-12T07:24:24","modified_gmt":"2021-05-12T07:24:24","slug":"mittendrin-und-doch-aussen-vor","status":"publish","type":"page","link":"https:\/\/oberle-stiftung.de\/?page_id=1840","title":{"rendered":"Mittendrin und doch au\u00dfen vor!"},"content":{"rendered":"<p style=\"text-align: justify;\"><strong>Junge Wohnungslose in Freiburg<\/strong><br><a href=\"http:\/\/oberle-stiftung.de\/wp-content\/uploads\/2015\/09\/Freiburger-Strassenschule-klein.jpg\"><img loading=\"lazy\" decoding=\"async\" class=\"alignright wp-image-1844 size-thumbnail\" src=\"http:\/\/oberle-stiftung.de\/wp-content\/uploads\/2015\/09\/Freiburger-Strassenschule-klein-150x150.jpg\" alt=\"Freiburger Strassenschule klein\" width=\"150\" height=\"150\"><\/a>Sie treffen sich t\u00e4glich an den \u00f6ffentlichen Pl\u00e4tzen im Herzen der Stadt. Trotzdem wird ihre Lebenssituation von vielen Freiburgern und auch deutschlandweit nicht wahrgenommen. Gleichzeitig steigt ihre Anzahl in den letzten Jahren bundesweit. Die Jugendlichen und jungen Erwachsenen haben ihrerseits h\u00e4ufig das Vertrauen in erwachsene Mitmenschen verloren und letzte Verbindungen aufgegeben.<\/p>\n<p style=\"text-align: justify;\"><!--more--><br>Die Freiburger Stra\u00dfenSchule begleitet und ber\u00e4t seit 16 Jahren Jugendliche und junge Erwachsene, die in Freiburg auf der Stra\u00dfe und in prek\u00e4ren Wohnsituationen leben. Dort d\u00fcrfen sie erstmal ankommen, Mut tanken und Perspektive gewinnen. So geht es auch einer jungen ca. 20 j\u00e4hrigen Frau. Sie kommt recht blass, mit tiefen Augenr\u00e4ndern und zottigen Haaren an. Erst einmal hinsetzen, einen Kaffee trinken und tief ausatmen. Man kann in ihrem Gesicht ablesen, dass die letzte Nacht schwierig war.<\/p>\n<p style=\"text-align: justify;\"><a href=\"http:\/\/oberle-stiftung.de\/wp-content\/uploads\/2015\/09\/unter-bruecke.jpg\"><img loading=\"lazy\" decoding=\"async\" class=\"  wp-image-1845 aligncenter\" src=\"http:\/\/oberle-stiftung.de\/wp-content\/uploads\/2015\/09\/unter-bruecke-300x175.jpg\" alt=\"unter bruecke\" width=\"398\" height=\"231\" srcset=\"https:\/\/oberle-stiftung.de\/wp-content\/uploads\/2015\/09\/unter-bruecke-300x175.jpg 300w, https:\/\/oberle-stiftung.de\/wp-content\/uploads\/2015\/09\/unter-bruecke.jpg 540w\" sizes=\"auto, (max-width: 398px) 100vw, 398px\" \/><\/a><\/p>\n<p style=\"text-align: justify;\">Wer zwischen 14-27 Jahre alt und wohnungslos ist oder seinen Lebensmittelpunkt auf der Stra\u00dfe hat, kann sich von den Sozialarbeitern der Freiburger Stra\u00dfenSchule unterst\u00fctzen, beraten und begleiten lassen. Denn f\u00fcr junge Menschen geht in Konfliktsituationen der Weg auf die Stra\u00dfe rasant schnell, zur\u00fcckkommen sie aus eigener Kraft selten.<\/p>\n<p style=\"text-align: justify;\">Die Freiburger Stra\u00dfenSchule bietet eine Bandbreite an Angeboten an. Ohne Streetwork, mobiler Anlaufstelle auf der Stra\u00dfe und fester Anlaufstelle mit Kreativraum als Schutz- und R\u00fcckzugsort w\u00fcrde hier nichts laufen. Mit einem Stra\u00dfenSchule-Mobil fahren die Mitarbeiter auf \u00f6ffentliche Pl\u00e4tze, sprechen Jugendliche an und kommen in Kontakt. Die Arbeit zahlt sich aus. J\u00e4hrlich suchen rund 250 bis 300 14-27-J\u00e4hrige Begleitung und Unterst\u00fctzung bei den Sozialp\u00e4dagoginnen und Sozialp\u00e4dagogen der Freiburger Stra\u00dfenSchule. &#8222;Unsere Mitarbeiter sind immer gut ausger\u00fcstet, unter anderem mit Verbandszeug und Telefonb\u00fcchern&#8220;, erkl\u00e4rte Christine Devic. &#8222;Bei vielen jungen Menschen ist es wichtig, erstmal eine Beziehung aufzubauen, weil sie mit Erwachsenen oft sehr schlechte Erfahrungen gemacht haben.&#8220;<\/p>\n<p style=\"text-align: justify;\">Den jungen Menschen mangelt es an vielerlei \u201eLebensmitteln\u201c: an Nahrungsmitteln, Wohnraum, k\u00f6rperlicher und seelischer Gesundheit, stabilen Kontakten, Anerkennung ihrer F\u00e4higkeiten und an Perspektiven. Durch die Arbeit der StrassenSchule erleben sie Kontinuit\u00e4t und Halt, k\u00f6nnen Vertrauen in ihre eigenen Talente entwickeln, Alltagsf\u00e4higkeiten trainieren und sich neue Ziele setzen.<\/p>\n<p style=\"text-align: justify;\"><a href=\"http:\/\/oberle-stiftung.de\/wp-content\/uploads\/2015\/09\/Foto-Website-Gallerie-UpArt.jpg\"><img loading=\"lazy\" decoding=\"async\" class=\"  wp-image-1842 aligncenter\" src=\"http:\/\/oberle-stiftung.de\/wp-content\/uploads\/2015\/09\/Foto-Website-Gallerie-UpArt-300x175.jpg\" alt=\"Foto Website Gallerie UpArt\" width=\"384\" height=\"223\" srcset=\"https:\/\/oberle-stiftung.de\/wp-content\/uploads\/2015\/09\/Foto-Website-Gallerie-UpArt-300x175.jpg 300w, https:\/\/oberle-stiftung.de\/wp-content\/uploads\/2015\/09\/Foto-Website-Gallerie-UpArt.jpg 540w\" sizes=\"auto, (max-width: 384px) 100vw, 384px\" \/><\/a><\/p>\n<p style=\"text-align: justify;\">Die Freiburger Stra\u00dfenSchule ist eine Einrichtung des SOS-Kinderdorf Schwarzwald in Kooperation mit dem Freiburger Stra\u00dfenSchule e.V. Ihre Teilprojekte Streetwork, StreetMobil, Anlaufstelle, Galerie UpArt, Wohnprojekt und WerkstattSchule werden gr\u00f6\u00dftenteils durch Spenden und auch von der Wilhelm Oberle-Stiftung finanziert. Zudem wurde ein Einzelhilfe Notfall Fonds f\u00fcr die Stra\u00dfenSchule aufgelegt um eine kurzfristige Hilfe zu erm\u00f6glichen.&nbsp;<\/p>\n<p style=\"text-align: justify;\">direkt zur&nbsp;<strong><a href=\"http:\/\/www.sos-kinderdorf.de\/freiburger-strassenschule\" target=\"_blank\" rel=\"noopener noreferrer\">Freiburger Stra\u00dfenSchule<\/a><\/strong><\/p>\n<p style=\"text-align: justify;\">Quelle: Badische Zeitung<\/p>\n<p style=\"text-align: justify;\"><a href=\"https:\/\/www.badische-zeitung.de\/freiburg\/rundgang-gibt-einblick-in-den-alltag-junger-obdachloser--94589127.html\" target=\"_blank\" rel=\"noopener noreferrer\"><strong>Rundgang gibt Einblick in den Alltag junger Obdachloser<\/strong> (ver\u00f6ffentlicht am Do, 13. Novembar 2014 auf badische-zeitung.de)<\/a><\/p>\n<p style=\"text-align: justify;\"><\/p>\n\n\n<p><a href=\"https:\/\/www.baden.fm\/mediathek\/video\/fair-ways-wohntraum-der-freiburger-strassenschule-bietet-jungen-menschen-ein-neues-zuhause\/\" target=\"_blank\" rel=\"noopener noreferrer\">Kurzes Video zu dem Projekt <strong>&#8222;WohnTraum&#8220; <\/strong>der Freiburger Stra\u00dfenschule<\/a><\/p>\n","protected":false},"excerpt":{"rendered":"<p>Junge Wohnungslose in FreiburgSie treffen sich t\u00e4glich an den \u00f6ffentlichen Pl\u00e4tzen im Herzen der Stadt. Trotzdem wird ihre Lebenssituation von vielen Freiburgern und auch deutschlandweit nicht wahrgenommen. Gleichzeitig steigt ihre Anzahl in den letzten Jahren bundesweit. Die Jugendlichen und jungen Erwachsenen haben ihrerseits h\u00e4ufig das Vertrauen in erwachsene Mitmenschen verloren und letzte Verbindungen aufgegeben.<\/p>\n","protected":false},"author":3,"featured_media":0,"parent":58,"menu_order":0,"comment_status":"closed","ping_status":"closed","template":"","meta":{"ngg_post_thumbnail":0,"footnotes":""},"categories":[20,39,21],"tags":[],"class_list":["post-1840","page","type-page","status-publish","hentry","category-deutschland","category-hilfen-fuer-randgruppen","category-region-freiburg"],"_links":{"self":[{"href":"https:\/\/oberle-stiftung.de\/index.php?rest_route=\/wp\/v2\/pages\/1840","targetHints":{"allow":["GET"]}}],"collection":[{"href":"https:\/\/oberle-stiftung.de\/index.php?rest_route=\/wp\/v2\/pages"}],"about":[{"href":"https:\/\/oberle-stiftung.de\/index.php?rest_route=\/wp\/v2\/types\/page"}],"author":[{"embeddable":true,"href":"https:\/\/oberle-stiftung.de\/index.php?rest_route=\/wp\/v2\/users\/3"}],"replies":[{"embeddable":true,"href":"https:\/\/oberle-stiftung.de\/index.php?rest_route=%2Fwp%2Fv2%2Fcomments&post=1840"}],"version-history":[{"count":8,"href":"https:\/\/oberle-stiftung.de\/index.php?rest_route=\/wp\/v2\/pages\/1840\/revisions"}],"predecessor-version":[{"id":4229,"href":"https:\/\/oberle-stiftung.de\/index.php?rest_route=\/wp\/v2\/pages\/1840\/revisions\/4229"}],"up":[{"embeddable":true,"href":"https:\/\/oberle-stiftung.de\/index.php?rest_route=\/wp\/v2\/pages\/58"}],"wp:attachment":[{"href":"https:\/\/oberle-stiftung.de\/index.php?rest_route=%2Fwp%2Fv2%2Fmedia&parent=1840"}],"wp:term":[{"taxonomy":"category","embeddable":true,"href":"https:\/\/oberle-stiftung.de\/index.php?rest_route=%2Fwp%2Fv2%2Fcategories&post=1840"},{"taxonomy":"post_tag","embeddable":true,"href":"https:\/\/oberle-stiftung.de\/index.php?rest_route=%2Fwp%2Fv2%2Ftags&post=1840"}],"curies":[{"name":"wp","href":"https:\/\/api.w.org\/{rel}","templated":true}]}}