{"id":1855,"date":"2012-09-23T17:34:22","date_gmt":"2012-09-23T17:34:22","guid":{"rendered":"http:\/\/oberle-stiftung.de\/?page_id=1855"},"modified":"2021-01-07T13:49:41","modified_gmt":"2021-01-07T13:49:41","slug":"theater-fuer-die-ohren","status":"publish","type":"page","link":"https:\/\/oberle-stiftung.de\/?page_id=1855","title":{"rendered":"Theater f\u00fcr die Ohren"},"content":{"rendered":"<p style=\"text-align: justify;\"><strong>Klassische Musik verbindet Brennpunktsch\u00fcler und Weltmusiker<\/strong><br \/><a href=\"http:\/\/oberle-stiftung.de\/wp-content\/uploads\/2015\/09\/TH-Chorakademie-DortmundStefan-Korn.jpg\"><img loading=\"lazy\" decoding=\"async\" class=\"alignright wp-image-1856 size-thumbnail\" src=\"http:\/\/oberle-stiftung.de\/wp-content\/uploads\/2015\/09\/TH-Chorakademie-DortmundStefan-Korn-150x150.jpg\" alt=\"TH Chorakademie DortmundStefan Korn\" width=\"150\" height=\"150\" \/><\/a>Brennpunktsch\u00fcler treffen auf weltbekannte Musiker und entf\u00fchren Zuschauer in die Sph\u00e4ren der Oper. Kaum zu glauben, dass Jugendliche sich im Alter zwischen 12 und 14 Jahren mit Haut und Haaren in den mythologischen Stoff der ersten Oper \u201eL\u2019Orfeo\u201c von Claudio Monteverdi st\u00fcrzen. Die 14 Sch\u00fclerinnen und Sch\u00fcler aus der Turnseeschule in Freiburg kommen aus der T\u00fcrkei, dem Libanon, aus Russland, aus dem Irak und aus Deutschland. Alle brennen darauf, die Oper und ihre Handlung zu verstehen, nachzuempfinden und einen Bezug zu ihrem eigenen Leben herzustellen.<\/p>\n<p style=\"text-align: justify;\"><!--more--><\/p>\n<p style=\"text-align: justify;\"><a href=\"http:\/\/oberle-stiftung.de\/wp-content\/uploads\/2015\/09\/Proben.jpg\"><img loading=\"lazy\" decoding=\"async\" class=\" size-medium wp-image-1857 alignleft\" src=\"http:\/\/oberle-stiftung.de\/wp-content\/uploads\/2015\/09\/Proben-300x193.jpg\" alt=\"Proben\" width=\"300\" height=\"193\" srcset=\"https:\/\/oberle-stiftung.de\/wp-content\/uploads\/2015\/09\/Proben-300x193.jpg 300w, https:\/\/oberle-stiftung.de\/wp-content\/uploads\/2015\/09\/Proben-1024x659.jpg 1024w, https:\/\/oberle-stiftung.de\/wp-content\/uploads\/2015\/09\/Proben.jpg 1291w\" sizes=\"auto, (max-width: 300px) 100vw, 300px\" \/><\/a>Ein Jugendlicher bekommt vor Eifer ganz rote Backen, als er \u00fcber die Auseinandersetzung mit dem Tod Eurydikes berichtet.\u00a0Durch dieses Projekt der Akademie Balthasar Neumann (ABN) wird die Leidenschaft f\u00fcr die Musik an die nachfolgende Generationen weitergegeben. Die Jugendlichen erhalten die M\u00f6glichkeit durch dieses Projekt eine Br\u00fccke von Kunst zum Leben zu schlagen und damit ihre Wahrnehmung und Ausdrucksm\u00f6glichkeit zu entdecken und zu schulen. Sie lernen \u201eOrfeo\u201c aus verschiedenen Blickwinkeln kennen und erarbeiteten ein Theaterst\u00fcck. Ganz klar, sie kamen oft an ihre Grenzen, denn es ist eine Herausforderung den Inhalt auf der B\u00fchne in diesem Niveau aktiv umzusetzen. \u201eDer Bewusstseinszustand der Jugendlichen, die zum ersten Mal an diese Art von Musik und theatralischer Umsetzung herangef\u00fchrt werden, soll das Reflektieren von Musik au\u00dferhalb der Verschr\u00e4nkung von Wissen erm\u00f6glichen. Ich m\u00f6chte eine Weiterf\u00fchrung von Musik und deren Rezeption und das \u00d6ffnen von auditiven, narrativen sowie visuellen Phantasie-R\u00e4umen zeigen\u201c berichtet Regisseur Carsten Fuhrmann.<\/p>\n<p style=\"text-align: justify;\"><a href=\"http:\/\/oberle-stiftung.de\/wp-content\/uploads\/2015\/09\/Akademie.jpg\"><img loading=\"lazy\" decoding=\"async\" class=\" size-medium wp-image-1858 alignright\" src=\"http:\/\/oberle-stiftung.de\/wp-content\/uploads\/2015\/09\/Akademie-300x224.jpg\" alt=\"Akademie\" width=\"300\" height=\"224\" srcset=\"https:\/\/oberle-stiftung.de\/wp-content\/uploads\/2015\/09\/Akademie-300x224.jpg 300w, https:\/\/oberle-stiftung.de\/wp-content\/uploads\/2015\/09\/Akademie-1024x765.jpg 1024w\" sizes=\"auto, (max-width: 300px) 100vw, 300px\" \/><\/a>Ganz besonders ist, dass f\u00fcr die Proben der Endauff\u00fchrung bereits Kontakt zu Profimusikern aus der Welt der klassischen Musik herstellt wurde. Bei der ersten Begegnung mit den Profis sind die Jugendlichen ganz sch\u00f6n nerv\u00f6s. Die Anspannung liegt fast sp\u00fcrbar in der Luft. Doch als die weltber\u00fchmten Musiker sich dann als ganz menschlich und greifbar entpuppen, da ist den Jugendlichen mehr als nur ein Stein vom Herzen gefallen. Die junge Generation der Turnseeschule w\u00e4chst \u00fcber sich hinaus. Sie proben ohne Rast und Ruh und alles dreht sich um\u201eOrfeo\u201c.<\/p>\n<p style=\"text-align: justify;\"><a href=\"http:\/\/oberle-stiftung.de\/wp-content\/uploads\/2015\/09\/TH-Chorakademie-DortmundStefan-Korn.jpg\"><img loading=\"lazy\" decoding=\"async\" class=\" size-medium wp-image-1856 alignleft\" src=\"http:\/\/oberle-stiftung.de\/wp-content\/uploads\/2015\/09\/TH-Chorakademie-DortmundStefan-Korn-300x180.jpg\" alt=\"TH Chorakademie DortmundStefan Korn\" width=\"300\" height=\"180\" srcset=\"https:\/\/oberle-stiftung.de\/wp-content\/uploads\/2015\/09\/TH-Chorakademie-DortmundStefan-Korn-300x180.jpg 300w, https:\/\/oberle-stiftung.de\/wp-content\/uploads\/2015\/09\/TH-Chorakademie-DortmundStefan-Korn-1024x615.jpg 1024w\" sizes=\"auto, (max-width: 300px) 100vw, 300px\" \/><\/a>H\u00f6hepunkt des Projekts war die Auff\u00fchrung des erarbeiteten Theaterst\u00fccks als Einf\u00fchrungsveranstaltung im Winterer Foyer des Theaters Freiburg. Es war direkt vor dem Konzert der \u201eProfi-Kollegen\u201c, dem Balthasar-Neumann-Chor und -Ensemble unter der Leitung von Thomas Hengelbrock am 18. Juni 2012. \u201eKultur ist nicht, wie manche meinen, ein bisweilen verzichtbarer Luxusartikel. Kultur ist Grundlage und N\u00e4hrboden einer humanen, aufgekl\u00e4rten und leistungsf\u00e4higen Zivilgesellschaft. Deshalb sind wir alle in der Verantwortung, unser Wissen um Kunst und Kultur an die n\u00e4chsten Generationen weiterzugeben\u201c, so Thomas Hengelbrock.<\/p>\n<p style=\"text-align: justify;\">Diese jungen Menschen wurden in einer einzigartigen Weise an die klassische Musik herangef\u00fchrt. Ihr Musikverst\u00e4ndnis, ihre Ausdruckskraft und ihre B\u00fchnenpr\u00e4senz konnten sich entwickeln und sie sind \u00fcber sich selbst hinausgewachsen. Der Beitrag jedes Einzelnen z\u00e4hlte, um das Gesamtkunstwerk am Ende vollendet vorf\u00fchren zu k\u00f6nnen. Alle haben an einem Strang gezogen und das Endergebnis war reines Theater f\u00fcr die Ohren!<\/p>\n\n","protected":false},"excerpt":{"rendered":"<p>Klassische Musik verbindet Brennpunktsch\u00fcler und WeltmusikerBrennpunktsch\u00fcler treffen auf weltbekannte Musiker und entf\u00fchren Zuschauer in die Sph\u00e4ren der Oper. Kaum zu glauben, dass Jugendliche sich im Alter zwischen 12 und 14 Jahren mit Haut und Haaren in den mythologischen Stoff der ersten Oper \u201eL\u2019Orfeo\u201c von Claudio Monteverdi st\u00fcrzen. Die 14 Sch\u00fclerinnen und Sch\u00fcler aus der Turnseeschule &hellip; <a href=\"https:\/\/oberle-stiftung.de\/?page_id=1855\" class=\"more-link\"><span class=\"screen-reader-text\">Theater f\u00fcr die Ohren<\/span> weiterlesen <span class=\"meta-nav\">&rarr;<\/span><\/a><\/p>\n","protected":false},"author":3,"featured_media":0,"parent":58,"menu_order":0,"comment_status":"closed","ping_status":"closed","template":"","meta":{"ngg_post_thumbnail":0,"footnotes":""},"categories":[20,35,21],"tags":[],"class_list":["post-1855","page","type-page","status-publish","hentry","category-deutschland","category-hilfen-fuer-kinder-u-jugendliche","category-region-freiburg"],"_links":{"self":[{"href":"https:\/\/oberle-stiftung.de\/index.php?rest_route=\/wp\/v2\/pages\/1855","targetHints":{"allow":["GET"]}}],"collection":[{"href":"https:\/\/oberle-stiftung.de\/index.php?rest_route=\/wp\/v2\/pages"}],"about":[{"href":"https:\/\/oberle-stiftung.de\/index.php?rest_route=\/wp\/v2\/types\/page"}],"author":[{"embeddable":true,"href":"https:\/\/oberle-stiftung.de\/index.php?rest_route=\/wp\/v2\/users\/3"}],"replies":[{"embeddable":true,"href":"https:\/\/oberle-stiftung.de\/index.php?rest_route=%2Fwp%2Fv2%2Fcomments&post=1855"}],"version-history":[{"count":2,"href":"https:\/\/oberle-stiftung.de\/index.php?rest_route=\/wp\/v2\/pages\/1855\/revisions"}],"predecessor-version":[{"id":3173,"href":"https:\/\/oberle-stiftung.de\/index.php?rest_route=\/wp\/v2\/pages\/1855\/revisions\/3173"}],"up":[{"embeddable":true,"href":"https:\/\/oberle-stiftung.de\/index.php?rest_route=\/wp\/v2\/pages\/58"}],"wp:attachment":[{"href":"https:\/\/oberle-stiftung.de\/index.php?rest_route=%2Fwp%2Fv2%2Fmedia&parent=1855"}],"wp:term":[{"taxonomy":"category","embeddable":true,"href":"https:\/\/oberle-stiftung.de\/index.php?rest_route=%2Fwp%2Fv2%2Fcategories&post=1855"},{"taxonomy":"post_tag","embeddable":true,"href":"https:\/\/oberle-stiftung.de\/index.php?rest_route=%2Fwp%2Fv2%2Ftags&post=1855"}],"curies":[{"name":"wp","href":"https:\/\/api.w.org\/{rel}","templated":true}]}}