{"id":2097,"date":"2015-12-15T17:43:21","date_gmt":"2015-12-15T17:43:21","guid":{"rendered":"http:\/\/oberle-stiftung.de\/?page_id=2097"},"modified":"2021-03-08T13:00:35","modified_gmt":"2021-03-08T13:00:35","slug":"blick-kiste-zwischen-werkraum-und-buehnentraum","status":"publish","type":"page","link":"https:\/\/oberle-stiftung.de\/?page_id=2097","title":{"rendered":"Blick-Kiste: Zwischen Werkraum und B\u00fchnentraum"},"content":{"rendered":"<p style=\"text-align: justify;\"><strong><a href=\"http:\/\/oberle-stiftung.de\/wp-content\/uploads\/2015\/10\/BZ-Foto-II.jpg\"><img loading=\"lazy\" decoding=\"async\" class=\"alignright wp-image-2098 size-thumbnail\" src=\"http:\/\/oberle-stiftung.de\/wp-content\/uploads\/2015\/10\/BZ-Foto-II-150x150.jpg\" alt=\"BZ Foto II\" width=\"150\" height=\"150\" \/><\/a>Inklusive Theatergruppe Blick-Kiste ist f\u00fcr jeden offen<\/strong><br \/>Hochkonzentriert arbeiten die Teilnehmer an `ihren` Masken. Sie sitzen in einer Werkstatt der Einrichtung \u201eLebenshilfe\u201c. Eine bunte Gruppe. Manche sind schon \u00e4lter, einige noch recht jung. Was sie\u00a0 alle verbindet, ist die Leidenschaft zu Kunst und Theater. Ein Teilnehmer formt seine Maske stets aus kleinen Tonk\u00fcgelchen. Das dauert lange, die einzelnen\u00a0\u00a0Kugeln werden sorgf\u00e4ltig aneinandergepresst. Eine Teilnehmerin arbeitet seit Wochen \u00a0an den Augen ihrer Maske.<\/p>\n<p style=\"text-align: justify;\"><!--more--><\/p>\n<p style=\"text-align: justify;\"><img loading=\"lazy\" decoding=\"async\" class=\" size-medium wp-image-2101 alignleft\" src=\"http:\/\/oberle-stiftung.de\/wp-content\/uploads\/2015\/10\/BZ-Foto-III-300x196.jpg\" alt=\"BZ Foto III\" width=\"300\" height=\"196\" srcset=\"https:\/\/oberle-stiftung.de\/wp-content\/uploads\/2015\/10\/BZ-Foto-III-300x196.jpg 300w, https:\/\/oberle-stiftung.de\/wp-content\/uploads\/2015\/10\/BZ-Foto-III.jpg 1024w\" sizes=\"auto, (max-width: 300px) 100vw, 300px\" \/>Anita Br\u00fctsch greift nicht ein. Jeder der 20 Teilnehmer arbeitet so, wie er kann oder m\u00f6chte. Ob j\u00fcnger oder \u00e4lter, ob eine <span style=\"line-height: 1.5;\">k\u00f6rperliche oder geistige Einschr\u00e4nkung vorliegt oder nicht. Denn etwa \u00a0die H\u00e4lfte der Teilnehmer stie\u00df \u00fcber die &#8222;Lebenshilfe&#8220; zur Theatergruppe. Die Heilp\u00e4dagogin Anita Br\u00fctsch hat das Konzept f\u00fcr\u00a0\u00a0ein inklusives Masken-, Figuren- und Objekttheater entwickelt. Frau Br\u00fctsch ist von Anfang an dabei, wenn die Teilnehmer \u00a0`ihren` B\u00fchnen-Charakter entstehen lassen. In wochenlangen Arbeiten, bevor die eigentlichen Proben \u00fcberhaupt beginnen.\u00a0<\/span><\/p>\n<p style=\"text-align: justify;\">Szenenwechsel: \u00a0Die Gruppe befindet sich nicht mehr im Atelier, sondern auf der B\u00fchne des Theaters \u201eBlick-Kiste\u201c. Die Mitspieler stehen in einem gro\u00dfen Kreis. Sanfte Musik spielt im Hintergrund, die Musik wird rhythmischer. \u00a0&#8222;Bewegt euch so, wie es f\u00fcr euch nat\u00fcrlich ist und wie ihr euch gut f\u00fchlt&#8220;, sagt Theater-Mitglied Kai G\u00fcnther. Die Akteure verlassen die Kreisformation, bewegen sich im ganzen B\u00fchnenraum. Es herrscht eine ganz \u00a0andere Atmosph\u00e4re als noch \u00a0in der Werkstatt,\u00a0 und doch h\u00e4ngt alles zusammen: Denn die fertigen\u00a0\u00a0 Masken liegen auf einer Bank aufgereiht und\u00a0 `schauen` der Gruppe zu.\u00a0\u00a0Bei den Schauspielern gibt es tats\u00e4chlich was zu sehen: Die\u00a0 Bewegungen\u00a0\u00a0werden zunehmend freier, einige gehen in die \u00a0Hocke, tanzen, nehmen St\u00f6cke oder spielen zusammen mit anderen. Andere setzen ihre Masken auf.\u00a0 Das alles geschieht ohne\u00a0 Absprache,\u00a0 wortlos. So entsteht ein Theaterst\u00fcck, mit oder ohne Maske.<\/p>\n<p style=\"text-align: justify;\"><img loading=\"lazy\" decoding=\"async\" class=\" size-medium wp-image-2099 alignright\" src=\"http:\/\/oberle-stiftung.de\/wp-content\/uploads\/2015\/10\/BZ-Foto-I-300x242.jpg\" alt=\"BZ Foto I\" width=\"300\" height=\"242\" srcset=\"https:\/\/oberle-stiftung.de\/wp-content\/uploads\/2015\/10\/BZ-Foto-I-300x242.jpg 300w, https:\/\/oberle-stiftung.de\/wp-content\/uploads\/2015\/10\/BZ-Foto-I.jpg 1024w\" sizes=\"auto, (max-width: 300px) 100vw, 300px\" \/>&#8222;Wir schauen nicht nach den Grenzen, sondern nach den M\u00f6glichkeiten unserer Akteure&#8220;, beschreibt Kai G\u00fcnther das Konzept der Theatergruppe &#8222;Blick-Kiste&#8220;. Die inklusive Theatergruppe nimmt jeden unabh\u00e4ngig von Alter, Geschlecht und Behinderung auf.<br \/>Im vergangenen Jahr wurde das St\u00fcck &#8222;Grenzvertr\u00e4umt&#8220; aufgef\u00fchrt. Ein Riesenerfolg. \u00dcber 300 Besucher waren beim Finale\u00a0 dabei. &#8222;Unser St\u00fcck &#8218;Grenzvertr\u00e4umt&#8216; bestand aus einzelnen Szenen, die wir in einer Collage verbunden haben&#8220;, erkl\u00e4rt die Heilp\u00e4dagogin Theresa M\u00fcller. Beim\u00a0 Sommerblutfestival 2013\u00a0 in K\u00f6ln gab es sogar einen Gastauftritt der Gruppe. Danach war allen klar: Wir machen weiter! Eine Studentin ist heute erstmalig bei den Proben dabei, letztes Jahr war sie noch Zuschauerin. \u00a0Ihr gef\u00e4llt, dass die Gruppe so vieles ohne Text ausdr\u00fcckt. &#8222;Ich finde es spannend herauszufinden, was man mit dem K\u00f6rper alles\u00a0 darstellen kann&#8220;, beschreibt sie.<\/p>\n<p style=\"text-align: justify;\">Spannend bleibt auch, wie das aktuelle Projekt am Jahresende aussehen wird. Bisher gibt es nur einen Arbeitstitel: &#8222;Fenster und [T]R\u00e4ume&#8220;. &#8222;Bei uns ist jeder gleichberechtigt und wir arbeiten gemeinsam an der Produktion&#8220;, erkl\u00e4rt G\u00fcnther. Die Gruppe formt, bildet und gestaltet\u00a0 sowohl die Masken , wie auch \u00a0das St\u00fcck.<\/p>\n<p><a href=\"http:\/\/www.badische-zeitung.de\/freiburg\/alle-zeigen-mit-ihrer-kunst-wie-sie-sind--80772779.html\" target=\"_blank\" rel=\"noopener noreferrer\"><strong>Alle zeigen mit ihrer Kunst, wie sie sind<\/strong> (ver\u00f6ffentlicht am Sa, 15. Februar 2014 auf badische-zeitung.de)<\/a><\/p>\n<p style=\"text-align: justify;\">\u00a0<\/p>\n<p style=\"text-align: justify;\">\u00a0<\/p>\n\n","protected":false},"excerpt":{"rendered":"<p>Inklusive Theatergruppe Blick-Kiste ist f\u00fcr jeden offenHochkonzentriert arbeiten die Teilnehmer an `ihren` Masken. Sie sitzen in einer Werkstatt der Einrichtung \u201eLebenshilfe\u201c. Eine bunte Gruppe. Manche sind schon \u00e4lter, einige noch recht jung. Was sie\u00a0 alle verbindet, ist die Leidenschaft zu Kunst und Theater. Ein Teilnehmer formt seine Maske stets aus kleinen Tonk\u00fcgelchen. Das dauert lange, &hellip; <a href=\"https:\/\/oberle-stiftung.de\/?page_id=2097\" class=\"more-link\"><span class=\"screen-reader-text\">Blick-Kiste: Zwischen Werkraum und B\u00fchnentraum<\/span> weiterlesen <span class=\"meta-nav\">&rarr;<\/span><\/a><\/p>\n","protected":false},"author":3,"featured_media":0,"parent":58,"menu_order":0,"comment_status":"closed","ping_status":"closed","template":"","meta":{"ngg_post_thumbnail":0,"footnotes":""},"categories":[33,21],"tags":[],"class_list":["post-2097","page","type-page","status-publish","hentry","category-hilfen-fuer-behinderte","category-region-freiburg"],"_links":{"self":[{"href":"https:\/\/oberle-stiftung.de\/index.php?rest_route=\/wp\/v2\/pages\/2097","targetHints":{"allow":["GET"]}}],"collection":[{"href":"https:\/\/oberle-stiftung.de\/index.php?rest_route=\/wp\/v2\/pages"}],"about":[{"href":"https:\/\/oberle-stiftung.de\/index.php?rest_route=\/wp\/v2\/types\/page"}],"author":[{"embeddable":true,"href":"https:\/\/oberle-stiftung.de\/index.php?rest_route=\/wp\/v2\/users\/3"}],"replies":[{"embeddable":true,"href":"https:\/\/oberle-stiftung.de\/index.php?rest_route=%2Fwp%2Fv2%2Fcomments&post=2097"}],"version-history":[{"count":26,"href":"https:\/\/oberle-stiftung.de\/index.php?rest_route=\/wp\/v2\/pages\/2097\/revisions"}],"predecessor-version":[{"id":3690,"href":"https:\/\/oberle-stiftung.de\/index.php?rest_route=\/wp\/v2\/pages\/2097\/revisions\/3690"}],"up":[{"embeddable":true,"href":"https:\/\/oberle-stiftung.de\/index.php?rest_route=\/wp\/v2\/pages\/58"}],"wp:attachment":[{"href":"https:\/\/oberle-stiftung.de\/index.php?rest_route=%2Fwp%2Fv2%2Fmedia&parent=2097"}],"wp:term":[{"taxonomy":"category","embeddable":true,"href":"https:\/\/oberle-stiftung.de\/index.php?rest_route=%2Fwp%2Fv2%2Fcategories&post=2097"},{"taxonomy":"post_tag","embeddable":true,"href":"https:\/\/oberle-stiftung.de\/index.php?rest_route=%2Fwp%2Fv2%2Ftags&post=2097"}],"curies":[{"name":"wp","href":"https:\/\/api.w.org\/{rel}","templated":true}]}}