{"id":2105,"date":"2015-10-10T07:01:50","date_gmt":"2015-10-10T07:01:50","guid":{"rendered":"http:\/\/oberle-stiftung.de\/?page_id=2105"},"modified":"2015-10-10T07:26:30","modified_gmt":"2015-10-10T07:26:30","slug":"ferienspass-im-jugendtreff","status":"publish","type":"page","link":"https:\/\/oberle-stiftung.de\/?page_id=2105","title":{"rendered":"Holzwerkstatt im Jugendtreff"},"content":{"rendered":"<p><strong>Hammer, S\u00e4ge und Leim bringt Leben in den Stadtteil<br \/>\n<\/strong><\/p>\n<p style=\"text-align: justify;\">Jahr um Jahr bietet der Jugendtreff Br\u00fchl-Beurbarung <a href=\"http:\/\/oberle-stiftung.de\/wp-content\/uploads\/2015\/10\/BZ-Foto.jpg\"><img loading=\"lazy\" decoding=\"async\" class=\"alignright wp-image-2106 size-thumbnail\" src=\"http:\/\/oberle-stiftung.de\/wp-content\/uploads\/2015\/10\/BZ-Foto-150x150.jpg\" alt=\"BZ Foto\" width=\"150\" height=\"150\" \/><\/a>in Freiburg\u00a0unterschiedliche Freizeiten an.\u00a0 Diesmal geht es in einer mobilen Holzwerkstatt ganz praktisch zu: Eine Horde acht \u2013 bis zw\u00f6lfj\u00e4hriger h\u00e4mmert, schleift und schmirgelt beim letzten Termin regelrecht um die Wette. Noch ein paar finale Handgriffe und Schliffe: Skulpturen, Propeller und Schiffe sind tats\u00e4chlich p\u00fcnktlich fertig geworden.<\/p>\n<p><!--more--><\/p>\n<p style=\"text-align: justify;\">Die Kinder wissen, dass in ein paar Minuten die Eltern zur Vernissage-Er\u00f6ffnung kommen. Die letzten S\u00e4gesp\u00e4ne und der restliche Holzstaub werden vom Boden gefegt. Alles wird sch\u00f6n s\u00e4uberlich zur Schau gestellt. &#8222;Ich habe gelernt, wie ich besser mit Werkzeug umgehen kann und ein Boot gebaut \u2013 aber es schwimmt leider nicht&#8220;, erz\u00e4hlt der achtj\u00e4hrige Lovro Culo. Der Treff hat das Angebot mit der mobilen Holzwerkstatt von Holzbildhauer J\u00fcrgen Hagedorn (46) organisiert. F\u00fcr den Treff ist es wichtig, den Kindern neben der Schule Freir\u00e4ume zu bieten.<img loading=\"lazy\" decoding=\"async\" class=\"  wp-image-2106 aligncenter\" src=\"http:\/\/oberle-stiftung.de\/wp-content\/uploads\/2015\/10\/BZ-Foto-300x166.jpg\" alt=\"BZ Foto\" width=\"436\" height=\"241\" srcset=\"https:\/\/oberle-stiftung.de\/wp-content\/uploads\/2015\/10\/BZ-Foto-300x166.jpg 300w, https:\/\/oberle-stiftung.de\/wp-content\/uploads\/2015\/10\/BZ-Foto.jpg 1024w\" sizes=\"auto, (max-width: 436px) 100vw, 436px\" \/><\/p>\n<p>&nbsp;<\/p>\n<p style=\"text-align: justify;\">Ein anderes Mal steht ein theaterp\u00e4dagogisches Integrationsprojekt f\u00fcr Kinder der 2. &#8211; 5. Klasse an. Die ganzen Ferien \u00fcber wird geprobt, getanzt und gesungen. Die tanztheaterp\u00e4dagogische Choregrafin Sabine Noll ist mit dem Ergebnis zufrieden. Vor dem gro\u00dfen Auftritt liegt die Aufregung in der Luft. Einem kleinen Jungen ist ganz flau im Magen und ein dunkelh\u00e4utiges M\u00e4dchen ist recht blass um die Nase.<\/p>\n<p>&nbsp;<\/p>\n<p style=\"text-align: justify;\"><a href=\"http:\/\/oberle-stiftung.de\/wp-content\/uploads\/2015\/10\/EWerk-MDW0e2VXqF7kiLR1.jpg\"><img loading=\"lazy\" decoding=\"async\" class=\"  wp-image-2125 aligncenter\" src=\"http:\/\/oberle-stiftung.de\/wp-content\/uploads\/2015\/10\/EWerk-MDW0e2VXqF7kiLR1.jpg\" alt=\"EWerk MDW0e2VXqF7kiLR1\" width=\"443\" height=\"204\" srcset=\"https:\/\/oberle-stiftung.de\/wp-content\/uploads\/2015\/10\/EWerk-MDW0e2VXqF7kiLR1.jpg 642w, https:\/\/oberle-stiftung.de\/wp-content\/uploads\/2015\/10\/EWerk-MDW0e2VXqF7kiLR1-300x138.jpg 300w\" sizes=\"auto, (max-width: 443px) 100vw, 443px\" \/><\/a><\/p>\n<p style=\"text-align: justify;\">Zur Auff\u00fchrung des Theaterst\u00fccks kommen Eltern der verschiedener Kulturen aus dem Stadtteil zusammen. Ein lebendiges Miteinander und ein wichtiges verbindendes Element: die Kinder. Viele kommen aus sozialschwachen Familien, die Ferienfreizeit ist eine wichtiger `Anker` im Stadtteil.<\/p>\n<p style=\"text-align: justify;\">Ein paar ganz neugierige kids wollen nach der Theaterauff\u00fchrung gleich wissen, welches Programm bei der n\u00e4chsten Ferienfreizeit anstehen wird. \u201eRund um den Garten\u201c, lacht ein Betreuer.Doch egal wie die Ferienfreizeit der Jugendtreffs gestaltet wird und egal welches Thema es gibt \u2013 f\u00fcr eines ist immer gesorgt: Spa\u00df!<\/p>\n<p style=\"text-align: justify;\"><a href=\"http:\/\/www.badische-zeitung.de\/freiburg\/holzwerkstatt-im-jugendtreff-ferienspass-mit-hammer-saege-und-leim--83636270.html\" target=\"_blank\"><strong>Holzwerkstatt im Jugendtreff: Ferienspa\u00df mit Hammer, S\u00e4ge und Leim<\/strong> (ver\u00f6ffentlicht Mi, 23. April 2014 auf badische-zeitung.de)<\/a><\/p>\n<p>&nbsp;<\/p>\n<p style=\"text-align: justify;\"><em>Der Jugendtreff wird prinzipiell aus der Freiburger Stadtkasse finanziert, erh\u00e4lt aber f\u00fcr besondere Aktivit\u00e4ten und Sonderveranstaltungen auch Unterst\u00fctzung von der Oberle-Stiftung.<\/em><\/p>\n","protected":false},"excerpt":{"rendered":"<p>Hammer, S\u00e4ge und Leim bringt Leben in den Stadtteil Jahr um Jahr bietet der Jugendtreff Br\u00fchl-Beurbarung in Freiburg\u00a0unterschiedliche Freizeiten an.\u00a0 Diesmal geht es in einer mobilen Holzwerkstatt ganz praktisch zu: Eine Horde acht \u2013 bis zw\u00f6lfj\u00e4hriger h\u00e4mmert, schleift und schmirgelt beim letzten Termin regelrecht um die Wette. Noch ein paar finale Handgriffe und Schliffe: Skulpturen, &hellip; <a href=\"https:\/\/oberle-stiftung.de\/?page_id=2105\" class=\"more-link\"><span class=\"screen-reader-text\">Holzwerkstatt im Jugendtreff<\/span> weiterlesen <span class=\"meta-nav\">&rarr;<\/span><\/a><\/p>\n","protected":false},"author":3,"featured_media":0,"parent":58,"menu_order":0,"comment_status":"closed","ping_status":"closed","template":"","meta":{"ngg_post_thumbnail":0,"footnotes":""},"categories":[35,21],"tags":[],"class_list":["post-2105","page","type-page","status-publish","hentry","category-hilfen-fuer-kinder-u-jugendliche","category-region-freiburg"],"_links":{"self":[{"href":"https:\/\/oberle-stiftung.de\/index.php?rest_route=\/wp\/v2\/pages\/2105","targetHints":{"allow":["GET"]}}],"collection":[{"href":"https:\/\/oberle-stiftung.de\/index.php?rest_route=\/wp\/v2\/pages"}],"about":[{"href":"https:\/\/oberle-stiftung.de\/index.php?rest_route=\/wp\/v2\/types\/page"}],"author":[{"embeddable":true,"href":"https:\/\/oberle-stiftung.de\/index.php?rest_route=\/wp\/v2\/users\/3"}],"replies":[{"embeddable":true,"href":"https:\/\/oberle-stiftung.de\/index.php?rest_route=%2Fwp%2Fv2%2Fcomments&post=2105"}],"version-history":[{"count":7,"href":"https:\/\/oberle-stiftung.de\/index.php?rest_route=\/wp\/v2\/pages\/2105\/revisions"}],"predecessor-version":[{"id":2128,"href":"https:\/\/oberle-stiftung.de\/index.php?rest_route=\/wp\/v2\/pages\/2105\/revisions\/2128"}],"up":[{"embeddable":true,"href":"https:\/\/oberle-stiftung.de\/index.php?rest_route=\/wp\/v2\/pages\/58"}],"wp:attachment":[{"href":"https:\/\/oberle-stiftung.de\/index.php?rest_route=%2Fwp%2Fv2%2Fmedia&parent=2105"}],"wp:term":[{"taxonomy":"category","embeddable":true,"href":"https:\/\/oberle-stiftung.de\/index.php?rest_route=%2Fwp%2Fv2%2Fcategories&post=2105"},{"taxonomy":"post_tag","embeddable":true,"href":"https:\/\/oberle-stiftung.de\/index.php?rest_route=%2Fwp%2Fv2%2Ftags&post=2105"}],"curies":[{"name":"wp","href":"https:\/\/api.w.org\/{rel}","templated":true}]}}