{"id":2129,"date":"2015-10-12T07:19:32","date_gmt":"2015-10-12T07:19:32","guid":{"rendered":"http:\/\/oberle-stiftung.de\/?page_id=2129"},"modified":"2020-08-28T12:13:59","modified_gmt":"2020-08-28T12:13:59","slug":"anders-teilen-jubilaeumsfest-25-jahre-wos-pr","status":"publish","type":"page","link":"https:\/\/oberle-stiftung.de\/?page_id=2129","title":{"rendered":"Anders teilen &#8211; Anders jubilieren"},"content":{"rendered":"<h4><strong><a href=\"http:\/\/oberle-stiftung.de\/wp-content\/uploads\/2015\/10\/DSC_3418.jpg\"><img loading=\"lazy\" decoding=\"async\" class=\" size-thumbnail wp-image-2140 alignright\" src=\"http:\/\/oberle-stiftung.de\/wp-content\/uploads\/2015\/10\/DSC_3418-150x150.jpg\" alt=\"DSC_3418\" width=\"150\" height=\"150\" \/><\/a> 25 Jahre W.Oberle-Stiftung<\/strong><\/h4>\n<p>Unter diesem Motto feierte die Oberle-Stiftung ihr 25-j\u00e4hriges Jubil\u00e4um mit \u00fcber 400 G\u00e4sten in der Freiburger Mensa.<\/p>\n<p>In der Studentenkantine war die l\u00e4ngste Social Meets Business -Theke Freiburgs zu einem \u201eWalking-Dinner\u201c aufgebaut.<br \/>\nDie eingeladenen VIPs banden sich die Sch\u00fcrze um (allen voran Sozialb\u00fcrgermeister Ulli von Kirchbach) und gaben dazu die Getr\u00e4nke aus &#8230;<\/p>\n<p><!--more--><\/p>\n<p>Auf Gru\u00dfworte, Dankesreden und Vortr\u00e4ge wurde bewusst verzichtet.<br \/>\nStattdessen konnten sich die Mitfeiernden auf lebendige Weise und im direkten Kontakt mit Mitarbeitern und Projekttr\u00e4gern \u00fcber die Arbeit der Stiftung und\u00a0 \u00fcber die sozialen Projekte\u00a0 in der Region informieren.<br \/>\nAn der &#8222;TEILE-Bar&#8220; trafen sich Vertreter aus Wirtschaft und Kommunen , von Sozialleistungstr\u00e4gern, Vereinen und Stiftungen zum lockeren Austausch.<\/p>\n<p><a href=\"http:\/\/oberle-stiftung.de\/wp-content\/uploads\/2015\/10\/AA-DSC_2941.jpg\"><img loading=\"lazy\" decoding=\"async\" class=\"  wp-image-2146 alignleft\" src=\"http:\/\/oberle-stiftung.de\/wp-content\/uploads\/2015\/10\/AA-DSC_2941-300x189.jpg\" alt=\"AA DSC_2941\" width=\"287\" height=\"181\" srcset=\"https:\/\/oberle-stiftung.de\/wp-content\/uploads\/2015\/10\/AA-DSC_2941-300x189.jpg 300w, https:\/\/oberle-stiftung.de\/wp-content\/uploads\/2015\/10\/AA-DSC_2941-1024x647.jpg 1024w, https:\/\/oberle-stiftung.de\/wp-content\/uploads\/2015\/10\/AA-DSC_2941.jpg 1267w\" sizes=\"auto, (max-width: 287px) 100vw, 287px\" \/><\/a> <a href=\"http:\/\/oberle-stiftung.de\/wp-content\/uploads\/2015\/10\/AA-DSC_2993.jpg\"><img loading=\"lazy\" decoding=\"async\" class=\"  wp-image-2147 alignnone\" src=\"http:\/\/oberle-stiftung.de\/wp-content\/uploads\/2015\/10\/AA-DSC_2993-300x199.jpg\" alt=\"AA DSC_2993\" width=\"280\" height=\"185\" srcset=\"https:\/\/oberle-stiftung.de\/wp-content\/uploads\/2015\/10\/AA-DSC_2993-300x199.jpg 300w, https:\/\/oberle-stiftung.de\/wp-content\/uploads\/2015\/10\/AA-DSC_2993-1024x680.jpg 1024w, https:\/\/oberle-stiftung.de\/wp-content\/uploads\/2015\/10\/AA-DSC_2993.jpg 1205w\" sizes=\"auto, (max-width: 280px) 100vw, 280px\" \/><\/a><\/p>\n<p>&nbsp;<\/p>\n<p>Wer wollte konnte f\u00fcr bed\u00fcrftige Familien in Rum\u00e4nien ein Weihnachtsp\u00e4ckchen packen oder sich an einem Einkauf auf Hartz IV-Basis versuchen.<\/p>\n<p><a href=\"http:\/\/oberle-stiftung.de\/wp-content\/uploads\/2015\/10\/DSC_3267.jpg\"><img loading=\"lazy\" decoding=\"async\" class=\"  wp-image-2142 alignleft\" src=\"http:\/\/oberle-stiftung.de\/wp-content\/uploads\/2015\/10\/DSC_3267-300x188.jpg\" alt=\"DSC_3267\" width=\"198\" height=\"124\" srcset=\"https:\/\/oberle-stiftung.de\/wp-content\/uploads\/2015\/10\/DSC_3267-300x188.jpg 300w, https:\/\/oberle-stiftung.de\/wp-content\/uploads\/2015\/10\/DSC_3267-1024x641.jpg 1024w, https:\/\/oberle-stiftung.de\/wp-content\/uploads\/2015\/10\/DSC_3267.jpg 1278w\" sizes=\"auto, (max-width: 198px) 100vw, 198px\" \/><\/a> <a href=\"http:\/\/oberle-stiftung.de\/wp-content\/uploads\/2015\/10\/DSC_3139.jpg\"><img loading=\"lazy\" decoding=\"async\" class=\"alignright  wp-image-2144\" src=\"http:\/\/oberle-stiftung.de\/wp-content\/uploads\/2015\/10\/DSC_3139-300x212.jpg\" alt=\"DSC_3139\" width=\"177\" height=\"125\" srcset=\"https:\/\/oberle-stiftung.de\/wp-content\/uploads\/2015\/10\/DSC_3139-300x212.jpg 300w, https:\/\/oberle-stiftung.de\/wp-content\/uploads\/2015\/10\/DSC_3139-1024x723.jpg 1024w, https:\/\/oberle-stiftung.de\/wp-content\/uploads\/2015\/10\/DSC_3139.jpg 1133w\" sizes=\"auto, (max-width: 177px) 100vw, 177px\" \/><\/a><a href=\"http:\/\/oberle-stiftung.de\/wp-content\/uploads\/2015\/10\/DSC_3282.jpg\"><img loading=\"lazy\" decoding=\"async\" class=\"  wp-image-2143 aligncenter\" src=\"http:\/\/oberle-stiftung.de\/wp-content\/uploads\/2015\/10\/DSC_3282-300x222.jpg\" alt=\"DSC_3282\" width=\"169\" height=\"125\" srcset=\"https:\/\/oberle-stiftung.de\/wp-content\/uploads\/2015\/10\/DSC_3282-300x222.jpg 300w, https:\/\/oberle-stiftung.de\/wp-content\/uploads\/2015\/10\/DSC_3282-1024x756.jpg 1024w, https:\/\/oberle-stiftung.de\/wp-content\/uploads\/2015\/10\/DSC_3282.jpg 1083w\" sizes=\"auto, (max-width: 169px) 100vw, 169px\" \/><\/a><\/p>\n<p>&nbsp;<\/p>\n<p>Wer spezielle Cocktails wollte, hatte zur Bestellung ein wenig Geb\u00e4rdensprache zu lernen.<\/p>\n<p><a href=\"http:\/\/oberle-stiftung.de\/wp-content\/uploads\/2015\/10\/DSC_3146.jpg\"><img loading=\"lazy\" decoding=\"async\" class=\"  wp-image-2148 alignright\" src=\"http:\/\/oberle-stiftung.de\/wp-content\/uploads\/2015\/10\/DSC_3146-300x199.jpg\" alt=\"DSC_3146\" width=\"178\" height=\"118\" srcset=\"https:\/\/oberle-stiftung.de\/wp-content\/uploads\/2015\/10\/DSC_3146-300x199.jpg 300w, https:\/\/oberle-stiftung.de\/wp-content\/uploads\/2015\/10\/DSC_3146-1024x680.jpg 1024w, https:\/\/oberle-stiftung.de\/wp-content\/uploads\/2015\/10\/DSC_3146.jpg 1205w\" sizes=\"auto, (max-width: 178px) 100vw, 178px\" \/><\/a> <a href=\"http:\/\/oberle-stiftung.de\/wp-content\/uploads\/2015\/10\/DSC_3162.jpg\"><img loading=\"lazy\" decoding=\"async\" class=\"  wp-image-2149 alignleft\" src=\"http:\/\/oberle-stiftung.de\/wp-content\/uploads\/2015\/10\/DSC_3162-300x199.jpg\" alt=\"DSC_3162\" width=\"187\" height=\"124\" srcset=\"https:\/\/oberle-stiftung.de\/wp-content\/uploads\/2015\/10\/DSC_3162-300x199.jpg 300w, https:\/\/oberle-stiftung.de\/wp-content\/uploads\/2015\/10\/DSC_3162-1024x680.jpg 1024w, https:\/\/oberle-stiftung.de\/wp-content\/uploads\/2015\/10\/DSC_3162.jpg 1205w\" sizes=\"auto, (max-width: 187px) 100vw, 187px\" \/><\/a> <a href=\"http:\/\/oberle-stiftung.de\/wp-content\/uploads\/2015\/10\/DSC_3451.jpg\"><img loading=\"lazy\" decoding=\"async\" class=\"  wp-image-2150 aligncenter\" src=\"http:\/\/oberle-stiftung.de\/wp-content\/uploads\/2015\/10\/DSC_3451-300x218.jpg\" alt=\"DSC_3451\" width=\"167\" height=\"121\" srcset=\"https:\/\/oberle-stiftung.de\/wp-content\/uploads\/2015\/10\/DSC_3451-300x218.jpg 300w, https:\/\/oberle-stiftung.de\/wp-content\/uploads\/2015\/10\/DSC_3451-1024x745.jpg 1024w, https:\/\/oberle-stiftung.de\/wp-content\/uploads\/2015\/10\/DSC_3451.jpg 1099w\" sizes=\"auto, (max-width: 167px) 100vw, 167px\" \/><\/a><\/p>\n<p>&nbsp;<\/p>\n<p>Die gr\u00f6\u00dfte soziale Stiftung S\u00fcdbadens unterst\u00fctzt Menschen,<br \/>\ndie \u2013 so der Satzungszweck \u2013 \u201eaufgrund ihres Alters, ihres Gesundheits- oder geistigen Zustandes, ihrer sozialen Situation oder einer materiellen Notlage auf die Hilfe Dritter anwiesen sind.\u201c<\/p>\n<p>Nach dem frohen Fest ging es ganz ohne Kater an die Arbeit zur\u00fcck.<br \/>\nAktuell steht dabei der \u201eFreiburger Fl\u00fcchtlingsfonds\u201c im Vordergrund.<br \/>\nDie Oberle-Stiftung organisiert private Spenden und erg\u00e4nzende Hilfen f\u00fcr Fl\u00fcchtlinge in der Regio.<\/p>\n<p>&nbsp;<\/p>\n<p><a href=\"http:\/\/oberle-stiftung.de\/wp-content\/uploads\/2015\/10\/AA-DSC_3438.jpg\"><img loading=\"lazy\" decoding=\"async\" class=\"aligncenter  wp-image-2130\" src=\"http:\/\/oberle-stiftung.de\/wp-content\/uploads\/2015\/10\/AA-DSC_3438.jpg\" alt=\"AA DSC_3438\" width=\"617\" height=\"410\" srcset=\"https:\/\/oberle-stiftung.de\/wp-content\/uploads\/2015\/10\/AA-DSC_3438.jpg 1202w, https:\/\/oberle-stiftung.de\/wp-content\/uploads\/2015\/10\/AA-DSC_3438-300x200.jpg 300w, https:\/\/oberle-stiftung.de\/wp-content\/uploads\/2015\/10\/AA-DSC_3438-1024x682.jpg 1024w\" sizes=\"auto, (max-width: 617px) 100vw, 617px\" \/><\/a><\/p>\n","protected":false},"excerpt":{"rendered":"<p>25 Jahre W.Oberle-Stiftung Unter diesem Motto feierte die Oberle-Stiftung ihr 25-j\u00e4hriges Jubil\u00e4um mit \u00fcber 400 G\u00e4sten in der Freiburger Mensa. In der Studentenkantine war die l\u00e4ngste Social Meets Business -Theke Freiburgs zu einem \u201eWalking-Dinner\u201c aufgebaut. Die eingeladenen VIPs banden sich die Sch\u00fcrze um (allen voran Sozialb\u00fcrgermeister Ulli von Kirchbach) und gaben dazu die Getr\u00e4nke aus &hellip; <a href=\"https:\/\/oberle-stiftung.de\/?page_id=2129\" class=\"more-link\"><span class=\"screen-reader-text\">Anders teilen &#8211; Anders jubilieren<\/span> weiterlesen <span class=\"meta-nav\">&rarr;<\/span><\/a><\/p>\n","protected":false},"author":3,"featured_media":0,"parent":0,"menu_order":0,"comment_status":"closed","ping_status":"closed","template":"","meta":{"ngg_post_thumbnail":0,"footnotes":""},"categories":[69,21],"tags":[],"class_list":["post-2129","page","type-page","status-publish","hentry","category-presse","category-region-freiburg"],"_links":{"self":[{"href":"https:\/\/oberle-stiftung.de\/index.php?rest_route=\/wp\/v2\/pages\/2129","targetHints":{"allow":["GET"]}}],"collection":[{"href":"https:\/\/oberle-stiftung.de\/index.php?rest_route=\/wp\/v2\/pages"}],"about":[{"href":"https:\/\/oberle-stiftung.de\/index.php?rest_route=\/wp\/v2\/types\/page"}],"author":[{"embeddable":true,"href":"https:\/\/oberle-stiftung.de\/index.php?rest_route=\/wp\/v2\/users\/3"}],"replies":[{"embeddable":true,"href":"https:\/\/oberle-stiftung.de\/index.php?rest_route=%2Fwp%2Fv2%2Fcomments&post=2129"}],"version-history":[{"count":12,"href":"https:\/\/oberle-stiftung.de\/index.php?rest_route=\/wp\/v2\/pages\/2129\/revisions"}],"predecessor-version":[{"id":2141,"href":"https:\/\/oberle-stiftung.de\/index.php?rest_route=\/wp\/v2\/pages\/2129\/revisions\/2141"}],"wp:attachment":[{"href":"https:\/\/oberle-stiftung.de\/index.php?rest_route=%2Fwp%2Fv2%2Fmedia&parent=2129"}],"wp:term":[{"taxonomy":"category","embeddable":true,"href":"https:\/\/oberle-stiftung.de\/index.php?rest_route=%2Fwp%2Fv2%2Fcategories&post=2129"},{"taxonomy":"post_tag","embeddable":true,"href":"https:\/\/oberle-stiftung.de\/index.php?rest_route=%2Fwp%2Fv2%2Ftags&post=2129"}],"curies":[{"name":"wp","href":"https:\/\/api.w.org\/{rel}","templated":true}]}}