{"id":2203,"date":"2015-11-24T09:55:00","date_gmt":"2015-11-24T09:55:00","guid":{"rendered":"http:\/\/oberle-stiftung.de\/?page_id=2203"},"modified":"2021-01-22T13:20:08","modified_gmt":"2021-01-22T13:20:08","slug":"2203-2","status":"publish","type":"page","link":"https:\/\/oberle-stiftung.de\/?page_id=2203","title":{"rendered":"Elias&#8216; Geschichte"},"content":{"rendered":"<p style=\"margin-bottom: 0pt;\"><span style='line-height: 115%; font-family: \"Arial\",\"sans-serif\"; font-size: 15px;'><a href=\"http:\/\/oberle-stiftung.de\/wp-content\/uploads\/2015\/11\/E.K.spieltBall.jpg\"><img loading=\"lazy\" decoding=\"async\" width=\"150\" height=\"150\" class=\"alignright size-thumbnail wp-image-2210\" alt=\"E.K.spieltBall\" src=\"http:\/\/oberle-stiftung.de\/wp-content\/uploads\/2015\/11\/E.K.spieltBall-150x150.jpg\"><\/a>Hallo, ich bin der Elias!<\/span><\/p>\n<p><span style='line-height: 115%; font-family: \"Arial\",\"sans-serif\"; font-size: 15px;'>Ich bin 6 Jahre alt und lebe zusammen mit meinen Eltern und meiner kleinen Schwester Frida. Wenn ich nicht gerade krank bin und au\u00dferdem noch ausreichend schlafe, &nbsp;bin ich ein fr\u00f6hlicher Junge, mit dem man eine Menge Sp\u00e4\u00dfe machen kann. Meine gro\u00dfe Leidenschaft sind B\u00e4lle und ich benutze auch alle Gegenst\u00e4nde als Ball, &nbsp;indem ich sie durch die Gegend&nbsp; werfe\u2026.<br>Warum ich so bin wie ich bin und was macht mich einzigartig? Bei mir sind die Chromosomen irgendwie durcheinander, aber das und alles Weitere erz\u00e4hlen jetzt meine Eltern. Ist zwar etwas lang,&nbsp;aber kurz kann man mich nicht beschreiben:<\/span><!--more--><\/p>\n<h6 style=\"text-align: left; margin-bottom: 0pt;\"><span style='line-height: 115%; font-family: \"Arial\",\"sans-serif\"; font-size: 15px;'><a href=\"http:\/\/oberle-stiftung.de\/wp-content\/uploads\/2015\/11\/E.K.als-Saeugling.jpg\"><img loading=\"lazy\" decoding=\"async\" width=\"170\" height=\"227\" class=\" size-full wp-image-2208 alignleft\" alt=\"E.K.als Saeugling\" src=\"http:\/\/oberle-stiftung.de\/wp-content\/uploads\/2015\/11\/E.K.als-Saeugling.jpg\"><\/a><\/span><span style=\"font-size: 15px;\"><strong style=\"mso-bidi-font-weight: normal;\"><span style='line-height: 115%; font-family: \"Arial\",\"sans-serif\";'>Wie alles begann\u2026<\/span><\/strong><\/span><\/h6>\n<p style=\"text-align: left; margin-bottom: 0pt;\"><span style='line-height: 115%; font-family: \"Arial\",\"sans-serif\"; font-size: 15px;'>In der Schwangerschaft wussten wir noch nichts von Elias\u00b4 Chromosomenst\u00f6rung, wor\u00fcber wir nachtr\u00e4glich froh sind. Denn es war eine unbeschwerte Zeit, wir konnten uns einfach auf Elias freuen. Mit der Unbeschwertheit war es nach der Geburt schnell vorbei: Elias hatte gro\u00dfe Probleme beim Atmen und konnte keine Nahrung schlucken. Die Sauerstoffs\u00e4ttigung war zu niedrig. Drei Monate blieb Elias &nbsp;in der Kinderklinik, die meiste Zeit lag unser Sohn auf der Intensivstation und es gab Momente, in denen nicht klar war, wie lange er leben w\u00fcrde.<\/span><\/p>\n<p style=\"text-align: left; margin-bottom: 0pt;\"><span style='line-height: 115%; font-family: \"Arial\",\"sans-serif\"; font-size: 15px;'>Der Grund, warum Elias das Atmen so schwer fiel, lag zu einen &nbsp;an&nbsp; anatomischen Gegebenheiten, an dem zur\u00fcckliegenden Unterkiefer und der zur\u00fcckfallenden Zunge. Zum anderen hatte Elias Krampfanf\u00e4lle, die sich auch &nbsp;auf seine Atmung auswirkten. Die Ursache von allen Problemen, mit denen Elias zu k\u00e4mpfen hatte und hat, ist eine seltene Chromosomenver\u00e4nderung. Sie hei\u00dft partielle Trisomie 18, &nbsp;verbunden mit einer partiellen Monosomie 2. Aufgrund der Seltenheit dieser Diagnose konnte uns kein Facharzt &nbsp;sagen, was dies f\u00fcr die Zukunft bedeutet. Gut daran ist, dass Elias bis heute in keine \u201eSchublade gesteckt\u201c werden kann. So konnten und k\u00f6nnen wir uns von seinen kleinen und gro\u00dfen Fortschritten \u00fcberraschen lassen \u2013 und er \u00fcberrascht uns bis heute immer wieder!<\/span><\/p>\n<h6><span style=\"font-size: 15px;\"><a href=\"http:\/\/oberle-stiftung.de\/wp-content\/uploads\/2015\/11\/E.K.-Portrait.jpg\"><img loading=\"lazy\" decoding=\"async\" width=\"133\" height=\"178\" class=\"alignright  wp-image-2207\" alt=\"E.K. Portrait\" src=\"http:\/\/oberle-stiftung.de\/wp-content\/uploads\/2015\/11\/E.K.-Portrait.jpg\" srcset=\"https:\/\/oberle-stiftung.de\/wp-content\/uploads\/2015\/11\/E.K.-Portrait.jpg 309w, https:\/\/oberle-stiftung.de\/wp-content\/uploads\/2015\/11\/E.K.-Portrait-225x300.jpg 225w\" sizes=\"auto, (max-width: 133px) 100vw, 133px\" \/><\/a>Elias\u00b4 \u201eBaustellen\u201c\u2026<\/span><\/h6>\n<p><span style='line-height: 115%; font-family: \"Arial\",\"sans-serif\"; font-size: 15px;'>So eine Chromosomenver\u00e4nderung hat viele Nebenschaupl\u00e4tze, die uns besch\u00e4ftigen. Dazu z\u00e4hlen Epilepsie, neurogene Blasen- und Darmentleerungsst\u00f6rung, Muskelhypotonie, Infektanf\u00e4lligkeit und Schlafapnoesyndrom. Elias ist in seiner geistigen und motorischen Entwicklung stark beeintr\u00e4chtig, deshalb ist er auch in &nbsp;Pflegestufe 3 (h\u00f6chste Pflegestufe). Er kann sich in keinem Bereich selbst\u00e4ndig versorgen und ist bei allem auf unsere Hilfe angewiesen. Wir waschen ihn, katheterisieren ihn, ziehen ihn an, setzen ihn in den Rollstuhl,&nbsp; f\u00fcttern ihn mit dem L\u00f6ffel (p\u00fcrierte Kost).Elias kann sich nicht verbal \u00e4u\u00dfern und ist sehr ger\u00e4uschempfindlich. In der Kommunikation sind einzelne Worte, &nbsp;aber vor allem Gesten, Mimik und Augenkontakt wichtig. Aufgrund der eingeschr\u00e4nkten Entwicklung kann er nirgendwohin selbst\u00e4ndig gehen &nbsp;oder fahren k\u00f6nnen. &nbsp;Elias wird dauerhaft auf Begleitung angewiesen sein.<\/span><\/p>\n<ul>\n<li><span style='line-height: 115%; font-family: \"Arial\",\"sans-serif\"; font-size: 15px;'>Wir m\u00fcssen immer alle Medikamente und Pflegematerial vorr\u00e4tig haben.<br><\/span><\/li>\n<li><span style='line-height: 115%; font-family: \"Arial\",\"sans-serif\"; font-size: 15px;'>Wir brauchen viele Hilfsmittel wie Rollstuhl, Toilettenstuhl, Gehtrainer etc., die bei der Krankenkasse beantragt, oft erk\u00e4mpft werden m\u00fcssen.<br><\/span><\/li>\n<li><span style='line-height: 115%; font-family: \"Arial\",\"sans-serif\"; font-size: 15px;'>Wir haben feste Zeiten und einen eingespielten Rhythmus f\u00fcr die pflegerischen Ma\u00dfnahmen.<br><\/span><\/li>\n<li><span style='line-height: 115%; font-family: \"Arial\",\"sans-serif\"; font-size: 15px;'>Die (Grund-)Versorgung dauert bedeutend l\u00e4nger als bei normalentwickelten Kindern (durch die kleine Schwester Frida haben wir jetzt den Vergleich!)<br><\/span><\/li>\n<li><span style='line-height: 115%; font-family: \"Arial\",\"sans-serif\"; font-size: 15px;'>Wir achten darauf, dass Elias so wenig Infekte wie m\u00f6glich bekommt<br><\/span><\/li>\n<li><span style='line-height: 115%; font-family: \"Arial\",\"sans-serif\"; font-size: 15px;'>Wir haben u.a. durch Zuzahlungen und spezielle Therapien h\u00f6here finanzielle Belastungen als andere Familien<br><\/span><\/li>\n<li><span style='line-height: 115%; font-family: \"Arial\",\"sans-serif\"; font-size: 15px;'>Wir sind in unserer Freizeitgestaltung und Urlaubsplanung eingeschr\u00e4nkt<br><\/span><\/li>\n<li><span style='line-height: 115%; font-family: \"Arial\",\"sans-serif\"; font-size: 15px;'>Wir brauchen als \u201eBabysitter\u201c geschultes Pflegepersonal<\/span><\/li>\n<\/ul>\n<p style=\"margin-bottom: 0pt;\"><span style='line-height: 115%; font-family: \"Arial\",\"sans-serif\"; font-size: 15px;'><a href=\"http:\/\/oberle-stiftung.de\/wp-content\/uploads\/2015\/11\/E.K.LiegeRad.jpg\"><img loading=\"lazy\" decoding=\"async\" width=\"243\" height=\"182\" class=\"alignleft size-full wp-image-2209\" alt=\"E.K.LiegeRad\" src=\"http:\/\/oberle-stiftung.de\/wp-content\/uploads\/2015\/11\/E.K.LiegeRad.jpg\"><\/a>Ausfl\u00fcge mit Elias, wie ein Besuch des Schwimmbads, in den Zoo fahren, Freunde und Verwandte besuchen, machen uns allen Spa\u00df. Ganz spontan sind sie aber nicht m\u00f6glich, denn es muss immer viel vorbereitet und geplant werden. Je nach Unternehmung gleicht unser Gep\u00e4ck einem Umzug:<\/span><\/p>\n<p style=\"margin-bottom: 0pt;\"><span style='line-height: 115%; font-family: \"Arial\",\"sans-serif\"; font-size: 15px;'>Immer dabei sind p\u00fcriertes Essen, Pflegehilfsmittel zur Blasenentleerung und Rollstuhl.<\/span><\/p>\n<p style=\"margin-bottom: 0pt;\"><span style='line-height: 115%; font-family: \"Arial\",\"sans-serif\"; font-size: 15px;'>Bei l\u00e4ngeren Aufenthalten sollten der Therapiestuhl und der Toilettenstuhl nicht fehlen. WEnn der Gehtrainer oder das &nbsp;Therapierad dabei sind, kann sich &nbsp;Elias im Freien f\u00fcr kurze Strecken selbst fortbewegen.<\/span><\/p>\n<p style=\"margin-bottom: 0pt;\"><span style='line-height: 115%; font-family: \"Arial\",\"sans-serif\"; font-size: 15px;'>Da die Versorgung von Elias auch unterwegs aufwendig ist, sind Zeitfenster f\u00fcr sch\u00f6ne, unbeschwerte Erlebnisse klein und m\u00f6chten &nbsp;optimal genutzt werden. Einer von uns Eltern ist dabei st\u00e4ndig mit Elias besch\u00e4ftigt. Die Ausflugsziele m\u00fcssen gut ausgew\u00e4hlt sein, da Elias mit Trubel und Lautst\u00e4rke nicht umgehen kann. Dazu sollten sie auch noch barrierefrei sein.<\/span><\/p>\n<p style=\"margin-bottom: 0pt;\"><span style=\"font-size: 15px;\"><strong style=\"mso-bidi-font-weight: normal;\"><span style='line-height: 115%; font-family: \"Arial\",\"sans-serif\";'><br><\/span><\/strong><\/span><span style='line-height: 115%; font-family: \"Arial\",\"sans-serif\"; font-size: 15px;'><a href=\"http:\/\/oberle-stiftung.de\/wp-content\/uploads\/2015\/11\/Fam.K.jpg\"><img loading=\"lazy\" decoding=\"async\" width=\"231\" height=\"173\" class=\"alignright size-full wp-image-2211\" alt=\"Fam.K\" src=\"http:\/\/oberle-stiftung.de\/wp-content\/uploads\/2015\/11\/Fam.K.jpg\"><\/a><\/span><span style=\"font-size: 15px;\"><strong style=\"mso-bidi-font-weight: normal;\"><span style='line-height: 115%; font-family: \"Arial\",\"sans-serif\";'>Und dennoch\u2026<\/span><\/strong><\/span><\/p>\n<p style=\"margin-bottom: 0pt;\"><span style='line-height: 115%; font-family: \"Arial\",\"sans-serif\"; font-size: 15px;'>Die Behinderung von Elias stellt uns vor so manche Herausforderung und bringt uns oft an unsere Grenzen. Aber wir sind gl\u00fccklich, dass Elias unser Sohn ist. Wenn er uns angrinst oder mit f\u00fcnf Jahren das erst Mal \u201eMama\u201c sagt, k\u00f6nnten wir weinen vor Gl\u00fcck. Es sind die kleinen und gro\u00dfen Fortschritte und oft nur Augenblicke, die uns Kraft geben.<\/span><\/p>\n<p><span style='line-height: 115%; font-family: \"Arial\",\"sans-serif\"; font-size: 15px;'>Elias ist jetzt schon 6 Jahre alt, und hat in den vergangenen Jahren sehr viel gelernt. Viel mehr, als ihm anfangs zugetraut wurde. Worauf wir sehr stolz sind!<br>Elias ist unser &nbsp;Sonnenschein. Wir freuen uns an seinen Fortschritten, an seinen strahlenden Augen und seinem ansteckenden Lachen.<\/span><\/p>\n\n\n<p><\/p>\n","protected":false},"excerpt":{"rendered":"<p>Hallo, ich bin der Elias! Ich bin 6 Jahre alt und lebe zusammen mit meinen Eltern und meiner kleinen Schwester Frida. Wenn ich nicht gerade krank bin und au\u00dferdem noch ausreichend schlafe, &nbsp;bin ich ein fr\u00f6hlicher Junge, mit dem man eine Menge Sp\u00e4\u00dfe machen kann. Meine gro\u00dfe Leidenschaft sind B\u00e4lle und ich benutze auch alle &hellip; <a href=\"https:\/\/oberle-stiftung.de\/?page_id=2203\" class=\"more-link\"><span class=\"screen-reader-text\">Elias&#8216; Geschichte<\/span> weiterlesen <span class=\"meta-nav\">&rarr;<\/span><\/a><\/p>\n","protected":false},"author":3,"featured_media":0,"parent":58,"menu_order":0,"comment_status":"closed","ping_status":"closed","template":"","meta":{"ngg_post_thumbnail":0,"footnotes":""},"categories":[38,33,21],"tags":[],"class_list":["post-2203","page","type-page","status-publish","hentry","category-hilfen-fuer-einzelne-menschen","category-hilfen-fuer-behinderte","category-region-freiburg"],"_links":{"self":[{"href":"https:\/\/oberle-stiftung.de\/index.php?rest_route=\/wp\/v2\/pages\/2203","targetHints":{"allow":["GET"]}}],"collection":[{"href":"https:\/\/oberle-stiftung.de\/index.php?rest_route=\/wp\/v2\/pages"}],"about":[{"href":"https:\/\/oberle-stiftung.de\/index.php?rest_route=\/wp\/v2\/types\/page"}],"author":[{"embeddable":true,"href":"https:\/\/oberle-stiftung.de\/index.php?rest_route=\/wp\/v2\/users\/3"}],"replies":[{"embeddable":true,"href":"https:\/\/oberle-stiftung.de\/index.php?rest_route=%2Fwp%2Fv2%2Fcomments&post=2203"}],"version-history":[{"count":23,"href":"https:\/\/oberle-stiftung.de\/index.php?rest_route=\/wp\/v2\/pages\/2203\/revisions"}],"predecessor-version":[{"id":3433,"href":"https:\/\/oberle-stiftung.de\/index.php?rest_route=\/wp\/v2\/pages\/2203\/revisions\/3433"}],"up":[{"embeddable":true,"href":"https:\/\/oberle-stiftung.de\/index.php?rest_route=\/wp\/v2\/pages\/58"}],"wp:attachment":[{"href":"https:\/\/oberle-stiftung.de\/index.php?rest_route=%2Fwp%2Fv2%2Fmedia&parent=2203"}],"wp:term":[{"taxonomy":"category","embeddable":true,"href":"https:\/\/oberle-stiftung.de\/index.php?rest_route=%2Fwp%2Fv2%2Fcategories&post=2203"},{"taxonomy":"post_tag","embeddable":true,"href":"https:\/\/oberle-stiftung.de\/index.php?rest_route=%2Fwp%2Fv2%2Ftags&post=2203"}],"curies":[{"name":"wp","href":"https:\/\/api.w.org\/{rel}","templated":true}]}}