{"id":2337,"date":"2016-06-24T15:15:20","date_gmt":"2016-06-24T15:15:20","guid":{"rendered":"http:\/\/oberle-stiftung.de\/?page_id=2337"},"modified":"2021-01-20T10:18:32","modified_gmt":"2021-01-20T10:18:32","slug":"wie-koerperbehinderte-in-einer-wg-fuer-ein-selbstaendiges-leben-trainieren-bz","status":"publish","type":"page","link":"https:\/\/oberle-stiftung.de\/?page_id=2337","title":{"rendered":"Wie K\u00f6rperbehinderte in einer WG f\u00fcr ein selbst\u00e4ndiges Leben trainieren"},"content":{"rendered":"<p class=\"vorwort\">Der Ring der K\u00f6rperbehinderten hat im Stadtteil Rieselfeld barrierefreie Wohnungen angemietet. Dort k\u00f6nnen Menschen Alltagsleben ein\u00fcben.<br \/>\nErm\u00f6glicht wurde dies durch die F\u00f6rderung der Gl\u00fccksspirale, <strong>der Oberle-Stiftung<\/strong> und\u00a0 privater Spender.<!--more--><\/p>\n<div class=\"bigGallery breaker\">\n<div class=\"scrollableAutoHeight mygallery clear\">\n<ol class=\"items\">\n<li>\n<table>\n<tbody>\n<tr>\n<td><a class=\"nyroModal\" title=\"Eine etwas andere K\u00fcche: Rollstuhlfahr...rbehinderten, bereiten Spiegeleier zu.  | Foto: Ingo Schneider\" href=\"http:\/\/ais.badische-zeitung.de\/piece\/07\/5a\/83\/29\/123372329.jpg\" target=\"_blank\" rel=\"gal noopener noreferrer\"> <img decoding=\"async\" id=\"123280653\" title=\"Eine etwas andere K\u00fcche: Rollstuhlfahr...rbehinderten, bereiten Spiegeleier zu.  | Foto: Ingo Schneider\" src=\"http:\/\/ais.badische-zeitung.de\/piece\/07\/5a\/83\/29\/123372329-p-590_450.jpg\" alt=\"\" \/> <\/a><\/td>\n<\/tr>\n<\/tbody>\n<\/table>\n<p>Eine etwas andere K\u00fcche: Rollstuhlfahrer Kevin Eikmeyer und Andrea Schwarz, Leiterin der Sozialen Dienste des Rings der K\u00f6rperbehinderten, bereiten Spiegeleier zu. Foto:\u00a0Ingo\u00a0Schneider<\/li>\n<\/ol>\n<\/div>\n<\/div>\n<p>Anfang Mai ist Kevin Eikmeyer im Stadtteil Rieselfeld von einer Stra\u00dfenseite auf die gegen\u00fcberliegende umgezogen. Was eher unspektakul\u00e4r klingt, war f\u00fcr den 26-J\u00e4hrigen ein gro\u00dfer Schritt\u00a0 in ein selbst\u00e4ndigeres Leben. Er ist auf einen \u00a0Rollstuhl angewiesen und jetzt in eine\u00a0 spezielle Wohngemeinschaft eingezogen, die der Ring der K\u00f6rperbehinderten als neues Angebot f\u00fcr testen m\u00f6chte.<\/p>\n<p>&#8222;Ich sehe mich als privilegiert an, dass ich hier wohnen darf&#8220;, sagt Kevin Eikmeyer. Er hat in der Vier-Zimmer-Wohnung einen Raum bezogen.\u00a0 Die Einrichtung verr\u00e4t sofort, f\u00fcr welche Fu\u00dfballmannschaft sein Herz schl\u00e4gt: Das SC-Wappen ist\u00a0 gleich mehrfach zu finden. &#8222;Ich komme schlie\u00dflich aus Freiburg.&#8220;<\/p>\n<p>Kevin Eikmeyer leidet an einer infantilen Cerebralparese, ausgel\u00f6st durch einen Sauerstoffmangel bei der Geburt. Seine Zwillingsschwester kam gesund auf die Welt. Aufgewachsen ist er bei seiner Familie im Ortsteil Tiengen, nach der Schule \u00a0ging er nach Ludwigsburg, wo er zur B\u00fcrokraft ausgebildet wurde. Da sein Elternhaus &#8222;wenig bis gar nicht behindertengerecht&#8220; ist, zog er ins Rainer-Bernhard-Haus in Rieselfeld, ins sogenannte Trainingswohnen.<\/p>\n<p>Zwei Jahre lang werden k\u00f6rperbehinderte Menschen\u00a0 in einer Sechser-WG darauf vorbereitet, eigenst\u00e4ndiger leben zu k\u00f6nnen.\u00a0 Noch in \u00a0einer Rund-um-die-Uhr-Betreuung. &#8222;Viele junge Menschen mit schweren K\u00f6rperbehinderungen leben mangels Alternativen in Altenwohnheimen&#8220;, wei\u00df Ring-Gesch\u00e4ftsf\u00fchrer Norbert Wei\u00df. Das 2012 er\u00f6ffnete Rainer-Bernhard-Haus ist eine Alternative. Die neue Wohngemeinschaft sieht Wei\u00df als &#8222;logische Fortsetzung der Bausteine im Haus&#8220;.<\/p>\n<p>Solche Angebote scheiterten allerdings oft daran, dass entsprechende Wohnungen auf dem normalen Markt gar nicht zu finden seien, sagt Norbert Wei\u00df. In Rieselfeld \u2013 einem modernen, barrierefreien Stadtteil, mit Gesch\u00e4ften, Arztpraxen und Physiotherapeuten \u2013 schloss der Ring eine Projektpartnerschaft mit dem katholischen Siedlungswerk, konnte bei der Planung mitreden. In den beiden Wohnungen sind zum Beispiel die Flure deutlich breiter als in normalen Wohnungen, es gibt zwei B\u00e4der und einen zus\u00e4tzlichen Raum f\u00fcr Rollst\u00fchle und andere Hilfsmittel. Die Ofent\u00fcr ist einklappbar, der unterfahrbare Herd auch vom Rollstuhl aus zu bedienen. &#8222;Letztens habe ich mit Hilfe einer Sozialp\u00e4dagogin ein Omelett gemacht&#8220;, erz\u00e4hlt Eikmeyer, &#8222;und es hat sogar geschmeckt.&#8220;<\/p>\n<p>Der 26-J\u00e4hrige f\u00fchlt sich wohl in seiner neuen Umgebung und versteht sich gut mit seinem 36-j\u00e4hrigen Mitbewohner. &#8222;Wir hatten viel Gl\u00fcck, weil wir uns gleich sehr sympathisch waren. Wir waren auch schon mal zusammen ein Bierchen trinken.&#8220; Bei der Auswahl des dritten Mitbewohners oder der Mitbewohnerin haben beide zwar ein Mitspracherecht, f\u00fcr die Vorauswahl und die Entscheidung ist aber Andrea Schwarz zust\u00e4ndig, die Leiterin der Sozialen Dienste. &#8222;Zu hohe Erwartungen und Selbst\u00fcbersch\u00e4tzung&#8220;, nennt sie als Gr\u00fcnde, warum bislang noch kein dritter Bewohner gefunden wurde. Einer habe einen R\u00fcckzieher gemacht, weil er lieber im besch\u00fctzten Familienumfeld bleiben wollte.<\/p>\n<p>Ambulante Pflegedienste kommen zwar regelm\u00e4\u00dfig in die WG, und zwei Sozialp\u00e4dagoginnen organisieren zusammen mit den Bewohnern den Alltag, trotzdem m\u00fcssen die K\u00f6rperbehinderten selbst\u00e4ndiger agieren, als viele das in ihrem bisherigen Leben gewohnt waren. &#8222;Wir wachsen gemeinsam an unseren Erfahrungen&#8220;, sagt Schwarz.<\/p>\n<p>Selbstbestimmt Leben:<br \/>\nDer Ring der K\u00f6rperbehinderten ist ein gemeinn\u00fctziger Verein, der Menschen mit schweren K\u00f6rperbehinderungen ein m\u00f6glichst selbstbestimmtes Leben erm\u00f6glichen will. Dazu geh\u00f6ren unter anderem die Wohnangebote in der Ernst-Winter-Wohnanlage und im Rainer-Bernhard-Haus mit station\u00e4ren Einrichtungen, Assistenz, ambulantem betreutem Wohnen und Alltagsbegleitung.<\/p>\n<div class=\"boxOhne infoBox\">\n<p><a href=\"http:\/\/www.ring-freiburg.de\/\" target=\"_blank\" rel=\"noopener noreferrer\">&gt;&gt; direkt zur website unseres Projektpartners: Ring der K\u00f6rperbehinderten<\/a><\/p>\n<\/div>\n<div class=\"boxOhne infoBox\">\u00a0<a href=\"http:\/\/www.badische-zeitung.de\/freiburg\/wie-koerperbehinderte-in-einer-wg-fuer-ein-selbstaendiges-leben-trainieren--123372333.html\" target=\"_blank\" rel=\"noopener noreferrer\">&gt;&gt; zur Quelle: BZ-Artikel von Daniela Frahm \/ im Original (Badische Zeitung v. 22.06.16)<\/a><\/div>\n<div class=\"boxOhne infoBox\"><\/div>\n","protected":false},"excerpt":{"rendered":"<p>Der Ring der K\u00f6rperbehinderten hat im Stadtteil Rieselfeld barrierefreie Wohnungen angemietet. Dort k\u00f6nnen Menschen Alltagsleben ein\u00fcben. Erm\u00f6glicht wurde dies durch die F\u00f6rderung der Gl\u00fccksspirale, der Oberle-Stiftung und\u00a0 privater Spender.<\/p>\n","protected":false},"author":3,"featured_media":0,"parent":58,"menu_order":0,"comment_status":"closed","ping_status":"closed","template":"","meta":{"ngg_post_thumbnail":0,"footnotes":""},"categories":[33,21],"tags":[],"class_list":["post-2337","page","type-page","status-publish","hentry","category-hilfen-fuer-behinderte","category-region-freiburg"],"_links":{"self":[{"href":"https:\/\/oberle-stiftung.de\/index.php?rest_route=\/wp\/v2\/pages\/2337","targetHints":{"allow":["GET"]}}],"collection":[{"href":"https:\/\/oberle-stiftung.de\/index.php?rest_route=\/wp\/v2\/pages"}],"about":[{"href":"https:\/\/oberle-stiftung.de\/index.php?rest_route=\/wp\/v2\/types\/page"}],"author":[{"embeddable":true,"href":"https:\/\/oberle-stiftung.de\/index.php?rest_route=\/wp\/v2\/users\/3"}],"replies":[{"embeddable":true,"href":"https:\/\/oberle-stiftung.de\/index.php?rest_route=%2Fwp%2Fv2%2Fcomments&post=2337"}],"version-history":[{"count":9,"href":"https:\/\/oberle-stiftung.de\/index.php?rest_route=\/wp\/v2\/pages\/2337\/revisions"}],"predecessor-version":[{"id":3273,"href":"https:\/\/oberle-stiftung.de\/index.php?rest_route=\/wp\/v2\/pages\/2337\/revisions\/3273"}],"up":[{"embeddable":true,"href":"https:\/\/oberle-stiftung.de\/index.php?rest_route=\/wp\/v2\/pages\/58"}],"wp:attachment":[{"href":"https:\/\/oberle-stiftung.de\/index.php?rest_route=%2Fwp%2Fv2%2Fmedia&parent=2337"}],"wp:term":[{"taxonomy":"category","embeddable":true,"href":"https:\/\/oberle-stiftung.de\/index.php?rest_route=%2Fwp%2Fv2%2Fcategories&post=2337"},{"taxonomy":"post_tag","embeddable":true,"href":"https:\/\/oberle-stiftung.de\/index.php?rest_route=%2Fwp%2Fv2%2Ftags&post=2337"}],"curies":[{"name":"wp","href":"https:\/\/api.w.org\/{rel}","templated":true}]}}