{"id":2343,"date":"2016-07-20T16:03:01","date_gmt":"2016-07-20T16:03:01","guid":{"rendered":"http:\/\/oberle-stiftung.de\/?page_id=2343"},"modified":"2021-04-27T21:01:22","modified_gmt":"2021-04-27T21:01:22","slug":"eh-behindertenfahrzeug-sparbrod","status":"publish","type":"page","link":"https:\/\/oberle-stiftung.de\/?page_id=2343","title":{"rendered":"Einzelhilfe f\u00fcr eine Familie aus Norddeutschland"},"content":{"rendered":"<p>2016 schreibt uns Familie&nbsp; S. einen Brief:<\/p>\n<p>&#8222;&#8230;wir bitten nur kurz um Ihre Aufmerksamkeit. Anbei haben wir Ihnen einen Flyer geschickt.<br \/>\nDort machen wir einen Spendenaufruf f\u00fcr unsere Tochter Carisma.<\/p>\n<p><!--more--><br \/>\nWie man dem Flyer entnehmen kann, brauchen wir noch Hilfe zur finanziellen Unterst\u00fctzung.<br \/>\nMan muss einfach alles versuchen, um seinem Kind zu k\u00f6nnen. Da geh\u00f6rt auch das<br \/>\n&#8222;Betteln und Haussieren&#8220; dazu, was nicht immer leicht ist.<br \/>\nDa es f\u00fcr uns das erste mal ist, wissen wir nicht, ob wir bei Ihnen an der richtigen Stelle sind.<br \/>\nVielleicht haben wir ja Gl\u00fcck und genau Sie w\u00e4ren bereit, uns zu unterst\u00fctzen!?<br \/>\nAuch ein noch so kleiner Betrag w\u00fcrde uns sehr helfen.&#8220;<\/p>\n<p>Gerne bewilligen wir einen finanziellen &nbsp;Zuschuss. Per Email bekommen wir ein&nbsp; fr\u00f6hliches Dankesch\u00f6n, als das behindertengerechte Auto ausgeliefert wird.<\/p>\n<p><a href=\"http:\/\/oberle-stiftung.de\/wp-content\/uploads\/2016\/07\/2016-AdrNr.-32501-1-Ausschn.jpg\"><img loading=\"lazy\" decoding=\"async\" class=\"alignright size-large wp-image-2345\" src=\"http:\/\/oberle-stiftung.de\/wp-content\/uploads\/2016\/07\/2016-AdrNr.-32501-1-Ausschn-1024x768.jpg\" alt=\"2016 AdrNr. 32501 1 Ausschn\" width=\"604\" height=\"453\" srcset=\"https:\/\/oberle-stiftung.de\/wp-content\/uploads\/2016\/07\/2016-AdrNr.-32501-1-Ausschn-1024x768.jpg 1024w, https:\/\/oberle-stiftung.de\/wp-content\/uploads\/2016\/07\/2016-AdrNr.-32501-1-Ausschn-300x225.jpg 300w\" sizes=\"auto, (max-width: 604px) 100vw, 604px\" \/><\/a><\/p>\n","protected":false},"excerpt":{"rendered":"<p>2016 schreibt uns Familie&nbsp; S. einen Brief: &#8222;&#8230;wir bitten nur kurz um Ihre Aufmerksamkeit. Anbei haben wir Ihnen einen Flyer geschickt. Dort machen wir einen Spendenaufruf f\u00fcr unsere Tochter Carisma.<\/p>\n","protected":false},"author":3,"featured_media":0,"parent":58,"menu_order":0,"comment_status":"closed","ping_status":"closed","template":"","meta":{"ngg_post_thumbnail":0,"footnotes":""},"categories":[20,38,33],"tags":[],"class_list":["post-2343","page","type-page","status-publish","hentry","category-deutschland","category-hilfen-fuer-einzelne-menschen","category-hilfen-fuer-behinderte"],"_links":{"self":[{"href":"https:\/\/oberle-stiftung.de\/index.php?rest_route=\/wp\/v2\/pages\/2343","targetHints":{"allow":["GET"]}}],"collection":[{"href":"https:\/\/oberle-stiftung.de\/index.php?rest_route=\/wp\/v2\/pages"}],"about":[{"href":"https:\/\/oberle-stiftung.de\/index.php?rest_route=\/wp\/v2\/types\/page"}],"author":[{"embeddable":true,"href":"https:\/\/oberle-stiftung.de\/index.php?rest_route=\/wp\/v2\/users\/3"}],"replies":[{"embeddable":true,"href":"https:\/\/oberle-stiftung.de\/index.php?rest_route=%2Fwp%2Fv2%2Fcomments&post=2343"}],"version-history":[{"count":13,"href":"https:\/\/oberle-stiftung.de\/index.php?rest_route=\/wp\/v2\/pages\/2343\/revisions"}],"predecessor-version":[{"id":4123,"href":"https:\/\/oberle-stiftung.de\/index.php?rest_route=\/wp\/v2\/pages\/2343\/revisions\/4123"}],"up":[{"embeddable":true,"href":"https:\/\/oberle-stiftung.de\/index.php?rest_route=\/wp\/v2\/pages\/58"}],"wp:attachment":[{"href":"https:\/\/oberle-stiftung.de\/index.php?rest_route=%2Fwp%2Fv2%2Fmedia&parent=2343"}],"wp:term":[{"taxonomy":"category","embeddable":true,"href":"https:\/\/oberle-stiftung.de\/index.php?rest_route=%2Fwp%2Fv2%2Fcategories&post=2343"},{"taxonomy":"post_tag","embeddable":true,"href":"https:\/\/oberle-stiftung.de\/index.php?rest_route=%2Fwp%2Fv2%2Ftags&post=2343"}],"curies":[{"name":"wp","href":"https:\/\/api.w.org\/{rel}","templated":true}]}}