{"id":2415,"date":"2016-10-19T12:44:35","date_gmt":"2016-10-19T12:44:35","guid":{"rendered":"http:\/\/oberle-stiftung.de\/?page_id=2415"},"modified":"2021-01-29T14:18:53","modified_gmt":"2021-01-29T14:18:53","slug":"bergstiefel-projekt-fluechtl-entwurf","status":"publish","type":"page","link":"https:\/\/oberle-stiftung.de\/?page_id=2415","title":{"rendered":"Bergstiefel-Projekt"},"content":{"rendered":"<p><u><a href=\"http:\/\/oberle-stiftung.de\/wp-content\/uploads\/2016\/10\/Foto1-BSP.jpg\"><img loading=\"lazy\" decoding=\"async\" class=\"size-thumbnail wp-image-2417 alignright\" src=\"http:\/\/oberle-stiftung.de\/wp-content\/uploads\/2016\/10\/Foto1-BSP-150x150.jpg\" alt=\"foto1-bsp\" width=\"150\" height=\"150\" \/><\/a><\/u>Zwei Fl\u00fcchtlingsklassen der Gertrud-Luckner-Gewerbeschule Freiburg arbeiteten eine Woche lang auf den Feldberg.\u00a0 Im Mai und Juni fuhren sie \u00a0 zum weiteren Ausbau des\u00a0 Wander-Wegenetzes und zur Waldpflege auf den h\u00f6chsten Schwarzwald-Berg.<\/p>\n<p><!--more--><\/p>\n<p>Die Sch\u00fclerInnen der Vorbereitungsklassen (einj\u00e4hrig) \u00a0sind Gefl\u00fcchtete aus Afghanistan, Albanien, Gambia, Irak, Kroatien und \u00a0Syrien.\u00a0 Sie werden auf die \u00a0hiesige Berufs- und Arbeitswelt vorbereitet, auf dem Stundenplan steht vor allem sehr intensiver Deutschunterricht. <br \/>Das Ziel des Bergwaldprojektes bestand dagegen darin,\u00a0\u00a0\u00a0Freude an der Natur und an der Arbeit in der Natur zu vermitteln. Mit dem ganz \u00a0pers\u00f6nlichen Arbeitsbeitrag jeden Sch\u00fclers sollte auch \u00a0ein Bewusstsein f\u00fcr Natur und\u00a0 Naturschutz geweckt werden.<br \/>Bei mehreren \u00a0Exkursionen und Inputs von Fachkr\u00e4ften wurde \u00a0die\u00a0 Vielfalt \u00a0der \u00f6kologischen Systeme sowohl theoretisch als auch praktisch erkundet und danach \u00a0gleich Hand angelegt.<img loading=\"lazy\" decoding=\"async\" class=\" wp-image-3517 aligncenter\" src=\"http:\/\/oberle-stiftung.de\/wp-content\/uploads\/2021\/01\/Folie1-300x169.jpg\" alt=\"\" width=\"630\" height=\"355\" srcset=\"https:\/\/oberle-stiftung.de\/wp-content\/uploads\/2021\/01\/Folie1-300x169.jpg 300w, https:\/\/oberle-stiftung.de\/wp-content\/uploads\/2021\/01\/Folie1-1024x576.jpg 1024w, https:\/\/oberle-stiftung.de\/wp-content\/uploads\/2021\/01\/Folie1-768x432.jpg 768w, https:\/\/oberle-stiftung.de\/wp-content\/uploads\/2021\/01\/Folie1.jpg 1280w\" sizes=\"auto, (max-width: 630px) 100vw, 630px\" \/><\/p>\n<p><img loading=\"lazy\" decoding=\"async\" class=\" wp-image-3518 aligncenter\" src=\"http:\/\/oberle-stiftung.de\/wp-content\/uploads\/2021\/01\/Folie2-300x169.jpg\" alt=\"\" width=\"639\" height=\"360\" srcset=\"https:\/\/oberle-stiftung.de\/wp-content\/uploads\/2021\/01\/Folie2-300x169.jpg 300w, https:\/\/oberle-stiftung.de\/wp-content\/uploads\/2021\/01\/Folie2-1024x576.jpg 1024w, https:\/\/oberle-stiftung.de\/wp-content\/uploads\/2021\/01\/Folie2-768x432.jpg 768w, https:\/\/oberle-stiftung.de\/wp-content\/uploads\/2021\/01\/Folie2.jpg 1280w\" sizes=\"auto, (max-width: 639px) 100vw, 639px\" \/><\/p>\n<p>Beim\u00a0\u00a0 gemeinsamen Anlegen neuer Wanderwege, beim Bau einer Br\u00fccke oder bei der Baumpflege gab es Zeit und Gelegenheit, dass sich die Sch\u00fclerInnen &#8211; losgel\u00f6st vom Schulalltag &#8211; \u00a0\u00a0\u00a0begegnen, neue pers\u00f6nliche Verbindungen\u00a0\u00a0\u00a0kn\u00fcpfen und ein respektvolles Miteinander\u00a0\u00a0leben.<br \/>Unterschiedliche T\u00e4tigkeiten auszu\u00fcben, zu sehen, wie\u00a0 die eigene, k\u00f6rperliche \u00a0Arbeit\u00a0 die unmittelbare Umgebung ver\u00e4ndert,\u00a0\u00a0durch Teamarbeit und bisher unbekannte\u00a0\u00a0k\u00f6rperliche Herausforderungen\u00a0\u00a0\u00a0lernten die Jugendlichen etwas Neues \u00fcber sich selbst.<br \/>Nebenbei \u00a0erkundeten\u00a0\u00a0sie \u00a0die Gegend au\u00dferhalb der Stadt.\u00a0\u00a0So entstand durch das Drau\u00dfen-Schaffen\u00a0\u00a0 ein \u00a0Bezug zur Natur in der Region. Alles, was verbindet und was dabei hilft, hier heimisch zu werden und sich zu integrieren. <br \/>Mit\u00a0 dem\u00a0\u00a0Regio-Monatsticket in der Tasche, \u00a0k\u00f6nnen die jungen Menschen auch nach dem Projekt \u00a0weiter umherfahren,\u00a0 Ausfl\u00fcge zu noch unbekannten Schwarzwald-Highlights unternehmen.<br \/>Nicht zuletzt sollten die Jugendlichen eine m\u00f6glichst gute Zeit miteinander haben, befreit \u00a0von der Enge in den\u00a0\u00a0Fl\u00fcchtlingswohnheimen! \u00a0Drau\u00dfen in der Natur ein Gef\u00fchl von Freude, Gemeinschaft und Stolz\u00a0 sp\u00fcren und dadurch Kraft und Zuversicht \u00a0erlangen.<\/p>\n<p><strong>Wobei haben wir geholfen?<br \/><\/strong>Nun, f\u00fcr ihren Einsatz ben\u00f6tigten die Jugendlichen zun\u00e4chst je ein Paar feste Schuhe. Die konnten wir, \u00a0mit\u00a0 Unterst\u00fctzung von <strong>IKA<\/strong> Hands for Children, \u00a0\u00a0f\u00fcr jede Sch\u00fclerin und jeden Sch\u00fcler finanzieren.<br \/>Die \u00a0Arbeitswoche im Wald w\u00e4re ohne \u00a0die robusten \u00a0Schuhe gar nicht m\u00f6glich gewesen, es regnete oft und heftig.<br \/>Ein Gutes, dass die Bergschuhe \u00a0die Sch\u00fclerInnen auch an anderen kalten und nassen Tagen weiterhin begleiten k\u00f6nnen.<\/p>\n<p><a href=\"https:\/\/www.badische-zeitung.de\/fluechtlinge-helfen-im-naturschutzgebiet--123077297.html\" target=\"_blank\" rel=\"noopener noreferrer\">BZ Artikel zum Bergstiefel Projekt <\/a><\/p>\n\n\n<p><\/p>\n","protected":false},"excerpt":{"rendered":"<p>Zwei Fl\u00fcchtlingsklassen der Gertrud-Luckner-Gewerbeschule Freiburg arbeiteten eine Woche lang auf den Feldberg.\u00a0 Im Mai und Juni fuhren sie \u00a0 zum weiteren Ausbau des\u00a0 Wander-Wegenetzes und zur Waldpflege auf den h\u00f6chsten Schwarzwald-Berg.<\/p>\n","protected":false},"author":3,"featured_media":0,"parent":58,"menu_order":0,"comment_status":"closed","ping_status":"closed","template":"","meta":{"ngg_post_thumbnail":0,"footnotes":""},"categories":[36,21],"tags":[],"class_list":["post-2415","page","type-page","status-publish","hentry","category-hilfen-fuer-fluechtlinge","category-region-freiburg"],"_links":{"self":[{"href":"https:\/\/oberle-stiftung.de\/index.php?rest_route=\/wp\/v2\/pages\/2415","targetHints":{"allow":["GET"]}}],"collection":[{"href":"https:\/\/oberle-stiftung.de\/index.php?rest_route=\/wp\/v2\/pages"}],"about":[{"href":"https:\/\/oberle-stiftung.de\/index.php?rest_route=\/wp\/v2\/types\/page"}],"author":[{"embeddable":true,"href":"https:\/\/oberle-stiftung.de\/index.php?rest_route=\/wp\/v2\/users\/3"}],"replies":[{"embeddable":true,"href":"https:\/\/oberle-stiftung.de\/index.php?rest_route=%2Fwp%2Fv2%2Fcomments&post=2415"}],"version-history":[{"count":33,"href":"https:\/\/oberle-stiftung.de\/index.php?rest_route=\/wp\/v2\/pages\/2415\/revisions"}],"predecessor-version":[{"id":3601,"href":"https:\/\/oberle-stiftung.de\/index.php?rest_route=\/wp\/v2\/pages\/2415\/revisions\/3601"}],"up":[{"embeddable":true,"href":"https:\/\/oberle-stiftung.de\/index.php?rest_route=\/wp\/v2\/pages\/58"}],"wp:attachment":[{"href":"https:\/\/oberle-stiftung.de\/index.php?rest_route=%2Fwp%2Fv2%2Fmedia&parent=2415"}],"wp:term":[{"taxonomy":"category","embeddable":true,"href":"https:\/\/oberle-stiftung.de\/index.php?rest_route=%2Fwp%2Fv2%2Fcategories&post=2415"},{"taxonomy":"post_tag","embeddable":true,"href":"https:\/\/oberle-stiftung.de\/index.php?rest_route=%2Fwp%2Fv2%2Ftags&post=2415"}],"curies":[{"name":"wp","href":"https:\/\/api.w.org\/{rel}","templated":true}]}}