{"id":2500,"date":"2016-11-07T08:45:26","date_gmt":"2016-11-07T08:45:26","guid":{"rendered":"http:\/\/oberle-stiftung.de\/?page_id=2500"},"modified":"2021-04-16T07:56:00","modified_gmt":"2021-04-16T07:56:00","slug":"post-aus-nepal-schule-nach-erdbeben-wieder-aufgebaut","status":"publish","type":"page","link":"https:\/\/oberle-stiftung.de\/?page_id=2500","title":{"rendered":"Post aus Kathmandu: Schule nach Erdbeben wieder aufgebaut"},"content":{"rendered":"<p><img loading=\"lazy\" decoding=\"async\" class=\"alignright\" src=\"http:\/\/oberle-stiftung.de\/wp-content\/uploads\/2021\/04\/29388812143_839cc896eb_o-scaled.jpg\" width=\"235\" height=\"157\" \/>Im April und Mai 2015 kommt es im Himalaya zu mehreren schweren Erdbeben, die Kathmandu und umliegende D\u00f6rfer verw\u00fcsten und gesch\u00e4tzte 10.000 Todesopfer fordern. Eine ganze Region liegt in Tr\u00fcmmern. \u00dcber die Rukmini-Stiftung, die Kindern in Nepal den Zugang zu einer guten Schulbildung erm\u00f6glichen will, k\u00f6nnen wir helfen: \u00a0Knapp 500 Sch\u00fcler in einem Hochtal von Kathmandu bekommen ein neues Schulhaus. Ein Jahr sp\u00e4ter ist das Schulgeb\u00e4ude fertiggestellt und wir erhalten ein Schreiben aus Kathmandu.\u00a0 (frei \u00fcbersetzt)<br \/><!--more--><br \/>Sehr geehrte Wilhelm Oberle-Stiftung,<br \/>im Namen der Rukmini-Stiftung, der Sch\u00fcler und unserer Gemeinde, m\u00f6chte ich Ihnen von ganzem Herzen f\u00fcr Ihre Unterst\u00fctzung im Jahr 2015 danken. Durch Ihre Hilfe konnten wir nach den zerst\u00f6rerischen Erdbeben unsere Gemeinde wiederaufbauen.<br \/>Nach den Beben konnten wir Notfallhilfe leisten, mit Essen, Zelten, Hygieneartikeln und andere existentiell notwendigen Dingen, wodurch die am st\u00e4rksten betroffenen Familien wieder auf die Beine kamen.<br \/>W\u00e4hrend die Soforthilfe zwingend war, so war es ebenso notwendig, die zentrale schulische Institution in der Gegend neu aufzubauen. Eine unserer Partnerschulen, die Shikharapur-Schule, wurde von den Erdbeben komplett zerst\u00f6rt.<\/p>\n<p><img loading=\"lazy\" decoding=\"async\" class=\"alignnone size-medium wp-image-3878\" src=\"http:\/\/oberle-stiftung.de\/wp-content\/uploads\/2021\/04\/29932036241_96945d6f9a_o-300x225.jpg\" alt=\"\" width=\"300\" height=\"225\" srcset=\"https:\/\/oberle-stiftung.de\/wp-content\/uploads\/2021\/04\/29932036241_96945d6f9a_o-300x225.jpg 300w, https:\/\/oberle-stiftung.de\/wp-content\/uploads\/2021\/04\/29932036241_96945d6f9a_o-1024x768.jpg 1024w, https:\/\/oberle-stiftung.de\/wp-content\/uploads\/2021\/04\/29932036241_96945d6f9a_o-768x576.jpg 768w, https:\/\/oberle-stiftung.de\/wp-content\/uploads\/2021\/04\/29932036241_96945d6f9a_o-1536x1152.jpg 1536w, https:\/\/oberle-stiftung.de\/wp-content\/uploads\/2021\/04\/29932036241_96945d6f9a_o-2048x1536.jpg 2048w\" sizes=\"auto, (max-width: 300px) 100vw, 300px\" \/><img loading=\"lazy\" decoding=\"async\" class=\"size-medium wp-image-3874 alignright\" src=\"http:\/\/oberle-stiftung.de\/wp-content\/uploads\/2021\/04\/29387696234_497279fff3_o-300x225.jpg\" alt=\"\" width=\"300\" height=\"225\" srcset=\"https:\/\/oberle-stiftung.de\/wp-content\/uploads\/2021\/04\/29387696234_497279fff3_o-300x225.jpg 300w, https:\/\/oberle-stiftung.de\/wp-content\/uploads\/2021\/04\/29387696234_497279fff3_o-1024x768.jpg 1024w, https:\/\/oberle-stiftung.de\/wp-content\/uploads\/2021\/04\/29387696234_497279fff3_o-768x576.jpg 768w, https:\/\/oberle-stiftung.de\/wp-content\/uploads\/2021\/04\/29387696234_497279fff3_o-1536x1152.jpg 1536w, https:\/\/oberle-stiftung.de\/wp-content\/uploads\/2021\/04\/29387696234_497279fff3_o-2048x1536.jpg 2048w\" sizes=\"auto, (max-width: 300px) 100vw, 300px\" \/>\u00a0<\/p>\n<p>Zum gro\u00dfen Gl\u00fcck f\u00fcr uns und unserer \u00a0Gemeinde haben wir Unterst\u00fctzer wie Sie, die uns dann zur Seite standen, als Hilfe dringend notwendig war.\u00a0 Wir konnten so eine Behelfsschule aus Bambus errichten und innerhalb von zwei Wochen lief der Unterricht wieder an (nachdem die Regierung des Unterrichtsbeginns angeordnet hatte, was ja ohne ein intaktes Schulgeb\u00e4ude schwierig w\u00e4re).\u00a0 Das Provisorium erlaubte einen regul\u00e4ren Schulbetrieb, trotzdem war uns klar, dass wir wieder ein richtiges Schulhaus bauen mussten.<br \/>Mit gro\u00dfer Freude schicke ich einige Fotos von der eben fertiggestellten Schule. Als dauerhaftes Zeichen unserer Dankbarkeit haben wir den Namen Ihrer Stiftung in die Wand gemei\u00dfelt.<\/p>\n<p><img decoding=\"async\" class=\"alignnone\" src=\"http:\/\/oberle-stiftung.de\/wp-content\/uploads\/2021\/04\/29721360030_6e8f559fe9_o-scaled.jpg\" \/><\/p>\n<p><a href=\"https:\/\/www.flickr.com\/photos\/rukmini_foundation\/albums\/72157674469672706\/with\/30015524865\/\" target=\"_blank\" rel=\"noopener noreferrer\">Mehr Bilder zu den<strong> Bauarbeiten des neuen Schulgeb\u00e4udes<\/strong><\/a><\/p>\n<p><a href=\"https:\/\/www.rukminifoundation.org\/our-story\/\" target=\"_blank\" rel=\"noopener noreferrer\">Mehr \u00fcber die<strong> Rukmini-Foundation<\/strong><\/a><\/p>\n<p>\u00a0<\/p>\n<p>Das Originalschreiben aus Kathmandu:<br \/>Dear Wilhelm-Oberle Foundation,<br \/>On behalf of Rukmini Foundation, the scholars in Nepal, and our community in Nepal, I wanted to send you our most heartfelt thanks for your support in 2015, which helped our community recover after the devastating earthquakes. After the earthquakes, we were able to provide immediate relief supplies like food, shelter supplies, feminine hygiene products, and other necessities that allowed the hardest hit families to get back on their feet.<br \/>While the immediate relief was critical, so was the need to rebuild one of our partner schools, Shikharapur &#8212; a key educational institution in the area, which was totally devastated by the earthquakes. Luckily for us and the community, we have supporters like yourself that came to our aid when we needed it the most. Not only were we able to build a temporary school (made of bamboo) in just 2 weeks to ensure that the kids had a place to go to school once the government declared school back in session. Kind of tough to do without actually having a school to go to. While the temporary classrooms provided a way for the kids to restart their education, we knew that a new school would have to be built.<br \/>It is my great pleasure to share with you some pictures of the newly built Shikharapur School now that it has been completed.<br \/>As a token of our gratitude, especially during this time, we etched your organization&#8217;s name into the wall of the Rukmini Floor of this school.<\/p>\n<p><img decoding=\"async\" class=\"aligncenter\" src=\"http:\/\/oberle-stiftung.de\/wp-content\/uploads\/2021\/04\/35593230392_314229769e_o-scaled.jpg\" \/><\/p>\n\n\n<p><\/p>\n\n\n","protected":false},"excerpt":{"rendered":"<p>Im April und Mai 2015 kommt es im Himalaya zu mehreren schweren Erdbeben, die Kathmandu und umliegende D\u00f6rfer verw\u00fcsten und gesch\u00e4tzte 10.000 Todesopfer fordern. Eine ganze Region liegt in Tr\u00fcmmern. \u00dcber die Rukmini-Stiftung, die Kindern in Nepal den Zugang zu einer guten Schulbildung erm\u00f6glichen will, k\u00f6nnen wir helfen: \u00a0Knapp 500 Sch\u00fcler in einem Hochtal von &hellip; <a href=\"https:\/\/oberle-stiftung.de\/?page_id=2500\" class=\"more-link\"><span class=\"screen-reader-text\">Post aus Kathmandu: Schule nach Erdbeben wieder aufgebaut<\/span> weiterlesen <span class=\"meta-nav\">&rarr;<\/span><\/a><\/p>\n","protected":false},"author":3,"featured_media":0,"parent":0,"menu_order":0,"comment_status":"closed","ping_status":"closed","template":"","meta":{"ngg_post_thumbnail":0,"footnotes":""},"categories":[35,34],"tags":[],"class_list":["post-2500","page","type-page","status-publish","hentry","category-hilfen-fuer-kinder-u-jugendliche","category-weltwaerts-sonstige"],"_links":{"self":[{"href":"https:\/\/oberle-stiftung.de\/index.php?rest_route=\/wp\/v2\/pages\/2500","targetHints":{"allow":["GET"]}}],"collection":[{"href":"https:\/\/oberle-stiftung.de\/index.php?rest_route=\/wp\/v2\/pages"}],"about":[{"href":"https:\/\/oberle-stiftung.de\/index.php?rest_route=\/wp\/v2\/types\/page"}],"author":[{"embeddable":true,"href":"https:\/\/oberle-stiftung.de\/index.php?rest_route=\/wp\/v2\/users\/3"}],"replies":[{"embeddable":true,"href":"https:\/\/oberle-stiftung.de\/index.php?rest_route=%2Fwp%2Fv2%2Fcomments&post=2500"}],"version-history":[{"count":37,"href":"https:\/\/oberle-stiftung.de\/index.php?rest_route=\/wp\/v2\/pages\/2500\/revisions"}],"predecessor-version":[{"id":3984,"href":"https:\/\/oberle-stiftung.de\/index.php?rest_route=\/wp\/v2\/pages\/2500\/revisions\/3984"}],"wp:attachment":[{"href":"https:\/\/oberle-stiftung.de\/index.php?rest_route=%2Fwp%2Fv2%2Fmedia&parent=2500"}],"wp:term":[{"taxonomy":"category","embeddable":true,"href":"https:\/\/oberle-stiftung.de\/index.php?rest_route=%2Fwp%2Fv2%2Fcategories&post=2500"},{"taxonomy":"post_tag","embeddable":true,"href":"https:\/\/oberle-stiftung.de\/index.php?rest_route=%2Fwp%2Fv2%2Ftags&post=2500"}],"curies":[{"name":"wp","href":"https:\/\/api.w.org\/{rel}","templated":true}]}}