{"id":2534,"date":"2016-12-14T15:55:44","date_gmt":"2016-12-14T15:55:44","guid":{"rendered":"http:\/\/oberle-stiftung.de\/?page_id=2534"},"modified":"2021-04-08T07:47:19","modified_gmt":"2021-04-08T07:47:19","slug":"computergesteuertes-kerzenziehen-fuer-menschen-mit-komplexen-beeintraechtigungen","status":"publish","type":"page","link":"https:\/\/oberle-stiftung.de\/?page_id=2534","title":{"rendered":"Computergesteuertes Kerzenziehen f\u00fcr Menschen mit komplexen Beeintr\u00e4chtigungen"},"content":{"rendered":"<p><a href=\"http:\/\/oberle-stiftung.de\/wp-content\/uploads\/2016\/12\/IMG_0479.jpg\"><img loading=\"lazy\" decoding=\"async\" class=\"alignright size-thumbnail wp-image-2536\" src=\"http:\/\/oberle-stiftung.de\/wp-content\/uploads\/2016\/12\/IMG_0479-150x150.jpg\" alt=\"img_0479\" width=\"150\" height=\"150\"><\/a>Sch\u00fclerinnen und Sch\u00fcler einer Schule f\u00fcr K\u00f6rper- und Geistigbehinderte sollen mit Hilfe einer computergesteuerten Schwenk- und Hebevorrichtung die M\u00f6glichkeit bekommen, an einem Produktionsprozess aktiv und steuernd teilzunehmen.<br>Die Sch\u00fcler sollen hier &#8218;Selbstwirksamkeit&#8216; erleben und die Bedeutung von T\u00e4tig sein und den Nutzen von Arbeit f\u00fcr die eigene Person erkennen. Produziert werden &nbsp;getauchte Bienenwachskerzen, die auf einem Weihnachtsmarkt verkauft oder&nbsp; auch verschenkt werden k\u00f6nnen.<\/p>\n<p><!--more--><\/p>\n<p><a href=\"http:\/\/oberle-stiftung.de\/wp-content\/uploads\/2016\/12\/IMG_0472.jpg\"><img loading=\"lazy\" decoding=\"async\" class=\"alignleft  wp-image-2535\" src=\"http:\/\/oberle-stiftung.de\/wp-content\/uploads\/2016\/12\/IMG_0472-768x1024.jpg\" alt=\"img_0472\" width=\"335\" height=\"446\" srcset=\"https:\/\/oberle-stiftung.de\/wp-content\/uploads\/2016\/12\/IMG_0472-768x1024.jpg 768w, https:\/\/oberle-stiftung.de\/wp-content\/uploads\/2016\/12\/IMG_0472-225x300.jpg 225w, https:\/\/oberle-stiftung.de\/wp-content\/uploads\/2016\/12\/IMG_0472.jpg 1200w\" sizes=\"auto, (max-width: 335px) 100vw, 335px\" \/><\/a><\/p>\n<p><\/p>\n<p><strong>Aufbau<\/strong>: &nbsp;Kessel und Schmelzeimer, darin wird das Wachs &nbsp;im Wasserbad verfl\u00fcssigt.&nbsp; Seitlich&nbsp; angebracht sind Sicherheits\u00adabdeckungen&nbsp; wegen dem &nbsp;hei\u00dfen und tropfenden Wachs. Die Kerzendochte, um die sich das Wachs in dem wiederholenden Tauchprozess aufbauen soll, sind in einer Halterung fixiert. Die Halterung h\u00e4ngt an einer Art Seilwinde , die wie ein Kran an einem Schwenkarm befestigt ist. Dieser kann manuell \u00fcber das Hei\u00dfwachs geschwenkt, oder zum Best\u00fccken weggeschwenkt werden. Das Tauchen wird \u00fcber einen Funktaster computergesteuert und programmiert durchef\u00fchrt.<\/p>\n<p><strong>Hintergrund<\/strong>:&nbsp; Der Hintergedanke zum Bau der &nbsp;&#8222;Maschine&#8220; begr\u00fcndet sich auf dem Grundsatz der Teilhabe aller Menschen in der Gesellschaft.<br>Eine Arbeit als Grundbed\u00fcrfnis und Identit\u00e4tsschaffung anzusehen,&nbsp;&nbsp;die das Gef\u00fchl von Zugeh\u00f6rigkeit und Sinn im Alltag herstellt, wird Menschen mit komplexen Beeintr\u00e4chtigungen leider oft abgesprochen. Jedoch m\u00f6chten alle Menschen Zugeh\u00f6rigkeit und Sinn erleben. Damit das auch bei Menschen mit Behinderung gelingt, braucht es viel Kreativit\u00e4t und spezielle &nbsp;Hilfsmittel.<\/p>\n<p>Bienenwachskerzen zu ziehen, bedeutet an einem Herstellungs- und Arbeitsprozess beteiligt zu sein. Aus einem Rohstoff , dem &nbsp;Naturprodukt Bienenwachs werden Kerzen, die verpackt, etikettiert und verkauft werden sollen. Weitere Bildungsziele und Arbeitsschritte k\u00f6nnen somit erschlossen werden.<\/p>\n<p><strong><img loading=\"lazy\" decoding=\"async\" class=\"alignleft wp-image-3185\" src=\"http:\/\/oberle-stiftung.de\/wp-content\/uploads\/2021\/01\/Computergesteuertes-Kerzenziehen-fuer-Menschen-mit-komplexen-Beeintraechtigungen-300x225.jpeg\" alt=\"\" width=\"288\" height=\"216\" srcset=\"https:\/\/oberle-stiftung.de\/wp-content\/uploads\/2021\/01\/Computergesteuertes-Kerzenziehen-fuer-Menschen-mit-komplexen-Beeintraechtigungen-300x225.jpeg 300w, https:\/\/oberle-stiftung.de\/wp-content\/uploads\/2021\/01\/Computergesteuertes-Kerzenziehen-fuer-Menschen-mit-komplexen-Beeintraechtigungen.jpeg 640w\" sizes=\"auto, (max-width: 288px) 100vw, 288px\" \/>Umsetzung:<\/strong> Das Projekt wurde durch den Berufsschullehrer Thilo Vollmer an der Oberlinschule in Kehl entwickelt. Der Gro\u00dfteil der Arbeit wurde in Eigenarbeit vorbereitet. Eine externe Firma war bei der weiteren technischen Umsetzung behilflich. Im Fr\u00fchjahr 2016 wurde das Projekt fertiggestellt und nach einer Zertifizierung eingesetzt. Gerne haben wir einen Zuschuss zu den Materialkosten bewilligt.<br>(Nach einer erfolgreichen Erprobungsphase w\u00e4re es denkbar diesen Prototyp in Heilp\u00e4dagogischen F\u00f6rder- und Werkst\u00e4tten einzusetzen.)<\/p>\n<p><\/p>\n\n","protected":false},"excerpt":{"rendered":"<p>Sch\u00fclerinnen und Sch\u00fcler einer Schule f\u00fcr K\u00f6rper- und Geistigbehinderte sollen mit Hilfe einer computergesteuerten Schwenk- und Hebevorrichtung die M\u00f6glichkeit bekommen, an einem Produktionsprozess aktiv und steuernd teilzunehmen.Die Sch\u00fcler sollen hier &#8218;Selbstwirksamkeit&#8216; erleben und die Bedeutung von T\u00e4tig sein und den Nutzen von Arbeit f\u00fcr die eigene Person erkennen. Produziert werden &nbsp;getauchte Bienenwachskerzen, die auf einem &hellip; <a href=\"https:\/\/oberle-stiftung.de\/?page_id=2534\" class=\"more-link\"><span class=\"screen-reader-text\">Computergesteuertes Kerzenziehen f\u00fcr Menschen mit komplexen Beeintr\u00e4chtigungen<\/span> weiterlesen <span class=\"meta-nav\">&rarr;<\/span><\/a><\/p>\n","protected":false},"author":3,"featured_media":0,"parent":58,"menu_order":0,"comment_status":"closed","ping_status":"closed","template":"","meta":{"ngg_post_thumbnail":0,"footnotes":""},"categories":[20,35,33],"tags":[],"class_list":["post-2534","page","type-page","status-publish","hentry","category-deutschland","category-hilfen-fuer-kinder-u-jugendliche","category-hilfen-fuer-behinderte"],"_links":{"self":[{"href":"https:\/\/oberle-stiftung.de\/index.php?rest_route=\/wp\/v2\/pages\/2534","targetHints":{"allow":["GET"]}}],"collection":[{"href":"https:\/\/oberle-stiftung.de\/index.php?rest_route=\/wp\/v2\/pages"}],"about":[{"href":"https:\/\/oberle-stiftung.de\/index.php?rest_route=\/wp\/v2\/types\/page"}],"author":[{"embeddable":true,"href":"https:\/\/oberle-stiftung.de\/index.php?rest_route=\/wp\/v2\/users\/3"}],"replies":[{"embeddable":true,"href":"https:\/\/oberle-stiftung.de\/index.php?rest_route=%2Fwp%2Fv2%2Fcomments&post=2534"}],"version-history":[{"count":11,"href":"https:\/\/oberle-stiftung.de\/index.php?rest_route=\/wp\/v2\/pages\/2534\/revisions"}],"predecessor-version":[{"id":3708,"href":"https:\/\/oberle-stiftung.de\/index.php?rest_route=\/wp\/v2\/pages\/2534\/revisions\/3708"}],"up":[{"embeddable":true,"href":"https:\/\/oberle-stiftung.de\/index.php?rest_route=\/wp\/v2\/pages\/58"}],"wp:attachment":[{"href":"https:\/\/oberle-stiftung.de\/index.php?rest_route=%2Fwp%2Fv2%2Fmedia&parent=2534"}],"wp:term":[{"taxonomy":"category","embeddable":true,"href":"https:\/\/oberle-stiftung.de\/index.php?rest_route=%2Fwp%2Fv2%2Fcategories&post=2534"},{"taxonomy":"post_tag","embeddable":true,"href":"https:\/\/oberle-stiftung.de\/index.php?rest_route=%2Fwp%2Fv2%2Ftags&post=2534"}],"curies":[{"name":"wp","href":"https:\/\/api.w.org\/{rel}","templated":true}]}}