{"id":2615,"date":"2017-11-27T14:48:05","date_gmt":"2017-11-27T14:48:05","guid":{"rendered":"http:\/\/oberle-stiftung.de\/?page_id=2615"},"modified":"2021-04-22T14:06:22","modified_gmt":"2021-04-22T14:06:22","slug":"waldprojekt-der-richard-mittermaier-schule-freiburg","status":"publish","type":"page","link":"https:\/\/oberle-stiftung.de\/?page_id=2615","title":{"rendered":"Eine Kraftwoche im Wald"},"content":{"rendered":"<p><strong>Waldprojekt der Richard-Mittermaier-Schule Freiburg<\/strong><\/p>\n<p><a href=\"http:\/\/oberle-stiftung.de\/wp-content\/uploads\/2017\/11\/Waldprojekt-Richard-Mittermaier-Schule2.jpg\"><img loading=\"lazy\" decoding=\"async\" class=\" wp-image-2617 alignright\" src=\"http:\/\/oberle-stiftung.de\/wp-content\/uploads\/2017\/11\/Waldprojekt-Richard-Mittermaier-Schule2-150x150.jpg\" alt=\"Waldprojekt Richard-Mittermaier-Schule2\" width=\"175\" height=\"175\" \/><\/a>Die Richard-Mittermaier-Schule in Freiburg ist ein Sonderp\u00e4dagogisches<br \/>Bildungs- und Beratungszentrum (fr\u00fcher Sonderschule genannt) mit F\u00f6rderschwerpunkt \u201eGeistige Entwicklung\u201c \u2013 zust\u00e4ndig f\u00fcr Sch\u00fcler im Stadtgebiet Freiburg und im Landkreis Breisgau-Hochschwarzwald. Im Rahmen von individuellen, auf jedes Kind abgestimmten Bildungsangeboten, werden die Kinder\u00a0 unterrichtet .<\/p>\n<p><!--more--><\/p>\n<p>In der Grundstufe (Klasse 1 &#8211; 4) lernen die \u00a0Kinder mit besonderem F\u00f6rderbedarf in Klassen mit durchschnittlich sechs Sch\u00fclern. Wichtige Dinge m\u00fcssen einge\u00fcbt werden, etwa sich in der Schule zeitlich und r\u00e4umlich zu orientieren, Klassenregeln einzuhalten und ein soziales Miteinander zu pflegen. In dem handlungsorientiertem Unterricht werden lebenspraktische Fertigkeiten beigebracht und erste Erfahrungen im Bereich Lesen-Schreiben, Kommunikation und Mathematik gemacht.<\/p>\n<p><a href=\"http:\/\/oberle-stiftung.de\/wp-content\/uploads\/2017\/11\/Waldprojekt-Richard-Mittermaier-Schule1.jpg\"><img loading=\"lazy\" decoding=\"async\" class=\"aligncenter  wp-image-2616\" src=\"http:\/\/oberle-stiftung.de\/wp-content\/uploads\/2017\/11\/Waldprojekt-Richard-Mittermaier-Schule1.jpg\" alt=\"Waldprojekt Richard-Mittermaier-Schule1\" width=\"474\" height=\"316\" srcset=\"https:\/\/oberle-stiftung.de\/wp-content\/uploads\/2017\/11\/Waldprojekt-Richard-Mittermaier-Schule1.jpg 600w, https:\/\/oberle-stiftung.de\/wp-content\/uploads\/2017\/11\/Waldprojekt-Richard-Mittermaier-Schule1-300x200.jpg 300w\" sizes=\"auto, (max-width: 474px) 100vw, 474px\" \/><\/a><\/p>\n<p>In Kooperation mit dem Waldhaus Freiburg wurde f\u00fcr die 18 Sch\u00fcler der Grundstufe eine Waldwoche durchgef\u00fchrt. Der Wald bietet unendliche M\u00f6glichkeiten f\u00fcr spannende Entdeckungen, lustige Spiele und jede Menge Spa\u00df. Die Kinder erfahren dabei viel Wissenswertes \u00fcber den Wald, welche Funktionen der Wald hat und wie man ihn sch\u00fctzen kann. Die Kinder erleben dar\u00fcberhinaus den Forst als vielf\u00e4ltigen Lebensraum f\u00fcr Tiere und Pflanzen.\u00a0 Da Lernen hungrig macht, genie\u00dft die Gruppe zwischendurch das \u00a0mitgebrachte Vesper.<\/p>\n<p>Durch Wahrnehmungs\u00fcbungen, Spiele und Aufgaben wird den Sch\u00fclern die Natur n\u00e4her gebracht und vermittelt, wie sehr ihr eigenes Leben mit der Natur zusammenh\u00e4ngt. Sie lernen u.a. mit \u00a0einfachen, urspr\u00fcnglichen Methoden ein Feuer zu entz\u00fcnden. Die neuen Erfahrungen begeistern die Sch\u00fcler, sie sind mit Freude, Neugier und Wissenslust dabei.<\/p>\n<p>Die Sch\u00fcler sollen w\u00e4hrend der Waldwoche insbesondere in den Bereichen der Fein- und Grobmotorik, der ganzheitlichen Wahrnehmung, der Umweltbildung sowie in ihrer Handlungsplanung und Handlungssteuerung gef\u00f6rdert werden.<\/p>\n<p>Mittlerweile wurde die Waldwoche in einen festen \u00a0Waldtag pro Woche im Schuljahr umgewandelt und etabliert. Damit die Materialen f\u00fcr die folgenden Waldtage sicher zwischengelagert werden k\u00f6nnen, hat die Oberle-Stiftung eine gro\u00dfe abschlie\u00dfbare Metallkiste samt Becherlupen, Eimern und Schaufeln bezahlt. Jetzt k\u00f6nnen die Utensilien f\u00fcr die n\u00e4chste Waldtag-Gruppe trocken und sicher aufbewahrt werden.<\/p>\n<p>Zitat einer beteiligten Sonderschullehrerin: \u201eHier im Wald \u00a0entwickelten die Kinder eine Ausdauer und Kraft, die wir so aus dem Alltag nicht kennen&#8220;.<\/p>\n<p><a href=\"https:\/\/www.schule-guenterstal.de\/ganzheitliches-lernen-in-der-wald-ag\/\" target=\"_blank\" rel=\"noopener noreferrer\">Mehr zum <strong>Sonderp\u00e4dagogischen Bildungs- und Beratungszentrum<\/strong><\/a><\/p>\n\n\n<p><\/p>\n\n\n","protected":false},"excerpt":{"rendered":"<p>Waldprojekt der Richard-Mittermaier-Schule Freiburg Die Richard-Mittermaier-Schule in Freiburg ist ein Sonderp\u00e4dagogischesBildungs- und Beratungszentrum (fr\u00fcher Sonderschule genannt) mit F\u00f6rderschwerpunkt \u201eGeistige Entwicklung\u201c \u2013 zust\u00e4ndig f\u00fcr Sch\u00fcler im Stadtgebiet Freiburg und im Landkreis Breisgau-Hochschwarzwald. Im Rahmen von individuellen, auf jedes Kind abgestimmten Bildungsangeboten, werden die Kinder\u00a0 unterrichtet .<\/p>\n","protected":false},"author":3,"featured_media":0,"parent":58,"menu_order":0,"comment_status":"closed","ping_status":"closed","template":"","meta":{"ngg_post_thumbnail":0,"footnotes":""},"categories":[20,35,33,21],"tags":[71,70],"class_list":["post-2615","page","type-page","status-publish","hentry","category-deutschland","category-hilfen-fuer-kinder-u-jugendliche","category-hilfen-fuer-behinderte","category-region-freiburg","tag-schule","tag-wald"],"_links":{"self":[{"href":"https:\/\/oberle-stiftung.de\/index.php?rest_route=\/wp\/v2\/pages\/2615","targetHints":{"allow":["GET"]}}],"collection":[{"href":"https:\/\/oberle-stiftung.de\/index.php?rest_route=\/wp\/v2\/pages"}],"about":[{"href":"https:\/\/oberle-stiftung.de\/index.php?rest_route=\/wp\/v2\/types\/page"}],"author":[{"embeddable":true,"href":"https:\/\/oberle-stiftung.de\/index.php?rest_route=\/wp\/v2\/users\/3"}],"replies":[{"embeddable":true,"href":"https:\/\/oberle-stiftung.de\/index.php?rest_route=%2Fwp%2Fv2%2Fcomments&post=2615"}],"version-history":[{"count":15,"href":"https:\/\/oberle-stiftung.de\/index.php?rest_route=\/wp\/v2\/pages\/2615\/revisions"}],"predecessor-version":[{"id":3968,"href":"https:\/\/oberle-stiftung.de\/index.php?rest_route=\/wp\/v2\/pages\/2615\/revisions\/3968"}],"up":[{"embeddable":true,"href":"https:\/\/oberle-stiftung.de\/index.php?rest_route=\/wp\/v2\/pages\/58"}],"wp:attachment":[{"href":"https:\/\/oberle-stiftung.de\/index.php?rest_route=%2Fwp%2Fv2%2Fmedia&parent=2615"}],"wp:term":[{"taxonomy":"category","embeddable":true,"href":"https:\/\/oberle-stiftung.de\/index.php?rest_route=%2Fwp%2Fv2%2Fcategories&post=2615"},{"taxonomy":"post_tag","embeddable":true,"href":"https:\/\/oberle-stiftung.de\/index.php?rest_route=%2Fwp%2Fv2%2Ftags&post=2615"}],"curies":[{"name":"wp","href":"https:\/\/api.w.org\/{rel}","templated":true}]}}