{"id":2622,"date":"2017-11-27T15:37:38","date_gmt":"2017-11-27T15:37:38","guid":{"rendered":"http:\/\/oberle-stiftung.de\/?page_id=2622"},"modified":"2021-04-13T07:04:31","modified_gmt":"2021-04-13T07:04:31","slug":"republik-der-taschendiebe","status":"publish","type":"page","link":"https:\/\/oberle-stiftung.de\/?page_id=2622","title":{"rendered":"Republik der Taschendiebe"},"content":{"rendered":"<p><strong>Theaterprojekt mit geh\u00f6rlosen Sch\u00fclern<\/strong><\/p>\n<p><a href=\"http:\/\/oberle-stiftung.de\/wp-content\/uploads\/2017\/11\/Republik-der-Taschendiebe-135048565-p-590_450-BZ.jpg\"><img loading=\"lazy\" decoding=\"async\" class=\"size-thumbnail wp-image-2624 alignright\" src=\"http:\/\/oberle-stiftung.de\/wp-content\/uploads\/2017\/11\/Republik-der-Taschendiebe-135048565-p-590_450-BZ-150x150.jpg\" alt=\"Republik der Taschendiebe 135048565-p-590_450 BZ\" width=\"150\" height=\"150\" \/><\/a>&#8222;Ich klau von dir und du von mir &#8230;.&#8220;<br \/>eine leichtf\u00fc\u00dfige, interaktive Produktion f\u00fcr Geh\u00f6rlose und H\u00f6rende am Theater Freiburg.<br \/>In Kooperation mit Klub Kirschrot unter Mitwirkung von Sch\u00fclern des Bildungs- und Beratungszentrums f\u00fcr H\u00f6rgesch\u00e4digte in Stegen und der Paula-F\u00fcrst-Schule in Freiburg<\/p>\n<p><!--more--><\/p>\n<p>Das Projekt \u201eRepublik der Taschendiebe ist eine \u201etheatrale Staatsgr\u00fcndung\u201c von KLUB KIRSCHROT f\u00fcr h\u00f6rende und geh\u00f6rlose Menschen. Durch das Projekt wird eine \u201ebarrierefreie\u201c Theaterproduktion verwirklicht, die sowohl von h\u00f6renden, sowie h\u00f6rbehinderten, als auch geh\u00f6rlosen Kinder und Jugendliche besucht werden kann.<\/p>\n<p>Das St\u00fcck wird zudem in Zusammenarbeit mit einer Gruppe von Kindern (h\u00f6rend, h\u00f6rbehindert und geh\u00f6rlos) erarbeitet, so dass das Theater zu einem wirklichen Begegnungsort wird. Geh\u00f6rlose Kinder sind somit aktiv und gleichberechtigt am Theaterprozess beteiligt &#8211; ein Beitrag den Weg in eine inklusive Gesellschaft zu ebnen.<\/p>\n<p>Das Projekt bietet ca. 200 Kindern die M\u00f6glichkeit in unterschiedlichen Phasen und Formen teilzunehmen. Im Bildungs- u. Beratungszentrum f\u00fcr H\u00f6rgesch\u00e4digte Stegen sowie an der Paula-F\u00fcrst-Schule Freiburg wurden Schnupperworkshops angeboten, bei denen sich alle interessierten Kinder und Jugendlichen anmelden konnten. So k\u00f6nnen sie in ihrem Sozialraum, in ihrer Schule, das Theaterprojekt erst mal kennenlernen und sich nach dieser praktischen Erfahrung f\u00fcr die Teilnahme an der zweiten Phase entscheiden, in der eine intensivere Besch\u00e4ftigung mit dem Thema m\u00f6glich wird. In der zweiten Phase des Projekts entscheiden sich wiederum 18 &#8211; 20 Teilnehmer, gemeinsam im Theater Freiburg an einer Auff\u00fchrung zu arbeiten. In dieser Gruppe werden die h\u00f6renden, h\u00f6rbehinderten und geh\u00f6rlosen Kinder und Jugendlichen zusammengef\u00fchrt und Begegnungen und eine intimere Arbeitsatmosph\u00e4re erm\u00f6glicht.<a href=\"http:\/\/oberle-stiftung.de\/wp-content\/uploads\/2017\/11\/Republik-der-Taschendiebe-135204535-p-590_450-BZ.jpg\"><img loading=\"lazy\" decoding=\"async\" class=\"aligncenter size-full wp-image-2625\" src=\"http:\/\/oberle-stiftung.de\/wp-content\/uploads\/2017\/11\/Republik-der-Taschendiebe-135204535-p-590_450-BZ.jpg\" alt=\"Republik der Taschendiebe 135204535-p-590_450 BZ\" width=\"590\" height=\"372\" srcset=\"https:\/\/oberle-stiftung.de\/wp-content\/uploads\/2017\/11\/Republik-der-Taschendiebe-135204535-p-590_450-BZ.jpg 590w, https:\/\/oberle-stiftung.de\/wp-content\/uploads\/2017\/11\/Republik-der-Taschendiebe-135204535-p-590_450-BZ-300x189.jpg 300w\" sizes=\"auto, (max-width: 590px) 100vw, 590px\" \/><\/a><\/p>\n<p>In den Auff\u00fchrungen selbst ist auch eine Begegnung von h\u00f6renden und h\u00f6rbehinderten Kindern angelegt. Sie sind so konzipiert, dass immer zwei Schulklassen gemeinsam teilnehmen k\u00f6nnen, eine Klasse einer Regelschule und eine Klasse aus einer Schule mit dem F\u00f6rderschwerpunkt H\u00f6ren. Durch die Interaktivit\u00e4t des Auff\u00fchrungsformates (die Zuschauer werden selbst zu Mitwirkenden) wird eine Begegnung und Durchmischung der Gruppen erreicht.<\/p>\n<p>Aus dem Bildungs- und Beratungszentrum f\u00fcr H\u00f6rgesch\u00e4digte in Stegen haben insgesamt 100 Sch\u00fcler an diesem Projekt teilgenommen, davon in den vorgeschalteten Schnupper-Workshops in der Schule ca. 60 Kinder im Alter von 9 bis 19 Jahren aus den Klassenstufen 5 &#8211; 12. In der Intensiv-Phase waren ca. 15 Sch\u00fcler aktiv in die Theaterproduktion eingebunden und wurden als \u201eSchauspieler\u201c aktiv. Dar\u00fcber hinaus waren pro Auff\u00fchrungstermin ca. 50 Sch\u00fcler als \u201eaktive Zuschauer\u201c aus dem Bildungs- und Beratungszentrum mit dabei.<\/p>\n<p>Ein solches Projekt erfordert erhebliche Mehrkosten im Vergleich zu einer \u201enormalen\u201c Theaterauff\u00fchrung\u00a0 &#8211; sowohl f\u00fcr die technische Ausstattung und Bereitstellung der Untertitel als auch f\u00fcr die Zusammenarbeit mit Geb\u00e4rdensprachdolmetscher in den Workshops und Auff\u00fchrungen.<\/p>\n<p>Die Gesamtkosten dieses inklusiven Theaterprojektes betrugen ca. 30.000\u20ac, davon allein 5.800\u20ac f\u00fcr den Einsatz der Geb\u00e4rdendolmetscher.<\/p>\n<p>Die Kosten wurden im Wesentlichen vom Stadttheater Freiburg und der Theaterstiftung Freiburg \u00fcbernommen. Mit Unterst\u00fctzung einer unserer langj\u00e4hrigen Gro\u00dfspendern, der<strong> IKA &#8211; Hands for Children<\/strong>, konnte auch die Oberle Stiftung einen Zuschuss in H\u00f6he von 2900\u20ac zu den Geb\u00e4rdendolmetscher-Kosten dazugeben.\u00a0<\/p>\n<p><strong><a href=\"http:\/\/www.badische-zeitung.de\/freiburg\/licht-videos-und-gebaerden--135048569.html\" target=\"_blank\" rel=\"noopener noreferrer\">Mehr zum Theaterst\u00fcck \u201eDie Republik der Taschendiebe\u201c<\/a><\/strong><\/p>\n<p><a href=\"https:\/\/www.ika.com\/de\/News\/HANDS-FOR-CHILDREN-cnw-870.html\" target=\"_blank\" rel=\"noopener noreferrer\">Mehr zu <strong>IKA Hands for Children<\/strong><\/a> \u00a0 \u00a0\u00a0 <img loading=\"lazy\" decoding=\"async\" class=\"alignnone\" src=\"http:\/\/oberle-stiftung.de\/wp-content\/uploads\/2021\/04\/IKA-Handy-for-Children.jpg\" width=\"198\" height=\"140\" \/><\/p>\n\n","protected":false},"excerpt":{"rendered":"<p>Theaterprojekt mit geh\u00f6rlosen Sch\u00fclern &#8222;Ich klau von dir und du von mir &#8230;.&#8220;eine leichtf\u00fc\u00dfige, interaktive Produktion f\u00fcr Geh\u00f6rlose und H\u00f6rende am Theater Freiburg.In Kooperation mit Klub Kirschrot unter Mitwirkung von Sch\u00fclern des Bildungs- und Beratungszentrums f\u00fcr H\u00f6rgesch\u00e4digte in Stegen und der Paula-F\u00fcrst-Schule in Freiburg<\/p>\n","protected":false},"author":3,"featured_media":0,"parent":58,"menu_order":0,"comment_status":"closed","ping_status":"closed","template":"","meta":{"ngg_post_thumbnail":0,"footnotes":""},"categories":[20,35,33,21],"tags":[],"class_list":["post-2622","page","type-page","status-publish","hentry","category-deutschland","category-hilfen-fuer-kinder-u-jugendliche","category-hilfen-fuer-behinderte","category-region-freiburg"],"_links":{"self":[{"href":"https:\/\/oberle-stiftung.de\/index.php?rest_route=\/wp\/v2\/pages\/2622","targetHints":{"allow":["GET"]}}],"collection":[{"href":"https:\/\/oberle-stiftung.de\/index.php?rest_route=\/wp\/v2\/pages"}],"about":[{"href":"https:\/\/oberle-stiftung.de\/index.php?rest_route=\/wp\/v2\/types\/page"}],"author":[{"embeddable":true,"href":"https:\/\/oberle-stiftung.de\/index.php?rest_route=\/wp\/v2\/users\/3"}],"replies":[{"embeddable":true,"href":"https:\/\/oberle-stiftung.de\/index.php?rest_route=%2Fwp%2Fv2%2Fcomments&post=2622"}],"version-history":[{"count":9,"href":"https:\/\/oberle-stiftung.de\/index.php?rest_route=\/wp\/v2\/pages\/2622\/revisions"}],"predecessor-version":[{"id":3780,"href":"https:\/\/oberle-stiftung.de\/index.php?rest_route=\/wp\/v2\/pages\/2622\/revisions\/3780"}],"up":[{"embeddable":true,"href":"https:\/\/oberle-stiftung.de\/index.php?rest_route=\/wp\/v2\/pages\/58"}],"wp:attachment":[{"href":"https:\/\/oberle-stiftung.de\/index.php?rest_route=%2Fwp%2Fv2%2Fmedia&parent=2622"}],"wp:term":[{"taxonomy":"category","embeddable":true,"href":"https:\/\/oberle-stiftung.de\/index.php?rest_route=%2Fwp%2Fv2%2Fcategories&post=2622"},{"taxonomy":"post_tag","embeddable":true,"href":"https:\/\/oberle-stiftung.de\/index.php?rest_route=%2Fwp%2Fv2%2Ftags&post=2622"}],"curies":[{"name":"wp","href":"https:\/\/api.w.org\/{rel}","templated":true}]}}