{"id":2681,"date":"2023-03-28T10:09:00","date_gmt":"2023-03-28T10:09:00","guid":{"rendered":"http:\/\/oberle-stiftung.de\/?page_id=2681"},"modified":"2025-08-04T12:25:14","modified_gmt":"2025-08-04T12:25:14","slug":"beschde-lehrer-alemannisch-fuer-beste-lehrer","status":"publish","type":"page","link":"https:\/\/oberle-stiftung.de\/?page_id=2681","title":{"rendered":"Freiburgs beste Lehrer*in"},"content":{"rendered":"<div dir=\"ltr\">\n<p><span style=\"font-family: Bitter, Georgia, serif; font-size: 22px; font-weight: 600;\">Was macht einen guten Lehrer aus?<\/span><\/p>\n<\/div>\n<p class=\"post-title entry-title\"><img loading=\"lazy\" decoding=\"async\" class=\"alignright\" src=\"http:\/\/oberle-stiftung.de\/wp-content\/uploads\/2021\/04\/Freiburgs-LehrerInn-des-Jahres.jpg\" width=\"256\" height=\"134\">Dieser Frage will die Oberle-Stiftung mit dem Voting<br>zu<strong> &#8222;Freiburgs beste Lehrer*in des Jahres&#8220;<\/strong> auf den Grund gehen, und stiftet dazu<strong> ein Preisgeld von 1.000 Euro.<br><\/strong>Ein Lehrer ist besser als zwei B\u00fccher, sagt ein deutsches Sprichwort &#8230;<\/p>\n<p class=\"post-title entry-title\"><!--more--><\/p>\n<div dir=\"ltr\">\n<p>und man k\u00f6nnte erg\u00e4nzen: Ein guter Lehrer ist besser als alle B\u00fccher der Welt.<br>Er vermittelt nicht nur Wissen, sondern auch Begeisterung und Leidenschaft.<br>F\u00fcr sein Fach, f\u00fcrs Lernen, f\u00fcrs Vorankommen.<br>Doch wie oft wird ein Lehrer gelobt? Wie oft wird ihm gedankt? Wird er f\u00fcr tollen Unterricht ausgezeichnet?<\/p>\n<div>Das m\u00f6chte nun die Oberle-Stiftung tun mit einem Preisgeld von 1000 Euro.<br>Dieses Geld geht in die Klassenkasse der Sch\u00fcler, die ihrem Lehrer oder ihrer Lehrerin mit einer Bewerbung zum Gewinn verholfen haben.<\/div>\n<div>Mit dabei ist der Radiosender <a href=\"http:\/\/baden.fm\/\" target=\"_blank\" rel=\"noopener noreferrer\">baden.fm<\/a>, der Gesamtelternbeirat der Freiburger Schulen,&nbsp; der <a href=\"http:\/\/www.freiburgxtra.de\/schuelerrat\" target=\"_blank\" rel=\"noopener noreferrer\">Freiburger Sch\u00fclerrat<\/a> und die <a href=\"http:\/\/www.wall.de\" target=\"_blank\" rel=\"noopener noreferrer\">Wall GmbH.<\/a><br>Im Sommer 2019 wird erstmals \u201eFreiburgs Lehrer\/In des Jahres\u201c gek\u00fcrt.<\/div>\n<div>Um die hervorragende Arbeit guter Lehrkr\u00e4fte zu w\u00fcrdigen. Und um dem Job des Lehrers Anerkennung zu geben. Vielleicht ist der Lehrerpreis ja sogar ein Impuls, der Lehrer anspornt, innovativer, mutiger und kreativer zu werden?<\/div>\n<div>&nbsp;<\/div>\n<div><a href=\"http:\/\/oberle-stiftung.de\/wp-content\/uploads\/2019\/03\/Clemens-Salm-500.jpg\"><img loading=\"lazy\" decoding=\"async\" class=\"alignleft  wp-image-2686\" src=\"http:\/\/oberle-stiftung.de\/wp-content\/uploads\/2019\/03\/Clemens-Salm-500-198x300.jpg\" alt=\"Clemens Salm 500\" width=\"171\" height=\"260\" srcset=\"https:\/\/oberle-stiftung.de\/wp-content\/uploads\/2019\/03\/Clemens-Salm-500-198x300.jpg 198w, https:\/\/oberle-stiftung.de\/wp-content\/uploads\/2019\/03\/Clemens-Salm-500.jpg 500w\" sizes=\"auto, (max-width: 171px) 100vw, 171px\" \/><\/a>Teil der achtk\u00f6pfigen Jury ist auch unser Mitarbeiter Clemens Salm. Er engagiert sich seit Jahren in Projekten zur Unterst\u00fctzung von Kindern und Jugendlichen.<br>Clemens Salms Definition von gutem Unterricht:<br>&#8222;<b>Gute Lehrer*innen<\/b> sind ein gerechtes, authentisches und empathisches Vorbild.<br>Sie k\u00f6nnen und wollen ihren Sch\u00fcler*innen Fachwissen, Verhaltens- und Sichtweisen vermitteln, die f\u00fcr ein selbstbestimmtes Leben hilfreich sind. Gute Lehrer*innen k\u00f6nnen ihre Sch\u00fcler f\u00fcr Dinge begeistern, f\u00fcr die sie sich vorher nicht interessiert haben. Gute Lehrer*innen k\u00f6nnen \u201eSendung mit der Maus f\u00fcr Kleine und Gro\u00dfe\u201c \ud83d\ude42<\/div>\n<\/div>\n<div>&nbsp;<\/div>\n<div>&nbsp;<\/div>\n<div dir=\"ltr\">\n<p><strong>Freiburgs Lehrer*in des Jahres 2025:<\/strong><\/p>\n<p><strong><img loading=\"lazy\" decoding=\"async\" class=\"alignnone size-large wp-image-5238\" src=\"http:\/\/oberle-stiftung.de\/wp-content\/uploads\/2025\/08\/Lehrerpreis-Oberlestiftung-1024x683.jpg\" alt=\"\" width=\"604\" height=\"403\" srcset=\"https:\/\/oberle-stiftung.de\/wp-content\/uploads\/2025\/08\/Lehrerpreis-Oberlestiftung-1024x683.jpg 1024w, https:\/\/oberle-stiftung.de\/wp-content\/uploads\/2025\/08\/Lehrerpreis-Oberlestiftung-300x200.jpg 300w, https:\/\/oberle-stiftung.de\/wp-content\/uploads\/2025\/08\/Lehrerpreis-Oberlestiftung-768x512.jpg 768w, https:\/\/oberle-stiftung.de\/wp-content\/uploads\/2025\/08\/Lehrerpreis-Oberlestiftung-1536x1024.jpg 1536w, https:\/\/oberle-stiftung.de\/wp-content\/uploads\/2025\/08\/Lehrerpreis-Oberlestiftung-2048x1365.jpg 2048w\" sizes=\"auto, (max-width: 604px) 100vw, 604px\" \/><br><\/strong>Vier von f\u00fcnf Preistr\u00e4gerInnen (von links): Ralf Bernion, Patrik Faller, Annika Anderson, Annemarie Seibert. Duschan Remenji fehlt &#8211; er musste nach der Ehrung direkt zur Abschlussfeier seiner Klasse.&nbsp;<strong><br><\/strong>Foto: Martin&nbsp;Koswig<\/p>\n<p><a href=\"https:\/\/www.badische-zeitung.de\/die-besten-lehrkraefte-in-freiburg-wurden-ausgezeichnet\" target=\"_blank\" rel=\"noopener\">Zum Artikel der BZ vom 18.07.2025<\/a><strong><br><\/strong><\/p>\n<div>&nbsp;<\/div>\n<p class=\"wordsection1\">&nbsp;<\/p>\n<div dir=\"ltr\">\n<p><strong>Freiburgs Lehrer*in des Jahres 2024:<br><\/strong><\/p>\n<p><img loading=\"lazy\" decoding=\"async\" class=\" wp-image-5210 alignnone\" src=\"http:\/\/oberle-stiftung.de\/wp-content\/uploads\/2024\/07\/Lehrerepeis-2024-300x200.jpeg\" alt=\"\" width=\"626\" height=\"417\" srcset=\"https:\/\/oberle-stiftung.de\/wp-content\/uploads\/2024\/07\/Lehrerepeis-2024-300x200.jpeg 300w, https:\/\/oberle-stiftung.de\/wp-content\/uploads\/2024\/07\/Lehrerepeis-2024-1024x682.jpeg 1024w, https:\/\/oberle-stiftung.de\/wp-content\/uploads\/2024\/07\/Lehrerepeis-2024-768x512.jpeg 768w, https:\/\/oberle-stiftung.de\/wp-content\/uploads\/2024\/07\/Lehrerepeis-2024.jpeg 1280w\" sizes=\"auto, (max-width: 626px) 100vw, 626px\" \/><\/p>\n<p>Video Preisverleihung im Jazzhaus Freiburg 2024: <a href=\"https:\/\/www.baden-tv-sued.com\/mediathek\/video\/kim-vu-ist-freiburgs-frisch-gekuerte-lehrerin-des-jahres-2024\/\" target=\"_blank\" rel=\"noopener\">https:\/\/www.baden-tv-sued.com\/mediathek\/video\/kim-vu-ist-freiburgs-frisch-gekuerte-lehrerin-des-jahres-2024\/<\/a><\/p>\n<p>&nbsp;<\/p>\n<p><strong>Freiburgs Lehrer*in des Jahres 2023:<\/strong><\/p>\n<p><strong><br><img loading=\"lazy\" decoding=\"async\" class=\"\" src=\"http:\/\/oberle-stiftung.de\/wp-content\/uploads\/2023\/10\/Freibuerger-LererinPreis-scaled.jpg\" width=\"626\" height=\"417\"><br>Die Preistr\u00e4gerinnen des Lehrerpreises 2023: Barbara Schempp, Corinne Mayr sowie Silvia Kaufhold (von links)<br><a href=\"https:\/\/freiburger-lehrerpreis.de\/preistraegerinnen-2023\/\" target=\"_blank\" rel=\"noopener\">F\u00fcr weitere Fotos des Freiburg Lehrerpreises 2023<\/a><br><\/strong><strong><br>Freiburgs Lehrer*in des Jahres 2022:<\/strong><\/p>\n<figure class=\"wp-block-image size-large\"><img decoding=\"async\" class=\"wp-image-670\" src=\"https:\/\/freiburger-lehrerpreis.de\/wp-content\/uploads\/2022\/10\/99KP909600-1024x683.jpg\" alt=\"\">\n<figcaption class=\"wp-element-caption\">Teresa Ehret, Daniel Volaric und Marianne J\u00f6llenbeck (von links): Preistr\u00e4ger*innen 2022\n<p>&nbsp;<\/p>\n<p>&nbsp;<\/p>\n<p>&nbsp;<\/p>\n<p>&nbsp;<\/p>\n<p>Abgegeben wurden 270 Stimmen und vorgeschlagen wurden 114 Personen.<\/p>\n<p>Das meinen die Sch\u00fcler*innen zu den Nominierten:<br>&#8222;Frau Ehret, die hilft uns immer, wenn wir Probleme haben.&#8220; &#8222;Ihr Unterricht ist nicht so stressig, wir k\u00f6nnen uns Zeit lassen und Partnerarbeit machen&#8220;. &#8222;Sie hat zwei von ihren H\u00fchnern mit in den Unterricht gebracht.&#8220; <br>So beschreiben die Sch\u00fcler den originellen Unterricht von Teresa Ehret, die an der Emil Thoma Grundschule Freiburg unterrichtet.<br>Zu Daniel Volaric fasst eine Sch\u00fclerin zusammen: &#8222;Herr Volaric hat Spass an der Klasse, er ist motivierend und hat immer kreative Ideen&#8220;. Daniel Volaric ist am Meret-Oppenheim- Schulzentrum Steinen besch\u00e4ftigt.<br>Und das ausgew\u00f6hnliche Engagement von Marianne J\u00f6llenbeck, der Schulleiterin des Wenzinger-Gymnasiums Freiburg, l\u00e4sst sich in den vielen Stimmen zu ihrer Wahl so zusammenfassen: &#8222;Freiwillige Feuerwehr J\u00f6llenbeck&#8220;.<\/p>\n<\/figcaption>\n<\/figure>\n<\/div>\n<figure class=\"wp-block-image size-full\"><\/figure>\n<p><strong>Freiburgs Lehrer*in des Jahres 2021:<\/strong><\/p>\n<p><img loading=\"lazy\" decoding=\"async\" class=\"wp-image-862\" src=\"https:\/\/freiburger-lehrerpreis.de\/wp-content\/uploads\/2023\/03\/lehrerpreis-21.jpeg\" sizes=\"auto, (max-width: 700px) 100vw, 700px\" srcset=\"https:\/\/freiburger-lehrerpreis.de\/wp-content\/uploads\/2023\/03\/lehrerpreis-21.jpeg 700w, https:\/\/freiburger-lehrerpreis.de\/wp-content\/uploads\/2023\/03\/lehrerpreis-21-300x148.jpeg 300w\" alt=\"\" width=\"700\" height=\"346\">Bei der Preisverleihung: Till Neumann (f79), Annika Pfirrmann, B\u00fcrgermeister Ulrich von Kirchbach, Verena Scheuble und Clemens Salm (Wilhelm Oberle-Stiftung)<\/p>\n<p>Annika Pfirrmann ist Englisch-Lehrerin an der Wentzinger Realschule Freiburg. Frau Pfirrmann wurde f\u00fcr ihr hohes Engagement w\u00e4hrend des Fernunterrichts in der Corona-Zeit geehrt. Ihr ging es darum, den Fernunterricht abwechslungsreich und neu zu gestalten, etwa mit Sport-Challenges, um die Sch\u00fcler in Bewegung zu halten.<\/p>\n<p>Verena Scheuble unterrichtet Geschichte am Kreisgymnasium Bad Krozingen. Was ihre Sch\u00fcler*innen anerkennen: Auch mit Humor l\u00e4sst sich Wissen vermitteln, ebenso Werte wie Zwischenmenschlichkeit, Respekt und Toleranz.<\/p>\n<div dir=\"ltr\">\n<p><strong>Freiburgs LehrerInnen des Jahres 2020:<br><\/strong>Auch in diesem Jahr wurde wieder Freiburgs LehrerIn des Jahres gesucht. Schlussendlich wurde aus den 130 BewerberInnen Ulla J\u00e4ger, Leiterin des Grundschule Kollmarsreute, als Lehrerin des Jahres 2020 ausgew\u00e4hlt. In der Laudatio wurde besonders das ganzheitliche Konzept der Schule hervorgehoben. <br><a href=\"https:\/\/beschdelehrer.blogspot.com\/2020\/11\/laudatio-auf-freiburgs-beste-lehrerin.html\" target=\"_blank\" rel=\"noopener noreferrer\">Zur Laudatio auf <strong>Freiburgs Lehrerin des Jahres 2020 Ulla J\u00e4ger<\/strong><\/a><\/p>\n<p>Zudem wurden 3 mal 500\u20ac f\u00fcr innovativen digitalen Unterricht vergeben. Diese Preise gingen an: <br>&#8211; Judith Jahnke, Schneeburg-Grundschule Freiburg \u2013 St. Georgen<br>&#8211; Dirk Philippi, Kreisgymnasium Breisgau-Hochschwarzwald Titisee-Neustadt<br>&#8211; Johannes Stang, Grundschule Reichenbach<\/p>\n<p>Ein weiterer Sonderpreis in H\u00f6he von 150\u20ac wurde an 4 FinalistInnen vergeben, welche mit einem besonders guten Filmantrag auf sich aufmerksam machen konnten.<br><a href=\"https:\/\/www.badische-zeitung.de\/emmendingerin-ist-freiburgs-lehrerin-des-jahres--197752509.html\" target=\"_blank\" rel=\"noopener noreferrer\"><strong>Freiburgs Lehrerin des Jahres 2020 zum Artikel der Badischen Zeitung<\/strong> vom 05.11.2020<\/a><\/p>\n<p>&nbsp;<\/p>\n<\/div>\n<div dir=\"ltr\">\n<p><strong><br>Freiburgs LehrerInnen des Jahres 2019:<br><\/strong>Thomas Ernst vom St. Ursula Gymnasium ist Freiburgs Lehrer des Jahres 2019. Feiern lassen k\u00f6nnen sich auch die vier weiteren Finalisten, die von ihren Sch\u00fclern mit Lob \u00fcbersch\u00fcttet wurden. Sie sind Teil der 77 LehrerInnen, die Sch\u00fcler f\u00fcr den Preis vorgeschlagen haben. Des Weiteren wurde das gesamte Kollegium der LRS -Klassen , f\u00fcr Sch\u00fcler mit einer Leserechtschreibschw\u00e4che, der Karlschule Freiburg mit einem Sonderpreis in H\u00f6he von 500\u20ac ausgezeichnet.<br><a href=\"https:\/\/www.badische-zeitung.de\/thomas-ernst-ist-freiburgs-erster-lehrer-des-jahres--174991395.html\" target=\"_blank\" rel=\"noopener noreferrer\"><strong>Freiburgs Lehrer des Jahres 2019 zum Artikel der Badischen Zeitung<\/strong><\/a><a href=\"https:\/\/www.badische-zeitung.de\/thomas-ernst-ist-freiburgs-erster-lehrer-des-jahres--174991395.html\" target=\"_blank\" rel=\"noopener noreferrer\"> vom 06.07.2019<\/a><\/p>\n<\/div>\n<\/div>\n<div dir=\"ltr\" style=\"text-align: left;\">\n<p><blockquote class=\"wp-embedded-content\" data-secret=\"MzJArKy0WA\"><a href=\"https:\/\/freiburger-lehrerpreis.de\/baden-tv-sued-stellt-den-lehrerpreis-vor\/\">Baden TV S\u00fcd stellt den Lehrerpreis vor<\/a><\/blockquote><iframe loading=\"lazy\" class=\"wp-embedded-content\" sandbox=\"allow-scripts\" security=\"restricted\" style=\"position: absolute; visibility: hidden;\" title=\"&#8222;Baden TV S\u00fcd stellt den Lehrerpreis vor&#8220; &#8212; Freiburger Lehrerpreis\" src=\"https:\/\/freiburger-lehrerpreis.de\/baden-tv-sued-stellt-den-lehrerpreis-vor\/embed\/#?secret=sCr1CdIJxs#?secret=MzJArKy0WA\" data-secret=\"MzJArKy0WA\" width=\"600\" height=\"338\" frameborder=\"0\" marginwidth=\"0\" marginheight=\"0\" scrolling=\"no\"><\/iframe><\/p>\n<p><a href=\"https:\/\/www.baden-tv-sued.com\/mediathek\/video\/wer-ist-freiburgs-bester-lehrerin\/\" target=\"_blank\" rel=\"noopener\">Zum Video \u00fcber den LEHRERPREIS<\/a><\/p>\n<p><strong>Freiburgs Lehrer*in des Jahres 2023:<br><img loading=\"lazy\" decoding=\"async\" class=\"\" src=\"http:\/\/oberle-stiftung.de\/wp-content\/uploads\/2023\/10\/Freibuerger-LererinPreis-scaled.jpg\" width=\"626\" height=\"417\"><br>Die Preistr\u00e4gerinnen des Lehrerpreises 2023: Barbara Schempp, Corinne Mayr sowie Silvia Kaufhold (von links)<br><a href=\"https:\/\/freiburger-lehrerpreis.de\/preistraegerinnen-2023\/\" target=\"_blank\" rel=\"noopener\">F\u00fcr weitere Fotos des Freiburg Lehrerpreises 2023<\/a><br><\/strong><strong><br>Freiburgs Lehrer*in des Jahres 2022:<\/strong><\/p>\n<figure class=\"wp-block-image size-large\"><img decoding=\"async\" class=\"wp-image-670\" src=\"https:\/\/freiburger-lehrerpreis.de\/wp-content\/uploads\/2022\/10\/99KP909600-1024x683.jpg\" alt=\"\">\n<p>&nbsp;<\/p>\n<figcaption class=\"wp-element-caption\">Teresa Ehret, Daniel Volaric und Marianne J\u00f6llenbeck (von links): Preistr\u00e4ger*innen 2022\n<p>&nbsp;<\/p>\n<p>&nbsp;<\/p>\n<p>&nbsp;<\/p>\n<p>&nbsp;<\/p>\n<p>Abgegeben wurden 270 Stimmen und vorgeschlagen wurden 114 Personen.<\/p>\n<p>Das meinen die Sch\u00fcler*innen zu den Nominierten:<br>&#8222;Frau Ehret, die hilft uns immer, wenn wir Probleme haben.&#8220; &#8222;Ihr Unterricht ist nicht so stressig, wir k\u00f6nnen uns Zeit lassen und Partnerarbeit machen&#8220;. &#8222;Sie hat zwei von ihren H\u00fchnern mit in den Unterricht gebracht.&#8220; <br>So beschreiben die Sch\u00fcler den originellen Unterricht von Teresa Ehret, die an der Emil Thoma Grundschule Freiburg unterrichtet.<br>Zu Daniel Volaric fasst eine Sch\u00fclerin zusammen: &#8222;Herr Volaric hat Spass an der Klasse, er ist motivierend und hat immer kreative Ideen&#8220;. Daniel Volaric ist am Meret-Oppenheim- Schulzentrum Steinen besch\u00e4ftigt.<br>Und das ausgew\u00f6hnliche Engagement von Marianne J\u00f6llenbeck, der Schulleiterin des Wenzinger-Gymnasiums Freiburg, l\u00e4sst sich in den vielen Stimmen zu ihrer Wahl so zusammenfassen: &#8222;Freiwillige Feuerwehr J\u00f6llenbeck&#8220;.<\/p>\n<\/figcaption>\n<\/figure>\n<\/div>\n<figure class=\"wp-block-image size-full\"><\/figure>\n<p><strong>Freiburgs Lehrer*in des Jahres 2021:<\/strong><\/p>\n<p><img loading=\"lazy\" decoding=\"async\" class=\"wp-image-862\" src=\"https:\/\/freiburger-lehrerpreis.de\/wp-content\/uploads\/2023\/03\/lehrerpreis-21.jpeg\" sizes=\"auto, (max-width: 700px) 100vw, 700px\" srcset=\"https:\/\/freiburger-lehrerpreis.de\/wp-content\/uploads\/2023\/03\/lehrerpreis-21.jpeg 700w, https:\/\/freiburger-lehrerpreis.de\/wp-content\/uploads\/2023\/03\/lehrerpreis-21-300x148.jpeg 300w\" alt=\"\" width=\"700\" height=\"346\">Bei der Preisverleihung: Till Neumann (f79), Annika Pfirrmann, B\u00fcrgermeister Ulrich von Kirchbach, Verena Scheuble und Clemens Salm (Wilhelm Oberle-Stiftung)<\/p>\n<p>Annika Pfirrmann ist Englisch-Lehrerin an der Wentzinger Realschule Freiburg. Frau Pfirrmann wurde f\u00fcr ihr hohes Engagement w\u00e4hrend des Fernunterrichts in der Corona-Zeit geehrt. Ihr ging es darum, den Fernunterricht abwechslungsreich und neu zu gestalten, etwa mit Sport-Challenges, um die Sch\u00fcler in Bewegung zu halten.<\/p>\n<p>Verena Scheuble unterrichtet Geschichte am Kreisgymnasium Bad Krozingen. Was ihre Sch\u00fcler*innen anerkennen: Auch mit Humor l\u00e4sst sich Wissen vermitteln, ebenso Werte wie Zwischenmenschlichkeit, Respekt und Toleranz.<\/p>\n<div dir=\"ltr\">\n<p><strong>Freiburgs LehrerInnen des Jahres 2020:<br><\/strong>Auch in diesem Jahr wurde wieder Freiburgs LehrerIn des Jahres gesucht. Schlussendlich wurde aus den 130 BewerberInnen Ulla J\u00e4ger, Leiterin des Grundschule Kollmarsreute, als Lehrerin des Jahres 2020 ausgew\u00e4hlt. In der Laudatio wurde besonders das ganzheitliche Konzept der Schule hervorgehoben. <br><a href=\"https:\/\/beschdelehrer.blogspot.com\/2020\/11\/laudatio-auf-freiburgs-beste-lehrerin.html\" target=\"_blank\" rel=\"noopener noreferrer\">Zur Laudatio auf <strong>Freiburgs Lehrerin des Jahres 2020 Ulla J\u00e4ger<\/strong><\/a><\/p>\n<p>Zudem wurden 3 mal 500\u20ac f\u00fcr innovativen digitalen Unterricht vergeben. Diese Preise gingen an: <br>&#8211; Judith Jahnke, Schneeburg-Grundschule Freiburg \u2013 St. Georgen<br>&#8211; Dirk Philippi, Kreisgymnasium Breisgau-Hochschwarzwald Titisee-Neustadt<br>&#8211; Johannes Stang, Grundschule Reichenbach<\/p>\n<p>Ein weiterer Sonderpreis in H\u00f6he von 150\u20ac wurde an 4 FinalistInnen vergeben, welche mit einem besonders guten Filmantrag auf sich aufmerksam machen konnten.<br><a href=\"https:\/\/www.badische-zeitung.de\/emmendingerin-ist-freiburgs-lehrerin-des-jahres--197752509.html\" target=\"_blank\" rel=\"noopener noreferrer\"><strong>Freiburgs Lehrerin des Jahres 2020 zum Artikel der Badischen Zeitung<\/strong> vom 05.11.2020<\/a><\/p>\n<p>&nbsp;<\/p>\n<\/div>\n<div dir=\"ltr\">\n<p><strong><br>Freiburgs LehrerInnen des Jahres 2019:<br><\/strong>Thomas Ernst vom St. Ursula Gymnasium ist Freiburgs Lehrer des Jahres 2019. Feiern lassen k\u00f6nnen sich auch die vier weiteren Finalisten, die von ihren Sch\u00fclern mit Lob \u00fcbersch\u00fcttet wurden. Sie sind Teil der 77 LehrerInnen, die Sch\u00fcler f\u00fcr den Preis vorgeschlagen haben. Des Weiteren wurde das gesamte Kollegium der LRS -Klassen , f\u00fcr Sch\u00fcler mit einer Leserechtschreibschw\u00e4che, der Karlschule Freiburg mit einem Sonderpreis in H\u00f6he von 500\u20ac ausgezeichnet.<br><a href=\"https:\/\/www.badische-zeitung.de\/thomas-ernst-ist-freiburgs-erster-lehrer-des-jahres--174991395.html\" target=\"_blank\" rel=\"noopener noreferrer\"><strong>Freiburgs Lehrer des Jahres 2019 zum Artikel der Badischen Zeitung<\/strong><\/a><a href=\"https:\/\/www.badische-zeitung.de\/thomas-ernst-ist-freiburgs-erster-lehrer-des-jahres--174991395.html\" target=\"_blank\" rel=\"noopener noreferrer\"> vom 06.07.2019<\/a><\/p>\n<\/div>\n\n\n<figure class=\"wp-block-image size-large is-resized\"><img loading=\"lazy\" decoding=\"async\" width=\"691\" height=\"460\" src=\"http:\/\/oberle-stiftung.de\/wp-content\/uploads\/2021\/04\/Freiburgs-LehrerInn-des-Jahres-2019.png\" alt=\"\" class=\"wp-image-3723\" style=\"width:477px;height:318px\" srcset=\"https:\/\/oberle-stiftung.de\/wp-content\/uploads\/2021\/04\/Freiburgs-LehrerInn-des-Jahres-2019.png 691w, https:\/\/oberle-stiftung.de\/wp-content\/uploads\/2021\/04\/Freiburgs-LehrerInn-des-Jahres-2019-300x200.png 300w\" sizes=\"auto, (max-width: 691px) 100vw, 691px\" \/><figcaption class=\"wp-element-caption\"><strong>F\u00fcnf Sieger und ein Gratulant <\/strong>(von links): Kulturb\u00fcrgermeister Ulrich von Kirchbach, Reiner Siegismund, Mona Frommer, Thomas Ernst (1. Platz), Christina Link und Gabriel Brand |<br> Fotos: Philip Thomas<\/figcaption><\/figure>\n\n\n\n\n","protected":false},"excerpt":{"rendered":"<p>Was macht einen guten Lehrer aus? Dieser Frage will die Oberle-Stiftung mit dem Votingzu &#8222;Freiburgs beste Lehrer*in des Jahres&#8220; auf den Grund gehen, und stiftet dazu ein Preisgeld von 1.000 Euro.Ein Lehrer ist besser als zwei B\u00fccher, sagt ein deutsches Sprichwort &#8230;<\/p>\n","protected":false},"author":3,"featured_media":0,"parent":58,"menu_order":0,"comment_status":"closed","ping_status":"closed","template":"","meta":{"ngg_post_thumbnail":0,"footnotes":""},"categories":[20,35,21],"tags":[],"class_list":["post-2681","page","type-page","status-publish","hentry","category-deutschland","category-hilfen-fuer-kinder-u-jugendliche","category-region-freiburg"],"_links":{"self":[{"href":"https:\/\/oberle-stiftung.de\/index.php?rest_route=\/wp\/v2\/pages\/2681","targetHints":{"allow":["GET"]}}],"collection":[{"href":"https:\/\/oberle-stiftung.de\/index.php?rest_route=\/wp\/v2\/pages"}],"about":[{"href":"https:\/\/oberle-stiftung.de\/index.php?rest_route=\/wp\/v2\/types\/page"}],"author":[{"embeddable":true,"href":"https:\/\/oberle-stiftung.de\/index.php?rest_route=\/wp\/v2\/users\/3"}],"replies":[{"embeddable":true,"href":"https:\/\/oberle-stiftung.de\/index.php?rest_route=%2Fwp%2Fv2%2Fcomments&post=2681"}],"version-history":[{"count":68,"href":"https:\/\/oberle-stiftung.de\/index.php?rest_route=\/wp\/v2\/pages\/2681\/revisions"}],"predecessor-version":[{"id":5253,"href":"https:\/\/oberle-stiftung.de\/index.php?rest_route=\/wp\/v2\/pages\/2681\/revisions\/5253"}],"up":[{"embeddable":true,"href":"https:\/\/oberle-stiftung.de\/index.php?rest_route=\/wp\/v2\/pages\/58"}],"wp:attachment":[{"href":"https:\/\/oberle-stiftung.de\/index.php?rest_route=%2Fwp%2Fv2%2Fmedia&parent=2681"}],"wp:term":[{"taxonomy":"category","embeddable":true,"href":"https:\/\/oberle-stiftung.de\/index.php?rest_route=%2Fwp%2Fv2%2Fcategories&post=2681"},{"taxonomy":"post_tag","embeddable":true,"href":"https:\/\/oberle-stiftung.de\/index.php?rest_route=%2Fwp%2Fv2%2Ftags&post=2681"}],"curies":[{"name":"wp","href":"https:\/\/api.w.org\/{rel}","templated":true}]}}