{"id":3032,"date":"2019-09-07T11:35:52","date_gmt":"2019-09-07T11:35:52","guid":{"rendered":"http:\/\/oberle-stiftung.de\/?page_id=3032"},"modified":"2021-04-27T20:51:13","modified_gmt":"2021-04-27T20:51:13","slug":"sarah-familie-a-beh-hilfe-201819","status":"publish","type":"page","link":"https:\/\/oberle-stiftung.de\/?page_id=3032","title":{"rendered":"Ein rollstuhlgerechtes Auto f\u00fcr Sarah"},"content":{"rendered":"<p><a href=\"http:\/\/oberle-stiftung.de\/wp-content\/uploads\/2020\/07\/AdrNr40488RolliAutoDankeFamilie.jpg\"><img loading=\"lazy\" decoding=\"async\" class=\"wp-image-2716 alignright\" src=\"http:\/\/oberle-stiftung.de\/wp-content\/uploads\/2020\/07\/AdrNr40488RolliAutoDankeFamilie-300x225.jpg\" alt=\"Ein neues Auto f\u00fcr Familie A.\" width=\"175\" height=\"234\"><\/a>Auch in einem Land wie Deutschland, mit seinem hohen medizinischen Standard, kann die Geburt eines Kindes problematisch verlaufen.<br \/>\nLeider musste das eine Familie bei der Geburt ihres zweiten Kindes erfahren.<br \/>\n<!--more--><\/p>\n<p>Die neugeborene Tochter Sarah wurde reanimiert und intubiert, danach wurde sie zwei Wochen auf der Intensivstation versorgt. Endlich wieder zuhause, bemerkten die Eltern bald, dass sich ihre kleine Tochter nicht normal entwickelte.<br \/>\nHeute ist Sarah 9 Jahre alt. Sie ist mehrfach schwerbehindert. Sie kann nicht krabbeln, nicht sitzen, nicht laufen oder sprechen. Trotz der Einschr\u00e4nkungen ist Sarah ein fr\u00f6hliches Kind, lebhaft und eng mit der \u00e4lteren Schwester sowie dem j\u00fcngeren Bruder verbunden. Die Eltern beschreiben sie als ihren Sonnenschein.<br \/>\nSarah hat einen Aktivrollstuhl, zur Kommunikation ben\u00fctzt sie einen Computer, den sie mit ihren Augen steuert. Eine Assistenzkraft begleitet Sarah in die F\u00f6rderschule. Dort findet der Unterricht statt sowie ein spezielles Training mit Hilfsmitteln, mit denen Sarah Stehen und Gehen \u00fcbt. Es gibt Fachkr\u00e4fte f\u00fcr Krankengymnastik und Ergotherapie.<br \/>\nBesonders gerne besucht Sarah nach der Schule die Reit- und Schwimmtherapien.<br \/>\nNicht nur daf\u00fcr ben\u00f6tigt die Familie ein gro\u00dfes Auto mit einer Rollstuhlrampe.<\/p>\n<p style=\"text-align: left;\">Die Familie schreibt: &#8220; Unser Wunsch ist, ein ganz normales Leben trotz aller Einschr\u00e4nkungen mit Sarah und den Geschwistern zu f\u00fchren&#8220;.<br \/>\nWir halfen gerne dabei, diesen Wunsch wahr werden zu lassen. Die Familie hat bei vielen anderen Stiftungen um Spenden gebeten. Nach 7 Monaten Spendensammeln haben die Eltern von Sarah die Kosten f\u00fcr das Fahrzeug inklusive behindertengerechtem Umbau gesammelt.<br \/>\nSarah kann mit ihren Eltern und Geschwistern das neue Auto beim H\u00e4ndler abholen.<\/p>\n<p><em>Nicht nur Sarah, sondern in weiteren 156 F\u00e4llen haben wir in den beiden Jahren 2018 und 2019 Menschen und Familien bei der Finanzierung von behindertengerechten Anschaffungen geholfen.<br \/>\nNeben Fahrzeugen unterst\u00fctzen wir bei behindertengerechten Haus- und Wohnungsumbauten,&nbsp; z. B. bei barrierefreien B\u00e4dern und bei der Installation von Treppenaufz\u00fcgen oder Rampen.<br \/>\nAuf Grund der hohen Kosten geschieht das in aller Regel als Gemeinschaftsaktion mehrerer oder gar vieler Stiftungen, wobei wir die Familien auch bei der Koordination unterst\u00fctzen.<\/em><\/p>\n","protected":false},"excerpt":{"rendered":"<p>Auch in einem Land wie Deutschland, mit seinem hohen medizinischen Standard, kann die Geburt eines Kindes problematisch verlaufen. Leider musste das eine Familie bei der Geburt ihres zweiten Kindes erfahren.<\/p>\n","protected":false},"author":3,"featured_media":0,"parent":58,"menu_order":0,"comment_status":"closed","ping_status":"closed","template":"","meta":{"ngg_post_thumbnail":0,"footnotes":""},"categories":[20,33],"tags":[],"class_list":["post-3032","page","type-page","status-publish","hentry","category-deutschland","category-hilfen-fuer-behinderte"],"_links":{"self":[{"href":"https:\/\/oberle-stiftung.de\/index.php?rest_route=\/wp\/v2\/pages\/3032","targetHints":{"allow":["GET"]}}],"collection":[{"href":"https:\/\/oberle-stiftung.de\/index.php?rest_route=\/wp\/v2\/pages"}],"about":[{"href":"https:\/\/oberle-stiftung.de\/index.php?rest_route=\/wp\/v2\/types\/page"}],"author":[{"embeddable":true,"href":"https:\/\/oberle-stiftung.de\/index.php?rest_route=\/wp\/v2\/users\/3"}],"replies":[{"embeddable":true,"href":"https:\/\/oberle-stiftung.de\/index.php?rest_route=%2Fwp%2Fv2%2Fcomments&post=3032"}],"version-history":[{"count":13,"href":"https:\/\/oberle-stiftung.de\/index.php?rest_route=\/wp\/v2\/pages\/3032\/revisions"}],"predecessor-version":[{"id":4120,"href":"https:\/\/oberle-stiftung.de\/index.php?rest_route=\/wp\/v2\/pages\/3032\/revisions\/4120"}],"up":[{"embeddable":true,"href":"https:\/\/oberle-stiftung.de\/index.php?rest_route=\/wp\/v2\/pages\/58"}],"wp:attachment":[{"href":"https:\/\/oberle-stiftung.de\/index.php?rest_route=%2Fwp%2Fv2%2Fmedia&parent=3032"}],"wp:term":[{"taxonomy":"category","embeddable":true,"href":"https:\/\/oberle-stiftung.de\/index.php?rest_route=%2Fwp%2Fv2%2Fcategories&post=3032"},{"taxonomy":"post_tag","embeddable":true,"href":"https:\/\/oberle-stiftung.de\/index.php?rest_route=%2Fwp%2Fv2%2Ftags&post=3032"}],"curies":[{"name":"wp","href":"https:\/\/api.w.org\/{rel}","templated":true}]}}