{"id":3115,"date":"2020-12-09T10:45:08","date_gmt":"2020-12-09T10:45:08","guid":{"rendered":"http:\/\/oberle-stiftung.de\/?page_id=3115"},"modified":"2025-12-21T11:34:40","modified_gmt":"2025-12-21T11:34:40","slug":"herzlich-wilkommen","status":"publish","type":"page","link":"https:\/\/oberle-stiftung.de\/","title":{"rendered":"Herzlich willkommen!"},"content":{"rendered":"\n<p><span style=\"color: #993300;\"><strong>Was wir tun?<\/strong><\/span><\/p>\n<p><strong>&nbsp; Wir verschenken Geld an Menschen in Not.<br><\/strong><strong>&nbsp; Wir beraten Menschen, die Menschen in Not helfen.<br><\/strong><strong>&nbsp; Wir unterst\u00fctzen Organisationen, die Menschen in Not helfen.<br><\/strong><strong>&nbsp; Wir beraten Menschen, die an Menschen in Not etwas ver-schenken wollen.<br><\/strong><\/p>\n<h5><span style=\"color: #993300;\">Oberle-Stiftung:<\/span>&nbsp; <span style=\"color: #ff6600;\">Menschen f\u00fcr Menschen<br><\/span><\/h5>\n<p><span style=\"color: #993300;\"><a style=\"color: #993300;\" href=\"https:\/\/oberle-stiftung.de\/?page_id=4485\" target=\"_blank\" rel=\"noopener\">Zu unseren<strong> F\u00f6rdergrunds\u00e4tzen<\/strong><\/a><\/span><\/p>\n<h5>&nbsp;<\/h5>\n<h5><span style=\"color: #993300;\"><strong>Aktuelles:<\/strong><\/span><\/h5>\n<h4 class=\"entry-title\"><strong>Wilhelm Oberle Sozialpreis 2025<\/strong><\/h4>\n<p><span style=\"font-size: revert;\"><img loading=\"lazy\" decoding=\"async\" class=\"alignnone size-medium wp-image-5276 alignleft\" src=\"http:\/\/oberle-stiftung.de\/wp-content\/uploads\/2025\/12\/Ehrenamtspreisverleihung-Stadt-FR-Gruppenfoto-300x200.jpg\" alt=\"\" width=\"300\" height=\"200\" srcset=\"https:\/\/oberle-stiftung.de\/wp-content\/uploads\/2025\/12\/Ehrenamtspreisverleihung-Stadt-FR-Gruppenfoto-300x200.jpg 300w, https:\/\/oberle-stiftung.de\/wp-content\/uploads\/2025\/12\/Ehrenamtspreisverleihung-Stadt-FR-Gruppenfoto-1024x681.jpg 1024w, https:\/\/oberle-stiftung.de\/wp-content\/uploads\/2025\/12\/Ehrenamtspreisverleihung-Stadt-FR-Gruppenfoto-768x511.jpg 768w, https:\/\/oberle-stiftung.de\/wp-content\/uploads\/2025\/12\/Ehrenamtspreisverleihung-Stadt-FR-Gruppenfoto-1536x1022.jpg 1536w, https:\/\/oberle-stiftung.de\/wp-content\/uploads\/2025\/12\/Ehrenamtspreisverleihung-Stadt-FR-Gruppenfoto-2048x1363.jpg 2048w\" sizes=\"auto, (max-width: 300px) 100vw, 300px\" \/>Am 04.11.25 haben wir im Rahmen der Ehrenamtspreisverleihung der Stadt Freiburg zum 13. Mal den Wilhelm Oberle Sozialpreis verliehen. <\/span><span style=\"font-size: revert;\">Da uns das Thema Suizidpr\u00e4vention sehr am Herzen liegt, <\/span>&nbsp;<span style=\"font-size: revert;\">haben wir gleich zwei Freiburger Institutionen ausgezeichnet: <\/span><span style=\"font-size: revert;\">Den Arbeitskreis Leben<\/span>&nbsp;<span style=\"font-size: revert;\">Freiburg (AKL) und <\/span>&nbsp;<span style=\"font-size: revert;\">die Beratungsstelle \u201eMANO\u201c ( \u201email-basierte anonyme Suizidpr\u00e4vention\u201c ).<\/span><span style=\"font-size: revert;\">Sowohl der AKL wie auch die MANO bieten Menschen mit <\/span>&nbsp;<span style=\"font-size: revert;\">Suizidgedanken eine niedrigschwellige Hilfe und Begleitung an. <\/span><span style=\"font-size: revert;\">F\u00fcr die <\/span>&nbsp;<span style=\"font-size: revert;\">kostenlose Begleitung von Menschen mit Suizidgedanken erhalten die ehrenamtlichen <\/span>&nbsp;<span style=\"font-size: revert;\">Krisenbegleiter*innen eine intensive Ausbildung und Betreuung.<\/span><span style=\"font-size: revert;\">Diesen fordernden, intensiven und freiwilligen Einsatz f\u00fcr Menschen, die sich in einer f\u00fcr sie ausweglosen Situation befinden, m\u00f6chten wir belohnen!<\/span><\/p>\n<p><a href=\"https:\/\/oberle-stiftung.de\/?page_id=1730\" target=\"_blank\" rel=\"noopener\">Sozialpreis f\u00fcr B\u00fcrgerschaftliches Engagement<\/a><br><br><br><\/p>\n","protected":false},"excerpt":{"rendered":"<p>Was wir tun? &nbsp; Wir verschenken Geld an Menschen in Not.&nbsp; Wir beraten Menschen, die Menschen in Not helfen.&nbsp; Wir unterst\u00fctzen Organisationen, die Menschen in Not helfen.&nbsp; Wir beraten Menschen, die an Menschen in Not etwas ver-schenken wollen. Oberle-Stiftung:&nbsp; Menschen f\u00fcr Menschen Zu unseren F\u00f6rdergrunds\u00e4tzen &nbsp; Aktuelles: Wilhelm Oberle Sozialpreis 2025 Am 04.11.25 haben wir &hellip; <a href=\"https:\/\/oberle-stiftung.de\/\" class=\"more-link\"><span class=\"screen-reader-text\">Herzlich willkommen!<\/span> weiterlesen <span class=\"meta-nav\">&rarr;<\/span><\/a><\/p>\n","protected":false},"author":7,"featured_media":0,"parent":0,"menu_order":0,"comment_status":"closed","ping_status":"closed","template":"","meta":{"ngg_post_thumbnail":0,"footnotes":""},"categories":[],"tags":[],"class_list":["post-3115","page","type-page","status-publish","hentry"],"_links":{"self":[{"href":"https:\/\/oberle-stiftung.de\/index.php?rest_route=\/wp\/v2\/pages\/3115","targetHints":{"allow":["GET"]}}],"collection":[{"href":"https:\/\/oberle-stiftung.de\/index.php?rest_route=\/wp\/v2\/pages"}],"about":[{"href":"https:\/\/oberle-stiftung.de\/index.php?rest_route=\/wp\/v2\/types\/page"}],"author":[{"embeddable":true,"href":"https:\/\/oberle-stiftung.de\/index.php?rest_route=\/wp\/v2\/users\/7"}],"replies":[{"embeddable":true,"href":"https:\/\/oberle-stiftung.de\/index.php?rest_route=%2Fwp%2Fv2%2Fcomments&post=3115"}],"version-history":[{"count":49,"href":"https:\/\/oberle-stiftung.de\/index.php?rest_route=\/wp\/v2\/pages\/3115\/revisions"}],"predecessor-version":[{"id":5282,"href":"https:\/\/oberle-stiftung.de\/index.php?rest_route=\/wp\/v2\/pages\/3115\/revisions\/5282"}],"wp:attachment":[{"href":"https:\/\/oberle-stiftung.de\/index.php?rest_route=%2Fwp%2Fv2%2Fmedia&parent=3115"}],"wp:term":[{"taxonomy":"category","embeddable":true,"href":"https:\/\/oberle-stiftung.de\/index.php?rest_route=%2Fwp%2Fv2%2Fcategories&post=3115"},{"taxonomy":"post_tag","embeddable":true,"href":"https:\/\/oberle-stiftung.de\/index.php?rest_route=%2Fwp%2Fv2%2Ftags&post=3115"}],"curies":[{"name":"wp","href":"https:\/\/api.w.org\/{rel}","templated":true}]}}