{"id":321,"date":"2015-04-18T16:00:33","date_gmt":"2015-04-18T16:00:33","guid":{"rendered":"http:\/\/oberle-stiftung.de\/?page_id=321"},"modified":"2021-05-19T14:30:06","modified_gmt":"2021-05-19T14:30:06","slug":"der-hoffung-ein-gesicht-geben","status":"publish","type":"page","link":"https:\/\/oberle-stiftung.de\/?page_id=321","title":{"rendered":"Der Hoffnung ein Gesicht geben"},"content":{"rendered":"<p style=\"text-align: justify;\"><strong><a href=\"http:\/\/oberle-stiftung.de\/wp-content\/uploads\/2015\/04\/BestOfAniquem.Kind-mit-Maske.jpg\"><img loading=\"lazy\" decoding=\"async\" class=\"alignright size-thumbnail wp-image-324\" src=\"http:\/\/oberle-stiftung.de\/wp-content\/uploads\/2015\/04\/BestOfAniquem.Kind-mit-Maske-150x150.jpg\" alt=\"Aniquem.Kind mit Maske\" width=\"150\" height=\"150\"><\/a>Hilfe f\u00fcr &#8222;gebrannte Kinder&#8220;<br \/>\n<\/strong>In den Elendsvierteln von Lima wird auf einfachen Gaskochern mit Kerosin gekocht. Oft sind die Kinder f\u00fcr den Haushalt und das Kochen zust\u00e4ndig, denn&nbsp; beide Eltern m\u00fcssen arbeiten gehen,&nbsp; um die Familie durchzubringen.&nbsp; Schnell passieren Unf\u00e4lle mit den Kerosin-Gaskochern: Sie werden zu hoch aufgedreht, das Benzin explodiert oder die Kinder verbr\u00fchen sich mit kochendem Wasser &#8230;<\/p>\n<p style=\"text-align: justify;\"><!--more--><a href=\"http:\/\/oberle-stiftung.de\/wp-content\/uploads\/2015\/04\/1x-pobladores_gardenias_063.jpg\"><img loading=\"lazy\" decoding=\"async\" class=\"alignleft  wp-image-322\" src=\"http:\/\/oberle-stiftung.de\/wp-content\/uploads\/2015\/04\/1x-pobladores_gardenias_063-300x199.jpg\" alt=\"pobladores_gardenias_063\" width=\"252\" height=\"167\" srcset=\"https:\/\/oberle-stiftung.de\/wp-content\/uploads\/2015\/04\/1x-pobladores_gardenias_063-300x199.jpg 300w, https:\/\/oberle-stiftung.de\/wp-content\/uploads\/2015\/04\/1x-pobladores_gardenias_063-1024x681.jpg 1024w\" sizes=\"auto, (max-width: 252px) 100vw, 252px\" \/><\/a>Unter Schock stehend, wissen die Kinder nicht, wie sie reagieren sollen und sich verarzten&nbsp; k\u00f6nnen. Auch \u00e4ltere&nbsp; Geschwister und herbeieilende Nachbarn sind oft heillos \u00fcberfordert. Ein Erste-Hilfe-Wissen f\u00fcr Verbrennungen existiert&nbsp; in den Elendsvierteln so gut wie&nbsp; nicht. Dort man man&nbsp; ganz andere Sorgen.<\/p>\n<p style=\"text-align: justify;\"><a href=\"http:\/\/oberle-stiftung.de\/wp-content\/uploads\/2015\/04\/Miguelito_Perez.jpg\"><img loading=\"lazy\" decoding=\"async\" class=\"alignright  wp-image-328\" src=\"http:\/\/oberle-stiftung.de\/wp-content\/uploads\/2015\/04\/Miguelito_Perez-225x300.jpg\" alt=\"Miguelito_Perez\" width=\"149\" height=\"199\" srcset=\"https:\/\/oberle-stiftung.de\/wp-content\/uploads\/2015\/04\/Miguelito_Perez-225x300.jpg 225w, https:\/\/oberle-stiftung.de\/wp-content\/uploads\/2015\/04\/Miguelito_Perez-768x1024.jpg 768w, https:\/\/oberle-stiftung.de\/wp-content\/uploads\/2015\/04\/Miguelito_Perez.jpg 1536w\" sizes=\"auto, (max-width: 149px) 100vw, 149px\" \/><\/a>Doch bei Verbrennungen oder Verbr\u00fchungen muss sofort gehandelt werden. Bei schweren Verbrennungen im Gesicht und am K\u00f6rper sind operative Eingriffe oft&nbsp; die einzige \u00dcberlebenschance. Doch wie k\u00f6nnen Menschen aus Elendsvierteln an professionelle medizinische Hilfe kommen? In den riesigen Elendsvierteln eigentlich fast unm\u00f6glich. Zum Gl\u00fcck gibt es&nbsp; seit Ende der 90er Jahre eine Organisation namens ANIQUEM (La Asociaci\u00f3n de Ayuda al Ni\u00f1o Quemado&nbsp; Aniquem \u2013 Hilfe f\u00fcr Kinder mit Verbrennungen), die sich genau solcher F\u00e4lle annimmt.<\/p>\n<p style=\"text-align: justify;\"><a href=\"http:\/\/oberle-stiftung.de\/wp-content\/uploads\/2015\/04\/areas-de-atencion-14.jpg\"><img loading=\"lazy\" decoding=\"async\" class=\"alignleft  wp-image-323\" src=\"http:\/\/oberle-stiftung.de\/wp-content\/uploads\/2015\/04\/areas-de-atencion-14-300x200.jpg\" alt=\"areas de atencion (14)\" width=\"249\" height=\"166\" srcset=\"https:\/\/oberle-stiftung.de\/wp-content\/uploads\/2015\/04\/areas-de-atencion-14-300x200.jpg 300w, https:\/\/oberle-stiftung.de\/wp-content\/uploads\/2015\/04\/areas-de-atencion-14-1024x683.jpg 1024w\" sizes=\"auto, (max-width: 249px) 100vw, 249px\" \/><\/a>Bei ANIQUEM arbeiten \u00c4rzte, Krankenschwestern und Freiwillige, um Kinder mit Verbrennungen zu behandeln. Zuerst geht es nat\u00fcrlich um die Versorgung der Verbrennung und um eventuell notwendige medizinische Eingriffe. Dann geht es aber auch darum, den Eltern und Geschwistern die Angst vor dem verbrannten Kind zu nehmen. Denn manch ein Anblick nach Schwerstverbrennungen ist&nbsp; schwer auszuhalten,&nbsp; die Kinder sehen anfangs regelrecht entstellt aus.<\/p>\n<p style=\"text-align: justify;\"><a href=\"http:\/\/oberle-stiftung.de\/wp-content\/uploads\/2015\/04\/pacientess-5.jpg\"><img loading=\"lazy\" decoding=\"async\" class=\"alignright  wp-image-326\" src=\"http:\/\/oberle-stiftung.de\/wp-content\/uploads\/2015\/04\/pacientess-5-300x200.jpg\" alt=\"pacientess (5)\" width=\"249\" height=\"166\" srcset=\"https:\/\/oberle-stiftung.de\/wp-content\/uploads\/2015\/04\/pacientess-5-300x200.jpg 300w, https:\/\/oberle-stiftung.de\/wp-content\/uploads\/2015\/04\/pacientess-5-1024x683.jpg 1024w\" sizes=\"auto, (max-width: 249px) 100vw, 249px\" \/><\/a>ANIQUEM h\u00e4lt alle Versorgungsmaterialien bereit. Bei Gesichtsverbrennungen werden zu Beginn bestimmte Masken zum Schutz der Haut und Knochen getragen. Soweit es m\u00f6glich ist, wird die Familie&nbsp; aktiv in die Nachbetreuung der Kinder eingebunden: Verbandswechsel, Kompressionstherapie und der Besuch bei der&nbsp; Krankengymnastik.<\/p>\n<p style=\"text-align: justify;\"><a href=\"http:\/\/oberle-stiftung.de\/wp-content\/uploads\/2015\/04\/pacientess-10.jpg\"><img loading=\"lazy\" decoding=\"async\" class=\"alignleft size-medium wp-image-327\" src=\"http:\/\/oberle-stiftung.de\/wp-content\/uploads\/2015\/04\/pacientess-10-225x300.jpg\" alt=\"pacientess (10)\" width=\"225\" height=\"300\" srcset=\"https:\/\/oberle-stiftung.de\/wp-content\/uploads\/2015\/04\/pacientess-10-225x300.jpg 225w, https:\/\/oberle-stiftung.de\/wp-content\/uploads\/2015\/04\/pacientess-10-768x1024.jpg 768w, https:\/\/oberle-stiftung.de\/wp-content\/uploads\/2015\/04\/pacientess-10.jpg 1536w\" sizes=\"auto, (max-width: 225px) 100vw, 225px\" \/><\/a>ANIQUEM bietet daneben besondere Formen der Rehabilitation f\u00fcr die Kinder an. Es ist nicht leicht, mit einem neuen Gesicht oder Brandmalen zur\u00fcck in den Alltag in den Elendsvierteln zu finden. Oft m\u00fcssen Kinder&nbsp; wieder neu Sprechen lernen, daf\u00fcr werden Gesichtsmuskeln&nbsp; trainiert und aufgebaut. Einfache und spielerische \u00dcbungen, beispielsweise Sprechen mit einem Bleistift zwischen den Lippen werden einstudiert. Die k\u00f6rperlichen Narben sind oft schneller verheilt als die emotionalen. Freiwillige treffen sich deshalb regelm\u00e4\u00dfig mit den Kindern und versuchen, im spielerischen Zusammensein das traumatische Erlebnis der Kinder zu verarbeiten. Kunst, Musik und Theater helfen dabei. Wenn die Kinder und Jugendlichen zusammen sind, k\u00f6nnen sie \u00fcber ihre Sorgen, \u00c4ngste und Hoffnungen sprechen. Sie unterst\u00fctzen sich gegenseitig und sind auf dem Weg , sich nicht als gebrannte Kinder, sondern als Kinder mit neuen Gesichtern zu sehen.<\/p>\n<p style=\"text-align: justify;\">direkt zu&nbsp;unserem Projektartner in Peru&nbsp;<strong><a href=\"http:\/\/www.aniquem.org\/\" target=\"_blank\" rel=\"noopener noreferrer\">Aniquem<\/a><\/strong><\/p>\n<p style=\"text-align: justify;\">&nbsp;<\/p>\n","protected":false},"excerpt":{"rendered":"<p>Hilfe f\u00fcr &#8222;gebrannte Kinder&#8220; In den Elendsvierteln von Lima wird auf einfachen Gaskochern mit Kerosin gekocht. Oft sind die Kinder f\u00fcr den Haushalt und das Kochen zust\u00e4ndig, denn&nbsp; beide Eltern m\u00fcssen arbeiten gehen,&nbsp; um die Familie durchzubringen.&nbsp; Schnell passieren Unf\u00e4lle mit den Kerosin-Gaskochern: Sie werden zu hoch aufgedreht, das Benzin explodiert oder die Kinder verbr\u00fchen &hellip; <a href=\"https:\/\/oberle-stiftung.de\/?page_id=321\" class=\"more-link\"><span class=\"screen-reader-text\">Der Hoffnung ein Gesicht geben<\/span> weiterlesen <span class=\"meta-nav\">&rarr;<\/span><\/a><\/p>\n","protected":false},"author":8,"featured_media":0,"parent":58,"menu_order":0,"comment_status":"closed","ping_status":"open","template":"","meta":{"ngg_post_thumbnail":0,"footnotes":""},"categories":[35,13,9],"tags":[],"class_list":["post-321","page","type-page","status-publish","hentry","category-hilfen-fuer-kinder-u-jugendliche","category-hilfen-fuer-kranke-menschen","category-peru"],"_links":{"self":[{"href":"https:\/\/oberle-stiftung.de\/index.php?rest_route=\/wp\/v2\/pages\/321","targetHints":{"allow":["GET"]}}],"collection":[{"href":"https:\/\/oberle-stiftung.de\/index.php?rest_route=\/wp\/v2\/pages"}],"about":[{"href":"https:\/\/oberle-stiftung.de\/index.php?rest_route=\/wp\/v2\/types\/page"}],"author":[{"embeddable":true,"href":"https:\/\/oberle-stiftung.de\/index.php?rest_route=\/wp\/v2\/users\/8"}],"replies":[{"embeddable":true,"href":"https:\/\/oberle-stiftung.de\/index.php?rest_route=%2Fwp%2Fv2%2Fcomments&post=321"}],"version-history":[{"count":42,"href":"https:\/\/oberle-stiftung.de\/index.php?rest_route=\/wp\/v2\/pages\/321\/revisions"}],"predecessor-version":[{"id":4314,"href":"https:\/\/oberle-stiftung.de\/index.php?rest_route=\/wp\/v2\/pages\/321\/revisions\/4314"}],"up":[{"embeddable":true,"href":"https:\/\/oberle-stiftung.de\/index.php?rest_route=\/wp\/v2\/pages\/58"}],"wp:attachment":[{"href":"https:\/\/oberle-stiftung.de\/index.php?rest_route=%2Fwp%2Fv2%2Fmedia&parent=321"}],"wp:term":[{"taxonomy":"category","embeddable":true,"href":"https:\/\/oberle-stiftung.de\/index.php?rest_route=%2Fwp%2Fv2%2Fcategories&post=321"},{"taxonomy":"post_tag","embeddable":true,"href":"https:\/\/oberle-stiftung.de\/index.php?rest_route=%2Fwp%2Fv2%2Ftags&post=321"}],"curies":[{"name":"wp","href":"https:\/\/api.w.org\/{rel}","templated":true}]}}