{"id":3265,"date":"2021-01-27T08:05:50","date_gmt":"2021-01-27T08:05:50","guid":{"rendered":"http:\/\/oberle-stiftung.de\/?page_id=3265"},"modified":"2021-02-27T15:11:49","modified_gmt":"2021-02-27T15:11:49","slug":"ein-verruecktes-jahr-braucht-kreative-idee","status":"publish","type":"page","link":"https:\/\/oberle-stiftung.de\/?page_id=3265","title":{"rendered":"Ein verr\u00fccktes Jahr braucht kreative Idee"},"content":{"rendered":"\n<h5><img loading=\"lazy\" decoding=\"async\" class=\"wp-image-3119 alignright\" src=\"http:\/\/oberle-stiftung.de\/wp-content\/uploads\/2020\/12\/Circolo-Digital-300x157.png\" alt=\"\" width=\"178\" height=\"93\" srcset=\"https:\/\/oberle-stiftung.de\/wp-content\/uploads\/2020\/12\/Circolo-Digital-300x157.png 300w, https:\/\/oberle-stiftung.de\/wp-content\/uploads\/2020\/12\/Circolo-Digital-1024x536.png 1024w, https:\/\/oberle-stiftung.de\/wp-content\/uploads\/2020\/12\/Circolo-Digital-768x402.png 768w, https:\/\/oberle-stiftung.de\/wp-content\/uploads\/2020\/12\/Circolo-Digital-1536x804.png 1536w, https:\/\/oberle-stiftung.de\/wp-content\/uploads\/2020\/12\/Circolo-Digital-2048x1072.png 2048w\" sizes=\"auto, (max-width: 178px) 100vw, 178px\" \/><\/h5>\n<p>Normalerweise l\u00e4dt die Oberle-Stiftung zusammen mit dem Verein &#8222;Wir helfen Kindern e.V.&#8220; benachteiligte Kinder und Jugendliche zu &#8222;Gl\u00fccksmomenten&#8220; in den Freiburger Weihnachtszirkus ein.\u00a0 Doch in einem Jahr wie 2020, in dem nichts normal ist, musste die Oberle-Stiftung kreativer werden um Gl\u00fccksmomente zu verschenken.<\/p>\n<p><!--more--><\/p>\n<p>Daher haben wir den Circolo digital ins Leben gerufen. Der einst\u00fcndige Film ist eine Auswahl aus den Nummern des Weihnachtszirkus der letzten Jahre. Durch den Cirolo digital konnten dieses Jahr nicht nur Einrichtungen f\u00fcr sozial benachteiligte Kinder und Jugendliche erreicht werden, sondern auch andere Zielgruppen und Institutionen, wie zum Beispiel Seniorenheime.\u00a0 Den Film konnten sich alle Institutionen w\u00e4hrend ihrer Weihnachtsfeiern anschauen. Auch die Weihnachtsfeier selber wurde mit einem kleinen Zuschuss durch die Oberle-Stiftung unterst\u00fctzt.<\/p>\n<p>Wir freuen uns, dass die Circolo digital Aktion \u00fcber 75 Institutionen erreichen konnte wir auch in diesen schweren Zeiten &#8222;Gl\u00fccksmomente&#8220; schenken k\u00f6nnen.<\/p>\n<p>\u00a0<\/p>\n\n\n\n<figure class=\"wp-block-image size-large\"><img loading=\"lazy\" decoding=\"async\" width=\"1024\" height=\"576\" src=\"http:\/\/oberle-stiftung.de\/wp-content\/uploads\/2021\/01\/Circolo-Digital-Dankesschreiben-1-1024x576.jpg\" alt=\"\" class=\"wp-image-3309\" srcset=\"https:\/\/oberle-stiftung.de\/wp-content\/uploads\/2021\/01\/Circolo-Digital-Dankesschreiben-1-1024x576.jpg 1024w, https:\/\/oberle-stiftung.de\/wp-content\/uploads\/2021\/01\/Circolo-Digital-Dankesschreiben-1-300x169.jpg 300w, https:\/\/oberle-stiftung.de\/wp-content\/uploads\/2021\/01\/Circolo-Digital-Dankesschreiben-1-768x432.jpg 768w, https:\/\/oberle-stiftung.de\/wp-content\/uploads\/2021\/01\/Circolo-Digital-Dankesschreiben-1.jpg 1280w\" sizes=\"auto, (max-width: 1024px) 100vw, 1024px\" \/><\/figure>\n\n\n\n<figure class=\"wp-block-image size-large is-resized\"><img loading=\"lazy\" decoding=\"async\" src=\"http:\/\/oberle-stiftung.de\/wp-content\/uploads\/2021\/01\/Bilder-Cicolo-Digital-1-1024x576.jpg\" alt=\"\" class=\"wp-image-3314\" width=\"576\" height=\"323\" srcset=\"https:\/\/oberle-stiftung.de\/wp-content\/uploads\/2021\/01\/Bilder-Cicolo-Digital-1-1024x576.jpg 1024w, https:\/\/oberle-stiftung.de\/wp-content\/uploads\/2021\/01\/Bilder-Cicolo-Digital-1-300x169.jpg 300w, https:\/\/oberle-stiftung.de\/wp-content\/uploads\/2021\/01\/Bilder-Cicolo-Digital-1-768x432.jpg 768w, https:\/\/oberle-stiftung.de\/wp-content\/uploads\/2021\/01\/Bilder-Cicolo-Digital-1.jpg 1280w\" sizes=\"auto, (max-width: 576px) 100vw, 576px\" \/><\/figure>\n\n\n\n<p><a href=\"https:\/\/1drv.ms\/v\/s!Avt7LT36GTgL43gNuorihF_IkEKu?e=SgkvWj\" target=\"_blank\" rel=\"noopener noreferrer\">zur Show &#8222;<strong>Weihnachtszirkus Circolo <em>Digital<\/em><\/strong>&#8222;<\/a><\/p>\n<p><a href=\"https:\/\/zarduna-schule.de\/2020\/12\/05\/circolo-fast-hautnah\/\" target=\"_blank\" rel=\"noopener noreferrer\"><strong>Circolo <em>digital<\/em> <\/strong>in der Zarduna-Schule<\/a><\/p>\n<p><a href=\"https:\/\/youtu.be\/K2AwtQSLCDA\" target=\"_blank\" rel=\"noopener noreferrer\"><strong>Joel<\/strong> von Zarduna-Filmstudios <strong>proudly presents<\/strong><\/a><\/p>\n<p><a href=\"https:\/\/oberle-stiftung.de\/?page_id=1050#more-1050\" target=\"_blank\" rel=\"noopener noreferrer\">Manege frei f\u00fcr \u201eGl\u00fccksmomente\u201c der letzten Jahre im Weihnachtszirkus<\/a><\/p>\n","protected":false},"excerpt":{"rendered":"<p>Normalerweise l\u00e4dt die Oberle-Stiftung zusammen mit dem Verein &#8222;Wir helfen Kindern e.V.&#8220; benachteiligte Kinder und Jugendliche zu &#8222;Gl\u00fccksmomenten&#8220; in den Freiburger Weihnachtszirkus ein.\u00a0 Doch in einem Jahr wie 2020, in dem nichts normal ist, musste die Oberle-Stiftung kreativer werden um Gl\u00fccksmomente zu verschenken.<\/p>\n","protected":false},"author":7,"featured_media":0,"parent":0,"menu_order":0,"comment_status":"closed","ping_status":"closed","template":"","meta":{"ngg_post_thumbnail":0,"footnotes":""},"categories":[35,21],"tags":[],"class_list":["post-3265","page","type-page","status-publish","hentry","category-hilfen-fuer-kinder-u-jugendliche","category-region-freiburg"],"_links":{"self":[{"href":"https:\/\/oberle-stiftung.de\/index.php?rest_route=\/wp\/v2\/pages\/3265","targetHints":{"allow":["GET"]}}],"collection":[{"href":"https:\/\/oberle-stiftung.de\/index.php?rest_route=\/wp\/v2\/pages"}],"about":[{"href":"https:\/\/oberle-stiftung.de\/index.php?rest_route=\/wp\/v2\/types\/page"}],"author":[{"embeddable":true,"href":"https:\/\/oberle-stiftung.de\/index.php?rest_route=\/wp\/v2\/users\/7"}],"replies":[{"embeddable":true,"href":"https:\/\/oberle-stiftung.de\/index.php?rest_route=%2Fwp%2Fv2%2Fcomments&post=3265"}],"version-history":[{"count":18,"href":"https:\/\/oberle-stiftung.de\/index.php?rest_route=\/wp\/v2\/pages\/3265\/revisions"}],"predecessor-version":[{"id":3611,"href":"https:\/\/oberle-stiftung.de\/index.php?rest_route=\/wp\/v2\/pages\/3265\/revisions\/3611"}],"wp:attachment":[{"href":"https:\/\/oberle-stiftung.de\/index.php?rest_route=%2Fwp%2Fv2%2Fmedia&parent=3265"}],"wp:term":[{"taxonomy":"category","embeddable":true,"href":"https:\/\/oberle-stiftung.de\/index.php?rest_route=%2Fwp%2Fv2%2Fcategories&post=3265"},{"taxonomy":"post_tag","embeddable":true,"href":"https:\/\/oberle-stiftung.de\/index.php?rest_route=%2Fwp%2Fv2%2Ftags&post=3265"}],"curies":[{"name":"wp","href":"https:\/\/api.w.org\/{rel}","templated":true}]}}