{"id":3463,"date":"2021-01-27T10:18:21","date_gmt":"2021-01-27T10:18:21","guid":{"rendered":"http:\/\/oberle-stiftung.de\/?page_id=3463"},"modified":"2021-01-29T13:12:47","modified_gmt":"2021-01-29T13:12:47","slug":"zum-tod-unseres-stifters-wilhelm-oberle","status":"publish","type":"page","link":"https:\/\/oberle-stiftung.de\/?page_id=3463","title":{"rendered":"Zum Tod unseres Stifters Wilhelm Oberle"},"content":{"rendered":"\n<p><img loading=\"lazy\" decoding=\"async\" width=\"633\" height=\"306\" class=\"alignnone  wp-image-3464\" alt=\"\" src=\"http:\/\/oberle-stiftung.de\/wp-content\/uploads\/2021\/01\/Wilhelm-Oberle-e1611746521100-300x145.jpg\" srcset=\"https:\/\/oberle-stiftung.de\/wp-content\/uploads\/2021\/01\/Wilhelm-Oberle-e1611746521100-300x145.jpg 300w, https:\/\/oberle-stiftung.de\/wp-content\/uploads\/2021\/01\/Wilhelm-Oberle-e1611746521100-1024x496.jpg 1024w, https:\/\/oberle-stiftung.de\/wp-content\/uploads\/2021\/01\/Wilhelm-Oberle-e1611746521100-768x372.jpg 768w, https:\/\/oberle-stiftung.de\/wp-content\/uploads\/2021\/01\/Wilhelm-Oberle-e1611746521100.jpg 1280w\" sizes=\"auto, (max-width: 633px) 100vw, 633px\" \/>Zu berichten ist leider auch \u00fcber das letzte Lebensjahr und \u00fcber den Tod unseres Stifters Wilhelm Oberle (geb. 27.05.1931, gest. 06.02.2018)<br>\u201eDie n\u00e4chsten Monate werden hart\u201c, hatte unser Vater einmal gesagt. Und sie wurden hart. Und es waren tats\u00e4chlich auch nur ein paar Monate &#8230;<br>Als er im September 2017 in seinem Garten in Freiburg ein Leiter stellen wollte, h\u00e4tte es der Unerm\u00fcdliche fast geschafft, beim Arbeiten und im Stehen zu sterben.<br>Er ist mit der Leiter gest\u00fcrzt und hat dabei (nur) einen Sch\u00e4delbasisbruch erlitten. Als Passanten aufgeregt einen Krankenwagen holen wollten, hat er das abgelehnt und ist allein ins Haus zur\u00fcck. Im Anschluss an diesen Sturz ging es ihm schnell und zunehmend gesundheitlich schlechter. Wir konnten und wollten ihn nicht mehr alleine lassen und nach kurzer Zeit wurde daraus eine 24 Std.-Betreuung, rund um die Uhr, 7 Tage die Woche. <br>Die Entscheidung die Betreuung und Pflege durch uns Familienmitglieder zu gew\u00e4hrleisten, hat uns oft \u00fcberfordert und manchmal haben wir uns untereinander in dieser \u00dcberforderung auch nicht einig. Aber letztendlich und im R\u00fcckblick haben wir das zusammen doch ganz wunderbar hinbekommen. <br>Wir kamen unserem Vater durch die Pflege noch einmal ganz anders n\u00e4her. Jeder hatte Gelegenheit den Vater auch nochmal ganz f\u00fcr sich zu haben und wir hatten noch so manche sch\u00f6nen Gespr\u00e4che. <br>Wir sind sehr dankbar f\u00fcr diese zwar schwere, manchmal hektische, aber auch sehr friedvolle Zeit. Unser Vater war zum ersten Mal in seinem Leben kein \u201eMacher\u201c mehr, er war gezwungen, uns machen zu lassen und letztendlich \u201eloszulassen\u201c. <br>Wir haben ihm dann ein zweites Bett ins Wohnzimmer gestellt, vor das gro\u00dfe Fenster mit dem grandiosen Blick \u00fcber Freiburg. Zum ersten Mal in seinem Leben konnte er es zulassen, auch mal tags\u00fcber im Bett zu liegen und einfach nur aus dem Fenster zu schauen, mit einem entr\u00fcckten Blick auf die Verzweigungen und Ver\u00e4stelungen der B\u00e4ume davor. <br>Beerdigt haben wir ihn in seinem Schwarzw\u00e4lder Heimatdorf Nordrach mit einer gro\u00dfen Trauerfeier in \u201eseiner\u201c Kirche. Hier wurde er getauft, hier war er Ministrant w\u00e4hrend der Kriegsjahre und Oberministrant in den \u00e4rmlichen Nachkriegsjahren. Hier hat er geheiratet, und hier war er &#8211; viele Jahre sp\u00e4ter &#8211; auch Vorsitzender des Pfarrgemeinderats. <br>Zum Schluss ist er nochmal in seine Kirche heimgekehrt und ruht nun nur ein paar wenige Meter vom \u201eG\u00e4\u00dfle\u201c, wo alles begann, wo er zuhause im \u201eGr\u00e4bele\u201c des Elternbetts geboren wurde. <br>86 lange Jahre hat der Lebensweg von Wilhelm Oberle gedauert. Er hat einen gewaltigen Bogen um die halbe Welt geschlagen und dabei viele gute Spuren hinterlassen, um schlie\u00dflich friedlich in seine Heimaterde zur\u00fcckzukehren, wo er immer hingeh\u00f6rte, verwurzelt war und ist.<\/p>\n<p>(Clemens Oberle)<\/p>\n","protected":false},"excerpt":{"rendered":"<p>Zu berichten ist leider auch \u00fcber das letzte Lebensjahr und \u00fcber den Tod unseres Stifters Wilhelm Oberle (geb. 27.05.1931, gest. 06.02.2018)\u201eDie n\u00e4chsten Monate werden hart\u201c, hatte unser Vater einmal gesagt. Und sie wurden hart. Und es waren tats\u00e4chlich auch nur ein paar Monate &#8230;Als er im September 2017 in seinem Garten in Freiburg ein Leiter &hellip; <a href=\"https:\/\/oberle-stiftung.de\/?page_id=3463\" class=\"more-link\"><span class=\"screen-reader-text\">Zum Tod unseres Stifters Wilhelm Oberle<\/span> weiterlesen <span class=\"meta-nav\">&rarr;<\/span><\/a><\/p>\n","protected":false},"author":7,"featured_media":0,"parent":0,"menu_order":0,"comment_status":"closed","ping_status":"closed","template":"","meta":{"ngg_post_thumbnail":0,"footnotes":""},"categories":[],"tags":[],"class_list":["post-3463","page","type-page","status-publish","hentry"],"_links":{"self":[{"href":"https:\/\/oberle-stiftung.de\/index.php?rest_route=\/wp\/v2\/pages\/3463","targetHints":{"allow":["GET"]}}],"collection":[{"href":"https:\/\/oberle-stiftung.de\/index.php?rest_route=\/wp\/v2\/pages"}],"about":[{"href":"https:\/\/oberle-stiftung.de\/index.php?rest_route=\/wp\/v2\/types\/page"}],"author":[{"embeddable":true,"href":"https:\/\/oberle-stiftung.de\/index.php?rest_route=\/wp\/v2\/users\/7"}],"replies":[{"embeddable":true,"href":"https:\/\/oberle-stiftung.de\/index.php?rest_route=%2Fwp%2Fv2%2Fcomments&post=3463"}],"version-history":[{"count":12,"href":"https:\/\/oberle-stiftung.de\/index.php?rest_route=\/wp\/v2\/pages\/3463\/revisions"}],"predecessor-version":[{"id":4028,"href":"https:\/\/oberle-stiftung.de\/index.php?rest_route=\/wp\/v2\/pages\/3463\/revisions\/4028"}],"wp:attachment":[{"href":"https:\/\/oberle-stiftung.de\/index.php?rest_route=%2Fwp%2Fv2%2Fmedia&parent=3463"}],"wp:term":[{"taxonomy":"category","embeddable":true,"href":"https:\/\/oberle-stiftung.de\/index.php?rest_route=%2Fwp%2Fv2%2Fcategories&post=3463"},{"taxonomy":"post_tag","embeddable":true,"href":"https:\/\/oberle-stiftung.de\/index.php?rest_route=%2Fwp%2Fv2%2Ftags&post=3463"}],"curies":[{"name":"wp","href":"https:\/\/api.w.org\/{rel}","templated":true}]}}