{"id":3735,"date":"2014-04-09T09:46:22","date_gmt":"2014-04-09T09:46:22","guid":{"rendered":"http:\/\/oberle-stiftung.de\/?page_id=3735"},"modified":"2021-04-12T08:39:51","modified_gmt":"2021-04-12T08:39:51","slug":"sich-wieder-und-weiter-gesund-radeln","status":"publish","type":"page","link":"https:\/\/oberle-stiftung.de\/?page_id=3735","title":{"rendered":"Sich wieder und weiter gesund radeln"},"content":{"rendered":"\n<p><img loading=\"lazy\" decoding=\"async\" class=\"wp-image-3736 alignright\" src=\"http:\/\/oberle-stiftung.de\/wp-content\/uploads\/2021\/04\/Ebike-Krebskranke-Text-und-Fotos-300x200.jpg\" alt=\"\" width=\"219\" height=\"146\" srcset=\"https:\/\/oberle-stiftung.de\/wp-content\/uploads\/2021\/04\/Ebike-Krebskranke-Text-und-Fotos-300x200.jpg 300w, https:\/\/oberle-stiftung.de\/wp-content\/uploads\/2021\/04\/Ebike-Krebskranke-Text-und-Fotos-1024x683.jpg 1024w, https:\/\/oberle-stiftung.de\/wp-content\/uploads\/2021\/04\/Ebike-Krebskranke-Text-und-Fotos-768x512.jpg 768w, https:\/\/oberle-stiftung.de\/wp-content\/uploads\/2021\/04\/Ebike-Krebskranke-Text-und-Fotos-1536x1024.jpg 1536w, https:\/\/oberle-stiftung.de\/wp-content\/uploads\/2021\/04\/Ebike-Krebskranke-Text-und-Fotos-2048x1365.jpg 2048w\" sizes=\"auto, (max-width: 219px) 100vw, 219px\" \/>Erika B\u00e4chle kennt viel k\u00f6rperliches und seelisches Leid, sie arbeitet als Sozialp\u00e4dagogin der Psychosozialen Krebsberatungsstelle der Universit\u00e4tsklink Freiburg. Umso sch\u00f6ner, wenn ein Patient nach der Krebstherapie geheilt nach Hause entlassen wird. Frau B\u00e4chle m\u00f6chte dabei helfen, einen Herzenswunsch eines Patienten zu erf\u00fcllen.<br><!--more--><br>So wendet sich Frau B\u00e4chle an die Oberle-Stiftung, als ein 50-j\u00e4hriger Mann nach Krebsdiagnose und erfolgreicher Stammzellentransplantation finanzielle Unterst\u00fctzung braucht.&nbsp; Herr K. f\u00fchlt sich noch schwach, die Behandlung hat Nebenwirkungen. Nachdem der ehemalige Patient mehrere Knochenbr\u00fcche erlitt, musste er eine Zeit lang ein Korsett tragen.<br>Herr K. &nbsp;m\u00f6chte seine Gesundheit weiter stabilisieren und die Muskulatur st\u00e4rken, mit Hilfe eines neuen E-Bikes. Das aktuelle E-Bike ist defekt und eine Reparatur lohnt sich nicht mehr.&nbsp; Herr K. wohnt in einer Umlandgemeinde, ein Auto besitzt er nicht. Mit dem Fahrrad aber erledigt er s\u00e4mtliche Fahrten zu Terminen und Eink\u00e4ufen. So radelt er ins Fitness-Studio nach Freiburg, wo er an einem speziellen Muskelaufbautraining teilnimmt. <br><br>Herr K. ist alleinstehend, sein Einkommen reicht f\u00fcr gr\u00f6\u00dfere Anschaffungen nicht aus. Die Erwerbsunf\u00e4higkeits-Rente deckt gerade so die laufenden Ausgaben ab.<br>Frau B\u00e4chle konnte eine Spenden-Zusage der Aktion Weihnachtswunsch der Badischen Zeitung gewinnen. Mit einem Zuschuss der Oberle-Stiftung sowie einem gro\u00dfz\u00fcgigen Rabatt der Freiburger Firma HILD RADWELT konnte das Elektrofahrrad finanziert werden. &nbsp;&nbsp;&nbsp;<br><br>Nun hat Herr K.&nbsp; ein neues Fahrrad mit Elektroantrieb. Herr K. kann sich wieder fit und gesund radeln. Er kann jetzt &#8211; mehr oder weniger elektrisch unterst\u00fctzt &#8211; in die Pedale treten. &nbsp;<br>\u00dcbergeben wurde das E-Bike Mitte April. Mit dabei waren Erika B\u00e4chle, Waltraud Hanser von der Oberle-Stiftung und Fabian Waldvogel von&nbsp;HILD Radwelt.<br><br>Info: &nbsp;Die Psychosoziale Krebsberatungsstelle ist eine Einrichtung des Tumorzentrums Freiburg &#8211; CCCF, des Universit\u00e4tsklinikums Freiburg und der Klinik f\u00fcr Tumorbiologie, gef\u00f6rdert durch die Deutsche Krebshilfe (DKH). Sie bietet professionelle Information, Beratung und Unterst\u00fctzung f\u00fcr Menschen, die sich mit einer Krebserkrankung auseinandersetzen.<\/p>\n<p><a href=\"https:\/\/www.uniklinik-freiburg.de\/presse\/pressemitteilungen\/detailansicht\/326-e-bike-fuer-krebspatient.html\" target=\"_blank\" rel=\"noopener noreferrer\">Zum Artikel des<strong> Universit\u00e4tsklinikums Freiburg<\/strong><\/a><\/p>\n","protected":false},"excerpt":{"rendered":"<p>Erika B\u00e4chle kennt viel k\u00f6rperliches und seelisches Leid, sie arbeitet als Sozialp\u00e4dagogin der Psychosozialen Krebsberatungsstelle der Universit\u00e4tsklink Freiburg. Umso sch\u00f6ner, wenn ein Patient nach der Krebstherapie geheilt nach Hause entlassen wird. Frau B\u00e4chle m\u00f6chte dabei helfen, einen Herzenswunsch eines Patienten zu erf\u00fcllen.<\/p>\n","protected":false},"author":7,"featured_media":0,"parent":0,"menu_order":0,"comment_status":"closed","ping_status":"closed","template":"","meta":{"ngg_post_thumbnail":0,"footnotes":""},"categories":[38,13,21],"tags":[],"class_list":["post-3735","page","type-page","status-publish","hentry","category-hilfen-fuer-einzelne-menschen","category-hilfen-fuer-kranke-menschen","category-region-freiburg"],"_links":{"self":[{"href":"https:\/\/oberle-stiftung.de\/index.php?rest_route=\/wp\/v2\/pages\/3735","targetHints":{"allow":["GET"]}}],"collection":[{"href":"https:\/\/oberle-stiftung.de\/index.php?rest_route=\/wp\/v2\/pages"}],"about":[{"href":"https:\/\/oberle-stiftung.de\/index.php?rest_route=\/wp\/v2\/types\/page"}],"author":[{"embeddable":true,"href":"https:\/\/oberle-stiftung.de\/index.php?rest_route=\/wp\/v2\/users\/7"}],"replies":[{"embeddable":true,"href":"https:\/\/oberle-stiftung.de\/index.php?rest_route=%2Fwp%2Fv2%2Fcomments&post=3735"}],"version-history":[{"count":3,"href":"https:\/\/oberle-stiftung.de\/index.php?rest_route=\/wp\/v2\/pages\/3735\/revisions"}],"predecessor-version":[{"id":3755,"href":"https:\/\/oberle-stiftung.de\/index.php?rest_route=\/wp\/v2\/pages\/3735\/revisions\/3755"}],"wp:attachment":[{"href":"https:\/\/oberle-stiftung.de\/index.php?rest_route=%2Fwp%2Fv2%2Fmedia&parent=3735"}],"wp:term":[{"taxonomy":"category","embeddable":true,"href":"https:\/\/oberle-stiftung.de\/index.php?rest_route=%2Fwp%2Fv2%2Fcategories&post=3735"},{"taxonomy":"post_tag","embeddable":true,"href":"https:\/\/oberle-stiftung.de\/index.php?rest_route=%2Fwp%2Fv2%2Ftags&post=3735"}],"curies":[{"name":"wp","href":"https:\/\/api.w.org\/{rel}","templated":true}]}}