{"id":3740,"date":"2020-04-10T08:18:02","date_gmt":"2020-04-10T08:18:02","guid":{"rendered":"http:\/\/oberle-stiftung.de\/?page_id=3740"},"modified":"2021-04-12T08:34:05","modified_gmt":"2021-04-12T08:34:05","slug":"theater-mit-gebaerdensprache","status":"publish","type":"page","link":"https:\/\/oberle-stiftung.de\/?page_id=3740","title":{"rendered":"Theater mit Geb\u00e4rdensprache"},"content":{"rendered":"\n<p><img loading=\"lazy\" decoding=\"async\" class=\"alignright\" src=\"http:\/\/oberle-stiftung.de\/wp-content\/uploads\/2021\/04\/DSC_0079-scaled.jpeg\" width=\"228\" height=\"151\" \/>Ein Theaterbesuch, wenn man nicht h\u00f6ren kann? Wie kann das funktionieren?<br \/>Das \u201eJunge Theater Freiburg\u201c unter der Leitung von Michael Kaiser f\u00fchrt das schon in der dritten Spielzeit vor. 2018 begannen die Proben f\u00fcr \u201eDie kleine Meerjungfrau &#8211; Kinderst\u00fcck nach Hans Christian Andersen\u201c, das in Geb\u00e4rdensprache \u00fcbersetzt wurde. \u00a02019 folgten weitere Auff\u00fchrungen mit Geb\u00e4rdensprache, nun von \u201eKarlsson vom Dach\u201c nach Astrid Lindgrens weltbestem Streichemacher.<br \/><!--more--><br \/>An Text gibt es eine Menge: \u201eEndlich ist es soweit! Die kleine Meerjungfrau hat Geburtstag und darf zum ersten Mal an die Wasseroberfl\u00e4che. Sie kann es gar nicht erwarten, die sonderbare Welt mit ihren eigenen Augen zu sehen, von der ihr ihre \u00e4lteren Schwestern immer erz\u00e4hlen. Als sie den Kopf \u00fcber Wasser streckt, sieht sie ein bunt geschm\u00fccktes Schiff, von dem Musik ert\u00f6nt, und einen wundersch\u00f6nen Prinzen, der an der Reling lehnt und in die Ferne schaut\u2026\u201c\u00a0<br \/><br \/>\u201eKarlsson vom Dach ist nicht nur listig, unzuverl\u00e4ssig und gefr\u00e4\u00dfig, ein mordsm\u00e4\u00dfiger Besserwisser und neunmalkluger Wichtigtuer ist er obendrein. Dreht der symphatisch-unsymphatische Hochstapler und Tiefflieger aus Stockholm den Knopf auf seinem Bauch, beginnt der Propeller auf seinem R\u00fccken zu rotieren und der Schabernack beginnt\u2026\u201c<br \/><br \/>Die beiden Dolmetscherinnen begannen ihre Arbeit mit der ersten Probe des Ensembles. Die Texte wurden in Geb\u00e4rdensprache \u00fcbersetzt und einge\u00fcbt, so wie die Schauspieler ihre Rollen einstudierten.\u00a0 In der Auff\u00fchrung waren beide Dolmetscherinnen auf der B\u00fchne, gut sichtbar f\u00fcr die Zuschauer. Das Junge Theater Freiburg informierte sich zuvor beim Bildungs- und Beratungszentrum f\u00fcr H\u00f6rgesch\u00e4digte in Stegen. Die Sonderauff\u00fchrungen wurden mit einem besonderen Flyer \u2013 ganz zielgruppenorientiert &#8211; beworben.<br \/><br \/><img loading=\"lazy\" decoding=\"async\" class=\"alignleft\" src=\"http:\/\/oberle-stiftung.de\/wp-content\/uploads\/2021\/04\/CSC_0191-scaled.jpeg\" width=\"293\" height=\"195\" \/><img loading=\"lazy\" decoding=\"async\" class=\"alignright\" src=\"http:\/\/oberle-stiftung.de\/wp-content\/uploads\/2021\/04\/CSC_0177-scaled.jpeg\" width=\"289\" height=\"193\" \/><br \/><br \/><br \/><br \/><br \/><br \/><br \/><br \/><\/p>\n<p>In der Spielzeit 2020 durchkreuzten Corona Ma\u00dfnahmen die Planungen des Theaters. Noch im Oktober konnte eine Veranstaltung mit live \u00dcbersetzung stattfinden. Mit einer verkleinerten Lesung beim LIRUM LARUM Lesefest. Leider mussten die Dezember- Vorstellungen des neuen Kinderst\u00fccks mit Geb\u00e4rdensprache alle abgesagt werden. \u00a0Gerne bezuschusst die Oberle Stiftung die Kosten der Geb\u00e4rdendolmetscherinnen f\u00fcr ein Theater f\u00fcr alle. Denn versprochen: Nach dem Lockdown geht es weiter!<\/p>\n<p><a href=\"https:\/\/www.theater.freiburg.de\/de_DE\/spielplan\/karlsson-vom-dach.15803429\" target=\"_blank\" rel=\"noopener noreferrer\">Zum Artikel des <strong>Theaters Freiburg<\/strong><\/a><\/p>\n","protected":false},"excerpt":{"rendered":"<p>Ein Theaterbesuch, wenn man nicht h\u00f6ren kann? Wie kann das funktionieren?Das \u201eJunge Theater Freiburg\u201c unter der Leitung von Michael Kaiser f\u00fchrt das schon in der dritten Spielzeit vor. 2018 begannen die Proben f\u00fcr \u201eDie kleine Meerjungfrau &#8211; Kinderst\u00fcck nach Hans Christian Andersen\u201c, das in Geb\u00e4rdensprache \u00fcbersetzt wurde. \u00a02019 folgten weitere Auff\u00fchrungen mit Geb\u00e4rdensprache, nun von &hellip; <a href=\"https:\/\/oberle-stiftung.de\/?page_id=3740\" class=\"more-link\"><span class=\"screen-reader-text\">Theater mit Geb\u00e4rdensprache<\/span> weiterlesen <span class=\"meta-nav\">&rarr;<\/span><\/a><\/p>\n","protected":false},"author":7,"featured_media":0,"parent":0,"menu_order":0,"comment_status":"closed","ping_status":"closed","template":"","meta":{"ngg_post_thumbnail":0,"footnotes":""},"categories":[35,33,21],"tags":[],"class_list":["post-3740","page","type-page","status-publish","hentry","category-hilfen-fuer-kinder-u-jugendliche","category-hilfen-fuer-behinderte","category-region-freiburg"],"_links":{"self":[{"href":"https:\/\/oberle-stiftung.de\/index.php?rest_route=\/wp\/v2\/pages\/3740","targetHints":{"allow":["GET"]}}],"collection":[{"href":"https:\/\/oberle-stiftung.de\/index.php?rest_route=\/wp\/v2\/pages"}],"about":[{"href":"https:\/\/oberle-stiftung.de\/index.php?rest_route=\/wp\/v2\/types\/page"}],"author":[{"embeddable":true,"href":"https:\/\/oberle-stiftung.de\/index.php?rest_route=\/wp\/v2\/users\/7"}],"replies":[{"embeddable":true,"href":"https:\/\/oberle-stiftung.de\/index.php?rest_route=%2Fwp%2Fv2%2Fcomments&post=3740"}],"version-history":[{"count":6,"href":"https:\/\/oberle-stiftung.de\/index.php?rest_route=\/wp\/v2\/pages\/3740\/revisions"}],"predecessor-version":[{"id":3760,"href":"https:\/\/oberle-stiftung.de\/index.php?rest_route=\/wp\/v2\/pages\/3740\/revisions\/3760"}],"wp:attachment":[{"href":"https:\/\/oberle-stiftung.de\/index.php?rest_route=%2Fwp%2Fv2%2Fmedia&parent=3740"}],"wp:term":[{"taxonomy":"category","embeddable":true,"href":"https:\/\/oberle-stiftung.de\/index.php?rest_route=%2Fwp%2Fv2%2Fcategories&post=3740"},{"taxonomy":"post_tag","embeddable":true,"href":"https:\/\/oberle-stiftung.de\/index.php?rest_route=%2Fwp%2Fv2%2Ftags&post=3740"}],"curies":[{"name":"wp","href":"https:\/\/api.w.org\/{rel}","templated":true}]}}