{"id":3748,"date":"2012-04-10T08:15:00","date_gmt":"2012-04-10T08:15:00","guid":{"rendered":"http:\/\/oberle-stiftung.de\/?page_id=3748"},"modified":"2022-03-17T12:29:44","modified_gmt":"2022-03-17T12:29:44","slug":"zuschuesse-fuer-bildungsfahrten","status":"publish","type":"page","link":"https:\/\/oberle-stiftung.de\/?page_id=3748","title":{"rendered":"Zusch\u00fcsse f\u00fcr Bildungsfahrten"},"content":{"rendered":"\n<p><img loading=\"lazy\" decoding=\"async\" class=\"alignright\" src=\"http:\/\/oberle-stiftung.de\/wp-content\/uploads\/2021\/04\/Kinder-u.-Jugendzentrum-Weingarten-Berlinreise-Weidenhof-Romy-5.jpg\" width=\"211\" height=\"140\">Ein Grundsatz der Oberle-Stiftung zur F\u00f6rderung von Kinder- und Jugendprojekten ist: Wenn sich Jugendliche tatkr\u00e4ftig f\u00fcr ihre W\u00fcnsche einbringen, geben wir gerne etwas dazu!<br>Bildungsreisen f\u00fcr Jugendliche sind beliebt, ein begehrtes Ziel ist Berlin. Aber eine Metropole wie Berlin ist teuer. Was also tun, wenn die Reisekasse klamm ist?<br><!--more--><br>Dar\u00fcber machte sich eine Jugendgruppe des \u201eKinder- und Jugendzentrums Weingarten\u201c Gedanken. F\u00fcnf M\u00e4dchen und f\u00fcnf Jungs im Alter von 13-18 Jahren aus Freiburg hatten viele Ideen! Sie zeigten gro\u00dfen Eifer dabei, wie sie ihr schmales Budget erh\u00f6hen und damit unseren Zuschuss ergattern k\u00f6nnten: &nbsp;Sie \u00fcbernahmen bei mehreren Events (z. B. beim Sportaktionstag im Stadtgarten, beim 3-4-5 Turnier der Jugendh\u00e4user und mehr) das Catering, um Geld f\u00fcr die Gruppenkasse zu verdienen.<br>Ihr Engagement f\u00fcr die eigene Sache lohnte sich: Mit unserem Zuschuss war eine Woche Bildungsfahrt nach Berlin finanziert!<br><br>Romy Weidenhof, die als Sozialarbeiterin die Gruppe begleitete, berichtet: \u201e Von der Unterkunft in Kreuzberg ging es zu den Sightseeing-H\u00f6hepunkten wie dem Reichstag, der Reichstagskuppel und dem Brandenburger Tor oder dem Fernsehturm. An jedem Tag gab es Neues zu sehen und zu erfahren.<br>Ein Thema der Bildungsreise war die ehemalige Mauer mit der Teilung der Stadt. Bei den Streifz\u00fcgen waren Spuren des 2. Weltkrieges noch vielerorts sichtbar. Die F\u00fchrung durch die \u201eBerliner Unterwelten\u201c vermittelte eine konkrete Vorstellung von der Not der Bev\u00f6lkerung und von der Zerst\u00f6rung in den Kriegsjahren. Mit den noch frischen Eindr\u00fccken im Kopf, tauschten sich die Jugendlichen lebhaft \u00fcber die deutsche Geschichte aus.<br><br><img loading=\"lazy\" decoding=\"async\" class=\"aligncenter\" src=\"http:\/\/oberle-stiftung.de\/wp-content\/uploads\/2021\/04\/Kinder-u.-Jugendzentrum-Weingarten-Berlinreise-Weidenhof-Romy-2.jpg\" width=\"383\" height=\"255\"><br>Au\u00dfergew\u00f6hnliche Graffiti-Kunst gab es bei einem begleiteten Rundgang durch Kreuzberg zu sehen.&nbsp; Bei dem Besuch des Archivs der Jugendkulturen diskutierte die Gruppe \u00fcber die Thematik \u201eKann Islam cool sein?\u201c und die Jugendlichen konnten in der Bibliothek u. a. einen Blick in die 1. Ausgabe der BRAVO werfen.\u201c <br><br><img loading=\"lazy\" decoding=\"async\" class=\"aligncenter\" src=\"http:\/\/oberle-stiftung.de\/wp-content\/uploads\/2021\/04\/Kinder-u.-Jugendzentrum-Weingarten-Berlinreise-Weidenhof-Romy-1-scaled.jpg\" width=\"385\" height=\"256\"><br>Die vollgepackten 7 Tage in der Hauptstadt waren &nbsp;intensiv. Die Jugendlichen erlebten Berlin als mond\u00e4ne, pulsierende Millionenstadt, spannend und beeindruckend, aber sie sahen auch Widerspr\u00fcchliches, Armut und Umbruch.<br><br>Die Bildungsfahrt war f\u00fcr alle Teilnehmer eine pers\u00f6nliche Bereicherung. &nbsp;Die Atmosph\u00e4re innerhalb der Gruppe stimmte, es herrschten gegenseitige R\u00fccksichtnahme und Toleranz. &nbsp;So wurden, quasi als Nebeneffekt, auch noch soziale Bildungsziele erreicht!<\/p>\n","protected":false},"excerpt":{"rendered":"<p>Ein Grundsatz der Oberle-Stiftung zur F\u00f6rderung von Kinder- und Jugendprojekten ist: Wenn sich Jugendliche tatkr\u00e4ftig f\u00fcr ihre W\u00fcnsche einbringen, geben wir gerne etwas dazu!Bildungsreisen f\u00fcr Jugendliche sind beliebt, ein begehrtes Ziel ist Berlin. Aber eine Metropole wie Berlin ist teuer. Was also tun, wenn die Reisekasse klamm ist?<\/p>\n","protected":false},"author":7,"featured_media":0,"parent":0,"menu_order":0,"comment_status":"closed","ping_status":"closed","template":"","meta":{"ngg_post_thumbnail":0,"footnotes":""},"categories":[35,21],"tags":[],"class_list":["post-3748","page","type-page","status-publish","hentry","category-hilfen-fuer-kinder-u-jugendliche","category-region-freiburg"],"_links":{"self":[{"href":"https:\/\/oberle-stiftung.de\/index.php?rest_route=\/wp\/v2\/pages\/3748","targetHints":{"allow":["GET"]}}],"collection":[{"href":"https:\/\/oberle-stiftung.de\/index.php?rest_route=\/wp\/v2\/pages"}],"about":[{"href":"https:\/\/oberle-stiftung.de\/index.php?rest_route=\/wp\/v2\/types\/page"}],"author":[{"embeddable":true,"href":"https:\/\/oberle-stiftung.de\/index.php?rest_route=\/wp\/v2\/users\/7"}],"replies":[{"embeddable":true,"href":"https:\/\/oberle-stiftung.de\/index.php?rest_route=%2Fwp%2Fv2%2Fcomments&post=3748"}],"version-history":[{"count":2,"href":"https:\/\/oberle-stiftung.de\/index.php?rest_route=\/wp\/v2\/pages\/3748\/revisions"}],"predecessor-version":[{"id":3753,"href":"https:\/\/oberle-stiftung.de\/index.php?rest_route=\/wp\/v2\/pages\/3748\/revisions\/3753"}],"wp:attachment":[{"href":"https:\/\/oberle-stiftung.de\/index.php?rest_route=%2Fwp%2Fv2%2Fmedia&parent=3748"}],"wp:term":[{"taxonomy":"category","embeddable":true,"href":"https:\/\/oberle-stiftung.de\/index.php?rest_route=%2Fwp%2Fv2%2Fcategories&post=3748"},{"taxonomy":"post_tag","embeddable":true,"href":"https:\/\/oberle-stiftung.de\/index.php?rest_route=%2Fwp%2Fv2%2Ftags&post=3748"}],"curies":[{"name":"wp","href":"https:\/\/api.w.org\/{rel}","templated":true}]}}