{"id":3778,"date":"2021-04-13T09:16:05","date_gmt":"2021-04-13T09:16:05","guid":{"rendered":"http:\/\/oberle-stiftung.de\/?page_id=3778"},"modified":"2021-05-25T11:52:43","modified_gmt":"2021-05-25T11:52:43","slug":"schwimmkurs-fuer-frauen-integration-ueber-das-seepferdchen","status":"publish","type":"page","link":"https:\/\/oberle-stiftung.de\/?page_id=3778","title":{"rendered":"Schwimmkurs f\u00fcr Frauen &#8211; Integration \u00fcber das Seepferdchen"},"content":{"rendered":"\n<p><img loading=\"lazy\" decoding=\"async\" class=\"alignright\" src=\"http:\/\/oberle-stiftung.de\/wp-content\/uploads\/2021\/04\/20-09-24-1-scaled.jpg\" width=\"190\" height=\"142\">Vorf\u00fchren ist besser als Erkl\u00e4ren: Schwimmen lernt sich weniger \u00fcber trockene Worte, sondern durch \u00dcbungen im Wasser. Der Verein \u201eS\u00fcdwind \u201c, der sich seit Jahrzehnten f\u00fcr die Integration von Ausl\u00e4ndern einsetzt, hat einen besonderen Schwimmkurs im Angebot. <br><!--more--><br><br>Denn die 12 Frauen im Alter von 35 bis 65 Jahren, die einmal w\u00f6chentlich im B\u00fcrgerbad Merzhausen herumpaddeln, verstehen nicht immer, was ihre Schwimmlehrerinnen sagen. Ihre Deutschkenntnisse sind so unterschiedlich wie die L\u00e4nder, aus denen sie eingereist oder geflohen sind.<br>In den Heimatl\u00e4ndern war es teilweise verboten oder unm\u00f6glich, Schwimmen zu lernen. Einige der Frauen mussten auf der Flucht miterleben, wie Menschen ertranken.<br>Seither haben sie eine gro\u00dfe Angst vor Wasser. Die Trainerin beginnt den Kurs mit Gleichgewichts\u00fcbungen. Danach folgen Spiele mit Gummib\u00e4ndern und B\u00e4llen. Allm\u00e4hlich werden die Frauen mutiger und sicherer.<br>Eine Schwimmlehrerin beobachtet aufmerksam eine \u201eSch\u00fclerin\u201c, die sich am Rand entlang durchs Schwimmbecken tastet. &#8222;Beim ersten Mal stand sie nur da und zitterte&#8220;, erinnert sie sich. &nbsp;&#8222;Sie traute sich keinen Schritt zu gehen.&#8220;<br>Wird die Angst besiegt, bestehen gute Aussichten, dass die Frauen nach 10 Unterrichtsstunden in Bauchlage schwimmen k\u00f6nnen. Sie trauen sich, vom Rand ins Becken zu springen oder sogar nach einem Gegenstand zu tauchen. Sie haben Spa\u00df daran, mit Ringen und B\u00e4llen im Wasser zu spielen. All das geh\u00f6rt zum nassen Programm. Selbst wenn es nicht zum Seepferdchen-Abzeichen reicht: Zum Abschluss des Kurses erh\u00e4lt jede Schwimmerin eine Urkunde.<br><br><img loading=\"lazy\" decoding=\"async\" class=\"aligncenter\" src=\"http:\/\/oberle-stiftung.de\/wp-content\/uploads\/2021\/04\/38-2am-Rand-schwimmen-scaled.jpg\" width=\"342\" height=\"456\"><\/p>\n<p>Interessant ist das Angebot vor allem f\u00fcr M\u00fctter, deren Kinder in der Schule Schwimmen lernen, denn die Frauen bekommen Schwimmunterricht, in einem sicheren Rahmen (kein Regelbetrieb, es sind keine M\u00e4nner im Bad anwesend). &nbsp;Sie k\u00f6nnen teilhaben an dem, was zuvor undenkbar erschien: Mit der Familie einen Sommertag im Freibad zu verbringen \u2013 und zwar als Schwimmerin.<br>Die Schwimmkurse von S\u00fcdwind e.V. finden seit 2017 statt und werden zum gr\u00f6\u00dften Teil von der Oberle Stiftung finanziert. Kosten entstehen f\u00fcr die Schwimmbad-Miete, Honorar f\u00fcr die Schwimmlehrerin, Schulungsmaterial, Fahrtkosten, Begleitung und Organisation sowie Verpflegung. <br>Die Kurse werden mit gro\u00dfem Interesse angenommen, so dass jedes Jahr eine lange Warteliste entsteht.&nbsp;Leider ist es S\u00fcdwind e.V. nicht m\u00f6glich mehr Kurse anzubieten, da es bisher nicht gelang, mehr Schwimmbadzeiten zu mieten oder andere B\u00e4der in der Region f\u00fcr das Projekt zu begeistern.<\/p>\n<p><br><br><a href=\"https:\/\/www.suedwind-freiburg.de\/migrationsberatung-mbe-erwachsene-zugewanderte\/\" target=\"_blank\" rel=\"noopener noreferrer\">Mehr zu <strong>S\u00fcdwind Freiburg e.V.<\/strong><\/a><\/p>\n","protected":false},"excerpt":{"rendered":"<p>Vorf\u00fchren ist besser als Erkl\u00e4ren: Schwimmen lernt sich weniger \u00fcber trockene Worte, sondern durch \u00dcbungen im Wasser. Der Verein \u201eS\u00fcdwind \u201c, der sich seit Jahrzehnten f\u00fcr die Integration von Ausl\u00e4ndern einsetzt, hat einen besonderen Schwimmkurs im Angebot.<\/p>\n","protected":false},"author":7,"featured_media":0,"parent":0,"menu_order":0,"comment_status":"closed","ping_status":"closed","template":"","meta":{"ngg_post_thumbnail":0,"footnotes":""},"categories":[36,21],"tags":[],"class_list":["post-3778","page","type-page","status-publish","hentry","category-hilfen-fuer-fluechtlinge","category-region-freiburg"],"_links":{"self":[{"href":"https:\/\/oberle-stiftung.de\/index.php?rest_route=\/wp\/v2\/pages\/3778","targetHints":{"allow":["GET"]}}],"collection":[{"href":"https:\/\/oberle-stiftung.de\/index.php?rest_route=\/wp\/v2\/pages"}],"about":[{"href":"https:\/\/oberle-stiftung.de\/index.php?rest_route=\/wp\/v2\/types\/page"}],"author":[{"embeddable":true,"href":"https:\/\/oberle-stiftung.de\/index.php?rest_route=\/wp\/v2\/users\/7"}],"replies":[{"embeddable":true,"href":"https:\/\/oberle-stiftung.de\/index.php?rest_route=%2Fwp%2Fv2%2Fcomments&post=3778"}],"version-history":[{"count":12,"href":"https:\/\/oberle-stiftung.de\/index.php?rest_route=\/wp\/v2\/pages\/3778\/revisions"}],"predecessor-version":[{"id":4329,"href":"https:\/\/oberle-stiftung.de\/index.php?rest_route=\/wp\/v2\/pages\/3778\/revisions\/4329"}],"wp:attachment":[{"href":"https:\/\/oberle-stiftung.de\/index.php?rest_route=%2Fwp%2Fv2%2Fmedia&parent=3778"}],"wp:term":[{"taxonomy":"category","embeddable":true,"href":"https:\/\/oberle-stiftung.de\/index.php?rest_route=%2Fwp%2Fv2%2Fcategories&post=3778"},{"taxonomy":"post_tag","embeddable":true,"href":"https:\/\/oberle-stiftung.de\/index.php?rest_route=%2Fwp%2Fv2%2Ftags&post=3778"}],"curies":[{"name":"wp","href":"https:\/\/api.w.org\/{rel}","templated":true}]}}