{"id":3826,"date":"2021-04-15T07:27:24","date_gmt":"2021-04-15T07:27:24","guid":{"rendered":"http:\/\/oberle-stiftung.de\/?page_id=3826"},"modified":"2021-05-05T08:32:03","modified_gmt":"2021-05-05T08:32:03","slug":"suchtpraevention-beim-christophorus-jugendwerk","status":"publish","type":"page","link":"https:\/\/oberle-stiftung.de\/?page_id=3826","title":{"rendered":"Suchtpr\u00e4vention beim Christophorus Jugendwerk"},"content":{"rendered":"\n<p><img loading=\"lazy\" decoding=\"async\" class=\"alignright\" src=\"http:\/\/oberle-stiftung.de\/wp-content\/uploads\/2021\/04\/Neues-Suchtpraeventionsprojekt-fuer-Jugendliche-Kopie.jpg\" width=\"188\" height=\"125\">Das Christophorus Jugendwerks (CJW) ist eine Wohn- und Bildungseinrichtung f\u00fcr Jugendliche, die eigene Wohngruppen wie den Campus Breisach unterh\u00e4lt. Neben der Erziehung in Wohngruppen, der Beschulung in einer eigenen Schule f\u00fcr Erziehungshilfe, Ausbildung in sieben Berufen bietet das CJW noch weitere Hilfen im Ausland und in Fernschulen an.<br><!--more--><br>In der Rimsinger Tuniberghalle wurde nun ein Projekt zur Suchtpr\u00e4vention vorgestellt, an dem sich die jugendlichen Bewohner des CJW sowohl als Projektmitarbeiter wie auch als Teilnehmer beteiligten. Fast 100 Jugendliche besuchten die Informations-Stra\u00dfe und konnten sich mit Suchtmitteln wie Nikotin, Alkohol und Cannabis bewusst auseinanderzusetzen, ohne dabei den p\u00e4dagogischen Zeigefinger vorgehalten zu bekommen. Die Projektgruppe hatte sich einiges einfallen lassen.<br><br>&#8222;Mir liegt dieses Projekt am Herzen, weil ich viele Jungs in meiner Zeit im Christophorus Jugendwerk erlebt habe, die durch den Konsum von Drogen viel verloren haben. Manchmal hat es mich wahnsinnig traurig gemacht, das mit anzusehen und so wenig dagegen machen zu k\u00f6nnen.&#8220; So begann Oliver Brings, Bereichsleiter der station\u00e4ren Hilfen, seine Rede zur Auftaktveranstaltung. <br><br><strong>Verschiedene Stationen<br><\/strong>An verschiedenen Mitmachstationen informierten sich die Heranwachsenden \u00fcber die Wirkungen und die Folgen von verschiedenen Suchtmitteln. Sie konnten aber auch gleich in Aktion treten \u2013 zum Beispiel beim &#8222;Cannabis-Quiz&#8220; oder bei einem Skelett, an dem die von Nikotin beeintr\u00e4chtigen Organe angesteckt werden sollten. An der Rauschstation simulierte eine spezielle Brille die Sehsch\u00e4rfe bei verschiedenen Promillewerten nach Alkoholkonsum. Je h\u00f6her diese stiegen, desto mehr nahmen die jugendlichen Brillentr\u00e4ger ihre Umgebung verzerrt und mit eingeschr\u00e4nkter Rundumsicht wahr. Sie sahen doppelt und taten sich zunehmend schwer, N\u00e4he und Entfernungen richtig einzusch\u00e4tzen. Au\u00dferdem verl\u00e4ngerte sich die Reaktionszeit.<br>&#8222;Alle haben durchgehalten, auch wenn\u2019s manchmal knapp war&#8220;, schmunzelt Projektkoordinatorin Stephanie Jacobs, die die Mitmachstationen zusammen mit ihrer Kollegin Theresia Abb\u00fchl, Leiterin einer Wohngruppe am CJW, gestaltet hatte.<br><br><strong>W\u00fcnsche werden ber\u00fccksichtigt<\/strong><strong><br><\/strong>&#8222;Hat voll Spa\u00df gemacht das Ganze. Ich konnte da echt was mitnehmen und ich \u00fcberlege auch, aufzuh\u00f6ren zu rauchen, das tut mir echt nicht gut, ich hab\u2019 da jetzt mehrere Stoffe kennengelernt, die einfach sch\u00e4dlich sind. Die Veranstaltung war auf jeden Fall gut&#8220;, lobte ein jugendlicher Teilnehmer das Programm zum Start des neuen Projekts.<br><br>&#8222;In unserer p\u00e4dagogischen Arbeit legen wir viel Wert auf Beteiligung, auf die gemeinsame Ausgestaltung der Hilfe und auf Teilhabe am Leben in der Gesellschaft&#8220;, erl\u00e4uterte Stephanie Jacobs das &#8222;Weitblick&#8220;-Konzept&#8220;. Die Jugendlichen k\u00f6nnen sich also auch mit eigenen W\u00fcnschen und Ideen in das auf zwei Jahre angelegte Projekt einbringen und sich im Rahmen von Koch-, Kunst-, Sport- oder Angelworkshops mit den Projektmitarbeitern austauschen.<br><br><strong>Eigene Ideen sind gefragt<\/strong><br>Ist der Entschluss, mit den Drogen aufzuh\u00f6ren, erst einmal gefasst, k\u00f6nnen sie nachfragen: Wie bekomme ich das hin, wenn ich wirklich vorhabe aufzuh\u00f6ren? Wer hilft mir dabei? Denn durch das gemeinsame Tun in den Workshops kommen die Projektmitarbeiter mit den Jugendlichen gut ins Gespr\u00e4ch, betont Stephanie Jacobs. &#8222;So k\u00f6nnen wir junge Menschen mit Konsumerfahrungen und Fragen nach einer Gef\u00e4hrdung begleiten und unterst\u00fctzen.\u201c<br><br>\u201eDa die Arbeit mit den Jugendlichen immer Wellen ins Gemeinwesen schl\u00e4gt, ist uns die \u00d6ffentlichkeitsarbeit zu dieser Thematik sehr wichtig&#8220;, erl\u00e4utert sie. Deshalb stehe das Christophorus Jugendwerk in Kontakt mit der Gemeinde und der lokalen Polizeibeh\u00f6rde sowie der Drogenberatungsstelle Kobra in Breisach. Unterst\u00fctzt wird das Vorhaben unter anderem von der Kaufm\u00e4nnischen Krankenkasse und der Oberle-Stiftung.<\/p>\n<p>Teilweise \u00fcbernommen aus dem Artikel der Badischer Zeitung vom 11.10.2020<\/p>\n<p><a href=\"https:\/\/www.cjw.eu\/index.php\" target=\"_blank\" rel=\"noopener noreferrer\">Mehr zum <strong>Campus Christophorus Jugendwerk<\/strong><\/a>&nbsp;<br><a href=\"https:\/\/www.youtube.com\/watch?v=VycxhAcFW4o\" target=\"_blank\" rel=\"noopener noreferrer\">Videoportrait: <strong>Campus Christophorus Jugendwerk Breisach<\/strong><\/a><\/p>\n","protected":false},"excerpt":{"rendered":"<p>Das Christophorus Jugendwerks (CJW) ist eine Wohn- und Bildungseinrichtung f\u00fcr Jugendliche, die eigene Wohngruppen wie den Campus Breisach unterh\u00e4lt. Neben der Erziehung in Wohngruppen, der Beschulung in einer eigenen Schule f\u00fcr Erziehungshilfe, Ausbildung in sieben Berufen bietet das CJW noch weitere Hilfen im Ausland und in Fernschulen an.<\/p>\n","protected":false},"author":7,"featured_media":0,"parent":0,"menu_order":0,"comment_status":"closed","ping_status":"closed","template":"","meta":{"ngg_post_thumbnail":0,"footnotes":""},"categories":[35,21],"tags":[],"class_list":["post-3826","page","type-page","status-publish","hentry","category-hilfen-fuer-kinder-u-jugendliche","category-region-freiburg"],"_links":{"self":[{"href":"https:\/\/oberle-stiftung.de\/index.php?rest_route=\/wp\/v2\/pages\/3826","targetHints":{"allow":["GET"]}}],"collection":[{"href":"https:\/\/oberle-stiftung.de\/index.php?rest_route=\/wp\/v2\/pages"}],"about":[{"href":"https:\/\/oberle-stiftung.de\/index.php?rest_route=\/wp\/v2\/types\/page"}],"author":[{"embeddable":true,"href":"https:\/\/oberle-stiftung.de\/index.php?rest_route=\/wp\/v2\/users\/7"}],"replies":[{"embeddable":true,"href":"https:\/\/oberle-stiftung.de\/index.php?rest_route=%2Fwp%2Fv2%2Fcomments&post=3826"}],"version-history":[{"count":3,"href":"https:\/\/oberle-stiftung.de\/index.php?rest_route=\/wp\/v2\/pages\/3826\/revisions"}],"predecessor-version":[{"id":4168,"href":"https:\/\/oberle-stiftung.de\/index.php?rest_route=\/wp\/v2\/pages\/3826\/revisions\/4168"}],"wp:attachment":[{"href":"https:\/\/oberle-stiftung.de\/index.php?rest_route=%2Fwp%2Fv2%2Fmedia&parent=3826"}],"wp:term":[{"taxonomy":"category","embeddable":true,"href":"https:\/\/oberle-stiftung.de\/index.php?rest_route=%2Fwp%2Fv2%2Fcategories&post=3826"},{"taxonomy":"post_tag","embeddable":true,"href":"https:\/\/oberle-stiftung.de\/index.php?rest_route=%2Fwp%2Fv2%2Ftags&post=3826"}],"curies":[{"name":"wp","href":"https:\/\/api.w.org\/{rel}","templated":true}]}}