{"id":3959,"date":"2011-04-22T11:25:36","date_gmt":"2011-04-22T11:25:36","guid":{"rendered":"http:\/\/oberle-stiftung.de\/?page_id=3959"},"modified":"2021-04-22T13:49:51","modified_gmt":"2021-04-22T13:49:51","slug":"renovieren-will-gelernt-sein","status":"publish","type":"page","link":"https:\/\/oberle-stiftung.de\/?page_id=3959","title":{"rendered":"Renovieren will gelernt sein"},"content":{"rendered":"\n<p><img loading=\"lazy\" decoding=\"async\" class=\"alignright\" src=\"http:\/\/oberle-stiftung.de\/wp-content\/uploads\/2021\/04\/Kinder-u-Jugendzentrum-Weingarten-Arbeitserziehungsprojekt-Renovierung-R...-4-scaled.jpg\" width=\"248\" height=\"165\" \/>Von Mitte M\u00e4rz bis Anfang Juni 2011 renovierten 18 Jugendliche den gro\u00dfen Clubraum und PC-Raum im Kinder-und Jugendzentrum Weingarten.<br \/>Zwei Arbeitserzieher begleiteten das Projekt. Die Jugendlichen planten unter Leitung der Arbeitserzieher den Abriss, Neuaufbau und die Raumgestaltung.\u00a0 Ger\u00e4te und Material wurden eingekauft. Vesper brauchte es auch noch! Damit das alles bezahlt werden konnte, gab die Oberle-Stiftung einen Zuschuss.<br \/><!--more--><br \/>Gemeinsam machten sie sich an die Arbeit. F\u00fcr die Jugendlichen war es ein erster Einblick in verschiedene Handwerksberufe (Schreiner, Elektriker, Maler, Gipser etc.).\u00a0 Dass es so viel Arbeit machen und so lange dauern w\u00fcrde, damit hatten die Jugendlichen aber nicht gerechnet. Der gro\u00dfe Einsatz hat sich gelohnt: Die R\u00e4ume sind nicht wiederzuerkennen!<br \/>Die Decke des Clubraums wurde neu verkleidet, Lampen eingelassen, die W\u00e4nde gestrichen. Der Holzboden wurde abgeschliffen und neu versiegelt. Schr\u00e4nke wurden gebaut.<br \/><span style=\"font-size: inherit;\">Im PC-Raum wurden Wasserrohre verkleidet, auch hier wurden s\u00e4mtliche W\u00e4nde gestrichen, ein neuer Boden verlegt. Vier PC-Arbeitspl\u00e4tze warten jetzt auf User. Die Helfer arbeiteten mit Materialien wie Holz, Metall, Gips, Farben und Lacken.\u00a0 Sie sammelten Erfahrungen mit Maschinen und den Arbeitsabl\u00e4ufen einer Innenraum-Renovierung. Zwei der Jugendlichen nahmen besonders intensiv an dem Projekt teil und haben damit ihr Schulpraktikum in der Tasche. Nach der Renovierung von Decken, W\u00e4nden und B\u00f6den ist das Projekt aber noch nicht abgeschlossen:\u00a0 Die Inneneinrichtung soll auch neu gestaltet werden. <br \/><br \/><img decoding=\"async\" class=\"aligncenter\" src=\"http:\/\/oberle-stiftung.de\/wp-content\/uploads\/2021\/04\/Kinder-u-Jugendzentrum-Weingarten-Arbeitserziehungsprojekt-Renovierung-R...-5-scaled.jpg\" \/><br \/><\/span>Romy Weidenhof und Lydia Kissel vom Kinder- und Jugendzentrum beurteilen das Projekt bisher als sehr positiv. Die helle und freundliche Atmosph\u00e4re in den R\u00e4umen gef\u00e4llt den Besuchern.\u00a0 Nicht zuletzt sehen die beiden Sozialarbeiterinnen in der Aktion auch ein Mittel gegen zuk\u00fcnftigen Vandalismus. Der Tanzraum, der von Jugendlichen vor zwei Jahren renoviert wurde, sieht laut Lydia Kissel, immer noch wie neu aus.<br \/>\u00a0<br \/>Das Kinder- und Jugendzentrum ist seit vielen Jahren fester Bestandteil der sozialen Arbeit in Weingarten. Der Schwerpunkt ist von Anfang an die Bildungsarbeit: 1979 ging es los mit einer\u00a0\u00a0\u00a0 Hausaufgabengruppe f\u00fcr 40 Kinder. Romy Weidenhof und ihr Team sind wichtige Ansprechpartner f\u00fcr Kinder und Jugendliche mit Sprach- und Integrationsschwierigkeiten.\u00a0 Ein Gro\u00dfteil der Rat- und Halt-Suchenden hat Probleme mit Strukturen, mit Verbindlichkeit und P\u00fcnktlichkeit. Mittlerweile gibt es ein Vielfaches an Aktivit\u00e4ten und Werkst\u00e4tten. Im Programm sind auch Angebote der offenen Jugendarbeit. F\u00fcnf p\u00e4dagogische Fachkr\u00e4fte teilen sich 3,9 Vollzeitstellen, dazu kommen eine Sekret\u00e4rin, ein Hausmeister, K\u00f6chinnen und Reinigungskr\u00e4fte.<br \/><br \/><a href=\"https:\/\/www.diakonie-suedwest.de\/einrichtungen\/kinder-und-jugendzentrum-weingarten\/\" target=\"_blank\" rel=\"noopener noreferrer\">Mehr zum <strong>Kinder- und Jugendzentrum Weingarten<\/strong><\/a><br \/><br \/><\/p>\n","protected":false},"excerpt":{"rendered":"<p>Von Mitte M\u00e4rz bis Anfang Juni 2011 renovierten 18 Jugendliche den gro\u00dfen Clubraum und PC-Raum im Kinder-und Jugendzentrum Weingarten.Zwei Arbeitserzieher begleiteten das Projekt. Die Jugendlichen planten unter Leitung der Arbeitserzieher den Abriss, Neuaufbau und die Raumgestaltung.\u00a0 Ger\u00e4te und Material wurden eingekauft. Vesper brauchte es auch noch! Damit das alles bezahlt werden konnte, gab die Oberle-Stiftung &hellip; <a href=\"https:\/\/oberle-stiftung.de\/?page_id=3959\" class=\"more-link\"><span class=\"screen-reader-text\">Renovieren will gelernt sein<\/span> weiterlesen <span class=\"meta-nav\">&rarr;<\/span><\/a><\/p>\n","protected":false},"author":7,"featured_media":0,"parent":0,"menu_order":0,"comment_status":"closed","ping_status":"closed","template":"","meta":{"ngg_post_thumbnail":0,"footnotes":""},"categories":[35,21],"tags":[],"class_list":["post-3959","page","type-page","status-publish","hentry","category-hilfen-fuer-kinder-u-jugendliche","category-region-freiburg"],"_links":{"self":[{"href":"https:\/\/oberle-stiftung.de\/index.php?rest_route=\/wp\/v2\/pages\/3959","targetHints":{"allow":["GET"]}}],"collection":[{"href":"https:\/\/oberle-stiftung.de\/index.php?rest_route=\/wp\/v2\/pages"}],"about":[{"href":"https:\/\/oberle-stiftung.de\/index.php?rest_route=\/wp\/v2\/types\/page"}],"author":[{"embeddable":true,"href":"https:\/\/oberle-stiftung.de\/index.php?rest_route=\/wp\/v2\/users\/7"}],"replies":[{"embeddable":true,"href":"https:\/\/oberle-stiftung.de\/index.php?rest_route=%2Fwp%2Fv2%2Fcomments&post=3959"}],"version-history":[{"count":5,"href":"https:\/\/oberle-stiftung.de\/index.php?rest_route=\/wp\/v2\/pages\/3959\/revisions"}],"predecessor-version":[{"id":3967,"href":"https:\/\/oberle-stiftung.de\/index.php?rest_route=\/wp\/v2\/pages\/3959\/revisions\/3967"}],"wp:attachment":[{"href":"https:\/\/oberle-stiftung.de\/index.php?rest_route=%2Fwp%2Fv2%2Fmedia&parent=3959"}],"wp:term":[{"taxonomy":"category","embeddable":true,"href":"https:\/\/oberle-stiftung.de\/index.php?rest_route=%2Fwp%2Fv2%2Fcategories&post=3959"},{"taxonomy":"post_tag","embeddable":true,"href":"https:\/\/oberle-stiftung.de\/index.php?rest_route=%2Fwp%2Fv2%2Ftags&post=3959"}],"curies":[{"name":"wp","href":"https:\/\/api.w.org\/{rel}","templated":true}]}}