{"id":4174,"date":"2021-05-12T12:25:10","date_gmt":"2021-05-12T12:25:10","guid":{"rendered":"http:\/\/oberle-stiftung.de\/?page_id=4174"},"modified":"2021-06-09T10:14:30","modified_gmt":"2021-06-09T10:14:30","slug":"philosophie","status":"publish","type":"page","link":"https:\/\/oberle-stiftung.de\/?page_id=4174","title":{"rendered":"Unser Leitbild"},"content":{"rendered":"\n<p>Die Stiftung versteht sich in humanit\u00e4rer und caritativer Tradition der konfessionslosen N\u00e4chstenliebe, der Solidarit\u00e4t und der Mitmenschlichkeit verpflichtet.<br>Das Stiftungskapital wurde verdient und soll nun dienen!<br>Es soll mithelfen zu einer um ein wenig gerechteren Welt, und dort, wo diese in Elend und Not daherkommt, sogar zur \u201aBek\u00e4mpfung\u2018 derselben.&nbsp;<br>Schwerer als die Armut wirkt die Ausgrenzung, mit der sie einhergeht. Unser Hauptzweck ist die sog. \u201eMildt\u00e4tigkeit\u201c, zun\u00e4chst ein notgedrungener Begriff aus der uns verpflichtenden \u201eAbgabenordnung\u201c.<br>Wir wollen ihn anders lesen und nehmen: <br>T\u00e4tig sein! In Milde! <br>Dabei soll die Stiftung eine wertebasierte Organisation sein und bleiben.<br>Sie soll solidarisch und respektvoll die W\u00fcrde des Menschen dort st\u00e4rken, wo er oder sie zerbrechlich ist.<\/p>\n<p><img loading=\"lazy\" decoding=\"async\" class=\"aligncenter\" src=\"http:\/\/oberle-stiftung.de\/wp-content\/uploads\/2021\/06\/WOS-Philosophie-e1623233516176.jpg\" width=\"602\" height=\"477\"><\/p>\n<p>&nbsp;<\/p>\n","protected":false},"excerpt":{"rendered":"<p>Die Stiftung versteht sich in humanit\u00e4rer und caritativer Tradition der konfessionslosen N\u00e4chstenliebe, der Solidarit\u00e4t und der Mitmenschlichkeit verpflichtet.Das Stiftungskapital wurde verdient und soll nun dienen!Es soll mithelfen zu einer um ein wenig gerechteren Welt, und dort, wo diese in Elend und Not daherkommt, sogar zur \u201aBek\u00e4mpfung\u2018 derselben.&nbsp;Schwerer als die Armut wirkt die Ausgrenzung, mit der &hellip; <a href=\"https:\/\/oberle-stiftung.de\/?page_id=4174\" class=\"more-link\"><span class=\"screen-reader-text\">Unser Leitbild<\/span> weiterlesen <span class=\"meta-nav\">&rarr;<\/span><\/a><\/p>\n","protected":false},"author":7,"featured_media":0,"parent":0,"menu_order":0,"comment_status":"closed","ping_status":"closed","template":"","meta":{"ngg_post_thumbnail":0,"footnotes":""},"categories":[],"tags":[],"class_list":["post-4174","page","type-page","status-publish","hentry"],"_links":{"self":[{"href":"https:\/\/oberle-stiftung.de\/index.php?rest_route=\/wp\/v2\/pages\/4174","targetHints":{"allow":["GET"]}}],"collection":[{"href":"https:\/\/oberle-stiftung.de\/index.php?rest_route=\/wp\/v2\/pages"}],"about":[{"href":"https:\/\/oberle-stiftung.de\/index.php?rest_route=\/wp\/v2\/types\/page"}],"author":[{"embeddable":true,"href":"https:\/\/oberle-stiftung.de\/index.php?rest_route=\/wp\/v2\/users\/7"}],"replies":[{"embeddable":true,"href":"https:\/\/oberle-stiftung.de\/index.php?rest_route=%2Fwp%2Fv2%2Fcomments&post=4174"}],"version-history":[{"count":7,"href":"https:\/\/oberle-stiftung.de\/index.php?rest_route=\/wp\/v2\/pages\/4174\/revisions"}],"predecessor-version":[{"id":4454,"href":"https:\/\/oberle-stiftung.de\/index.php?rest_route=\/wp\/v2\/pages\/4174\/revisions\/4454"}],"wp:attachment":[{"href":"https:\/\/oberle-stiftung.de\/index.php?rest_route=%2Fwp%2Fv2%2Fmedia&parent=4174"}],"wp:term":[{"taxonomy":"category","embeddable":true,"href":"https:\/\/oberle-stiftung.de\/index.php?rest_route=%2Fwp%2Fv2%2Fcategories&post=4174"},{"taxonomy":"post_tag","embeddable":true,"href":"https:\/\/oberle-stiftung.de\/index.php?rest_route=%2Fwp%2Fv2%2Ftags&post=4174"}],"curies":[{"name":"wp","href":"https:\/\/api.w.org\/{rel}","templated":true}]}}