{"id":4244,"date":"2015-09-12T10:48:00","date_gmt":"2015-09-12T10:48:00","guid":{"rendered":"http:\/\/oberle-stiftung.de\/?page_id=4244"},"modified":"2022-03-23T15:23:33","modified_gmt":"2022-03-23T15:23:33","slug":"wasser-marsch-in-den-anden","status":"publish","type":"page","link":"https:\/\/oberle-stiftung.de\/?page_id=4244","title":{"rendered":"\u201eWasser marsch!\u201c in den Anden"},"content":{"rendered":"\n<p style=\"text-align: left;\"><strong>Die Geschichte einer Eigeninitiative<\/strong><\/p>\n<p><img loading=\"lazy\" decoding=\"async\" class=\"alignright\" src=\"http:\/\/oberle-stiftung.de\/wp-content\/uploads\/2021\/05\/Reservorio1-DSCF0374-scaled.jpg\" width=\"241\" height=\"181\">Wasser, der Quell des Lebens! Altbekanntes Sprichwort und tats\u00e4chlich l\u00e4uft ohne Wasser im wahrsten Sinne des Wortes nichts. Insbesondere in der zweith\u00f6chsten Gebirgskette der Welt \u2013 den Anden. In den angrenzenden h\u00fcgeligen Hochebenen, die goldbraunen Wellen gleichen, wachsen einzelne Str\u00e4ucher, Gr\u00e4ser und Trockenpflanzen. Das Land ist karg, das Leben hart. Von Knappheit k\u00f6nnen die Menschen im andinen Hochland ganze Lieder singen. Auch in Sunimarca warten die knapp 2.000 Bewohner schon lange auf Wasser.<\/p>\n<p style=\"text-align: left;\"><!--more--><\/p>\n<p style=\"text-align: left;\">Gleich von Projektbeginn an sollte ein Wasserreservoir gebaut werden. Doch der Wasser-Antrag schien sich Monate und schlie\u00dflich Jahre im B\u00fcrokratie-Dschungel Limas verirrt zu haben. Immer wieder wurde angefragt, immer wieder wurden die Bewohner vertr\u00f6stet. Sunimarca liegt f\u00fcr die B\u00fcrokraten der Hauptstadt, mit ihren fast 9 Millionen Einwohnern nun mal \u201eam Ende der Welt\u201c. Maschinen und Mitarbeiter dorthin zu schicken, bedeutet ein gro\u00dfes und noch dazu teures Unterfangen. Doch es ist nicht unm\u00f6glich!<\/p>\n<p style=\"text-align: left;\">Kleinere Projekte wurden in der Zwischenzeit in Sunimarca gestartet. Auch ein gr\u00f6\u00dferes Unterfangen wurde angegangen: Der Bau der Jahnke-Kunkel Strasse, die Sunimarca mit Ayaviri verbindet.&nbsp; Ayaviri ist mit etwas \u00fcber 19.000 Einwohnern die n\u00e4chstgr\u00f6\u00dfere Stadt. Wenn etwas gebraucht wird, dann bleibt den Bewohnern von Sunimarca nichts anderes \u00fcbrig, als nach Ayaviri zu laufen.&nbsp; Deshalb ist eine Verbindungsstra\u00dfe so wichtig! \u00dcber mehrere Monate zog sich die Bauzeit hin. Bagger, Lastwagen, Raupen &#8211; alles musste nach Sunimarca transportiert werden.&nbsp;&nbsp;Dass diese Maschinen nicht nur f\u00fcr den Strassenbau n\u00fctzlich sein k\u00f6nnten, das war den kreativen Bewohnern Sunimarcas von Anfang an klar.<\/p>\n<p style=\"text-align: left;\">Sobald sich der Bau der Stra\u00dfe dem Ende neigt, werden die Stra\u00dfenbauarbeiter mit dem bereits langersehnten Projekt \u201eWasserreservoir\u201c bekannt gemacht. \u201eK\u00f6nnen wir die Maschinen nutzen, um das Loch f\u00fcr das Wasserreservoir zu graben?\u201c, fragt ein Bewohner. \u201eWenn die Maschinen schon mal hier sind, kann das zweite Projekt doch auch gleich verwirklicht werden, oder? \u201c, hakt ein zweiter Bewohner nach.<\/p>\n<p style=\"text-align: left;\">Die Arbeiter setzen sich mit der Baubeh\u00f6rde in Verbindung. \u201eNein\u201c, so lautet die Antwort aus Lima. Die Stra\u00dfenbau- und Wasserbau\u00e4mter h\u00e4tten nichts miteinander zu tun. Und nat\u00fcrlich k\u00f6nnten die Stra\u00dfenbaumaschinen nicht f\u00fcr einen Wasserbau weiter finanziert werden. \u201eGanz unm\u00f6glich\u201c, so eine zweite R\u00fcckmeldung.<br>Doch diese \u00c4mterlogik wird von den Bewohnern Sunimarcas nicht geteilt. Bagger ist Bagger, Lastwagen ist Lastwagen! Die Sunimarce\u00f1os wenden sich nun direkt an die Bauarbeiter vor Ort. Einige der Arbeiter sind ehemalige Bauern, die f\u00fcr ein `besseres` Leben in die Stadt gezogen waren. Ihnen wird die Dringlichkeit des Wasserreservoirs besonders ans Herz gelegt.&nbsp; Zusammen besichtigen sie eine etwas h\u00f6her gelegene Stelle &nbsp;im Dorf: &nbsp;\u201eHier soll unser Wasserreservoir gebaut werden\u201c.<br>Die Bauarbeiter \u00e4u\u00dfern Bedenken und Einw\u00e4nde: \u201eWir haben keinen Treibstoff mehr. Unsere Maschinen k\u00f6nnen also nicht arbeiten\u201c. Doch die Sunimarce\u00f1os organisieren in k\u00fcrzester Zeit einen Kanister Diesel. So l\u00f6sen sich die Vorbehalte regelrecht in Luft auf, denn f\u00fcr jedes &nbsp;Hindernis finden die Einwohner einen Ausweg.<\/p>\n<p style=\"text-align: left;\">Die Maschinen und Bauarbeiter sind jetzt hier und m\u00fcssen jetzt &nbsp;genutzt werden! Die Dorfbewohner erk\u00e4mpfen sich \u2013&nbsp; lediglich mit&nbsp; \u00dcberzeugungskraft und praktischen L\u00f6sungen\u2013 ihr Wasserreservoir.&nbsp;Die &nbsp;Stra\u00dfenbaumaschinen werden eingesetzt. Die Sunimarce\u00f1os legen selbst Hand an und unterst\u00fctzen die Bauarbeiten. Pl\u00f6tzlich geht alles ruckzuck.<\/p>\n<figure style=\"width: 2560px\" class=\"wp-caption aligncenter\"><img loading=\"lazy\" decoding=\"async\" src=\"http:\/\/oberle-stiftung.de\/wp-content\/uploads\/2021\/05\/3c-DSC00038-scaled.jpg\" alt=\"\" width=\"2560\" height=\"1920\"><figcaption class=\"wp-caption-text\">Bau der Strasse Sunimarca &#8211; Ayaviri<\/figcaption><\/figure>\n<p style=\"text-align: left;\"><br>Es gibt Wasser! Die Bewohner verlegen Wasserleitungen in das Dorf und damit kommt ein wahrer &#8222;Strom&#8220; von Wandel: &nbsp;Das Dorf ver\u00e4ndert sich in k\u00fcrzester Zeit. Kleine, gut isolierte Lehmh\u00e4user werden gebaut, neue G\u00e4rten angelegt, ein Geb\u00e4ude zur Haltung von K\u00fchen errichtet.<\/p>\n<figure style=\"width: 2560px\" class=\"wp-caption aligncenter\"><img loading=\"lazy\" decoding=\"async\" src=\"http:\/\/oberle-stiftung.de\/wp-content\/uploads\/2021\/05\/neuerGarten-scaled.jpg\" alt=\"\" width=\"2560\" height=\"1920\"><figcaption class=\"wp-caption-text\">Neu&nbsp;angelegter und bew\u00e4sserter Garten<\/figcaption><\/figure>\n<p style=\"text-align: left;\"><br>Der Knoten &#8211; oder passender &#8211; die Wasserbombe ist geplatzt. Die Landentwicklung in Sunimarca explodiert regelrecht. Als h\u00e4tten die Bewohner nur auf den Ruf \u201eWasser marsch\u201c gewartet! Wasser ist Leben, das wird in den Hochanden &nbsp;unmittelbar sichtbar, begreifbar und sp\u00fcrbar.<\/p>\n","protected":false},"excerpt":{"rendered":"<p>Die Geschichte einer Eigeninitiative Wasser, der Quell des Lebens! Altbekanntes Sprichwort und tats\u00e4chlich l\u00e4uft ohne Wasser im wahrsten Sinne des Wortes nichts. Insbesondere in der zweith\u00f6chsten Gebirgskette der Welt \u2013 den Anden. In den angrenzenden h\u00fcgeligen Hochebenen, die goldbraunen Wellen gleichen, wachsen einzelne Str\u00e4ucher, Gr\u00e4ser und Trockenpflanzen. Das Land ist karg, das Leben hart. Von &hellip; <a href=\"https:\/\/oberle-stiftung.de\/?page_id=4244\" class=\"more-link\"><span class=\"screen-reader-text\">\u201eWasser marsch!\u201c in den Anden<\/span> weiterlesen <span class=\"meta-nav\">&rarr;<\/span><\/a><\/p>\n","protected":false},"author":7,"featured_media":0,"parent":0,"menu_order":0,"comment_status":"closed","ping_status":"closed","template":"","meta":{"ngg_post_thumbnail":0,"footnotes":""},"categories":[42,41,9],"tags":[],"class_list":["post-4244","page","type-page","status-publish","hentry","category-hilfen-fuer-menschen-in-den-anden","category-hilfen-fuer-wasser","category-peru"],"_links":{"self":[{"href":"https:\/\/oberle-stiftung.de\/index.php?rest_route=\/wp\/v2\/pages\/4244","targetHints":{"allow":["GET"]}}],"collection":[{"href":"https:\/\/oberle-stiftung.de\/index.php?rest_route=\/wp\/v2\/pages"}],"about":[{"href":"https:\/\/oberle-stiftung.de\/index.php?rest_route=\/wp\/v2\/types\/page"}],"author":[{"embeddable":true,"href":"https:\/\/oberle-stiftung.de\/index.php?rest_route=\/wp\/v2\/users\/7"}],"replies":[{"embeddable":true,"href":"https:\/\/oberle-stiftung.de\/index.php?rest_route=%2Fwp%2Fv2%2Fcomments&post=4244"}],"version-history":[{"count":1,"href":"https:\/\/oberle-stiftung.de\/index.php?rest_route=\/wp\/v2\/pages\/4244\/revisions"}],"predecessor-version":[{"id":4245,"href":"https:\/\/oberle-stiftung.de\/index.php?rest_route=\/wp\/v2\/pages\/4244\/revisions\/4245"}],"wp:attachment":[{"href":"https:\/\/oberle-stiftung.de\/index.php?rest_route=%2Fwp%2Fv2%2Fmedia&parent=4244"}],"wp:term":[{"taxonomy":"category","embeddable":true,"href":"https:\/\/oberle-stiftung.de\/index.php?rest_route=%2Fwp%2Fv2%2Fcategories&post=4244"},{"taxonomy":"post_tag","embeddable":true,"href":"https:\/\/oberle-stiftung.de\/index.php?rest_route=%2Fwp%2Fv2%2Ftags&post=4244"}],"curies":[{"name":"wp","href":"https:\/\/api.w.org\/{rel}","templated":true}]}}