{"id":4344,"date":"2019-05-26T10:55:09","date_gmt":"2019-05-26T10:55:09","guid":{"rendered":"http:\/\/oberle-stiftung.de\/?page_id=4344"},"modified":"2021-05-26T12:38:25","modified_gmt":"2021-05-26T12:38:25","slug":"badische-zeitung-der-letzte-besuch-von-anne-namuddu-aus-uganda","status":"publish","type":"page","link":"https:\/\/oberle-stiftung.de\/?page_id=4344","title":{"rendered":"Der letzte Besuch von Anne Namuddu aus Uganda, Badische Zeitung"},"content":{"rendered":"\n<h6 class=\"vorwort\">Anne Namuddu setzt sich seit 50 Jahren f\u00fcr Waisenkinder ein&nbsp;<\/h6>\n<table style=\"height: 442px; width: 100%;\" width=\"481\">\n<tbody>\n<tr style=\"height: 442px;\">\n<td style=\"height: 442px;\">\n<figure style=\"width: 590px\" class=\"wp-caption aligncenter\"><a class=\"nyroModal\" href=\"http:\/\/ais.badische-zeitung.de\/piece\/04\/76\/b2\/b6\/74887862.jpg\" target=\"_blank\" rel=\"gal noopener noreferrer\"><img loading=\"lazy\" decoding=\"async\" id=\"74802348\" title=\"Helfen einander:  (hinten  von links) ...wagi, Anne Namuddu und George NKonge.   | Foto: BZ\" src=\"http:\/\/ais.badische-zeitung.de\/piece\/04\/76\/b2\/b6\/74887862-p-590_450.jpg\" alt=\"\" width=\"590\" height=\"366\"><\/a><figcaption class=\"wp-caption-text\">Helfen einander: (hinten von links) Klemens Wehr, Clemens Oberle, (vorne von links) Teddy Nakanwagi, Anne Namuddu und George NKonge. Foto:&nbsp;BZ<\/figcaption><\/figure>\n<\/td>\n<\/tr>\n<\/tbody>\n<\/table>\n<p><!--more--><\/p>\n<p><span class=\"ngSpitzmarke\">KIRCHZARTEN (BZ).<\/span> Das Wohl der Waisenkinder liegt ihr am Herzen und daf\u00fcr hat sie sich immer wieder auf den langen Weg nach Deutschland gemacht: Vor 50 Jahren kam die damals 32-j\u00e4hrige Anne Namuddu von Uganda zum Studium der Sozialarbeit nach Freiburg. Nach ihrer R\u00fcckkehr baute Namuddu im Auftrag der Caritas verschiedene Hilfsprojekte in ihrer Heimatstadt Masaka im S\u00fcden Ugandas auf. Dabei hatte die heute 82-J\u00e4hrige engen Kontakt zu Freunden und Unterst\u00fctzern im Gro\u00dfraum Freiburg. Der diesj\u00e4hrige Besuch in Deutschland wird vermutlich ihr letzter sein, wie einer Pressemitteilung des Deutschen Arbeitskreises f\u00fcr Familienhilfe zu entnehmen ist.<\/p>\n<p>Einer der Unterst\u00fctzer ist Klemens Wehr, Gesch\u00e4ftsf\u00fchrer des Deutschen Arbeitskreises f\u00fcr Familienhilfe mit Sitz in Kirchzarten. &#8222;Ich lernte Anne schon mit zehn Jahren kennen, damals war sie oft bei uns zuhause. Mein Vater half ihr bei ihrer Abschlussarbeit. Daraus ist nun eine lebenslange Verbindung geworden.&#8220; Das gr\u00f6\u00dfte Hilfsprojekt ist das &#8222;Transitory Home&#8220;, eine zweij\u00e4hrige Internatsschule f\u00fcr Aidswaisen, in der 100 M\u00e4dchen zwischen 16 und 18 Jahren ohne famili\u00e4ren Anschluss leben. Dort lernen die M\u00e4dchen nach der Schule verschiedene Berufe kennen, arbeiten in Landwirtschaft, Haushalt und K\u00fcche und entwickeln Pl\u00e4ne f\u00fcr ihr weiteres Berufsleben. Das Grundkapital f\u00fcr dieses Projekt kam aus Freiburg und Umgebung, es wurde vor \u00fcber 20 Jahren von Caritas International und dem Deutschen Arbeitskreis f\u00fcr Familienhilfe, Tr\u00e4ger von heute sieben Eltern-Kind-Fachkliniken im Schwarzwald und an Nord- und Ostsee, zur Verf\u00fcgung gestellt. Auch der Familienkreis der Pfarrei St. Josef in Freiburg geh\u00f6rt seit vielen Jahren zu den Unterst\u00fctzern.<br>Nicht nur in Freiburg und Umgebung, sondern an mehreren Orten in Baden-W\u00fcrttemberg, in Th\u00fcringen und in M\u00fcnster hat Anne Namuddu ein breites Unterst\u00fctzernetz f\u00fcr ihre Projekte aufgebaut. Alle paar Jahre kommt sie f\u00fcr mehrere Wochen nach Deutschland und besucht ihre Freunde hier. &#8222;Dieser Besuch wird der letzte f\u00fcr mich sein, den n\u00e4chsten Besuch m\u00fcssen die Jungen machen&#8220;, sagt sie in einwandfreiem Deutsch. Die Jungen, das sind George NKonge (50) und ihre Nachfolgerin Teddy Nakanwagi (26), die sie auf ihrer Deutschlandreise begleiten. Beide sind im Haushalt von Anne Namuddu aufgewachsen. Etwa 35 Aidswaisenkinder leben im Haushalt der Sozialarbeiterin, das j\u00fcngste ist ein Jahr alt.<\/p>\n<p>Zu einem Treffen mit Anne Namuddu in Staufen ist auch Clemens Oberle von der Wilhelm-Oberle-Stiftung in Staufen gekommen. Er war 1998 und 2010 in Uganda vor Ort. Die Oberle- Stiftung hat immer wieder einzelne Projekte von Anne Namuddu in Uganda gef\u00f6rdert. Klemens Wehr und Clemens Oberle sind sich einig darin, dass die breite Unterst\u00fctzung f\u00fcr Namuddus Projekte in Deutschland auf dem pers\u00f6nlichen Draht der Beteiligten zu Anne Namuddu und ihrer Vertrauensw\u00fcrdigkeit gr\u00fcndet.<\/p>\n<p>Jetzt steht ein doppelter Generationswechsel an, auf Seiten von Anne Namuddu und ihren Mitarbeitern in Uganda und auf der Unterst\u00fctzerseite. Die Herausforderung f\u00fcr die Zukunft wird sein, die Strukturen in Uganda zu professionalisieren, die Kommunikation \u00fcbers Internet aufzubauen und die Unterst\u00fctzerseite zu verj\u00fcngen.<\/p>\n<p><a href=\"http:\/\/www.badische-zeitung.de\/kreis-breisgau-hochschwarzwald\/der-letzte-besuch--74887866.html\" target=\"_blank\" rel=\"noopener noreferrer\">Quelle Text und Foto: Badische Zeitung <\/a><\/p>\n<p>Nachruf:&nbsp; Am 6.2.2019 verstirbt Anne Namuddu &nbsp;im Alter von 88 Jahren. Sie bleibt in unserer Erinnerung als eine Frau, die sich mit Mut und viel Kraft f\u00fcr eine besseres&nbsp; Leben von Kindern in Uganda einsetzte und immer betonte,&nbsp; was ihr dabei am Wichtigsten war: &nbsp; Bildung, Erziehung und Liebe.&nbsp; Ihre Herzlichkeit, ihr wundervolles Lachen, ihre strenge aber auch f\u00fcrsorgliche Art hat uns tief ber\u00fchrt.<\/p>\n\n\n","protected":false},"excerpt":{"rendered":"<p>Anne Namuddu setzt sich seit 50 Jahren f\u00fcr Waisenkinder ein&nbsp;<\/p>\n","protected":false},"author":7,"featured_media":0,"parent":0,"menu_order":0,"comment_status":"closed","ping_status":"closed","template":"","meta":{"ngg_post_thumbnail":0,"footnotes":""},"categories":[18,69],"tags":[],"class_list":["post-4344","page","type-page","status-publish","hentry","category-ost-afrika","category-presse"],"_links":{"self":[{"href":"https:\/\/oberle-stiftung.de\/index.php?rest_route=\/wp\/v2\/pages\/4344","targetHints":{"allow":["GET"]}}],"collection":[{"href":"https:\/\/oberle-stiftung.de\/index.php?rest_route=\/wp\/v2\/pages"}],"about":[{"href":"https:\/\/oberle-stiftung.de\/index.php?rest_route=\/wp\/v2\/types\/page"}],"author":[{"embeddable":true,"href":"https:\/\/oberle-stiftung.de\/index.php?rest_route=\/wp\/v2\/users\/7"}],"replies":[{"embeddable":true,"href":"https:\/\/oberle-stiftung.de\/index.php?rest_route=%2Fwp%2Fv2%2Fcomments&post=4344"}],"version-history":[{"count":3,"href":"https:\/\/oberle-stiftung.de\/index.php?rest_route=\/wp\/v2\/pages\/4344\/revisions"}],"predecessor-version":[{"id":4349,"href":"https:\/\/oberle-stiftung.de\/index.php?rest_route=\/wp\/v2\/pages\/4344\/revisions\/4349"}],"wp:attachment":[{"href":"https:\/\/oberle-stiftung.de\/index.php?rest_route=%2Fwp%2Fv2%2Fmedia&parent=4344"}],"wp:term":[{"taxonomy":"category","embeddable":true,"href":"https:\/\/oberle-stiftung.de\/index.php?rest_route=%2Fwp%2Fv2%2Fcategories&post=4344"},{"taxonomy":"post_tag","embeddable":true,"href":"https:\/\/oberle-stiftung.de\/index.php?rest_route=%2Fwp%2Fv2%2Ftags&post=4344"}],"curies":[{"name":"wp","href":"https:\/\/api.w.org\/{rel}","templated":true}]}}