{"id":4485,"date":"2021-06-18T09:32:08","date_gmt":"2021-06-18T09:32:08","guid":{"rendered":"https:\/\/oberle-stiftung.de\/?page_id=4485"},"modified":"2023-08-11T10:21:54","modified_gmt":"2023-08-11T10:21:54","slug":"wie-wir-arbeiten","status":"publish","type":"page","link":"https:\/\/oberle-stiftung.de\/?page_id=4485","title":{"rendered":"Wie wir arbeiten"},"content":{"rendered":"\n<p><strong>Wir helfen<\/strong> Privatpersonen und Organisationen,<\/p>\n<p>Jederzeit und formlos &#8211; ohne Antragsformulare ausf\u00fcllen oder Fristen beachten zu m\u00fcssen.<\/p>\n<p>Wir antworten auf Voranfragen an <strong>info@oberle-stiftung.de<\/strong> schnell und unb\u00fcrokratisch.<\/p>\n<p>Schon bei der Voranfrage \u00fcberpr\u00fcfen wir, ob wir grunds\u00e4tzlich helfen k\u00f6nnen.<\/p>\n<p>Wir m\u00f6chten m\u00f6glichst vielen Menschen helfen und k\u00f6nnen deshalb nur bei lebensnotwendigen Bedarfen unterst\u00fctzen.<\/p>\n<p>&nbsp;<\/p>\n<p><strong>Wer<\/strong> kann <strong>nicht<\/strong> anfragen?<\/p>\n<p>Einzelfall-Hilfen f\u00fcr Anfragende selbst \u2013 Antr\u00e4ge k\u00f6nnen nur \u00fcber Dritte, insbesondere \u00fcber Sozialberatungsstellen gestellt werden.<\/p>\n<p>Inl\u00e4ndische Organisationen f\u00fcr ihre laufenden Kosten.<\/p>\n<p>Keine F\u00f6rderung inl\u00e4ndischer Aktivit\u00e4ten f\u00fcr Institutionen im Bereich Entwicklungszusammenarbeit.<\/p>\n<p><a href=\"https:\/\/oberle-stiftung.de\/?page_id=4525\" target=\"_blank\" rel=\"noopener\">Zur Kontaktseite<\/a><\/p>\n","protected":false},"excerpt":{"rendered":"<p>Wir helfen Privatpersonen und Organisationen, Jederzeit und formlos &#8211; ohne Antragsformulare ausf\u00fcllen oder Fristen beachten zu m\u00fcssen. Wir antworten auf Voranfragen an info@oberle-stiftung.de schnell und unb\u00fcrokratisch. Schon bei der Voranfrage \u00fcberpr\u00fcfen wir, ob wir grunds\u00e4tzlich helfen k\u00f6nnen. Wir m\u00f6chten m\u00f6glichst vielen Menschen helfen und k\u00f6nnen deshalb nur bei lebensnotwendigen Bedarfen unterst\u00fctzen. &nbsp; Wer kann nicht &hellip; <a href=\"https:\/\/oberle-stiftung.de\/?page_id=4485\" class=\"more-link\"><span class=\"screen-reader-text\">Wie wir arbeiten<\/span> weiterlesen <span class=\"meta-nav\">&rarr;<\/span><\/a><\/p>\n","protected":false},"author":7,"featured_media":0,"parent":0,"menu_order":0,"comment_status":"closed","ping_status":"closed","template":"","meta":{"ngg_post_thumbnail":0,"footnotes":""},"categories":[],"tags":[],"class_list":["post-4485","page","type-page","status-publish","hentry"],"_links":{"self":[{"href":"https:\/\/oberle-stiftung.de\/index.php?rest_route=\/wp\/v2\/pages\/4485","targetHints":{"allow":["GET"]}}],"collection":[{"href":"https:\/\/oberle-stiftung.de\/index.php?rest_route=\/wp\/v2\/pages"}],"about":[{"href":"https:\/\/oberle-stiftung.de\/index.php?rest_route=\/wp\/v2\/types\/page"}],"author":[{"embeddable":true,"href":"https:\/\/oberle-stiftung.de\/index.php?rest_route=\/wp\/v2\/users\/7"}],"replies":[{"embeddable":true,"href":"https:\/\/oberle-stiftung.de\/index.php?rest_route=%2Fwp%2Fv2%2Fcomments&post=4485"}],"version-history":[{"count":5,"href":"https:\/\/oberle-stiftung.de\/index.php?rest_route=\/wp\/v2\/pages\/4485\/revisions"}],"predecessor-version":[{"id":4885,"href":"https:\/\/oberle-stiftung.de\/index.php?rest_route=\/wp\/v2\/pages\/4485\/revisions\/4885"}],"wp:attachment":[{"href":"https:\/\/oberle-stiftung.de\/index.php?rest_route=%2Fwp%2Fv2%2Fmedia&parent=4485"}],"wp:term":[{"taxonomy":"category","embeddable":true,"href":"https:\/\/oberle-stiftung.de\/index.php?rest_route=%2Fwp%2Fv2%2Fcategories&post=4485"},{"taxonomy":"post_tag","embeddable":true,"href":"https:\/\/oberle-stiftung.de\/index.php?rest_route=%2Fwp%2Fv2%2Ftags&post=4485"}],"curies":[{"name":"wp","href":"https:\/\/api.w.org\/{rel}","templated":true}]}}