{"id":4603,"date":"2022-04-19T08:11:19","date_gmt":"2022-04-19T08:11:19","guid":{"rendered":"https:\/\/oberle-stiftung.de\/?page_id=4603"},"modified":"2022-04-20T08:33:48","modified_gmt":"2022-04-20T08:33:48","slug":"an-der-grenze-der-ukraine-zu-rumaenien-hilfe-fuer-die-dortigen-fluechtlinge","status":"publish","type":"page","link":"https:\/\/oberle-stiftung.de\/?page_id=4603","title":{"rendered":"An der Grenze der Ukraine zu Rum\u00e4nien: Hilfe f\u00fcr die dortigen Fl\u00fcchtlinge"},"content":{"rendered":"\n<p class=\"xmsonormal\"><img loading=\"lazy\" decoding=\"async\" class=\"alignright\" src=\"http:\/\/oberle-stiftung.de\/wp-content\/uploads\/2022\/04\/Ukraine-Hilfe.png\" width=\"220\" height=\"147\">Im M\u00e4rz dieses Jahres schicken unsere Projektpartner aus Satu Mare, im Nordwesten von Rum\u00e4nien, einen Hilferuf.&nbsp; Nur 100 km liegen zwischen dem B\u00fcro der Caritas und dem Grenz\u00fcbergang Solotvino in der Ukraine. Die rum\u00e4nische Grenzpolizei z\u00e4hlt Anfang M\u00e4rz schon 500.000 ukrainische Fl\u00fcchtlinge. <!--more--><\/p>\n<p class=\"xmsonormal\"><br><br>Die Caritas hat dort ein provisorisches Erstversorgungszentrum aufgebaut, mit Feldk\u00fcche, Waschr\u00e4umen, medizinischer Erstversorgung, Kleiderlager, Handyladestationen und Laptops. Ganze H\u00e4user werden bereitgestellt. F\u00fcr die Kleinsten wurde ein Kinderbereich eingerichtet, zum Ausruhen und zum Schlafen stehen Betten bereit.&nbsp; Wer psychosoziale Hilfe braucht, kann \u00fcber Dolmetscher mit Notfall-Therapeuten sprechen.&nbsp; Wegen der Gefahr von Menschenhandel sind Rechtsanw\u00e4lte und Vertreter der Polizei vor Ort.&nbsp; All das kostet eine Menge Geld und wir helfen gerne mit. Schon im M\u00e4rz 2022 haben wir hierf\u00fcr 10.000 \u20ac bereitgestellt.<br>&nbsp;<img decoding=\"async\" class=\"aligncenter\" src=\"http:\/\/oberle-stiftung.de\/wp-content\/uploads\/2022\/04\/Ukraine-Hilfe-1.jpg\"> \u00dcbersichtskarte: Grenz\u00fcberg\u00e4nge Ukraine &#8211; Rum\u00e4nien<br><br>Wir werden weiter mit unseren Partnern in Rum\u00e4nien und Moldawien in engen Kontakt bleiben. Zehntausende Gefl\u00fcchtete m\u00f6chten erst mal in Rum\u00e4nien bleiben, abwartend und voller Sorge. Sie m\u00f6chten aber irgendwann zur\u00fcck, zu ihren M\u00e4nnern, S\u00f6hnen und V\u00e4tern. Sie brauchen \u00fcber Monate Unterst\u00fctzung. Wir werden helfen.<br>Unser Freiburger Partner, das \u201eS\u2018 Einl\u00e4dele\u201c der ev. Stadtmission verschickt mit unserer F\u00f6rderung schon \u00fcber Jahre Ladungen mit Hilfsg\u00fctern in die Ukraine. Beim \u201eS\u2018 Einl\u00e4dle\u201c wird gerade ein LKW bepackt, der mit Lebensmitteln, Hygiene-Artikeln und Kleidung an die moldawisch-ukrainische Grenze abf\u00e4hrt. Wer etwas beisteuern m\u00f6chte, hier sind Bedarfe aufgef\u00fchrt, die selten gespendet werden:<br><a href=\"https:\/\/blog.stadtmission-freiburg.de\/\" target=\"_blank\" rel=\"noopener\"><span style=\"font-family: 'Calibri',sans-serif; color: #1f4e79;\">https:\/\/blog.stadtmission-freiburg.de\/<\/span><\/a><br><br>Wir von der Oberle-Stiftung verfolgen den Krieg in der Ukraine mit gro\u00dfer Sorge und versuchen gezielt dort zu helfen, wo wir bew\u00e4hrte Partner haben.<br><br><a href=\"https:\/\/blog.stadtmission-freiburg.de\/\" target=\"_blank\" rel=\"noopener\">Vorangegangene Projekte in Satu-Mare<\/a><\/p>\n<p>&nbsp;<\/p>\n","protected":false},"excerpt":{"rendered":"<p>Im M\u00e4rz dieses Jahres schicken unsere Projektpartner aus Satu Mare, im Nordwesten von Rum\u00e4nien, einen Hilferuf.&nbsp; Nur 100 km liegen zwischen dem B\u00fcro der Caritas und dem Grenz\u00fcbergang Solotvino in der Ukraine. Die rum\u00e4nische Grenzpolizei z\u00e4hlt Anfang M\u00e4rz schon 500.000 ukrainische Fl\u00fcchtlinge.<\/p>\n","protected":false},"author":7,"featured_media":0,"parent":0,"menu_order":0,"comment_status":"closed","ping_status":"closed","template":"","meta":{"ngg_post_thumbnail":0,"footnotes":""},"categories":[36,19],"tags":[],"class_list":["post-4603","page","type-page","status-publish","hentry","category-hilfen-fuer-fluechtlinge","category-ost-europa"],"_links":{"self":[{"href":"https:\/\/oberle-stiftung.de\/index.php?rest_route=\/wp\/v2\/pages\/4603","targetHints":{"allow":["GET"]}}],"collection":[{"href":"https:\/\/oberle-stiftung.de\/index.php?rest_route=\/wp\/v2\/pages"}],"about":[{"href":"https:\/\/oberle-stiftung.de\/index.php?rest_route=\/wp\/v2\/types\/page"}],"author":[{"embeddable":true,"href":"https:\/\/oberle-stiftung.de\/index.php?rest_route=\/wp\/v2\/users\/7"}],"replies":[{"embeddable":true,"href":"https:\/\/oberle-stiftung.de\/index.php?rest_route=%2Fwp%2Fv2%2Fcomments&post=4603"}],"version-history":[{"count":20,"href":"https:\/\/oberle-stiftung.de\/index.php?rest_route=\/wp\/v2\/pages\/4603\/revisions"}],"predecessor-version":[{"id":4664,"href":"https:\/\/oberle-stiftung.de\/index.php?rest_route=\/wp\/v2\/pages\/4603\/revisions\/4664"}],"wp:attachment":[{"href":"https:\/\/oberle-stiftung.de\/index.php?rest_route=%2Fwp%2Fv2%2Fmedia&parent=4603"}],"wp:term":[{"taxonomy":"category","embeddable":true,"href":"https:\/\/oberle-stiftung.de\/index.php?rest_route=%2Fwp%2Fv2%2Fcategories&post=4603"},{"taxonomy":"post_tag","embeddable":true,"href":"https:\/\/oberle-stiftung.de\/index.php?rest_route=%2Fwp%2Fv2%2Ftags&post=4603"}],"curies":[{"name":"wp","href":"https:\/\/api.w.org\/{rel}","templated":true}]}}