{"id":4812,"date":"2023-05-04T13:43:11","date_gmt":"2023-05-04T13:43:11","guid":{"rendered":"https:\/\/oberle-stiftung.de\/?page_id=4812"},"modified":"2023-09-19T11:01:17","modified_gmt":"2023-09-19T11:01:17","slug":"sport-fuer-alle","status":"publish","type":"page","link":"https:\/\/oberle-stiftung.de\/?page_id=4812","title":{"rendered":"Sport f\u00fcr alle"},"content":{"rendered":"\n<p><img decoding=\"async\" src=\"https:\/\/benefit-bewegung.de\/wp-content\/uploads\/2023\/01\/Website_Schnupper1.png\"><\/p>\n<p>Lukas Oettle ist als wissenschaftlicher Mitarbeiter am Sportinstitut der Universit\u00e4t Freiburg besch\u00e4ftigt. Und arbeitet mit anderen Ehrenamtlichen im Verein beneFit.&nbsp; Dort&nbsp; k\u00f6nnen Menschen verschiedene Sportkurse belegen und bei Lauftreffs mitrennen. Das Angebot richtet sich speziell an Personen,&nbsp; die kein Geld \u00fcbrig haben f\u00fcr Vereins-oder Fitness-Studio-Geb\u00fchren und sich dabei schwertun, sich&nbsp; in der &#8222;Normalgesellschaft&#8220; zurechtzufinden. 2021 startete das Pilotprogramm in Freiburg.<!--more--><\/p>\n<p>Interessierte k\u00f6nnen&nbsp; Schnupperkurse besuchen um herauszufinden, welche Art von Bewegung&nbsp;&nbsp; Spass macht. Angeboten werden Kurse in&nbsp; Schwimmen, Fitness, Kickboxen, Fussball, Nordic Walking. Oder sie treffen sich zum Laufen oder Radfahren. Bei Bedarf kann auch&nbsp; Sportkleidung ausgegeben werden; 2022 waren es mehr als 280 Sportshirts, Hosen, Schule und Jacken.&nbsp; Begleitet werden die Trainings von Studenten der Sportwissenschaften der Uni Freiburg. Wir, die&nbsp; Oberle-Stiftung, &nbsp;unterst\u00fctzen bei der Hallenmiete f\u00fcr die Indoor-Kurse und bei anderen Engp\u00e4ssen.<\/p>\n<p>Somit wird f\u00fcr viele, die noch nie ein Fitness-Studio betreten haben, ihr pers\u00f6nliches&nbsp;&nbsp;&nbsp; &#8222;movement against poverty&#8220; m\u00f6glich.<\/p>\n<p><br><img decoding=\"async\" src=\"https:\/\/benefit-bewegung.de\/wp-content\/uploads\/2022\/10\/Impressionen_Nordic-Walking-scaled.jpg\"><\/p>\n<p><a href=\"https:\/\/www.badische-zeitung.de\/der-freiburger-radtreff-ermoeglicht-erwerbslose-und-wohnungslosen-radtouren--216522568.html\" target=\"_blank\" rel=\"noopener\">Zum Artikel der Badischen Zeitung<\/a><\/p>\n<p><a href=\"https:\/\/benefit-bewegung.de\" target=\"_blank\" rel=\"noopener\">Zur Website von BeneFit e.V<\/a><\/p>\n<p>&nbsp;<\/p>\n","protected":false},"excerpt":{"rendered":"<p>Lukas Oettle ist als wissenschaftlicher Mitarbeiter am Sportinstitut der Universit\u00e4t Freiburg besch\u00e4ftigt. Und arbeitet mit anderen Ehrenamtlichen im Verein beneFit.&nbsp; Dort&nbsp; k\u00f6nnen Menschen verschiedene Sportkurse belegen und bei Lauftreffs mitrennen. Das Angebot richtet sich speziell an Personen,&nbsp; die kein Geld \u00fcbrig haben f\u00fcr Vereins-oder Fitness-Studio-Geb\u00fchren und sich dabei schwertun, sich&nbsp; in der &#8222;Normalgesellschaft&#8220; zurechtzufinden. 2021 &hellip; <a href=\"https:\/\/oberle-stiftung.de\/?page_id=4812\" class=\"more-link\"><span class=\"screen-reader-text\">Sport f\u00fcr alle<\/span> weiterlesen <span class=\"meta-nav\">&rarr;<\/span><\/a><\/p>\n","protected":false},"author":7,"featured_media":0,"parent":0,"menu_order":0,"comment_status":"closed","ping_status":"closed","template":"","meta":{"ngg_post_thumbnail":0,"footnotes":""},"categories":[38,39,21],"tags":[],"class_list":["post-4812","page","type-page","status-publish","hentry","category-hilfen-fuer-einzelne-menschen","category-hilfen-fuer-randgruppen","category-region-freiburg"],"_links":{"self":[{"href":"https:\/\/oberle-stiftung.de\/index.php?rest_route=\/wp\/v2\/pages\/4812","targetHints":{"allow":["GET"]}}],"collection":[{"href":"https:\/\/oberle-stiftung.de\/index.php?rest_route=\/wp\/v2\/pages"}],"about":[{"href":"https:\/\/oberle-stiftung.de\/index.php?rest_route=\/wp\/v2\/types\/page"}],"author":[{"embeddable":true,"href":"https:\/\/oberle-stiftung.de\/index.php?rest_route=\/wp\/v2\/users\/7"}],"replies":[{"embeddable":true,"href":"https:\/\/oberle-stiftung.de\/index.php?rest_route=%2Fwp%2Fv2%2Fcomments&post=4812"}],"version-history":[{"count":19,"href":"https:\/\/oberle-stiftung.de\/index.php?rest_route=\/wp\/v2\/pages\/4812\/revisions"}],"predecessor-version":[{"id":4900,"href":"https:\/\/oberle-stiftung.de\/index.php?rest_route=\/wp\/v2\/pages\/4812\/revisions\/4900"}],"wp:attachment":[{"href":"https:\/\/oberle-stiftung.de\/index.php?rest_route=%2Fwp%2Fv2%2Fmedia&parent=4812"}],"wp:term":[{"taxonomy":"category","embeddable":true,"href":"https:\/\/oberle-stiftung.de\/index.php?rest_route=%2Fwp%2Fv2%2Fcategories&post=4812"},{"taxonomy":"post_tag","embeddable":true,"href":"https:\/\/oberle-stiftung.de\/index.php?rest_route=%2Fwp%2Fv2%2Ftags&post=4812"}],"curies":[{"name":"wp","href":"https:\/\/api.w.org\/{rel}","templated":true}]}}