{"id":4894,"date":"2023-09-19T12:29:59","date_gmt":"2023-09-19T12:29:59","guid":{"rendered":"https:\/\/oberle-stiftung.de\/?page_id=4894"},"modified":"2023-10-30T12:33:11","modified_gmt":"2023-10-30T12:33:11","slug":"smartphone-sprechstunde-fuer-senioren-und-senioritas","status":"publish","type":"page","link":"https:\/\/oberle-stiftung.de\/?page_id=4894","title":{"rendered":"Smartphone-Sprechstunde f\u00fcr Senioren und Senioritas"},"content":{"rendered":"\n<p style=\"font-weight: 400;\"><br><img loading=\"lazy\" decoding=\"async\" class=\"alignright\" src=\"http:\/\/oberle-stiftung.de\/wp-content\/uploads\/2023\/09\/Ria-Hinken-.jpg\" width=\"235\" height=\"176\">Gerade haben f\u00fcnf Sch\u00fclerinnen und ein Sch\u00fcler der Max-Weber-Schule in Freiburg erfolgreich die Weiterbildung zum digitalen Alltags-Coach abgeschlossen. Einmal im Monat bieten sie kostenlos Hilfe und Beratung f\u00fcr Smartphone oder Tablet an. Das Angebot richtet sich speziell an \u00e4ltere Menschen. <!--more-->Ria Hinken hatte die Idee,&nbsp; \u00e4ltere Menschen der \u201eGeneration Lochkarte\u201c von jungen \u201edigitalen Natives\u201c unterrichten zu lassen. Mit Claudia Sciarabba, die an der Max-Weber-Schule unterrichtet, fand sie eine engagierte Mitstreiterin, die die Idee ihrer Sch\u00fclerschaft vorstellte und weiter ausfeilte.&nbsp; Premiere war bereits im M\u00e4rz 2022. Mittlerweile machen auch die Wentzinger-Schulen mit. Insgesamt wurden bereits&nbsp; 40&nbsp; Coaches gewonnen.<br>Zun\u00e4chst lernen die Sch\u00fcler*innen, dass sie bei \u00e4lteren Menschen mehr Geduld aufbringen und mehr allgemeinverst\u00e4ndliche Begriffe verwenden m\u00fcssen. Vieles muss explizit erkl\u00e4rt werden. Nicht nur die in der IT gebr\u00e4uchlichen Anglizismen wie \u201eBrowser\u201c oder \u201eRemote\u201c, auch scheinbar gel\u00e4ufige wie \u201eOnline Meeting\u201c oder \u201eZoom-Konferenz\u201c brauchen ein paar erl\u00e4uternde S\u00e4tze f\u00fcr diejenigen, die nicht mit&nbsp; einem&nbsp; Handy aufgewachsen sind.<br>In vier Bl\u00f6cken werden die Sch\u00fcler*innen von Ria Hinken und Ehemann Hans in den Themen Medienkompetenz, Datenschutz und Datensicherheit unterrichtet. Dann geht es raus ins Feld, beziehungsweise in die Sprechstunden.<br><br><img decoding=\"async\" class=\"aligncenter\" src=\"http:\/\/oberle-stiftung.de\/wp-content\/uploads\/2023\/09\/Ria-Hinken-Smartphone-Sprechstunde.png\"><br>Die Senioren werden von den digitalen Alltagsbegleitern in Grundanwendungen &#8211; und nach Wunsch &#8211; in kniffligere Anwendungen ihres Smartphones eingef\u00fchrt und beraten. Eine Teilnehmerin meint zugleich erleichtert wie anerkennend: \u201eDie Sch\u00fcler sind geduldiger als meine Enkel\u201c.<br>Als Auszeichnung f\u00fcr das soziale Engagement erh\u00e4lt jeder Coach, der an mindesten sieben Sprechtagen beraten hat, ein Zertifikat der IHK. Das kann sich sehen lassen in einer Bewerbungsmappe!<br>\u201eWir wollen den \u00c4lteren auch mal was zur\u00fcckgeben\u201c, meint der 18-j\u00e4hrige Ferris, der eine 10. Klasse im Gymnasial-Zweig besucht.<br>Die Smartphone-Sprechstunde hat so positive Wellen geschlagen, dass die Initiatorin Ria Hinken und das Coaching-Team am 2.5.23 mit dem Sozialpreis 2023 der Wilhelm Oberle-Stiftung geehrt wurde.<br><br><em><a href=\"https:\/\/alterskompetenz.info\/\" target=\"_blank\" rel=\"noopener\">Zur Website der Alterskompetenz<\/a><\/em><br><em><a href=\"https:\/\/www.smartphone-sprechstunde.org\/\" target=\"_blank\" rel=\"noopener\">Mehr Informationen zur Smartphone-Sprechstunde<\/a><br><a href=\"https:\/\/oberle-stiftung.de\/?page_id=4851\" target=\"_blank\" rel=\"noopener\">Zur Vergabe des Sozial Preises an Ria Hinken<\/a><br><\/em><\/p>\n","protected":false},"excerpt":{"rendered":"<p>Gerade haben f\u00fcnf Sch\u00fclerinnen und ein Sch\u00fcler der Max-Weber-Schule in Freiburg erfolgreich die Weiterbildung zum digitalen Alltags-Coach abgeschlossen. Einmal im Monat bieten sie kostenlos Hilfe und Beratung f\u00fcr Smartphone oder Tablet an. Das Angebot richtet sich speziell an \u00e4ltere Menschen.<\/p>\n","protected":false},"author":7,"featured_media":0,"parent":0,"menu_order":0,"comment_status":"closed","ping_status":"closed","template":"","meta":{"ngg_post_thumbnail":0,"footnotes":""},"categories":[12,21],"tags":[],"class_list":["post-4894","page","type-page","status-publish","hentry","category-hilfe-fuer-alte-menschen","category-region-freiburg"],"_links":{"self":[{"href":"https:\/\/oberle-stiftung.de\/index.php?rest_route=\/wp\/v2\/pages\/4894","targetHints":{"allow":["GET"]}}],"collection":[{"href":"https:\/\/oberle-stiftung.de\/index.php?rest_route=\/wp\/v2\/pages"}],"about":[{"href":"https:\/\/oberle-stiftung.de\/index.php?rest_route=\/wp\/v2\/types\/page"}],"author":[{"embeddable":true,"href":"https:\/\/oberle-stiftung.de\/index.php?rest_route=\/wp\/v2\/users\/7"}],"replies":[{"embeddable":true,"href":"https:\/\/oberle-stiftung.de\/index.php?rest_route=%2Fwp%2Fv2%2Fcomments&post=4894"}],"version-history":[{"count":14,"href":"https:\/\/oberle-stiftung.de\/index.php?rest_route=\/wp\/v2\/pages\/4894\/revisions"}],"predecessor-version":[{"id":5150,"href":"https:\/\/oberle-stiftung.de\/index.php?rest_route=\/wp\/v2\/pages\/4894\/revisions\/5150"}],"wp:attachment":[{"href":"https:\/\/oberle-stiftung.de\/index.php?rest_route=%2Fwp%2Fv2%2Fmedia&parent=4894"}],"wp:term":[{"taxonomy":"category","embeddable":true,"href":"https:\/\/oberle-stiftung.de\/index.php?rest_route=%2Fwp%2Fv2%2Fcategories&post=4894"},{"taxonomy":"post_tag","embeddable":true,"href":"https:\/\/oberle-stiftung.de\/index.php?rest_route=%2Fwp%2Fv2%2Ftags&post=4894"}],"curies":[{"name":"wp","href":"https:\/\/api.w.org\/{rel}","templated":true}]}}