{"id":4955,"date":"2006-09-22T10:48:00","date_gmt":"2006-09-22T10:48:00","guid":{"rendered":"https:\/\/oberle-stiftung.de\/?page_id=4955"},"modified":"2023-10-31T11:24:41","modified_gmt":"2023-10-31T11:24:41","slug":"mit-zinsfreiem-darlehen-aus-der-schuldenfalle","status":"publish","type":"page","link":"https:\/\/oberle-stiftung.de\/?page_id=4955","title":{"rendered":"Mit zinsfreiem Darlehen aus der Schuldenfalle"},"content":{"rendered":"\n<p><strong>Neuer Entschuldungsfonds soll Privatpersonen helfen.<br><\/strong>Immer mehr Menschen wachsen die Schulden \u00fcber den Kopf. In Baden-W\u00fcrttemberg gelten 270 000 Haushalte als \u00fcberschuldet, bundesweit sind es drei Millionen. Der Di\u00f6zesan-Caritasverband Freiburg, das Diakonische Werk Baden und die Wilhelm Oberle-Stiftung aus Staufen haben nun einen Entschuldungsfonds gegr\u00fcndet, den ersten tr\u00e4ger\u00fcbergreifenden Deutschlands. 300 000 Euro stehen f\u00fcr zinslose Darlehen bereit, damit Schuldner aus der Zahlungsfalle kommen.<br><!--more--><br><strong>1,2 Millionen Familien k\u00f6nnen Schulden nicht mehr abbezahlen<\/strong><br><br>&#8222;Wenn Sie so viel arbeiten k\u00f6nnen, wie Sie wollen, und trotzdem immer nur Schulden sehen, dann ist das folgenreich f\u00fcr Ihre Biografie.&#8220; Johannes Stockmeier, Hauptgesch\u00e4ftsf\u00fchrer des Diakonischen Werkes Baden, verwies gestern bei der Vorstellung des &#8222;Entschuldungsfonds Baden&#8220; darauf, dass in den 270 000 \u00fcberschuldeten Haushalten im Land rund eine halbe Million Menschen diese d\u00fcstere Dauerperspektive haben. Bundesweit hat die \u00dcberschuldung in den vergangenen 15 Jahren dramatisch zugenommen, erkl\u00e4rte Di\u00f6zesan-Caritasdirektor Bernhard Appel. 1989 waren es noch 1,2 Millionen Haushalte, heute sind es drei Millionen, in denen zwei Millionen Kinder leben. Der h\u00e4ufigste Ausl\u00f6ser f\u00fcr die Misere ist die Arbeitslosigkeit. Danach folgen Einkommensverluste durch Krankheit, Unfall, Kurzarbeit oder Scheidung.<br><br>Mit dem neuen Fonds sollen \u00fcberschuldete Privatpersonen nun eine Chance auf einen Neuanfang bekommen. Der Caritas-Verband der Erzdi\u00f6zese Freiburg, das Diakonische Werk Baden und die Wilhelm Oberle-Stiftung haben jeweils 100 000 Euro eingelegt. Schuldner, die sich von einer Beratungsstelle begleiten lassen und deren Gl\u00e4ubiger vergleichsbereit sind, k\u00f6nnen sich um ein zinsloses Darlehen bewerben, das innerhalb von drei Jahren zur\u00fcckgezahlt werden muss.<br>&#8222;Oft fehlt das schnelle Geld&#8220;, sagt Stiftungs-Gr\u00fcnder Wilhelm Oberle. Gute Beraterpl\u00e4ne n\u00fctzten wenig, solange ein Schuldner kaum fl\u00fcssige&nbsp; Mittel hat. Dabei sei der schnelle Ausgleich mit Gl\u00e4ubigern ein wichtiges Instrument, um die Schuldenlast abzutragen. Da ein Vergleich schneller als herk\u00f6mmliche Entschuldungsverfahren sei, h\u00e4tten auch Gl\u00e4ubiger daran ein Interesse.<br><br><strong>2003 suchten ein Drittel mehr verschuldete B\u00fcrger Rat als 2002<\/strong><br><br>Als untragbar bezeichnet Stockmeier die Tatsache, dass sich in Baden-W\u00fcrttemberg nur rund 100 Mitarbeiter mit Schuldnerberatung befassen, einige von ihnen in Teilzeit. Das Land sei Schlusslicht bei der Anzahl und Finanzierung der Beratungsstellen. Ratsuchende m\u00fcssten bis zu einem Jahr warten. Ihre Zahl sei allein zwischen 2002 und 2003 bundesweit um ein Drittel gestiegen. Die privaten Insolvenzen schnellten sogar um 60 Prozent hoch. Dass die Landkreise Calw und Rottenburg die Schuldenberatung als kommunale Aufgabe eingestellt h\u00e4tten, sei ein Skandal.<br><br>Ver\u00f6ffentlicht in der gedruckten Ausgabe der BZ vom Sa, 03. April 2004:<br><a href=\"https:\/\/www.badische-zeitung.de\/mit-zinsfreiem-darlehen-aus-der-schuldenfalle--169022179.html\" target=\"_blank\" rel=\"noopener\">Zum Artikel in der Badischen Zeitung<\/a><br><a href=\"https:\/\/www.bo.de\/lokales\/ortenau\/privatmann-hilft-verschuldeten#\" target=\"_blank\" rel=\"noopener\">Zum Artikel von Baden Online<\/a><\/p>\n","protected":false},"excerpt":{"rendered":"<p>Neuer Entschuldungsfonds soll Privatpersonen helfen.Immer mehr Menschen wachsen die Schulden \u00fcber den Kopf. In Baden-W\u00fcrttemberg gelten 270 000 Haushalte als \u00fcberschuldet, bundesweit sind es drei Millionen. Der Di\u00f6zesan-Caritasverband Freiburg, das Diakonische Werk Baden und die Wilhelm Oberle-Stiftung aus Staufen haben nun einen Entschuldungsfonds gegr\u00fcndet, den ersten tr\u00e4ger\u00fcbergreifenden Deutschlands. 300 000 Euro stehen f\u00fcr zinslose Darlehen &hellip; <a href=\"https:\/\/oberle-stiftung.de\/?page_id=4955\" class=\"more-link\"><span class=\"screen-reader-text\">Mit zinsfreiem Darlehen aus der Schuldenfalle<\/span> weiterlesen <span class=\"meta-nav\">&rarr;<\/span><\/a><\/p>\n","protected":false},"author":7,"featured_media":0,"parent":0,"menu_order":0,"comment_status":"closed","ping_status":"closed","template":"","meta":{"ngg_post_thumbnail":0,"footnotes":""},"categories":[69],"tags":[],"class_list":["post-4955","page","type-page","status-publish","hentry","category-presse"],"_links":{"self":[{"href":"https:\/\/oberle-stiftung.de\/index.php?rest_route=\/wp\/v2\/pages\/4955","targetHints":{"allow":["GET"]}}],"collection":[{"href":"https:\/\/oberle-stiftung.de\/index.php?rest_route=\/wp\/v2\/pages"}],"about":[{"href":"https:\/\/oberle-stiftung.de\/index.php?rest_route=\/wp\/v2\/types\/page"}],"author":[{"embeddable":true,"href":"https:\/\/oberle-stiftung.de\/index.php?rest_route=\/wp\/v2\/users\/7"}],"replies":[{"embeddable":true,"href":"https:\/\/oberle-stiftung.de\/index.php?rest_route=%2Fwp%2Fv2%2Fcomments&post=4955"}],"version-history":[{"count":6,"href":"https:\/\/oberle-stiftung.de\/index.php?rest_route=\/wp\/v2\/pages\/4955\/revisions"}],"predecessor-version":[{"id":5194,"href":"https:\/\/oberle-stiftung.de\/index.php?rest_route=\/wp\/v2\/pages\/4955\/revisions\/5194"}],"wp:attachment":[{"href":"https:\/\/oberle-stiftung.de\/index.php?rest_route=%2Fwp%2Fv2%2Fmedia&parent=4955"}],"wp:term":[{"taxonomy":"category","embeddable":true,"href":"https:\/\/oberle-stiftung.de\/index.php?rest_route=%2Fwp%2Fv2%2Fcategories&post=4955"},{"taxonomy":"post_tag","embeddable":true,"href":"https:\/\/oberle-stiftung.de\/index.php?rest_route=%2Fwp%2Fv2%2Ftags&post=4955"}],"curies":[{"name":"wp","href":"https:\/\/api.w.org\/{rel}","templated":true}]}}